{"id":3442,"date":"2017-05-14T22:45:21","date_gmt":"2017-05-14T20:45:21","guid":{"rendered":"https:\/\/metropolevsech.eu\/?page_id=3442"},"modified":"2025-02-20T12:29:40","modified_gmt":"2025-02-20T11:29:40","slug":"mestska-cast-praha-18","status":"publish","type":"page","link":"https:\/\/metropolevsech.eu\/cs\/kontakty\/urady-v-praze\/mestske-casti\/jednotlive-mestske-casti\/mestska-cast-praha-18\/","title":{"rendered":"M\u010c Praha 18"},"content":{"rendered":"<p><\/p>\n<h3><strong>\u00da\u0158AD M\u011aSTSK\u00c9 \u010c\u00c1STI PRAHA 18<\/strong><\/h3>\n<p>&nbsp;<\/p>\n<p><strong>adresa:<\/strong> Bechy\u0148sk\u00e1 639, 199 00 Praha 9<\/p>\n<p><strong>telefon podatelna:<\/strong> 284 028 111<\/p>\n<p><strong>e-mail:<\/strong> <a href=\"mailto:epodatelna@letnany.cz\">epodatelna@letnany.cz<\/a><\/p>\n<p><strong>internetov\u00e1 adresa:<\/strong><a href=\"http:\/\/www.praha18.cz\/\"> www.praha18.cz<\/a><\/p>\n<p>&nbsp;<\/p>\n<p>Sv\u016fj charakter Let\u0148any z\u00edskaly v dob\u011b prvn\u00ed republiky se vznikem leteck\u00fdch tov\u00e1ren Letov. V 70. a 80. letech se zde vybudovalo panelov\u00e9 s\u00eddli\u0161t\u011b, v r\u00e1mci jeho\u017e v\u00fdstavby byla velk\u00e1 \u010d\u00e1st star\u00fdch Let\u0148an srovn\u00e1na se zem\u00ed. P\u0159elomem ve v\u00fdvoji Let\u0148an byla v\u00fdstavba Obchodn\u00edho centra Let\u0148any spole\u010dnost\u00ed Tesco, obchodn\u00ed centrum je nejv\u011bt\u0161\u00ed v \u010cesku. \u00a0Jeho sou\u010d\u00e1st\u00ed je i multikino s 12 kinos\u00e1ly a Aquacentrum Let\u0148any Lagoon.<\/p>\n<p><strong>\u00a0<\/strong><\/p>\n<h3><strong>Ostatn\u00ed \u00fa\u0159ady: <\/strong><\/h3>\n<h4>Pobo\u010dka \u00fa\u0159adu pr\u00e1ce<\/h4>\n<p>K<strong>ontaktn\u00ed pracovi\u0161t\u011b <\/strong><a href=\"https:\/\/www.uradprace.cz\/web\/cz\/praha-9#praha-20\"><strong>Praha 9<\/strong><\/a> <strong>(pro Prahu 9, 14, 18, 19, 20 a 21)<\/strong><\/p>\n<p><strong><a href=\"https:\/\/www.uradprace.cz\/web\/cz\/praha-9#praha-20\">Kontakty na pracovi\u0161t\u011b<\/a><\/strong><strong>, <\/strong><strong><a href=\"https:\/\/www.uradprace.cz\/web\/cz\/volna-mista-v-cr\">Voln\u00e1 m\u00edsta<\/a><\/strong><a href=\"https:\/\/www.uradprace.cz\/kontakty-na-zamestnance-7\"><\/a><\/p>\n<p><strong>\u00a0<\/strong><\/p>\n<h4><strong>Pra\u017esk\u00e1 spr\u00e1va soci\u00e1ln\u00edho zabezpe\u010den\u00ed (PSSZ)<\/strong><\/h4>\n<div class=\"box-ok\"><\/p>\n<p><em>\u00dazemn\u00ed p\u016fsobnost \u00fa\u0159adu nen\u00ed d\u00e1na. M\u016f\u017eete tedy zvolit kter\u00e9koliv \u00fazemn\u00ed pracovi\u0161t\u011b bez ohledu na m\u00edsto pobytu \u010di s\u00eddlo. <\/em><\/p>\n<p><em><a href=\"http:\/\/www.cssz.cz\/cz\/kontakty\/krajska-a-okresni-pracoviste\/praha\/\">Kontakty na jednotliv\u00e1 \u00fazemn\u00ed pracovi\u0161t\u011b\u00a0 <\/a><\/em><\/div>\n<p>&nbsp;<\/p>\n<h4><strong>Finan\u010dn\u00ed \u00fa\u0159ad<\/strong><\/h4>\n<p>\u00dazemn\u00ed pracovi\u0161t\u011b pro Prahu 9<\/p>\n<p><strong>Adresa:<\/strong> Praha 7, n\u00e1b\u0159. Kpt. Jaro\u0161e 1000\/7, 170 00<\/p>\n<p><a href=\"https:\/\/www.financnisprava.cz\/cs\/financni-sprava\/financni-sprava-cr\/organizacni-struktura\/organy-financni-spravy\/uzemni-pracoviste\/2009-uzemni-pracoviste-pro-prahu-9\">Kontaktn\u00ed informace<\/a><\/p>","protected":false},"excerpt":{"rendered":"<p>\u00da\u0158AD M\u011aSTSK\u00c9 \u010c\u00c1STI PRAHA 18 &nbsp; adresa: Bechy\u0148sk\u00e1 639, 199 00 Praha 9 telefon podatelna: 284 028 111 e-mail: epodatelna@letnany.cz internetov\u00e1 adresa: www.praha18.cz &nbsp; Sv\u016fj charakter Let\u0148any z\u00edskaly v dob\u011b prvn\u00ed republiky se vznikem leteck\u00fdch tov\u00e1ren Letov. V 70. a&#8230;<\/p>\n<a class=\"more-block\" href=\"https:\/\/metropolevsech.eu\/cs\/kontakty\/urady-v-praze\/mestske-casti\/jednotlive-mestske-casti\/mestska-cast-praha-18\/\">\u010c\u00edst v\u00edce<\/a>","protected":false},"author":7,"featured_media":0,"parent":3406,"menu_order":18,"comment_status":"closed","ping_status":"closed","template":"","meta":[],"acf":[],"_links":{"self":[{"href":"https:\/\/metropolevsech.eu\/cs\/wp-json\/wp\/v2\/pages\/3442"}],"collection":[{"href":"https:\/\/metropolevsech.eu\/cs\/wp-json\/wp\/v2\/pages"}],"about":[{"href":"https:\/\/metropolevsech.eu\/cs\/wp-json\/wp\/v2\/types\/page"}],"author":[{"embeddable":true,"href":"https:\/\/metropolevsech.eu\/cs\/wp-json\/wp\/v2\/users\/7"}],"replies":[{"embeddable":true,"href":"https:\/\/metropolevsech.eu\/cs\/wp-json\/wp\/v2\/comments?post=3442"}],"version-history":[{"count":5,"href":"https:\/\/metropolevsech.eu\/cs\/wp-json\/wp\/v2\/pages\/3442\/revisions"}],"predecessor-version":[{"id":21907,"href":"https:\/\/metropolevsech.eu\/cs\/wp-json\/wp\/v2\/pages\/3442\/revisions\/21907"}],"up":[{"embeddable":true,"href":"https:\/\/metropolevsech.eu\/cs\/wp-json\/wp\/v2\/pages\/3406"}],"wp:attachment":[{"href":"https:\/\/metropolevsech.eu\/cs\/wp-json\/wp\/v2\/media?parent=3442"}],"curies":[{"name":"wp","href":"https:\/\/api.w.org\/{rel}","templated":true}]}}