{"id":3444,"date":"2017-05-14T22:46:37","date_gmt":"2017-05-14T20:46:37","guid":{"rendered":"https:\/\/metropolevsech.eu\/?page_id=3444"},"modified":"2025-02-20T12:44:40","modified_gmt":"2025-02-20T11:44:40","slug":"mestska-cast-praha-19","status":"publish","type":"page","link":"https:\/\/metropolevsech.eu\/cs\/kontakty\/urady-v-praze\/mestske-casti\/jednotlive-mestske-casti\/mestska-cast-praha-19\/","title":{"rendered":"M\u010c Praha 19"},"content":{"rendered":"<p><\/p>\n<h3><strong>\u00da\u0158AD M\u011aSTSK\u00c9 \u010c\u00c1STI PRAHA 19<\/strong><\/h3>\n<p><strong>\u00a0<\/strong><\/p>\n<p><strong>adresa:<\/strong> Semilsk\u00e1 43\/1, 197 00 Praha 9<\/p>\n<p><strong>telefon \u00fast\u0159edna:<\/strong> 284 080 811<\/p>\n<p><strong>e-mail:<\/strong> <a href=\"mailto:info@kbely.mepnet.cz\">info@kbely.mepnet.cz<\/a><\/p>\n<p><strong>internetov\u00e1 adresa:<\/strong> <a href=\"http:\/\/www.praha19.cz\">www.praha19.cz<\/a><\/p>\n<p>&nbsp;<\/p>\n<p><span style=\"font-weight: 400;\">\u00dazem\u00ed m\u011bstsk\u00e9 \u010d\u00e1sti Praha 19 tvo\u0159\u00ed katastr\u00e1ln\u00ed \u00fazem\u00ed Kbely. M\u011bstsk\u00e1 \u010d\u00e1st Praha 19 j<\/span><span style=\"font-weight: 400;\">e d\u00e1le spr\u00e1vn\u00edm obvodem, \u201e\u00fa\u0159adem\u201c pro M\u010c Praha Vino\u0159 a M\u010c Praha Satalice. K Praze byly Kbely p\u0159ipojeny roku 1968, ale jejich rozvoj zapo\u010dal mnohem d\u0159\u00edve, ji\u017e v 18. stol. Dominantou Kbel se stal 43 m vysok\u00fd \u017eelezobetonov\u00fd maj\u00e1k <\/span><span style=\"font-weight: 400;\">s vod\u00e1rnou vybudovan\u00fd v r. 1928. Maj\u00e1k je um\u00edst\u011bn na kbelsk\u00e9m leti\u0161ti a byl vyhl\u00e1\u0161en kulturn\u00ed pam\u00e1tkou.<\/span><\/p>\n<p><strong>\u00a0<\/strong><\/p>\n<h3><strong>Ostatn\u00ed \u00fa\u0159ady: <\/strong><\/h3>\n<h4>Pobo\u010dka \u00fa\u0159adu pr\u00e1ce<\/h4>\n<p>Kontaktn\u00ed pracovi\u0161t\u011b <a href=\"https:\/\/www.uradprace.cz\/web\/cz\/praha-9#praha-20\">Praha 9<\/a> (pro Prahu 9, 14, 18, 19, 20 a 21)<\/p>\n<p><a href=\"https:\/\/www.uradprace.cz\/web\/cz\/praha-9#praha-20\">Kontakty na pracovi\u0161t\u011b<\/a>, <a href=\"https:\/\/www.uradprace.cz\/web\/cz\/volna-mista-v-cr\">Voln\u00e1 m\u00edsta<\/a>, <a href=\"https:\/\/www.uradprace.cz\/kontakty-na-zamestnance-7\">Kontakty na zam\u011bstnance<\/a><\/p>\n<p><strong>\u00a0<\/strong><\/p>\n<h4><strong>Pra\u017esk\u00e1 spr\u00e1va soci\u00e1ln\u00edho zabezpe\u010den\u00ed (PSSZ)<\/strong><\/h4>\n<div class=\"box-ok\"><\/p>\n<p><em> \u00dazemn\u00ed p\u016fsobnost \u00fa\u0159adu nen\u00ed d\u00e1na. M\u016f\u017eete tedy zvolit kter\u00e9koliv \u00fazemn\u00ed pracovi\u0161t\u011b bez ohledu na m\u00edsto pobytu \u010di s\u00eddlo. <\/em><\/p>\n<p><em><a href=\"http:\/\/www.cssz.cz\/cz\/kontakty\/krajska-a-okresni-pracoviste\/praha\/\">Kontakty na jednotliv\u00e1 \u00fazemn\u00ed pracovi\u0161t\u011b <\/a><\/em><\/div>\n<p><strong>\u00a0<\/strong><\/p>\n<h4><strong>Finan\u010dn\u00ed \u00fa\u0159ad<\/strong><\/h4>\n<p>\u00dazemn\u00ed pracovi\u0161t\u011b pro Prahu 9<\/p>\n<p><strong>Adresa: <\/strong>Praha 7, n\u00e1b\u0159. Kpt. Jaro\u0161e 1000\/7, 170 00<\/p>\n<p><a href=\"https:\/\/www.financnisprava.cz\/cs\/financni-sprava\/financni-sprava-cr\/organizacni-struktura\/organy-financni-spravy\/uzemni-pracoviste\/2009-uzemni-pracoviste-pro-prahu-9\">Kontaktn\u00ed informace<\/a><\/p>","protected":false},"excerpt":{"rendered":"<p>\u00da\u0158AD M\u011aSTSK\u00c9 \u010c\u00c1STI PRAHA 19 \u00a0 adresa: Semilsk\u00e1 43\/1, 197 00 Praha 9 telefon \u00fast\u0159edna: 284 080 811 e-mail: info@kbely.mepnet.cz internetov\u00e1 adresa: www.praha19.cz &nbsp; \u00dazem\u00ed m\u011bstsk\u00e9 \u010d\u00e1sti Praha 19 tvo\u0159\u00ed katastr\u00e1ln\u00ed \u00fazem\u00ed Kbely. M\u011bstsk\u00e1 \u010d\u00e1st Praha 19 je d\u00e1le spr\u00e1vn\u00edm&#8230;<\/p>\n<a class=\"more-block\" href=\"https:\/\/metropolevsech.eu\/cs\/kontakty\/urady-v-praze\/mestske-casti\/jednotlive-mestske-casti\/mestska-cast-praha-19\/\">\u010c\u00edst v\u00edce<\/a>","protected":false},"author":7,"featured_media":0,"parent":3406,"menu_order":19,"comment_status":"closed","ping_status":"closed","template":"","meta":[],"acf":[],"_links":{"self":[{"href":"https:\/\/metropolevsech.eu\/cs\/wp-json\/wp\/v2\/pages\/3444"}],"collection":[{"href":"https:\/\/metropolevsech.eu\/cs\/wp-json\/wp\/v2\/pages"}],"about":[{"href":"https:\/\/metropolevsech.eu\/cs\/wp-json\/wp\/v2\/types\/page"}],"author":[{"embeddable":true,"href":"https:\/\/metropolevsech.eu\/cs\/wp-json\/wp\/v2\/users\/7"}],"replies":[{"embeddable":true,"href":"https:\/\/metropolevsech.eu\/cs\/wp-json\/wp\/v2\/comments?post=3444"}],"version-history":[{"count":6,"href":"https:\/\/metropolevsech.eu\/cs\/wp-json\/wp\/v2\/pages\/3444\/revisions"}],"predecessor-version":[{"id":21911,"href":"https:\/\/metropolevsech.eu\/cs\/wp-json\/wp\/v2\/pages\/3444\/revisions\/21911"}],"up":[{"embeddable":true,"href":"https:\/\/metropolevsech.eu\/cs\/wp-json\/wp\/v2\/pages\/3406"}],"wp:attachment":[{"href":"https:\/\/metropolevsech.eu\/cs\/wp-json\/wp\/v2\/media?parent=3444"}],"curies":[{"name":"wp","href":"https:\/\/api.w.org\/{rel}","templated":true}]}}