{"id":3446,"date":"2017-05-14T22:47:53","date_gmt":"2017-05-14T20:47:53","guid":{"rendered":"https:\/\/metropolevsech.eu\/?page_id=3446"},"modified":"2025-02-20T12:44:15","modified_gmt":"2025-02-20T11:44:15","slug":"mestska-cast-praha-20","status":"publish","type":"page","link":"https:\/\/metropolevsech.eu\/cs\/kontakty\/urady-v-praze\/mestske-casti\/jednotlive-mestske-casti\/mestska-cast-praha-20\/","title":{"rendered":"M\u010c Praha 20"},"content":{"rendered":"<p><\/p>\n<h3><strong>\u00da\u0158AD M\u011aSTSK\u00c9 \u010c\u00c1STI PRAHA 20<\/strong><\/h3>\n<p><strong>\u00a0<\/strong><\/p>\n<p><strong>adresa:<\/strong> J\u00edvansk\u00e1 647\/10, 193 21 Praha 9 \u2013 Horn\u00ed Po\u010dernice<\/p>\n<p><strong>telefon \u00fast\u0159edna:<\/strong> 271 071 611, 271 071 711<\/p>\n<p><strong>e-mail:<\/strong> <a href=\"mailto:urad@pocernice.cz\">urad@pocernice.cz<\/a><\/p>\n<p><strong>internetov\u00e1 adresa:<\/strong> <a href=\"http:\/\/www.pocernice.cz\">www.pocernice.cz<\/a><\/p>\n<p>&nbsp;<\/p>\n<p>\u00dazem\u00ed m\u011bstsk\u00e9 \u010d\u00e1sti Praha 20 \u2013 Horn\u00ed Po\u010dernice se rozkl\u00e1d\u00e1 na v\u00fdchodn\u00edm okraji hlavn\u00edho m\u011bsta Prahy v prostoru t\u0159\u00ed p\u016fvodn\u00edch obc\u00ed \u2013 Chval, Sv\u00e9pravic a Horn\u00edch Po\u010dernic. Na \u00fazem\u00ed Prahy 20 se nach\u00e1z\u00ed cel\u00e1 \u0159ada rybn\u00edk\u016f a vodn\u00edch n\u00e1dr\u017e\u00ed. P\u0159evl\u00e1d\u00e1 zde zem\u011bd\u011blsk\u00e1 p\u016fda a velk\u00fd rozsah zelen\u011b, p\u0159ev\u00e1\u017en\u011b v lesn\u00edch porostech a parc\u00edch.<\/p>\n<p>&nbsp;<\/p>\n<h3><strong>Ostatn\u00ed \u00fa\u0159ady: <\/strong><\/h3>\n<h4>Pobo\u010dka \u00fa\u0159adu pr\u00e1ce<\/h4>\n<p>Kontaktn\u00ed pracovi\u0161t\u011b <a href=\"https:\/\/www.uradprace.cz\/web\/cz\/praha-9#praha-20\">Praha 9<\/a> (pro Prahu 9, 14, 18, 19, 20 a 21)<\/p>\n<p><a href=\"https:\/\/www.uradprace.cz\/web\/cz\/praha-9#praha-20\">Kontakty na pracovi\u0161t\u011b<\/a>, <a href=\"https:\/\/www.uradprace.cz\/web\/cz\/volna-mista-v-cr\">Voln\u00e1 m\u00edsta<\/a><\/p>\n<p><strong>\u00a0<\/strong><\/p>\n<h4><strong>Pra\u017esk\u00e1 spr\u00e1va soci\u00e1ln\u00edho zabezpe\u010den\u00ed (PSSZ)<\/strong><\/h4>\n<div class=\"box-ok\"><\/p>\n<p><em>\u00dazemn\u00ed p\u016fsobnost \u00fa\u0159adu nen\u00ed d\u00e1na. M\u016f\u017eete tedy zvolit kter\u00e9koliv \u00fazemn\u00ed pracovi\u0161t\u011b bez ohledu na m\u00edsto pobytu \u010di s\u00eddlo. <\/em><\/p>\n<p><em><a href=\"http:\/\/www.cssz.cz\/cz\/kontakty\/krajska-a-okresni-pracoviste\/praha\">Kontakty na jednotliv\u00e1 \u00fazemn\u00ed pracovi\u0161t\u011b <\/a><\/em><\/div>\n<p><strong>\u00a0<\/strong><\/p>\n<h4><strong>Finan\u010dn\u00ed \u00fa\u0159ad<\/strong><\/h4>\n<p>\u00dazemn\u00ed pracovi\u0161t\u011b pro Prahu 9<\/p>\n<p><strong>Adresa:<\/strong> Praha 7, n\u00e1b\u0159. Kpt. Jaro\u0161e 1000\/7, 170 00<\/p>\n<p><a href=\"https:\/\/www.financnisprava.cz\/cs\/financni-sprava\/financni-sprava-cr\/organizacni-struktura\/organy-financni-spravy\/uzemni-pracoviste\/2009-uzemni-pracoviste-pro-prahu-9\">Kontaktn\u00ed informace<\/a><\/p>","protected":false},"excerpt":{"rendered":"<p>\u00da\u0158AD M\u011aSTSK\u00c9 \u010c\u00c1STI PRAHA 20 \u00a0 adresa: J\u00edvansk\u00e1 647\/10, 193 21 Praha 9 \u2013 Horn\u00ed Po\u010dernice telefon \u00fast\u0159edna: 271 071 611, 271 071 711 e-mail: urad@pocernice.cz internetov\u00e1 adresa: www.pocernice.cz &nbsp; \u00dazem\u00ed m\u011bstsk\u00e9 \u010d\u00e1sti Praha 20 \u2013 Horn\u00ed Po\u010dernice se rozkl\u00e1d\u00e1&#8230;<\/p>\n<a class=\"more-block\" href=\"https:\/\/metropolevsech.eu\/cs\/kontakty\/urady-v-praze\/mestske-casti\/jednotlive-mestske-casti\/mestska-cast-praha-20\/\">\u010c\u00edst v\u00edce<\/a>","protected":false},"author":7,"featured_media":0,"parent":3406,"menu_order":20,"comment_status":"closed","ping_status":"closed","template":"","meta":[],"acf":[],"_links":{"self":[{"href":"https:\/\/metropolevsech.eu\/cs\/wp-json\/wp\/v2\/pages\/3446"}],"collection":[{"href":"https:\/\/metropolevsech.eu\/cs\/wp-json\/wp\/v2\/pages"}],"about":[{"href":"https:\/\/metropolevsech.eu\/cs\/wp-json\/wp\/v2\/types\/page"}],"author":[{"embeddable":true,"href":"https:\/\/metropolevsech.eu\/cs\/wp-json\/wp\/v2\/users\/7"}],"replies":[{"embeddable":true,"href":"https:\/\/metropolevsech.eu\/cs\/wp-json\/wp\/v2\/comments?post=3446"}],"version-history":[{"count":4,"href":"https:\/\/metropolevsech.eu\/cs\/wp-json\/wp\/v2\/pages\/3446\/revisions"}],"predecessor-version":[{"id":21910,"href":"https:\/\/metropolevsech.eu\/cs\/wp-json\/wp\/v2\/pages\/3446\/revisions\/21910"}],"up":[{"embeddable":true,"href":"https:\/\/metropolevsech.eu\/cs\/wp-json\/wp\/v2\/pages\/3406"}],"wp:attachment":[{"href":"https:\/\/metropolevsech.eu\/cs\/wp-json\/wp\/v2\/media?parent=3446"}],"curies":[{"name":"wp","href":"https:\/\/api.w.org\/{rel}","templated":true}]}}