{"id":3450,"date":"2017-05-14T22:51:03","date_gmt":"2017-05-14T20:51:03","guid":{"rendered":"https:\/\/metropolevsech.eu\/?page_id=3450"},"modified":"2025-02-20T13:03:38","modified_gmt":"2025-02-20T12:03:38","slug":"mestska-cast-praha-22","status":"publish","type":"page","link":"https:\/\/metropolevsech.eu\/cs\/kontakty\/urady-v-praze\/mestske-casti\/jednotlive-mestske-casti\/mestska-cast-praha-22\/","title":{"rendered":"M\u010c Praha 22"},"content":{"rendered":"<p><\/p>\n<h3><strong>\u00da\u0158AD M\u011aSTSK\u00c9 \u010c\u00c1STI PRAHA 22<\/strong><\/h3>\n<p><strong>\u00a0<\/strong><\/p>\n<p><strong>adresa:<\/strong> Nov\u00e9 n\u00e1m\u011bst\u00ed 1250\/10, 104 00 Praha 114<\/p>\n<p><strong>telefon &#8211; informa\u010dn\u00ed centrum:<\/strong> 271 071 812<\/p>\n<p><strong>\u00a0e-mail: <\/strong><a href=\"mailto:podatelna@praha22.cz\">podatelna@praha22.cz<\/a><\/p>\n<p><strong>internetov\u00e1 adresa:<\/strong> <a href=\"http:\/\/www.praha22.cz\">www.praha22.cz<\/a><\/p>\n<p>&nbsp;<\/p>\n<p>M\u011bstsk\u00e1 \u010d\u00e1st Praha 22 se nach\u00e1z\u00ed na jihov\u00fdchodn\u00edm okraji Prahy, svou rozlohou pat\u0159\u00ed mezi nejv\u011bt\u0161\u00ed pra\u017esk\u00e9 m\u011bstsk\u00e9 \u010d\u00e1sti. Skl\u00e1d\u00e1 se z katastr\u00e1ln\u00edch \u00fazem\u00ed Uh\u0159\u00edn\u011bves, Pitkovice a H\u00e1jek.<\/p>\n<p>&nbsp;<\/p>\n<h3><strong>Ostatn\u00ed \u00fa\u0159ady: <\/strong><\/h3>\n<h4>Pobo\u010dka \u00fa\u0159adu pr\u00e1ce<\/h4>\n<p>Kontaktn\u00ed pracovi\u0161t\u011b <a href=\"https:\/\/www.uradprace.cz\/praha-10\">Praha 10<\/a> (pro Prahu 10, 15 a 22)<\/p>\n<p><a href=\"https:\/\/www.uradprace.cz\/praha-10\">Kontakty na pracovi\u0161t\u011b<\/a>, <a href=\"https:\/\/www.uradprace.cz\/web\/cz\/volna-mista-v-cr\">Voln\u00e1 m\u00edsta<\/a><\/p>\n<p><strong>\u00a0<\/strong><\/p>\n<h4><strong>Pra\u017esk\u00e1 spr\u00e1va soci\u00e1ln\u00edho zabezpe\u010den\u00ed (PSSZ)<\/strong><\/h4>\n<div class=\"box-ok\"><em>\u00dazemn\u00ed p\u016fsobnost \u00fa\u0159adu nen\u00ed d\u00e1na. M\u016f\u017eete tedy zvolit kter\u00e9koliv \u00fazemn\u00ed pracovi\u0161t\u011b bez ohledu na m\u00edsto pobytu \u010di s\u00eddlo. <\/em><\/p>\n<p><em><a href=\"http:\/\/www.cssz.cz\/cz\/kontakty\/krajska-a-okresni-pracoviste\/praha\/\">Kontakty na jednotliv\u00e1 \u00fazemn\u00ed pracovi\u0161t\u011b <\/a><\/em><\/p>\n<p><\/div>\n<p><strong>\u00a0<\/strong><\/p>\n<h4><strong>Finan\u010dn\u00ed \u00fa\u0159ad<\/strong><\/h4>\n<p>\u00dazemn\u00ed pracovi\u0161t\u011b pro Prahu 10<\/p>\n<p><strong>Adresa:<\/strong> Praha 10 (\u010d\u00e1st Vr\u0161ovice), Petrohradsk\u00e1 6, 101\u00a000<\/p>\n<p><a href=\"https:\/\/www.financnisprava.cz\/cs\/financni-sprava\/financni-sprava-cr\/organizacni-struktura\/organy-financni-spravy\/uzemni-pracoviste\/2010-uzemni-pracoviste-pro-prahu-10\">Kontaktn\u00ed informace<\/a><\/p>","protected":false},"excerpt":{"rendered":"<p>\u00da\u0158AD M\u011aSTSK\u00c9 \u010c\u00c1STI PRAHA 22 \u00a0 adresa: Nov\u00e9 n\u00e1m\u011bst\u00ed 1250\/10, 104 00 Praha 114 telefon &#8211; informa\u010dn\u00ed centrum: 271 071 812 \u00a0e-mail: podatelna@praha22.cz internetov\u00e1 adresa: www.praha22.cz &nbsp; M\u011bstsk\u00e1 \u010d\u00e1st Praha 22 se nach\u00e1z\u00ed na jihov\u00fdchodn\u00edm okraji Prahy, svou rozlohou pat\u0159\u00ed&#8230;<\/p>\n<a class=\"more-block\" href=\"https:\/\/metropolevsech.eu\/cs\/kontakty\/urady-v-praze\/mestske-casti\/jednotlive-mestske-casti\/mestska-cast-praha-22\/\">\u010c\u00edst v\u00edce<\/a>","protected":false},"author":7,"featured_media":0,"parent":3406,"menu_order":22,"comment_status":"closed","ping_status":"closed","template":"","meta":[],"acf":[],"_links":{"self":[{"href":"https:\/\/metropolevsech.eu\/cs\/wp-json\/wp\/v2\/pages\/3450"}],"collection":[{"href":"https:\/\/metropolevsech.eu\/cs\/wp-json\/wp\/v2\/pages"}],"about":[{"href":"https:\/\/metropolevsech.eu\/cs\/wp-json\/wp\/v2\/types\/page"}],"author":[{"embeddable":true,"href":"https:\/\/metropolevsech.eu\/cs\/wp-json\/wp\/v2\/users\/7"}],"replies":[{"embeddable":true,"href":"https:\/\/metropolevsech.eu\/cs\/wp-json\/wp\/v2\/comments?post=3450"}],"version-history":[{"count":4,"href":"https:\/\/metropolevsech.eu\/cs\/wp-json\/wp\/v2\/pages\/3450\/revisions"}],"predecessor-version":[{"id":21915,"href":"https:\/\/metropolevsech.eu\/cs\/wp-json\/wp\/v2\/pages\/3450\/revisions\/21915"}],"up":[{"embeddable":true,"href":"https:\/\/metropolevsech.eu\/cs\/wp-json\/wp\/v2\/pages\/3406"}],"wp:attachment":[{"href":"https:\/\/metropolevsech.eu\/cs\/wp-json\/wp\/v2\/media?parent=3450"}],"curies":[{"name":"wp","href":"https:\/\/api.w.org\/{rel}","templated":true}]}}