{"id":407,"date":"2016-12-18T15:00:05","date_gmt":"2016-12-18T14:00:05","guid":{"rendered":"https:\/\/metropolevsech.eu\/?page_id=407"},"modified":"2025-05-27T10:42:40","modified_gmt":"2025-05-27T08:42:40","slug":"doprava-v-praze","status":"publish","type":"page","link":"https:\/\/metropolevsech.eu\/cs\/praha\/doprava-v-praze\/","title":{"rendered":"Doprava v Praze"},"content":{"rendered":"<p><em>V\u00a0sekci Doprava se dozv\u00edte, jak\u00e9 dopravn\u00ed prost\u0159edky m\u016f\u017eete vyu\u017e\u00edt pro cestov\u00e1n\u00ed Prahou, kde a jak\u00fd typ j\u00edzdenky zakoupit a jak naj\u00edt vyhovuj\u00edc\u00ed dopravn\u00ed spojen\u00ed.<\/em><\/p>\n<p><div class=\"box-ok\">Pro informace o \u0159\u00edzen\u00ed aut, \u0159idi\u010dsk\u00fdch pr\u016fkazech a o registraci vozidla nav\u0161tivte sekci Pot\u0159ebuji \u0159e\u0161it &#8211; <a href=\"https:\/\/metropolevsech.eu\/cs\/potrebuji-resit\/ridicsky-prukaz-a-registrace-vozidla-v-cr\/\">\u0158\u00edzen\u00ed auta.<\/a><em><\/div><\/em><\/p>\n<p>Pro cestov\u00e1n\u00ed Prahou m\u016f\u017eete vyu\u017e\u00edt metro, tramvaje, autobusy nebo p\u0159\u00edm\u011bstsk\u00e9 vlaky neboli m\u011bstskou hromadnou dopravu (MHD). V\u0161echny informace o doprav\u011b, aktu\u00e1ln\u00ed novinky, j\u00edzdn\u00ed \u0159\u00e1dy a pravidla cestov\u00e1n\u00ed najdete na webov\u00fdch str\u00e1nk\u00e1ch Dopravn\u00edho podniku hlavn\u00edho m\u011bsta Prahy (DPP). Setkat se m\u016f\u017eete tak\u00e9 s pojmem Pra\u017esk\u00e1 integrovan\u00e1 doprava (PID), co\u017e je n\u00e1zev pro modern\u00ed integrovan\u00fd dopravn\u00ed syst\u00e9m hromadn\u00e9 dopravy osob, kde plat\u00ed spole\u010dn\u00e9 p\u0159epravn\u00ed a tarifn\u00ed podm\u00ednky a koordinace j\u00edzdn\u00edch \u0159\u00e1d\u016f. Ceny dopravy, tedy tzv. tarif Pra\u017esk\u00e9 integrovan\u00e9 dopravy, je rozd\u011blen na p\u00e1sma a \u010das, b\u011bhem kter\u00e9ho se m\u016f\u017eete p\u0159epravit z jednoho m\u00edsta na druh\u00e9.<\/p>\n<ul class=\"bullet-links\">\n<li><strong><a href=\"\/\/metropolevsech.eu\/cs\/praha\/doprava-v-praze\/mestska-doprava\/\">M\u011bstsk\u00e1 doprava<\/a><\/strong><\/li>\n<li><strong><a href=\"\/\/metropolevsech.eu\/cs\/praha\/doprava-v-praze\/jizdenky\/\">J\u00edzdenky<\/a><\/strong><\/li>\n<li><strong><a href=\"\/\/metropolevsech.eu\/cs\/praha\/doprava-v-praze\/vlaky\/\">Vlaky<\/a><\/strong><\/li>\n<li><a href=\"\/\/metropolevsech.eu\/cs\/praha\/doprava-v-praze\/cestovani-autem\/\"><strong>Cestov\u00e1n\u00ed autem<\/strong><\/a><\/li>\n<\/ul>\n<h3><\/h3>\n<h3><strong>Bezbari\u00e9rov\u00e9 cestov\u00e1n\u00ed<\/strong><\/h3>\n<p>Pra\u017esk\u00e1 integrovan\u00e1 doprava m\u00e1 za c\u00edl poskytovat slu\u017eby \u00fapln\u011b v\u0161em. Proto je st\u00e1le v\u011bt\u0161\u00ed po\u010det spoj\u016f zaji\u0161\u0165ov\u00e1n n\u00edzkopodla\u017en\u00edmi vozidly, jsou upravov\u00e1ny zast\u00e1vky pro snadn\u00fd p\u0159\u00edstup do vozidel a z\u0159izov\u00e1ny bezbari\u00e9rov\u00e9 p\u0159\u00edstupy do stanic metra i \u017eeleznice.<\/p>\n<p><a target=\"_blank\" href=\"\/\/pid.idos.cz\/spojeni\/\" rel=\"noopener\">Vyhled\u00e1va\u010d spojen\u00ed PID<\/a> umo\u017e\u0148uje zad\u00e1n\u00ed s vyu\u017eit\u00edm parametru \u201epouze bezbari\u00e9rov\u00e9 spojen\u00ed\u201c.<\/p>\n<h4><strong>Odkazy:<\/strong><\/h4>\n<ul class=\"bullet-links\">\n<li><a href=\"\/\/www.dpp.cz\">Dopravn\u00ed podnik hlavn\u00edho m\u011bsta Prahy (DPP)<\/a><\/li>\n<li><a href=\"https:\/\/jizdnirady.pmdp.cz\/\">Vyhled\u00e1v\u00e1n\u00ed trasy a spojen\u00ed<\/a><\/li>\n<li><a href=\"https:\/\/jizdnirady.pmdp.cz\/jr\">J\u00edzdn\u00ed \u0159\u00e1d z jak\u00e9koliv linky z v\u00e1mi zvolen\u00e9 zast\u00e1vky<\/a><\/li>\n<\/ul>\n<p><\/p>","protected":false},"excerpt":{"rendered":"<p>V\u00a0sekci Doprava se dozv\u00edte, jak\u00e9 dopravn\u00ed prost\u0159edky m\u016f\u017eete vyu\u017e\u00edt pro cestov\u00e1n\u00ed Prahou, kde a jak\u00fd typ j\u00edzdenky zakoupit a jak naj\u00edt vyhovuj\u00edc\u00ed dopravn\u00ed spojen\u00ed. Pro cestov\u00e1n\u00ed Prahou m\u016f\u017eete vyu\u017e\u00edt metro, tramvaje, autobusy nebo p\u0159\u00edm\u011bstsk\u00e9 vlaky neboli m\u011bstskou hromadnou dopravu (MHD)&#8230;.<\/p>\n<a class=\"more-block\" href=\"https:\/\/metropolevsech.eu\/cs\/praha\/doprava-v-praze\/\">\u010c\u00edst v\u00edce<\/a>","protected":false},"author":7,"featured_media":2561,"parent":10,"menu_order":4,"comment_status":"closed","ping_status":"closed","template":"","meta":[],"acf":[],"_links":{"self":[{"href":"https:\/\/metropolevsech.eu\/cs\/wp-json\/wp\/v2\/pages\/407"}],"collection":[{"href":"https:\/\/metropolevsech.eu\/cs\/wp-json\/wp\/v2\/pages"}],"about":[{"href":"https:\/\/metropolevsech.eu\/cs\/wp-json\/wp\/v2\/types\/page"}],"author":[{"embeddable":true,"href":"https:\/\/metropolevsech.eu\/cs\/wp-json\/wp\/v2\/users\/7"}],"replies":[{"embeddable":true,"href":"https:\/\/metropolevsech.eu\/cs\/wp-json\/wp\/v2\/comments?post=407"}],"version-history":[{"count":4,"href":"https:\/\/metropolevsech.eu\/cs\/wp-json\/wp\/v2\/pages\/407\/revisions"}],"predecessor-version":[{"id":22956,"href":"https:\/\/metropolevsech.eu\/cs\/wp-json\/wp\/v2\/pages\/407\/revisions\/22956"}],"up":[{"embeddable":true,"href":"https:\/\/metropolevsech.eu\/cs\/wp-json\/wp\/v2\/pages\/10"}],"wp:featuredmedia":[{"embeddable":true,"href":"https:\/\/metropolevsech.eu\/cs\/wp-json\/wp\/v2\/media\/2561"}],"wp:attachment":[{"href":"https:\/\/metropolevsech.eu\/cs\/wp-json\/wp\/v2\/media?parent=407"}],"curies":[{"name":"wp","href":"https:\/\/api.w.org\/{rel}","templated":true}]}}