{"id":412,"date":"2016-12-18T15:10:21","date_gmt":"2016-12-18T14:10:21","guid":{"rendered":"https:\/\/metropolevsech.eu\/?page_id=412"},"modified":"2025-03-11T14:22:31","modified_gmt":"2025-03-11T13:22:31","slug":"mestska-doprava","status":"publish","type":"page","link":"https:\/\/metropolevsech.eu\/cs\/praha\/doprava-v-praze\/mestska-doprava\/","title":{"rendered":"M\u011bstsk\u00e1 doprava"},"content":{"rendered":"<p>Provoz ve\u0159ejn\u00e9 dopravy na \u00fazem\u00ed Prahy a v jej\u00edm okol\u00ed zaji\u0161\u0165uje 17 dopravc\u016f, z nich\u017e nejv\u00fdznamn\u011bj\u0161\u00ed je Dopravn\u00ed podnik hl. m. Prahy, a. s. Cel\u00fd syst\u00e9m Pra\u017esk\u00e9 integrovan\u00e9 dopravy organizuje spole\u010dnost ROPID (Region\u00e1ln\u00ed organiz\u00e1tor Pra\u017esk\u00e9 integrovan\u00e9 dopravy). Ve\u0161ker\u00e9 aktu\u00e1ln\u00ed informace o cestov\u00e1n\u00ed v Praze a jej\u00edm okol\u00ed najdete na str\u00e1nk\u00e1ch Dopravn\u00edho podniku (ROPIDu), anebo v kter\u00e9mkoliv infocentru DPP.<\/p>\n<ul class=\"bullet\">\n<li><a href=\"#metro\">Metro<\/a><\/li>\n<li><a href=\"#tramvaje\">Tramvaje<\/a><\/li>\n<li><a href=\"#autobusy\">Autobusy<\/a><\/li>\n<\/ul>\n<h3 id=\"metro\"><strong>Metro<\/strong><\/h3>\n<a href=\"\/\/metropolevsech.eu\/wp-content\/uploads\/2016\/12\/Mapa-metra-Praha.gif\"><img loading=\"lazy\" class=\"alignnone wp-image-422\" src=\"\/\/metropolevsech.eu\/wp-content\/uploads\/2016\/12\/Mapa-metra-Praha-300x93.gif\" alt=\"mapa-metra-praha\" width=\"758\" height=\"235\" srcset=\"https:\/\/metropolevsech.eu\/wp-content\/uploads\/2016\/12\/Mapa-metra-Praha-300x93.gif 300w, https:\/\/metropolevsech.eu\/wp-content\/uploads\/2016\/12\/Mapa-metra-Praha-1040x322.gif 1040w, https:\/\/metropolevsech.eu\/wp-content\/uploads\/2016\/12\/Mapa-metra-Praha-768x238.gif 768w, https:\/\/metropolevsech.eu\/wp-content\/uploads\/2016\/12\/Mapa-metra-Praha-670x207.gif 670w\" sizes=\"(max-width: 758px) 100vw, 758px\" \/><\/a>\n<p>V s\u00edti pra\u017esk\u00e9ho metra m\u016f\u017eete cestovat na t\u0159ech tras\u00e1ch linek A, B a C. Metro jezd\u00ed denn\u011b od 5.00 do 24.00 hod. Intervaly jsou v dob\u00e1ch rann\u00ed a odpoledn\u00ed \u0161pi\u010dky cca 2\u20133 minuty, ve ve\u010dern\u00edch hodin\u00e1ch nep\u0159ekra\u010duj\u00ed 10 minut. O v\u00edkendech je na v\u0161ech link\u00e1ch jednotn\u00fd interval 7,5 minuty.<\/p>\n<h4><strong>Bezbari\u00e9rov\u00e9 cestov\u00e1n\u00ed metrem<\/strong><\/h4>\n<p>V souladu s trendem zp\u0159\u00edstupn\u011bn\u00ed dopravy i osob\u00e1m se sn\u00ed\u017eenou pohyblivost\u00ed jsou stanice uveden\u00e9 do provozu v posledn\u00ed dob\u011b vybaveny v\u00fdtahem, nebo bezbari\u00e9rov\u00fdm p\u0159\u00edstupem.<\/p>\n<h4>\u00a0<strong>Odkazy:<\/strong><\/h4>\n<ul class=\"bullet-links\">\n<li><a href=\"\/\/www.dpp.cz\/stav-bezbarierovych-zarizeni\/\">Mapa bezbari\u00e9rov\u00fdch stanic metra <\/a><\/li>\n<\/ul>\n<h3 id=\"tramvaje\"><strong>Tramvaje<\/strong><\/h3>\n<p>Provoz tramvaj\u00ed je v hlavn\u00edm m\u011bst\u011b zaji\u0161\u0165ov\u00e1n na 26 denn\u00edch a 9 no\u010dn\u00edch link\u00e1ch.<\/p>\n<p>V r\u00e1mci metropolitn\u00ed s\u00edt\u011b MHD jsou nejd\u016fle\u017eit\u011bj\u0161\u00edmi spoji tzv. p\u00e1te\u0159n\u00ed linky \u010d\u00edslo 9 (S\u00eddli\u0161t\u011b \u0158epy \u2013 Spojovac\u00ed), 17 (Vozovna Kobylisy \u2013 S\u00eddli\u0161t\u011b Mod\u0159any) a 22 (B\u00edl\u00e1 Hora \u2013 N\u00e1dra\u017e\u00ed Hostiva\u0159).<\/p>\n<p>Tyto linky maj\u00ed p\u0159\u00edm\u00e9 veden\u00ed trasy po nejfrekventovan\u011bj\u0161\u00edch m\u00edstech hlavn\u00edho m\u011bsta, jejich interval je 4\u20135 minut v pracovn\u00ed den a 7\u201310 minut ve\u010der a o v\u00edkendu.<\/p>\n<p>Ostatn\u00ed tramvajov\u00e9 linky nab\u00edzej\u00ed intervaly 8\u201310 minut v pracovn\u00ed den a 15\u201320 minut ve\u010der a o v\u00edkendu. Provoz denn\u00edch linek za\u010d\u00edn\u00e1 kolem 5. hodiny rann\u00ed a kon\u010d\u00ed obvykle kr\u00e1tce po p\u016flnoci, tak\u017ee na posledn\u00ed vlaky navazuj\u00ed metra.<\/p>\n<h4><strong>No\u010dn\u00ed linky<\/strong><\/h4>\n<p>No\u010dn\u00ed provoz v obdob\u00ed od 0.00 do 5.00 nahrazuje denn\u00ed linky metra, tramvaj\u00ed a autobus\u016f. No\u010dn\u00ed m\u011bstsk\u00e9 autobusov\u00e9 linky jezd\u00ed v intervalech 30, nebo 60 minut a ve vybran\u00fdch p\u0159estupn\u00edch bodech navazuj\u00ed na tramvaje, \u010di na jin\u00e9 autobusov\u00e9 linky. No\u010dn\u00ed obsluhu vybran\u00fdch obc\u00ed okolo Prahy zaji\u0161\u0165uj\u00ed p\u0159\u00edm\u011bstsk\u00e9 autobusov\u00e9 linky, kter\u00e9 navazuj\u00ed na s\u00ed\u0165 m\u011bstsk\u00fdch no\u010dn\u00edch linek.<\/p>\n<h4><strong>Bezbari\u00e9rov\u00e9 cestov\u00e1n\u00ed tramvajemi<\/strong><\/h4>\n<p>N\u00edzkopodla\u017en\u00ed spoje jezd\u00ed na naprost\u00e9 v\u011bt\u0161in\u011b tramvajov\u00fdch linek \u2013 najdete je v jednotliv\u00fdch zast\u00e1vkov\u00fdch j\u00edzdn\u00edch \u0159\u00e1dech <a href=\"https:\/\/jizdnirady.pmdp.cz\/jr\">na t\u00e9to webov\u00e9 str\u00e1nce<\/a>. V\u0161echny vozy jsou vybaveny speci\u00e1ln\u00edmi p\u0159ij\u00edma\u010di pro nevidom\u00e9.<\/p>\n<h3 id=\"autobusy\"><strong>Autobusy<\/strong><\/h3>\n<p>M\u011bstsk\u00e9 autobusy dopl\u0148uj\u00ed v syst\u00e9mu pra\u017esk\u00e9 hromadn\u00e9 dopravy t\u0159i linky metra, hustou s\u00ed\u0165 tramvajov\u00fdch trat\u00ed a \u017eeleznice. Autobusy na 118 denn\u00edch a 15 no\u010dn\u00edch link\u00e1ch obsluhuj\u00ed zejm\u00e9na oblasti bez kolejov\u00e9 dopravy, okrajov\u00e9 \u010d\u00e1sti hlavn\u00edho m\u011bsta nebo vytv\u00e1\u0159ej\u00ed rychl\u00e9 spojen\u00ed po obvodu m\u011bsta bez nutnosti zaj\u00ed\u017ed\u011bn\u00ed do centra. P\u0159\u00edm\u011bstsk\u00e9 linky PID tak\u00e9 spojuj\u00ed Prahu s jej\u00edm okol\u00edm.<\/p>\n<h4><strong>No\u010dn\u00ed spoje<\/strong><\/h4>\n<p>No\u010dn\u00ed provoz v obdob\u00ed od 0.00 do 4.30 nahrazuje denn\u00ed linky metra, tramvaj\u00ed a autobus\u016f. No\u010dn\u00ed m\u011bstsk\u00e9 autobusov\u00e9 linky jezd\u00ed v intervalech 30, nebo 60 minut a ve vybran\u00fdch p\u0159estupn\u00edch bodech navazuj\u00ed na tramvaje, \u010di na jin\u00e9 autobusov\u00e9 linky. No\u010dn\u00ed obsluhu vybran\u00fdch obc\u00ed okolo Prahy zaji\u0161\u0165uj\u00ed p\u0159\u00edm\u011bstsk\u00e9 autobusov\u00e9 linky, kter\u00e9 navazuj\u00ed na s\u00ed\u0165 m\u011bstsk\u00fdch no\u010dn\u00edch linek.<\/p>\n<h4><strong>P\u0159\u00edm\u011bstsk\u00e9 spoje<\/strong><\/h4>\n<p>Pra\u017esk\u00e1 integrovan\u00e1 doprava (PID) je dopravn\u00ed syst\u00e9m zahrnuj\u00edc\u00ed tak\u00e9 p\u0159\u00edm\u011bstsk\u00e9 autobusy. Ty na v\u00edce ne\u017e 150 link\u00e1ch zaji\u0161\u0165uj\u00ed spojen\u00ed hlavn\u00edho m\u011bsta s t\u0159emi stovkami okoln\u00edch obc\u00ed. Jsou ozna\u010dov\u00e1ny \u010d\u00edslicemi za\u010d\u00ednaj\u00edc\u00edmi na 3 (mimopra\u017esk\u00e9 linky PID na \u010d\u00edslovku 4). Ve sm\u011bru z Prahy se do nich nastupuje pouze p\u0159edn\u00edmi dve\u0159mi a neplat\u00ed v nich SMS j\u00edzdenky. P\u0159\u00edm\u011bstsk\u00e9 linky navazuj\u00ed v Praze zejm\u00e9na na metro, v regionu jsou nastaveny p\u0159estupy na vlaky nebo n\u00e1vaznosti na dal\u0161\u00ed p\u0159\u00edm\u011bstsk\u00e9 spoje. Autobusy v regionu dopl\u0148uj\u00ed p\u00e1te\u0159n\u00ed s\u00ed\u0165 \u017eelezni\u010dn\u00edch linek S.<\/p>\n<h4><strong>Bezbari\u00e9rov\u00e9 cestov\u00e1n\u00ed autobusy<\/strong><\/h4>\n<p>Autobusov\u00e1 doprava zaznamenala v posledn\u00edch letech nejv\u011bt\u0161\u00ed pokrok v p\u0159eprav\u011b osob s omezenou schopnost\u00ed pohybu. Dopravn\u00ed podnik hlavn\u00edho m\u011bsta Prahy v sou\u010dasn\u00e9 dob\u011b garantuje n\u00edzkopodla\u017en\u00ed spoje na v\u0161ech sv\u00fdch autobusov\u00fdch link\u00e1ch. Garantovan\u00e9 spoje jsou vyzna\u010deny v zast\u00e1vkov\u00fdch j\u00edzdn\u00edch \u0159\u00e1dech symbolem invalidn\u00edho voz\u00edku.<\/p>\n<h4><strong>Odkazy:<\/strong><\/h4>\n<ul class=\"bullet-links\">\n<li><a href=\"https:\/\/www.dpp.cz\/\">Dopravn\u00ed podnik hlavn\u00edho m\u011bsta Prahy (DPP)<\/a><\/li>\n<li><a href=\"https:\/\/jizdnirady.pmdp.cz\/\">Vyhled\u00e1v\u00e1n\u00ed trasy a spojen\u00ed<\/a><\/li>\n<li><a href=\"https:\/\/jizdnirady.pmdp.cz\/jr\">J\u00edzdn\u00ed \u0159\u00e1d z jak\u00e9koliv linky z v\u00e1mi zvolen\u00e9 zast\u00e1vky<\/a><\/li>\n<\/ul>\n<p><\/p>","protected":false},"excerpt":{"rendered":"<p>Provoz ve\u0159ejn\u00e9 dopravy na \u00fazem\u00ed Prahy a v jej\u00edm okol\u00ed zaji\u0161\u0165uje 17 dopravc\u016f, z nich\u017e nejv\u00fdznamn\u011bj\u0161\u00ed je Dopravn\u00ed podnik hl. m. Prahy, a. s. Cel\u00fd syst\u00e9m Pra\u017esk\u00e9 integrovan\u00e9 dopravy organizuje spole\u010dnost ROPID (Region\u00e1ln\u00ed organiz\u00e1tor Pra\u017esk\u00e9 integrovan\u00e9 dopravy). Ve\u0161ker\u00e9 aktu\u00e1ln\u00ed informace&#8230;<\/p>\n<a class=\"more-block\" href=\"https:\/\/metropolevsech.eu\/cs\/praha\/doprava-v-praze\/mestska-doprava\/\">\u010c\u00edst v\u00edce<\/a>","protected":false},"author":7,"featured_media":0,"parent":407,"menu_order":1,"comment_status":"closed","ping_status":"closed","template":"","meta":[],"acf":[],"_links":{"self":[{"href":"https:\/\/metropolevsech.eu\/cs\/wp-json\/wp\/v2\/pages\/412"}],"collection":[{"href":"https:\/\/metropolevsech.eu\/cs\/wp-json\/wp\/v2\/pages"}],"about":[{"href":"https:\/\/metropolevsech.eu\/cs\/wp-json\/wp\/v2\/types\/page"}],"author":[{"embeddable":true,"href":"https:\/\/metropolevsech.eu\/cs\/wp-json\/wp\/v2\/users\/7"}],"replies":[{"embeddable":true,"href":"https:\/\/metropolevsech.eu\/cs\/wp-json\/wp\/v2\/comments?post=412"}],"version-history":[{"count":11,"href":"https:\/\/metropolevsech.eu\/cs\/wp-json\/wp\/v2\/pages\/412\/revisions"}],"predecessor-version":[{"id":22135,"href":"https:\/\/metropolevsech.eu\/cs\/wp-json\/wp\/v2\/pages\/412\/revisions\/22135"}],"up":[{"embeddable":true,"href":"https:\/\/metropolevsech.eu\/cs\/wp-json\/wp\/v2\/pages\/407"}],"wp:attachment":[{"href":"https:\/\/metropolevsech.eu\/cs\/wp-json\/wp\/v2\/media?parent=412"}],"curies":[{"name":"wp","href":"https:\/\/api.w.org\/{rel}","templated":true}]}}