{"id":436,"date":"2016-12-18T15:47:24","date_gmt":"2016-12-18T14:47:24","guid":{"rendered":"https:\/\/metropolevsech.eu\/?page_id=436"},"modified":"2025-05-27T09:00:57","modified_gmt":"2025-05-27T07:00:57","slug":"jizdenky","status":"publish","type":"page","link":"https:\/\/metropolevsech.eu\/cs\/praha\/doprava-v-praze\/jizdenky\/","title":{"rendered":"J\u00edzdenky"},"content":{"rendered":"<p><\/p>\n<p style=\"text-align: left;\">P\u0159i cestov\u00e1n\u00ed jak\u00fdmkoliv dopravn\u00edm prost\u0159edkem je povinnost\u00ed ka\u017ed\u00e9ho cestuj\u00edc\u00edho m\u00edt u sebe platnou a \u0159\u00e1dn\u011b ozna\u010denou j\u00edzdenku. J\u00edzdenku si m\u016f\u017eete zakoupit v automatech (p\u0159edev\u0161\u00edm ve stanic\u00edch metra), trafik\u00e1ch nebo formou SMS z \u010desk\u00fdch telefonn\u00edch \u010d\u00edsel. Pokud cestujete po Praze pravideln\u011b a \u010dasto, vyplat\u00ed se v\u00e1m zakoupit elektronickou j\u00edzdenku, tzv. L\u00edta\u010dku.<\/p>\n<p style=\"text-align: left;\"><img loading=\"lazy\" class=\"alignnone wp-image-439\" src=\"https:\/\/metropolevsech.eu\/wp-content\/uploads\/2016\/12\/1705030-litacka-300x169.png\" alt=\"1705030-litacka\" width=\"414\" height=\"233\" srcset=\"https:\/\/metropolevsech.eu\/wp-content\/uploads\/2016\/12\/1705030-litacka-300x169.png 300w, https:\/\/metropolevsech.eu\/wp-content\/uploads\/2016\/12\/1705030-litacka-1040x585.png 1040w, https:\/\/metropolevsech.eu\/wp-content\/uploads\/2016\/12\/1705030-litacka-768x432.png 768w, https:\/\/metropolevsech.eu\/wp-content\/uploads\/2016\/12\/1705030-litacka-670x377.png 670w, https:\/\/metropolevsech.eu\/wp-content\/uploads\/2016\/12\/1705030-litacka.png 1180w\" sizes=\"(max-width: 414px) 100vw, 414px\" \/><\/p>\n<p style=\"text-align: left;\">V dopravn\u00edch prost\u0159edc\u00edch a v prostor\u00e1ch metra kontroluj\u00ed platnost j\u00edzdenek revizo\u0159i.<br \/>\nTi maj\u00ed povinnost se legitimovat a uk\u00e1zat slu\u017eebn\u00ed pr\u016fkaz. Vy se naopak mus\u00edte prok\u00e1zat platnou j\u00edzdenkou.<\/p>\n<p style=\"text-align: left;\"><div class=\"box-fixa\"><em>Nezapome\u0148te j\u00edzdenku ozna\u010dit v \u017elut\u00fdch termin\u00e1lech um\u00edst\u011bn\u00fdch u vchod\u016f do metra, v tramvaj\u00edch, autobusech i vlac\u00edch. Bez ozna\u010den\u00ed je j\u00edzdenka neplatn\u00e1. Pokud nebudete m\u00edt platnou j\u00edzdenku, hroz\u00ed v\u00e1m pokuta. V p\u0159\u00edpad\u011b, \u017ee nem\u00e1te platnou j\u00edzdenku, v\u00e1s revizor po\u017e\u00e1d\u00e1 o cestovn\u00ed pas (nebo jin\u00fd doklad), aby v\u00e1m ud\u011blil pokutu \u2013 tu m\u016f\u017eete zaplatit na m\u00edst\u011b nebo na pracovi\u0161ti DPP.<\/em><\/div><\/p>\n<h3 style=\"text-align: left;\"><strong>\u00a0<\/strong><\/h3>\n<h3><strong>Cena j\u00edzdn\u00e9ho &#8211; cestov\u00e1n\u00ed po Praze<\/strong><\/h3>\n<p>Aktu\u00e1ln\u00ed cen\u00edk naleznete na webu <a href=\"https:\/\/www.dpp.cz\/jizdne\/cenik-jizdneho\">Dopravn\u00edho podniku hlavn\u00edho m\u011bsta Prahy<\/a>. Pokud cestujete po m\u011bst\u011b pravideln\u011b, pak je nejlep\u0161\u00ed po\u0159\u00eddit si kartu &#8211; <a href=\"https:\/\/pidlitacka.cz\/cs\">L\u00edta\u010dku<\/a> a zakoupit si kup\u00f3n na ur\u010ditou dobu.<\/p>\n<p>&nbsp;<\/p>\n<h3><strong>D\u011bti, senio\u0159i a studenti<\/strong><\/h3>\n<p>D\u011bti do 6 let a senio\u0159i nad 70 let mohou cestovat MHD bezplatn\u011b.<\/p>\n<p>D\u011bti od 6 do 15 let a senio\u0159i mezi 65 a 70 lety mohou cestovat MHD bezplatn\u011b za p\u0159edem stanoven\u00fdch podm\u00ednek.<\/p>\n<p>Studenti do 26 let a senio\u0159i od 60 let mohou vyu\u017e\u00edt n\u011bkterou z nab\u00edzen\u00fdch slev na j\u00edzdn\u00e9m.<\/p>\n<p>&nbsp;<\/p>\n<h3><strong>Kde koupit j\u00edzdenku<\/strong><\/h3>\n<ol>\n<li>V automatech na v\u00fddej j\u00edzdenek PID, kter\u00e9 naleznete ve v\u0161ech stanic\u00edch metra a ve vybran\u00fdch zast\u00e1vk\u00e1ch povrchov\u00e9 dopravy. Kompletn\u00ed seznam automat\u016f naleznete <a href=\"http:\/\/www.dpp.cz\/automaty-na-vydej-jizdenek\/\">zde<\/a>.<\/li>\n<\/ol>\n<ol start=\"2\">\n<li>V informa\u010dn\u00edch st\u0159edisc\u00edch DPP nebo v trafik\u00e1ch. Seznam infocenter naleznete <a href=\"http:\/\/www.dpp.cz\/prehled-infocenter\/\">zde<\/a>.<\/li>\n<\/ol>\n<ol start=\"3\">\n<li>Prost\u0159ednictv\u00edm SMS zpr\u00e1vy z mobiln\u00edho telefonu.<\/li>\n<\/ol>\n<p>&nbsp;<\/p>\n<h3><strong>Odkazy:<\/strong><\/h3>\n<ul class=\"bullet-links\">\n<li><a href=\"https:\/\/www.litacka.cz\/\">L\u00edta\u010dka pro pravideln\u00e9 cestov\u00e1n\u00ed po Praze <\/a><\/li>\n<li><a href=\"http:\/\/www.dpp.cz\/jizdne-na-uzemi-prahy\/\">Ceny j\u00edzdn\u00e9ho po Praze <\/a><\/li>\n<li><a href=\"https:\/\/pid.cz\/jizdne-a-tarif\/\">Ceny j\u00edzdn\u00e9ho \u2013 Pra\u017esk\u00e1 integrovan\u00e1 doprava<\/a><\/li>\n<\/ul>\n<p><\/p>","protected":false},"excerpt":{"rendered":"<p>P\u0159i cestov\u00e1n\u00ed jak\u00fdmkoliv dopravn\u00edm prost\u0159edkem je povinnost\u00ed ka\u017ed\u00e9ho cestuj\u00edc\u00edho m\u00edt u sebe platnou a \u0159\u00e1dn\u011b ozna\u010denou j\u00edzdenku. J\u00edzdenku si m\u016f\u017eete zakoupit v automatech (p\u0159edev\u0161\u00edm ve stanic\u00edch metra), trafik\u00e1ch nebo formou SMS z \u010desk\u00fdch telefonn\u00edch \u010d\u00edsel. Pokud cestujete po Praze pravideln\u011b&#8230;<\/p>\n<a class=\"more-block\" href=\"https:\/\/metropolevsech.eu\/cs\/praha\/doprava-v-praze\/jizdenky\/\">\u010c\u00edst v\u00edce<\/a>","protected":false},"author":7,"featured_media":0,"parent":407,"menu_order":2,"comment_status":"closed","ping_status":"closed","template":"","meta":[],"acf":[],"_links":{"self":[{"href":"https:\/\/metropolevsech.eu\/cs\/wp-json\/wp\/v2\/pages\/436"}],"collection":[{"href":"https:\/\/metropolevsech.eu\/cs\/wp-json\/wp\/v2\/pages"}],"about":[{"href":"https:\/\/metropolevsech.eu\/cs\/wp-json\/wp\/v2\/types\/page"}],"author":[{"embeddable":true,"href":"https:\/\/metropolevsech.eu\/cs\/wp-json\/wp\/v2\/users\/7"}],"replies":[{"embeddable":true,"href":"https:\/\/metropolevsech.eu\/cs\/wp-json\/wp\/v2\/comments?post=436"}],"version-history":[{"count":26,"href":"https:\/\/metropolevsech.eu\/cs\/wp-json\/wp\/v2\/pages\/436\/revisions"}],"predecessor-version":[{"id":22951,"href":"https:\/\/metropolevsech.eu\/cs\/wp-json\/wp\/v2\/pages\/436\/revisions\/22951"}],"up":[{"embeddable":true,"href":"https:\/\/metropolevsech.eu\/cs\/wp-json\/wp\/v2\/pages\/407"}],"wp:attachment":[{"href":"https:\/\/metropolevsech.eu\/cs\/wp-json\/wp\/v2\/media?parent=436"}],"curies":[{"name":"wp","href":"https:\/\/api.w.org\/{rel}","templated":true}]}}