{"id":455,"date":"2016-12-18T16:24:53","date_gmt":"2016-12-18T15:24:53","guid":{"rendered":"https:\/\/metropolevsech.eu\/?page_id=455"},"modified":"2025-03-13T12:58:28","modified_gmt":"2025-03-13T11:58:28","slug":"vlaky","status":"publish","type":"page","link":"https:\/\/metropolevsech.eu\/cs\/praha\/doprava-v-praze\/vlaky\/","title":{"rendered":"Vlaky"},"content":{"rendered":"<p>Praha je nejd\u016fle\u017eit\u011bj\u0161\u00edm \u010desk\u00fdm \u017eelezni\u010dn\u00edm uzlem. \u017deleznice spojuje Prahu nejen s okoln\u00edmi m\u011bsty a obcemi, ale tak\u00e9 pom\u00e1h\u00e1 cestovat Pra\u017ean\u016fm nap\u0159\u00edklad z okrajov\u00fdch \u010dtvrt\u00ed do centra rychleji ne\u017e s klasickou MHD. D\u00e1lkov\u00e9 trasy vedou do v\u011bt\u0161iny velk\u00fdch m\u011bst \u010cesk\u00e9 republiky a evropsk\u00fdch metropol\u00ed.<\/p>\n<p>&nbsp;<\/p>\n<h3><strong>Region\u00e1ln\u00ed doprava<\/strong><\/h3>\n<p>V syst\u00e9mu <a href=\"https:\/\/pid.cz\">Pra\u017esk\u00e9 integrovan\u00e9 dopravy<\/a> jsou zahrnuty v\u0161echny trat\u011b vych\u00e1zej\u00edc\u00ed z Prahy a plat\u00ed na nich <a href=\"https:\/\/pid.cz\/jizdne-a-tarif\/\">tarif PID<\/a>. V\u011bt\u0161ina region\u00e1ln\u00edch spoj\u016f je ozna\u010dena jako S (v j\u00edzdn\u00edch \u0159\u00e1dech maj\u00ed ozna\u010den\u00ed S a dvojcifern\u00e9 \u010d\u00edslo) \u2013 jsou to osobn\u00ed a sp\u011b\u0161n\u00e9 vlaky na pra\u017esk\u00fdch radi\u00e1l\u00e1ch i n\u011bkter\u00e9 linky spojuj\u00edc\u00ed jednotliv\u00e9 \u010dtvrti kolem m\u011bstsk\u00e9ho centra. D\u00edky kr\u00e1tk\u00fdm a pravideln\u00fdm interval\u016fm (cca 15\u201330 minut na hlavn\u00edch trat\u00edch a 30\u201360 minut v ostatn\u00edch p\u0159\u00edpadech) p\u0159edstavuj\u00ed rychl\u00e9 spojen\u00ed s okol\u00edm hlavn\u00edho m\u011bsta. Daj\u00ed se vyu\u017e\u00edt i p\u0159i cestov\u00e1n\u00ed po Praze. Na linky S jsou nasazov\u00e1ny modern\u00ed vlaky City Elefant a Regionova a jejich v\u00fdhodou je tak\u00e9 n\u00e1sledn\u00e9 napojen\u00ed na m\u011bstskou hromadnou dopravu i mo\u017enost cestovat na j\u00edzdenky MHD (PID).<\/p>\n<p>&nbsp;<\/p>\n<h3><strong>Vnitrost\u00e1tn\u00ed doprava<\/strong><\/h3>\n<p>Od jara 2013 svoje \u017eelezni\u010dn\u00ed slu\u017eby nab\u00edzej\u00ed v \u010cR t\u0159i dopravci \u2013 <a href=\"\/\/www.cd.cz\/default.htm\">\u010cesk\u00e9 dr\u00e1hy<\/a> maj\u00ed nejhust\u0161\u00ed s\u00ed\u0165 a jejich vlaky se dostanete na ka\u017ed\u00e9 funguj\u00edc\u00ed n\u00e1dra\u017e\u00ed v republice, do n\u011bkter\u00fdch m\u011bst jezd\u00ed i vlaky <a href=\"\/\/www.regiojet.cz\/\">RegioJet<\/a> nebo <a href=\"\/\/www.le.cz\/\">Leo Express<\/a>.<\/p>\n<p>Vyhledat spojen\u00ed a zakoupit j\u00edzdenku m\u016f\u017eete na webu jednotliv\u00fdch dopravc\u016f, v pokladn\u00e1ch na n\u00e1dra\u017e\u00ed, anebo p\u0159\u00edmo ve vlaku. Centr\u00e1ln\u00ed vyhled\u00e1va\u010d najdete <a href=\"\/\/jizdnirady.idnes.cz\/vlaky\/spojeni\/\">zde<\/a>.<\/p>\n<p>&nbsp;<\/p>\n<h3><strong>Mezin\u00e1rodn\u00ed doprava<\/strong><\/h3>\n<p>Praha je m\u00edstem, kde se prot\u00ednaj\u00ed t\u0159i evropsk\u00e9 \u017eelezni\u010dn\u00ed koridory (Dr\u00e1\u017e\u010fany \u2013 Bratislava, Norimberk \u2013 \u017dilina a Berl\u00edn \u2013 Linec), a nab\u00edz\u00ed tak bezprobl\u00e9mov\u00e9 spojen\u00ed s celou Evropou. Na cesty jsou \u010dasto nasazov\u00e1ny modern\u00ed vlakov\u00e9 soupravy kategori\u00ed InterCity, EuroCity nebo SuperCity.<\/p>\n<p>&nbsp;<\/p>\n<h3><strong>Z n\u00e1dra\u017e\u00ed na leti\u0161t\u011b<\/strong><\/h3>\n<p>Pro rychl\u00e9 spojen\u00ed \u017eeleznice s Leti\u0161t\u011bm V\u00e1clava Havla funguje tzv. Airport Express. Autobusy odj\u00ed\u017ed\u011bj\u00ed z hlavn\u00edho n\u00e1dra\u017e\u00ed na leti\u0161t\u011b ka\u017edou p\u016flhodinu.<\/p>\n<h4><\/h4>\n<p>&nbsp;<\/p>\n<h3><strong>Odkazy:<\/strong><\/h3>\n<ul class=\"bullet-links\">\n<li><a href=\"https:\/\/mapa.pid.cz\/\">Mapa Pra\u017esk\u00e9 integrovan\u00e9 dopravy<\/a><\/li>\n<li><a href=\"\/\/pid.idos.cz\">Dopravn\u00ed spojen\u00ed<\/a><\/li>\n<li>Vlakov\u00fd j\u00edzdn\u00ed \u0159\u00e1d ze sv\u00e9 zast\u00e1vky si m\u016f\u017eete vytisknout <a href=\"https:\/\/idos.cz\/vlakyautobusymhdvse\/odjezdy\/?changeShield=true\">zde<\/a>.<\/li>\n<li>Informace o cestov\u00e1n\u00ed vlakem do zahrani\u010d\u00ed, v\u010detn\u011b mo\u017enosti zakoupen\u00ed j\u00edzdenky, najdete <a target=\"_blank\" href=\"\/\/www.cd.cz\/typy-jizdenek\/jedu-do-zahranici\/default.htm\" rel=\"noopener\">na webu \u010cesk\u00fdch drah<\/a><\/li>\n<li><a href=\"\/\/www.cd.cz\/vnitrostatni-cestovani\/specialni-nabidky\/airport-express-na-letiste-praha\/-3679\/\">Airport Express<\/a><\/li>\n<li><a href=\"\/\/jizdnirady.idnes.cz\/vlaky\/spojeni\/\">Centr\u00e1ln\u00ed vyhled\u00e1va\u010d vlakov\u00e9 dopravy<\/a><\/li>\n<\/ul>\n<p><\/p>","protected":false},"excerpt":{"rendered":"<p>Praha je nejd\u016fle\u017eit\u011bj\u0161\u00edm \u010desk\u00fdm \u017eelezni\u010dn\u00edm uzlem. \u017deleznice spojuje Prahu nejen s okoln\u00edmi m\u011bsty a obcemi, ale tak\u00e9 pom\u00e1h\u00e1 cestovat Pra\u017ean\u016fm nap\u0159\u00edklad z okrajov\u00fdch \u010dtvrt\u00ed do centra rychleji ne\u017e s klasickou MHD. D\u00e1lkov\u00e9 trasy vedou do v\u011bt\u0161iny velk\u00fdch m\u011bst \u010cesk\u00e9 republiky&#8230;<\/p>\n<a class=\"more-block\" href=\"https:\/\/metropolevsech.eu\/cs\/praha\/doprava-v-praze\/vlaky\/\">\u010c\u00edst v\u00edce<\/a>","protected":false},"author":7,"featured_media":7892,"parent":407,"menu_order":3,"comment_status":"closed","ping_status":"closed","template":"","meta":[],"acf":[],"_links":{"self":[{"href":"https:\/\/metropolevsech.eu\/cs\/wp-json\/wp\/v2\/pages\/455"}],"collection":[{"href":"https:\/\/metropolevsech.eu\/cs\/wp-json\/wp\/v2\/pages"}],"about":[{"href":"https:\/\/metropolevsech.eu\/cs\/wp-json\/wp\/v2\/types\/page"}],"author":[{"embeddable":true,"href":"https:\/\/metropolevsech.eu\/cs\/wp-json\/wp\/v2\/users\/7"}],"replies":[{"embeddable":true,"href":"https:\/\/metropolevsech.eu\/cs\/wp-json\/wp\/v2\/comments?post=455"}],"version-history":[{"count":6,"href":"https:\/\/metropolevsech.eu\/cs\/wp-json\/wp\/v2\/pages\/455\/revisions"}],"predecessor-version":[{"id":22157,"href":"https:\/\/metropolevsech.eu\/cs\/wp-json\/wp\/v2\/pages\/455\/revisions\/22157"}],"up":[{"embeddable":true,"href":"https:\/\/metropolevsech.eu\/cs\/wp-json\/wp\/v2\/pages\/407"}],"wp:featuredmedia":[{"embeddable":true,"href":"https:\/\/metropolevsech.eu\/cs\/wp-json\/wp\/v2\/media\/7892"}],"wp:attachment":[{"href":"https:\/\/metropolevsech.eu\/cs\/wp-json\/wp\/v2\/media?parent=455"}],"curies":[{"name":"wp","href":"https:\/\/api.w.org\/{rel}","templated":true}]}}