{"id":466,"date":"2016-12-18T16:53:19","date_gmt":"2016-12-18T15:53:19","guid":{"rendered":"https:\/\/metropolevsech.eu\/?page_id=466"},"modified":"2024-12-08T20:07:59","modified_gmt":"2024-12-08T19:07:59","slug":"cestovani-autem","status":"publish","type":"page","link":"https:\/\/metropolevsech.eu\/cs\/praha\/doprava-v-praze\/cestovani-autem\/","title":{"rendered":"Cestov\u00e1n\u00ed autem"},"content":{"rendered":"<p>Praha se jako ka\u017ed\u00e1 metropole pot\u00fdk\u00e1 s n\u00e1r\u016fstem individu\u00e1ln\u00ed automobilov\u00e9 dopravy, snahou omezit ve m\u011bst\u011b ekologickou z\u00e1t\u011b\u017e a s nedostatkem parkovac\u00edch m\u00edst. Proto se automobil doporu\u010duje jen p\u0159i j\u00edzd\u011b na del\u0161\u00ed vzd\u00e1lenosti a mimo m\u011bsto. Pokud se vyd\u00e1te autem po Praze, doporu\u010dujeme, abyste si nejprve zjistili hustotu provozu v jednotliv\u00fdch m\u00edstech prost\u0159ednictv\u00edm<a href=\"http:\/\/kamery.praha.eu\">\u00a0<\/a><a href=\"https:\/\/bezpecnost.praha.eu\/mapy\/kamery\">kamerov\u00e9ho syst\u00e9mu m\u011bsta<\/a>\u00a0 nebo zobrazen\u00edm informac\u00ed o provozu <a href=\"https:\/\/www.google.cz\/maps\/place\/Praha\/@50.0595849,14.3251999,11z\/data=!4m5!3m4!1s0x470b939c0970798b:0x400af0f66164090!8m2!3d50.0755381!4d14.4378005!5m1!1e1?hl=cs\">v map\u00e1ch Google<\/a>.<\/p>\n<p>&nbsp;<\/p>\n<h3><strong>Parkov\u00e1n\u00ed v Praze<\/strong><\/h3>\n<p>Jestli\u017ee vj\u00ed\u017ed\u00edte do Prahy r\u00e1no v dob\u011b dopravn\u00ed \u0161pi\u010dky, tedy mezi 7.30 a 9.30, je nutn\u00e9 po\u010d\u00edtat s v\u00fdrazn\u00fdm zdr\u017een\u00edm. Proto je vhodn\u00e9 vyu\u017e\u00edt parkovi\u0161t\u011b P+R, kde je mo\u017en\u00e9 v\u016fz nechat po cel\u00fd den <span style=\"font-weight: 400;\">za v\u00fdhodnou cenu<\/span>. N\u011bkter\u00e1 <strong>parkovi\u0161t\u011b P+R<\/strong> jsou um\u00edst\u011bna p\u0159\u00edmo na kone\u010dn\u00fdch stanic\u00edch metra, dal\u0161\u00ed pak v kl\u00ed\u010dov\u00fdch m\u00edstech v\u00fdhodn\u00fdch pro \u0159idi\u010de. Aktu\u00e1ln\u00ed seznam parkovi\u0161\u0165 a cen\u00edk najdete<a href=\"http:\/\/www.tsk-praha.cz\/wps\/portal\/root\/aktualni-doprava\/parkoviste\/\">\u00a0<\/a><a href=\"https:\/\/parking.praha.eu\/cs\/moznosti-parkovani-v-praze\/pr-park-ride\/\">zde<\/a>.<\/p>\n<p><em><div class=\"box-ok\">Nejen kv\u016fli \u010dasov\u00e9 n\u00e1ro\u010dnosti p\u0159i cest\u011b automobilem, ale i kv\u016fli omezen\u00fdm mo\u017enostem parkov\u00e1n\u00ed hlavn\u00ed m\u011bsto doporu\u010duje pro pohyb v Praze <a href=\"http:\/\/www.praha.eu\/jnp\/cz\/doprava\/mhd\/index.html\">m\u011bstskou hromadnou dopravu<\/a>.<\/div><\/em><\/p>\n<p>&nbsp;<\/p>\n<h4><span style=\"font-weight: 400;\">Parkovac\u00ed z\u00f3ny v Praze<\/span><\/h4>\n<p><span style=\"font-weight: 400;\">Parkov\u00e1n\u00ed ve vybran\u00fdch pra\u017esk\u00fdch ulic\u00edch je rozd\u011bleno do z\u00f3n, kter\u00e9 pro lep\u0161\u00ed p\u0159ehlednost ozna\u010dujeme modrou, fialovou a oran\u017eovou barvou. Ka\u017ed\u00e1 z\u00f3na m\u00e1 sv\u016fj re\u017eim a podm\u00ednky parkov\u00e1n\u00ed, kter\u00e9 najdete na dopravn\u00ed zna\u010dce, p\u0159\u00edpadn\u011b na parkovac\u00edm automatu.<\/span><span style=\"font-weight: 400;\"> Modr\u00e1 z\u00f3na (rezidentsk\u00e1) <\/span><span style=\"font-weight: 400;\">umo\u017e\u0148uje \u010dasov\u011b <\/span><b>neomezen\u00e9<\/b><span style=\"font-weight: 400;\"> parkov\u00e1n\u00ed pro <\/span><b>obyvatele<\/b><span style=\"font-weight: 400;\">, podnikatele, zam\u011bstnance a vlastn\u00edky nemovitost\u00ed v dan\u00e9 m\u011bstsk\u00e9 \u010d\u00e1sti, kte\u0159\u00ed jsou dr\u017eiteli dlouhodob\u00e9ho parkovac\u00edho opr\u00e1vn\u011bn\u00ed. Nab\u00edz\u00ed tak\u00e9 kr\u00e1tkodob\u00e9, \u010dasov\u011b omezen\u00e9 parkov\u00e1n\u00ed pro n\u00e1v\u0161t\u011bvn\u00edky Prahy.<\/span><span style=\"font-weight: 400;\"> Fialov\u00e1 z\u00f3na (sm\u00ed\u0161en\u00e1) <\/span><span style=\"font-weight: 400;\">ozna\u010duje placen\u00e9 \u00faseky, kde m\u016f\u017ee na \u010dasov\u011b <\/span><b>omezenou dobu<\/b><span style=\"font-weight: 400;\"> uvedenou na dopravn\u00ed zna\u010dce zaparkovat ka\u017ed\u00fd <\/span><b>n\u00e1v\u0161t\u011bvn\u00edk<\/b><span style=\"font-weight: 400;\"> Prahy. Parkov\u00e1n\u00ed snadno uhrad\u00edte online nebo u platebn\u00edch automat\u016f v ulic\u00edch.<\/span><span style=\"font-weight: 400;\">Oran\u017eov\u00e1 z\u00f3na (n\u00e1v\u0161t\u011bvnick\u00e1) <\/span><span style=\"font-weight: 400;\">ozna\u010duje \u00faseky, kde m\u016f\u017ee na \u010dasov\u011b <\/span><b>omezenou dobu<\/b><span style=\"font-weight: 400;\"> uvedenou na dopravn\u00ed zna\u010dce zaparkovat ka\u017ed\u00fd <\/span><b>n\u00e1v\u0161t\u011bvn\u00edk<\/b><span style=\"font-weight: 400;\"> Prahy. Parkov\u00e1n\u00ed snadno uhrad\u00edte online nebo u platebn\u00edch automat\u016f v ulic\u00edch. Dlouhodob\u00e9 parkovac\u00ed opr\u00e1vn\u011bn\u00ed v oran\u017eov\u00e9 z\u00f3n\u011b neplat\u00ed.<\/span><\/p>\n<p><span style=\"font-weight: 400;\">Informace o parkovac\u00edch z\u00f3n\u00e1ch v Praze najdete <\/span><a href=\"https:\/\/parking.praha.eu\/cs\/moznosti-parkovani-v-praze\/parkovani-v-zonach\/\"><span style=\"font-weight: 400;\">zde<\/span><\/a><span style=\"font-weight: 400;\">. Parkovac\u00ed karty pro rezidenty je mo\u017eno zakoupit na p\u0159\u00edslu\u0161n\u00fdch \u00fa\u0159adech m\u011bstsk\u00e9 \u010d\u00e1sti hl. m. Prahy.<\/span><\/p>\n<p><span style=\"font-weight: 400;\">V m\u00edstech, kde je parkov\u00e1n\u00ed zpoplatn\u011bno, jsou v\u011bt\u0161inou instalov\u00e1ny <\/span><b>parkovac\u00ed automaty nebo m\u016f\u017eete vyu\u017e\u00edt <\/b><a href=\"https:\/\/ke-utc.appspot.com\/static\/\"><b>online parkovac\u00ed automat<\/b><\/a>. Alternativou mohou b\u00fdt i placen\u00e1 <a href=\"https:\/\/parking.praha.eu\/cs\/moznosti-parkovani-v-praze\/\"><strong>parkovi\u0161t\u011b a gar\u00e1\u017ee<\/strong><\/a>.<\/p>\n<p>&nbsp;<\/p>\n<h3><strong>Pokuty a odta\u017een\u00e1 vozidla<\/strong><\/h3>\n<p><span style=\"font-weight: 400;\">Parkov\u00e1n\u00edm na nepovolen\u00fdch m\u00edstech, anebo bez povolen\u00ed \u010di zaplacen\u00ed parkovn\u00e9ho se vystavujete riziku odta\u017een\u00ed vozidla \u010di tzv. boti\u010dce a n\u00e1sledn\u00e9 pokut\u011b. Zjistit, zda v\u00e1m byl odta\u017een v\u016fz, m\u016f\u017eete p\u0159es<\/span><a href=\"http:\/\/www.sshmp.cz\/\"><span style=\"font-weight: 400;\"> internetov\u00fd dotazn\u00edk<\/span><\/a><span style=\"font-weight: 400;\"> \u010di p\u0159\u00edmo na telefonn\u00ed lince m\u011bstsk\u00e9 policie 156.<\/span><\/p>\n<p><span style=\"font-weight: 400;\">Dal\u0161\u00ed nebezpe\u010d\u00ed pokuty \u010di odta\u017een\u00ed hroz\u00ed \u0159idi\u010di v p\u0159\u00edpad\u011b, \u017ee nech\u00e1 v\u016fz zaparkovan\u00fd v ulici, kde prob\u00edh\u00e1 blokov\u00e9 \u010di\u0161t\u011bn\u00ed ulic. Aplikaci, ve kter\u00e9 zjist\u00edte term\u00edny \u010di\u0161t\u011bn\u00ed ulic na aktu\u00e1ln\u00ed rok dle jednotliv\u00fdch ulic, naleznete <\/span><a href=\"http:\/\/www.tsk-praha.cz\/wps\/portal\/root\/pro-ridice\/\"><span style=\"font-weight: 400;\">\u00a0zde<\/span><\/a><span style=\"font-weight: 400;\">.<\/span><\/p>\n<p>&nbsp;<\/p>\n<h3><strong>M\u011bstsk\u00fd a Pra\u017esk\u00fd okruh<\/strong><\/h3>\n<p>V\u00fdznamnou \u00falohu v pra\u017esk\u00e9 doprav\u011b m\u00e1 rychlostn\u00ed silnice R1, naz\u00fdvan\u00e1 t\u00e9\u017e Pra\u017esk\u00fd okruh, a tak\u00e9 m\u011bstsk\u00fd okruh.<\/p>\n<p><a href=\"http:\/\/www.okruhprahy.cz\/\">Pra\u017esk\u00fd okruh<\/a> je nedokon\u010den\u00fd prstenec kolem z\u00e1padn\u011b-jihov\u00fdchodn\u00edch hranic hlavn\u00edho m\u011bsta propojuj\u00edc\u00ed d\u00e1lnici D1 s mo\u017enost\u00ed odbo\u010dit na D5 a R6. V sou\u010dasnosti 40 km \u00fasek tak nab\u00edz\u00ed snadnou cestu z Brna do Plzn\u011b anebo na leti\u0161t\u011b V\u00e1clava Havla bez nutnosti zaj\u00ed\u017ed\u011bt do centra hlavn\u00edho m\u011bsta.<\/p>\n<p><a href=\"http:\/\/mestskyokruh.info\/mestsky-okruh\/\">M\u011bstsk\u00fd okruh<\/a> je pra\u017eskou vnit\u0159n\u00ed silni\u010dn\u00ed komunikac\u00ed spojuj\u00edc\u00ed od severu B\u0159evnov se Sm\u00edchovem, Zbraslav\u00ed a Spo\u0159ilovem a n\u00e1vaznost\u00ed na dal\u0161\u00ed silni\u010dn\u00ed \u00faseky v\u010detn\u011b d\u00e1lnice D1. Okruh lze vyu\u017e\u00edt p\u0159i cestov\u00e1n\u00ed mimo vnit\u0159n\u00ed m\u011bstsk\u00e9 \u010d\u00e1sti.<\/p>\n<p>&nbsp;<\/p>\n<h3><strong>Dopravn\u00ed spojen\u00ed s Prahou<\/strong><\/h3>\n<p>Jako hlavn\u00ed silni\u010dn\u00ed uzel \u010cesk\u00e9 republiky je Praha propojena d\u00e1lni\u010dn\u00ed s\u00edt\u00ed s dal\u0161\u00edmi \u010desk\u00fdmi a evropsk\u00fdmi m\u011bsty.<\/p>\n<p>Nejd\u016fle\u017eit\u011bj\u0161\u00ed jsou d\u00e1lnice D1 vedouc\u00ed p\u0159es Brno do Ostravy (s n\u00e1vaznost\u00ed na \u010cesk\u00e9 Bud\u011bjovice, V\u00edde\u0148 nebo Bratislavu), d\u00e1lnice D5 spojuj\u00edc\u00ed Prahu s Plzn\u00ed, d\u00e1lnice D8 sm\u011brem na \u00dast\u00ed nad Labem a d\u00e1lnice D11 na Hradec Kr\u00e1lov\u00e9.<\/p>\n<p>Bezprobl\u00e9mov\u00e1 je tak\u00e9 cesta sm\u011brem na P\u0159\u00edbram po rychlostn\u00ed silnici R4, \u010d\u00e1ste\u010dn\u011b zprovozn\u011bn\u00e1 R6 do Karlov\u00fdch Var\u016f (a d\u00e1le do N\u011bmecka), R7 na Chomutov a R10 p\u0159es Mladou Boleslav do Turnova.<\/p>","protected":false},"excerpt":{"rendered":"<p>Praha se jako ka\u017ed\u00e1 metropole pot\u00fdk\u00e1 s n\u00e1r\u016fstem individu\u00e1ln\u00ed automobilov\u00e9 dopravy, snahou omezit ve m\u011bst\u011b ekologickou z\u00e1t\u011b\u017e a s nedostatkem parkovac\u00edch m\u00edst. Proto se automobil doporu\u010duje jen p\u0159i j\u00edzd\u011b na del\u0161\u00ed vzd\u00e1lenosti a mimo m\u011bsto. Pokud se vyd\u00e1te autem po&#8230;<\/p>\n<a class=\"more-block\" href=\"https:\/\/metropolevsech.eu\/cs\/praha\/doprava-v-praze\/cestovani-autem\/\">\u010c\u00edst v\u00edce<\/a>","protected":false},"author":7,"featured_media":0,"parent":407,"menu_order":4,"comment_status":"closed","ping_status":"closed","template":"","meta":[],"acf":[],"_links":{"self":[{"href":"https:\/\/metropolevsech.eu\/cs\/wp-json\/wp\/v2\/pages\/466"}],"collection":[{"href":"https:\/\/metropolevsech.eu\/cs\/wp-json\/wp\/v2\/pages"}],"about":[{"href":"https:\/\/metropolevsech.eu\/cs\/wp-json\/wp\/v2\/types\/page"}],"author":[{"embeddable":true,"href":"https:\/\/metropolevsech.eu\/cs\/wp-json\/wp\/v2\/users\/7"}],"replies":[{"embeddable":true,"href":"https:\/\/metropolevsech.eu\/cs\/wp-json\/wp\/v2\/comments?post=466"}],"version-history":[{"count":16,"href":"https:\/\/metropolevsech.eu\/cs\/wp-json\/wp\/v2\/pages\/466\/revisions"}],"predecessor-version":[{"id":21309,"href":"https:\/\/metropolevsech.eu\/cs\/wp-json\/wp\/v2\/pages\/466\/revisions\/21309"}],"up":[{"embeddable":true,"href":"https:\/\/metropolevsech.eu\/cs\/wp-json\/wp\/v2\/pages\/407"}],"wp:attachment":[{"href":"https:\/\/metropolevsech.eu\/cs\/wp-json\/wp\/v2\/media?parent=466"}],"curies":[{"name":"wp","href":"https:\/\/api.w.org\/{rel}","templated":true}]}}