{"id":472,"date":"2016-12-18T17:46:10","date_gmt":"2016-12-18T16:46:10","guid":{"rendered":"https:\/\/metropolevsech.eu\/?page_id=472"},"modified":"2025-04-22T17:40:45","modified_gmt":"2025-04-22T15:40:45","slug":"472-2","status":"publish","type":"page","link":"https:\/\/metropolevsech.eu\/cs\/praha\/472-2\/","title":{"rendered":"Kultura a voln\u00fd \u010das v Praze"},"content":{"rendered":"<p><em>Praha je kulturn\u00ed metropol\u00ed \u010cesk\u00e9 republiky \u2013 nach\u00e1z\u00ed se v n\u00ed \u0159ada divadel, alternativn\u00edch sc\u00e9n, hudebn\u00edch klub\u016f, artov\u00fdch kin i multiplex\u016f a dal\u0161\u00edch mo\u017enost\u00ed tr\u00e1ven\u00ed voln\u00e9ho \u010dasu. Pokud jste kulturn\u011b zalo\u017een\u00ed, v Praze se opravdu nudit nebudete \u2013 kulturn\u00ed programy jsou zde bohat\u00e9 po cel\u00fd rok. Ur\u010dit\u011b stoj\u00ed za to nav\u0161t\u00edvit i n\u011bkterou z pobo\u010dek M\u011bstsk\u00e9 knihovny v Praze, kter\u00e9 nab\u00edz\u00ed celou \u0159adu aktivit a slu\u017eeb, kter\u00e9 v\u00e1m zde p\u0159edstav\u00edme.\u00a0<\/em><\/p>\n<p><i><span style=\"font-weight: 400;\">V t\u00e9to kapitole se tak\u00e9 do detailu sezn\u00e1m\u00edte i s dal\u0161\u00edmi mo\u017enostmi, jak v Praze tr\u00e1vit sv\u016fj voln\u00fd \u010das, a to a\u0165 u\u017e jste dosp\u011bl\u00ed, nebo chcete zabavit sv\u00e9 d\u011bti. Naleznete zde mno\u017estv\u00ed u\u017eite\u010dn\u00fdch odkaz\u016f v\u010detn\u011b tip\u016f na v\u00fdlety, sportovn\u00ed aktivity, kurzy a vzd\u011bl\u00e1v\u00e1n\u00ed nebo mo\u017enosti se zapojit do dobrovolnick\u00fdch aktivit. <\/span><\/i><b><i>Zahrnuli jsme i tipy na aktivity, kter\u00fdm je mo\u017en\u00e9 se v Praze v\u011bnovat zadarmo.<\/i><\/b><i><span style=\"font-weight: 400;\"> Pozn\u00e1te p\u0159i nich nejen r\u016fzn\u00e9 \u010d\u00e1sti Prahy, ale i nov\u00e9 lidi a p\u0159itom za n\u011b nemus\u00edte v\u016fbec nic zaplatit.<\/span><\/i><\/p>\n<p><i><span style=\"font-weight: 400;\">Vyberte si n\u011bkter\u00e9 z na\u0161ich tip\u016f a u\u017eijte si sv\u016fj voln\u00fd \u010das! Nejen, \u017ee si odpo\u010dinete, ale volno\u010dasov\u00e9 aktivity v\u00e1m nav\u00edc napomohou sezn\u00e1mit se s nov\u00fdmi lidmi a zlep\u0161ovat se v \u010desk\u00e9m jazyce.<\/span><\/i><\/p>\n<div class=\"box-ok\"><i>O rozvoj dom\u00e1c\u00edho i zahrani\u010dn\u00edho cestovn\u00edho ruchu v \u010desk\u00e9 metropoli se star\u00e1 Prague City Tourism neboli Pra\u017esk\u00e1 informa\u010dn\u00ed slu\u017eba, co\u017e je modern\u00ed marketingov\u00e1 organizace hlavn\u00edho m\u011bsta Prahy. Na ofici\u00e1ln\u00edm turistick\u00e9m port\u00e1lu Prahy <a href=\"http:\/\/prague.eu\">Prague.eu<\/a> naleznete ve velk\u00e9m mno\u017estv\u00ed jazyk\u016f ve\u0161ker\u00e9 pot\u0159ebn\u00e9 informace z cestovn\u00edho ruchu a kulturn\u00edho d\u011bn\u00ed v Praze. Prague City Tourism \u00a0organizuje tak\u00e9 vzd\u011bl\u00e1vac\u00ed cykly o historii a sou\u010dasnosti m\u011bsta pro odbornou i laickou ve\u0159ejnost.<\/i><\/div>\n<p><i><span style=\"font-weight: 400;\"><div class=\"box-ok\">M\u00e1te-li d\u011bti, ur\u010dit\u011b si pozorn\u011b p\u0159e\u010dt\u011bte speci\u00e1ln\u00ed kapitolu o volno\u010dasov\u00fdch aktivit\u00e1ch ur\u010den\u00fdch p\u0159\u00edmo pro d\u011bti. Naleznete zde rady a tipy pro d\u011bti v p\u0159ed\u0161koln\u00edm v\u011bku, ale i pro ml\u00e1de\u017e. Na webov\u00fdch str\u00e1nk\u00e1ch Praha sportovn\u00ed Magistr\u00e1tu hl. m. Prahy naleznete informace o sportovn\u00edch p\u0159\u00edle\u017eitostech pro v\u0161echny. V t\u00e9to kapitole v\u00e1s provedeme mo\u017enostmi sportovn\u00edch aktivit, kter\u00fdm se d\u011bti mohou v\u011bnovat aktivn\u011b nebo rekrea\u010dn\u011b.\u00a0 A Domy d\u011bt\u00ed a ml\u00e1de\u017ee, jejich\u017e z\u0159izovatelem je takt\u00e9\u017e hl. m. Praha, nab\u00edzej\u00ed \u0161irokou \u0161k\u00e1lu aktivit, ze kter\u00fdch si ur\u010dit\u011b vyberete tu pravou i pro va\u0161e d\u00edt\u011b. V neposledn\u00ed \u0159ad\u011b se dozv\u00edte o d\u016fle\u017eit\u00e9 \u010desk\u00e9 tradici, tak zvan\u00e9m skautingu. <\/div><\/span><\/i><\/p>\n<p>&nbsp;<\/p>\n<ul class=\"bullet\">\n<li><a href=\"#Galerie a muzea\"><strong>Galerie a muzea<\/strong><\/a><\/li>\n<li><a href=\"https:\/\/metropolevsech.eu\/cs\/praha\/472-2\/divadla\/\"><strong>Divadla<\/strong><\/a><\/li>\n<li><a href=\"https:\/\/metropolevsech.eu\/cs\/praha\/472-2\/hudba\/\"><strong>Hudba<\/strong><\/a><\/li>\n<li><a href=\"https:\/\/metropolevsech.eu\/cs\/praha\/472-2\/mestska-knihovna-v-praze\/\"><strong>M\u011bstsk\u00e1 knihovna v Praze<\/strong><\/a><\/li>\n<li><strong><a href=\"#kina\">Kina<\/a><\/strong><\/li>\n<li><a href=\"https:\/\/metropolevsech.eu\/cs\/praha\/volny-cas\/\"><strong>Voln\u00fd \u010das<\/strong><\/a>\n<ul class=\"bullet\">\n<li><a href=\"https:\/\/metropolevsech.eu\/cs\/praha\/volny-cas\/dospeli\/\"><b>Dosp\u011bl\u00ed<\/b><\/a><\/li>\n<li><a href=\"https:\/\/metropolevsech.eu\/cs\/praha\/volny-cas\/deti\/\"><b>D\u011bti<\/b><\/a><\/li>\n<\/ul>\n<\/li>\n<\/ul>\n<div class=\"box-ok\"><span style=\"font-weight: 400;\">Pro z\u00e1kladn\u00ed p\u0159ehled o Domech d\u011bt\u00ed a ml\u00e1de\u017ee a knihovn\u00e1ch v Praze si pus\u0165te <a href=\"https:\/\/youtu.be\/cBVKxgSeDDI\">video Integra\u010dn\u00edho centra Praha<\/a>. <\/span><\/div>\n<h3><strong>Odkazy:<\/strong><\/h3>\n<ul class=\"bullet-links\">\n<li style=\"list-style-type: none;\">\n<ul class=\"bullet-links\">\n<li><a href=\"http:\/\/www.praguecitytourism.cz\/cs\">Prague City Tourism<\/a><\/li>\n<li><a href=\"http:\/\/www.prague.eu\/cs\">Prague.eu &#8211; ofici\u00e1ln\u00ed turistick\u00fd port\u00e1l Prahy<\/a><\/li>\n<li><span style=\"font-weight: 400;\"><a href=\"http:\/\/www.cokdyvpraze.org\/\">Co, Kdy v Praze<\/a> &#8211; aktu\u00e1ln\u00ed informace o akc\u00edch a kulturn\u00edm d\u011bn\u00ed v Praze<\/span><\/li>\n<\/ul>\n<\/li>\n<\/ul>\n<p>&nbsp;<\/p>","protected":false},"excerpt":{"rendered":"<p>Praha je kulturn\u00ed metropol\u00ed \u010cesk\u00e9 republiky \u2013 nach\u00e1z\u00ed se v n\u00ed \u0159ada divadel, alternativn\u00edch sc\u00e9n, hudebn\u00edch klub\u016f, artov\u00fdch kin i multiplex\u016f a dal\u0161\u00edch mo\u017enost\u00ed tr\u00e1ven\u00ed voln\u00e9ho \u010dasu. Pokud jste kulturn\u011b zalo\u017een\u00ed, v Praze se opravdu nudit nebudete \u2013 kulturn\u00ed programy&#8230;<\/p>\n<a class=\"more-block\" href=\"https:\/\/metropolevsech.eu\/cs\/praha\/472-2\/\">\u010c\u00edst v\u00edce<\/a>","protected":false},"author":7,"featured_media":2557,"parent":10,"menu_order":5,"comment_status":"closed","ping_status":"closed","template":"","meta":[],"acf":[],"_links":{"self":[{"href":"https:\/\/metropolevsech.eu\/cs\/wp-json\/wp\/v2\/pages\/472"}],"collection":[{"href":"https:\/\/metropolevsech.eu\/cs\/wp-json\/wp\/v2\/pages"}],"about":[{"href":"https:\/\/metropolevsech.eu\/cs\/wp-json\/wp\/v2\/types\/page"}],"author":[{"embeddable":true,"href":"https:\/\/metropolevsech.eu\/cs\/wp-json\/wp\/v2\/users\/7"}],"replies":[{"embeddable":true,"href":"https:\/\/metropolevsech.eu\/cs\/wp-json\/wp\/v2\/comments?post=472"}],"version-history":[{"count":12,"href":"https:\/\/metropolevsech.eu\/cs\/wp-json\/wp\/v2\/pages\/472\/revisions"}],"predecessor-version":[{"id":22569,"href":"https:\/\/metropolevsech.eu\/cs\/wp-json\/wp\/v2\/pages\/472\/revisions\/22569"}],"up":[{"embeddable":true,"href":"https:\/\/metropolevsech.eu\/cs\/wp-json\/wp\/v2\/pages\/10"}],"wp:featuredmedia":[{"embeddable":true,"href":"https:\/\/metropolevsech.eu\/cs\/wp-json\/wp\/v2\/media\/2557"}],"wp:attachment":[{"href":"https:\/\/metropolevsech.eu\/cs\/wp-json\/wp\/v2\/media?parent=472"}],"curies":[{"name":"wp","href":"https:\/\/api.w.org\/{rel}","templated":true}]}}