{"id":478,"date":"2016-12-18T18:00:35","date_gmt":"2016-12-18T17:00:35","guid":{"rendered":"https:\/\/metropolevsech.eu\/?page_id=478"},"modified":"2025-05-24T23:15:44","modified_gmt":"2025-05-24T21:15:44","slug":"mestska-knihovna-v-praze","status":"publish","type":"page","link":"https:\/\/metropolevsech.eu\/cs\/praha\/472-2\/mestska-knihovna-v-praze\/","title":{"rendered":"M\u011bstsk\u00e1 knihovna v Praze"},"content":{"rendered":"<p><\/p>\n<h3>Ve\u0159ejn\u00e1 knihovna, kter\u00e1 je tu pro ka\u017ed\u00e9ho!<\/h3>\n<p><em><span style=\"font-weight: 400;\">Celkem 44 pobo\u010dek knihovny um\u00edst\u011bn\u00fdch po cel\u00e9 Praze nab\u00edz\u00ed \u0161irokou \u0161k\u00e1lu slu\u017eeb a aktivit, p\u0159i\u010dem\u017e \u0159adu z nich je mo\u017en\u00e9 vyu\u017e\u00edvat zdarma, bez nutnosti registrace. Pro registrovan\u00e9 se nab\u00eddka slu\u017eeb je\u0161t\u011b roz\u0161\u00ed\u0159\u00ed nejen o mo\u017enost p\u016fj\u010dov\u00e1n\u00ed knih, ale i \u0159adu dal\u0161\u00edch mo\u017enost\u00ed, jako je tvo\u0159en\u00ed nebo vyu\u017eit\u00ed po\u010d\u00edta\u010de. <\/span><\/em><\/p>\n<p><em><span style=\"font-weight: 400;\">\u010cten\u00e1\u0159em se m\u016f\u017ee st\u00e1t <b>kdokoliv<\/b>, tedy i migrant leg\u00e1ln\u011b \u017eij\u00edc\u00ed v \u010cesk\u00e9 republice. Zde se dozv\u00edte, kde najdete jednotliv\u00e9 pobo\u010dky, co v\u0161echno v\u00e1m knihovna nab\u00edz\u00ed a jak se zaregistrovat.\u00a0<\/span><\/em><\/p>\n<p><span style=\"font-weight: 400;\"><div class=\"box-ok\"><\/span><\/p>\n<p><span style=\"font-weight: 400;\">St\u00e1hn\u011bte si dvojjazy\u010dn\u00e9 komunika\u010dn\u00ed karty na microsite<\/span><a href=\"https:\/\/newinprague.cz\/komunikacni-karty\"> <span style=\"font-weight: 400;\">V Praze jsme doma<\/span><\/a><span style=\"font-weight: 400;\">. Tyto karty v\u00e1m usnadn\u00ed komunikaci s \u00fa\u0159ady a institucemi. Obsahuj\u00ed nejpou\u017e\u00edvan\u011bj\u0161\u00ed komunika\u010dn\u00ed fr\u00e1ze a slovn\u00edk d\u016fle\u017eit\u00fdch pojm\u016f v t\u011bchto jazykov\u00fdch kombinac\u00edch: anglicko-\u010desk\u00e9, ukrajinsko-\u010desk\u00e9, rusko-\u010desk\u00e9 a vietnamsko-\u010desk\u00e9.&#8220; <\/span><span style=\"font-weight: 400;\"><\/div><\/span><\/p>\n<h4>Pobo\u010dky knihovny<\/h4>\n<p><a href=\"https:\/\/www.mlp.cz\/cz\/kontakty\/pobocky\/ustredni-knihovna\/\"><span style=\"font-weight: 400;\">\u00dast\u0159edn\u00ed knihovna<\/span><\/a><span style=\"font-weight: 400;\"> se nach\u00e1z\u00ed na Mari\u00e1nsk\u00e9m n\u00e1m\u011bst\u00ed v t\u011bsn\u00e9 bl\u00edzkosti Starom\u011bstsk\u00e9ho n\u00e1m\u011bst\u00ed a stanice metra Starom\u011bstsk\u00e1. Tam, kde nejsou<\/span><a href=\"https:\/\/www.mlp.cz\/cz\/kontakty\/pobocky\/\"> <span style=\"font-weight: 400;\">kamenn\u00e9 pobo\u010dky<\/span><\/a><span style=\"font-weight: 400;\">, jezd\u00ed poj\u00edzdn\u00e9 knihovny, tzv. <\/span><a href=\"https:\/\/www.mlp.cz\/cz\/pobocky\/pojizdna-knihovna\/\"><span style=\"font-weight: 400;\">bibliobusy<\/span><\/a><span style=\"font-weight: 400;\">. P\u0159ehled v\u0161ech pobo\u010dek v\u010detn\u011b adres a kontakt\u016f naleznete na <a href=\"http:\/\/mlp.cz\/cz\/pobocky\/\">webu knihovny<\/a>.\u00a0\u00a0<\/span><\/p>\n<p><strong>Kontakty:<\/strong> web: <a href=\"https:\/\/www.mlp.cz\/cz\/\"><span style=\"font-weight: 400;\">mlp.cz<\/span><\/a><span style=\"font-weight: 400;\"> ,\u00a0<\/span><span style=\"font-weight: 400;\">e-mail: <\/span><a href=\"mailto:knihovna@mlp.cz\"><span style=\"font-weight: 400;\">knihovna@mlp.cz<\/span><\/a><span style=\"font-weight: 400;\">, telefon: 222 113 555<\/span><\/p>\n<p>Infolet\u00e1k o slu\u017eb\u00e1ch knihovny v Praze \u2013 <a target=\"_blank\" href=\"https:\/\/metropolevsech.eu\/wp-content\/uploads\/2022\/12\/Obecny_letak_AJ.pdf\" rel=\"noopener\">anglicky<\/a>,\u00a0<a target=\"_blank\" href=\"https:\/\/metropolevsech.eu\/wp-content\/uploads\/2022\/12\/Obecny_letak_UKR.pdf\" rel=\"noopener\">ukrajinsky<\/a>,\u00a0<a target=\"_blank\" href=\"https:\/\/metropolevsech.eu\/wp-content\/uploads\/2022\/12\/Obecny_letak_RJ.pdf\" rel=\"noopener\">rusky a<\/a>\u00a0<a target=\"_blank\" href=\"https:\/\/metropolevsech.eu\/wp-content\/uploads\/2022\/12\/Obecny_letak_VJ.pdf\" rel=\"noopener\">vietnamsky.<\/a><\/p>\n<ul class=\"bullet\">\n<li><a href=\"#knihovnabezprukazky\">Do knihovny bez pr\u016fkazky<\/a><\/li>\n<li><a href=\"#knihovnaregistrace\">Registrace do knihovny<\/a><\/li>\n<\/ul>\n<img loading=\"lazy\" class=\"alignnone wp-image-18923 size-content-image\" src=\"https:\/\/metropolevsech.eu\/wp-content\/uploads\/2023\/04\/plakat_A2_PROVSECHNY_tisk_page-0001-670x933.jpg\" alt=\"\" width=\"670\" height=\"933\" srcset=\"https:\/\/metropolevsech.eu\/wp-content\/uploads\/2023\/04\/plakat_A2_PROVSECHNY_tisk_page-0001-670x933.jpg 670w, https:\/\/metropolevsech.eu\/wp-content\/uploads\/2023\/04\/plakat_A2_PROVSECHNY_tisk_page-0001-215x300.jpg 215w, https:\/\/metropolevsech.eu\/wp-content\/uploads\/2023\/04\/plakat_A2_PROVSECHNY_tisk_page-0001-747x1040.jpg 747w, https:\/\/metropolevsech.eu\/wp-content\/uploads\/2023\/04\/plakat_A2_PROVSECHNY_tisk_page-0001-768x1070.jpg 768w, https:\/\/metropolevsech.eu\/wp-content\/uploads\/2023\/04\/plakat_A2_PROVSECHNY_tisk_page-0001-1103x1536.jpg 1103w, https:\/\/metropolevsech.eu\/wp-content\/uploads\/2023\/04\/plakat_A2_PROVSECHNY_tisk_page-0001-1471x2048.jpg 1471w, https:\/\/metropolevsech.eu\/wp-content\/uploads\/2023\/04\/plakat_A2_PROVSECHNY_tisk_page-0001-scaled.jpg 1838w\" sizes=\"(max-width: 670px) 100vw, 670px\" \/>\n<p><em>zdroj: <a href=\"https:\/\/ipk.nkp.cz\/odborne-cinnosti\/interkulturni-knihovnictvi\">webov\u00e9 str\u00e1nky N\u00e1rodn\u00ed knihovny v Praze<\/a><\/em><\/p>\n<h3 id=\"knihovnabezprukazky\"><b>Do knihovny bez pr\u016fkazky <\/b><\/h3>\n<p><b>P\u0159ehled slu\u017eeb, kter\u00e9 knihovna nab\u00edz\u00ed bezplatn\u011b, v\u0161em neregistrovan\u00fdm n\u00e1v\u0161t\u011bvn\u00edk\u016fm:<\/b><\/p>\n<ul class=\"bullet\">\n<li><span style=\"font-weight: 400;\">denn\u00ed tisk, periodika, knihy &#8211; mo\u017enost \u010detby na m\u00edst\u011b (<\/span><span style=\"font-weight: 400;\">\u010desk\u00e1 i cizojazy\u010dn\u00e1 \u010detba zejm\u00e9na v angli\u010dtin\u011b, ru\u0161tin\u011b, ukrajin\u0161tin\u011b a pol\u0161tin\u011b)<\/span><\/li>\n<li><span style=\"font-weight: 400;\">wi-fi<\/span><\/li>\n<li><span style=\"font-weight: 400;\">mo\u017enost samostudia v tich\u00e9m prost\u0159ed\u00ed<\/span><\/li>\n<li><span style=\"font-weight: 400;\">e-knihy v \u010de\u0161tin\u011b a angli\u010dtin\u011b &#8211; <a href=\"https:\/\/www.mlp.cz\/cz\/katalog-on-line\/eknihy\/\">e-knihovna.cz<\/a><i> <\/i><\/span><\/li>\n<li><span style=\"font-weight: 400;\">elektronick\u00fd p\u0159\u00edstup k \u010desk\u00fdm i zahrani\u010dn\u00edm novin\u00e1m a \u010dasopis\u016fm &#8211; aplikace PressReader v \u00dast\u0159edn\u00ed knihovn\u011b (<\/span><a href=\"https:\/\/www.pressreader.com\/\"><span style=\"font-weight: 400;\">pressreader.com<\/span><\/a><span style=\"font-weight: 400;\">)<\/span><\/li>\n<li><span style=\"font-weight: 400;\"><strong>akce pro ve\u0159ejnost:<\/strong> p\u0159edn\u00e1\u0161ky, workshopy, programy pro d\u011bti, filmov\u00e1 prom\u00edt\u00e1n\u00ed, koncerty, atd. A<\/span><span style=\"font-weight: 400;\">ktu\u00e1ln\u00ed p\u0159ehled najdete na webu <\/span><a href=\"https:\/\/www.mlp.cz\/cz\/akce\/\"><span style=\"font-weight: 400;\">mlp.cz\/akce<\/span><\/a>. V<span style=\"font-weight: 400;\">\u011bt\u0161ina akc\u00ed prob\u00edh\u00e1 zdarma, ale filmy, koncerty a nap\u0159. n\u011bkter\u00e9 rukod\u011bln\u00e9 akce n\u00e1ro\u010dn\u011bj\u0161\u00ed na materi\u00e1l jsou za vstupn\u00e9.<\/span><\/li>\n<li><span style=\"font-weight: 400;\"><strong>dou\u010dov\u00e1n\u00ed pro d\u011bti cizince a dal\u0161\u00ed akce pro cizince<\/strong> (nap\u0159. konverza\u010dn\u00ed kurzy) &#8211; <\/span><span style=\"font-weight: 400;\">bli\u017e\u0161\u00ed informace naleznete na <a href=\"http:\/\/mlp.cz\">webu knihovny<\/a> nebo na jednotliv\u00fdch pobo\u010dk\u00e1ch<\/span><\/li>\n<li><span style=\"font-weight: 400;\">prostory pro realizaci vlastn\u00edch aktivit<\/span><\/li>\n<\/ul>\n<p><i><span style=\"font-weight: 400;\"><div class=\"box-ok\"> <strong>Zaj\u00edm\u00e1-li v\u00e1s dou\u010dovan\u00ed v knihovn\u011b pro d\u011bti cizince, sledujte na\u0161i sekci <a href=\"https:\/\/metropolevsech.eu\/cs\/events\/\">akce<\/a> a <a href=\"https:\/\/metropolevsech.eu\/cs\/news\/\">novinky<\/a>, kde pravideln\u011b zve\u0159ej\u0148ujeme aktuality a sledujte n\u00e1s na <a href=\"https:\/\/www.facebook.com\/metropolevsech\">facebooku<\/a>.<\/strong> <\/div><\/span><\/i><\/p>\n<p><i><span style=\"font-weight: 400;\"><div class=\"box-ok\"> Hled\u00e1te m\u00edsto, kde se m\u016f\u017ee sej\u00edt v\u00e1\u0161 z\u00e1jmov\u00fd krou\u017eek, studijn\u00ed skupina nebo jen vy s lektorem jazyka? Knihovna poskytuje zdarma p\u0159\u00edjemn\u00e1 klidn\u00e1 m\u00edsta, kde m\u016f\u017eete pracovat nebo si vym\u011b\u0148ovat n\u00e1zory a n\u00e1pady.\u00a0<\/span><\/i><\/p>\n<p><strong><i>Po p\u0159edchoz\u00ed domluv\u011b je m\u016f\u017eete vyu\u017e\u00edt na t\u011bchto pobo\u010dk\u00e1ch:<\/i><\/strong><\/p>\n<ul class=\"bullet\">\n<li><span style=\"font-weight: 400;\">B\u0159evnov, B\u011blohorsk\u00e1 1666\/56, Praha 6, tel. +420 770 130 235<\/span><\/li>\n<li><span style=\"font-weight: 400;\">Dittrichova, Dittrichova 1543\/2, Praha 2, tel. +420 770 130 251<\/span><\/li>\n<li><span style=\"font-weight: 400;\">D\u016fm \u010dten\u00ed, Rusk\u00e1 1455\/192, Praha 10, tel. +420 770 130 256<\/span><\/li>\n<li><span style=\"font-weight: 400;\">Jezerka, <\/span><span style=\"font-weight: 400;\">Nuselsk\u00e1 94, Praha 4, tel. +420 770 130 224<\/span><\/li>\n<li><span style=\"font-weight: 400;\">Korunn\u00ed, <\/span><span style=\"font-weight: 400;\">Korunn\u00ed 68, Praha 10, tel. +420 770 130 218<\/span><\/li>\n<li><span style=\"font-weight: 400;\">Lu\u017einy, Archeologick\u00e1 2256\/1, Praha 13, tel. +420 770 130 281<\/span><\/li>\n<li><span style=\"font-weight: 400;\">Male\u0161ice, Po\u010dernick\u00e1 524\/64, Praha 10, tel. +420 770 130 261<\/span><\/li>\n<li><span style=\"font-weight: 400;\">Opatov, Opatovsk\u00e1 1754\/14, Praha 11, tel. +420 770 130 258<\/span><\/li>\n<li><span style=\"font-weight: 400;\">Sedmi\u010dka, <\/span><span style=\"font-weight: 400;\">Tusarova 35, Praha 7, tel. +420 770 130 205<\/span><\/li>\n<li><span style=\"font-weight: 400;\">Sm\u00edchov, N\u00e1m\u011bst\u00ed 14.\u0159\u00edjna 83\/15, Praha 5, tel. +420 770 130 229<\/span><\/li>\n<li><span style=\"font-weight: 400;\">\u00dast\u0159edn\u00ed knihovna, D\u00edlna, Mari\u00e1nsk\u00e9 n\u00e1m\u011bst\u00ed 98\/1, Praha 1, tel. +420 222 113 387<\/span><\/li>\n<li><span style=\"font-weight: 400;\">Zahradn\u00ed M\u011bsto, Topolov\u00e1 2961\/12a, Praha 10, tel. +420 770 130 247<\/span><\/li>\n<li><span style=\"font-weight: 400;\">Z\u00e1h\u0159ebsk\u00e1, Z\u00e1h\u0159ebsk\u00e1 158\/20, Praha 2, tel. +420 770 130 265<\/span><\/li>\n<\/ul>\n<p><i><span style=\"font-weight: 400;\"><\/div><\/span><\/i><\/p>\n<p><i><span style=\"font-weight: 400;\"><div class=\"box-ok\"> Na str\u00e1nce <\/span><\/i><a href=\"https:\/\/www.mlp.cz\/cz\/katalog-on-line\/eknihy\/\"><i><span style=\"font-weight: 400;\">e-knihovna.cz<\/span><\/i><\/a><i><span style=\"font-weight: 400;\"> si m\u016f\u017eete vyb\u00edrat z v\u00edce ne\u017e 1700 titul\u016f zdarma ke sta\u017een\u00ed. V nab\u00eddce najdete \u010deskou a sv\u011btovou beletrii, detektivky, knihy pro d\u011bti v\u010detn\u011b \u0161koln\u00ed \u010detby, divadeln\u00ed hry i poezii. Tituly jsou k dispozici ve t\u0159ech form\u00e1tech vhodn\u00fdch pro \u010dten\u00ed na mobilech, tabletech, monitorech po\u010d\u00edta\u010d\u016f i \u010dte\u010dk\u00e1ch. <\/div><\/span><\/i><\/p>\n<h3 id=\"knihovnaregistrace\"><b>Registrace do knihovny<\/b><\/h3>\n<p><b>Registrovan\u00fdm n\u00e1v\u0161t\u011bvn\u00edk\u016fm nab\u00edz\u00ed knihovna d\u00e1le tyto slu\u017eby:<\/b><\/p>\n<ul class=\"bullet\">\n<li style=\"font-weight: 400;\" aria-level=\"1\"><span style=\"font-weight: 400;\">p\u016fj\u010dov\u00e1n\u00ed dom\u016f: knihy, \u010dasopisy, hudebn\u00ed CD, jazykov\u00e9 kurzy, noty, deskov\u00e9 hry, obrazy<\/span><\/li>\n<li style=\"font-weight: 400;\" aria-level=\"1\"><span style=\"font-weight: 400;\">mo\u017enost rezervovat si PC s p\u0159ipojen\u00edm k internetu na jednu hodinu denn\u011b<\/span><\/li>\n<li style=\"font-weight: 400;\" aria-level=\"1\"><span style=\"font-weight: 400;\">\u0161ic\u00ed stroje v ateli\u00e9ru pobo\u010dky Jezerka<\/span><\/li>\n<li><span style=\"font-weight: 400;\">truhl\u00e1\u0159skou d\u00edlnu pobo\u010dky DOK16<\/span><\/li>\n<li><span style=\"font-weight: 400;\">kreativn\u00ed d\u00edlnu Suter\u00e9n v \u00dast\u0159edn\u00ed knihovn\u011b &#8211; 3D tisk, laminace, pyrografie, lettering atd.<\/span><\/li>\n<li aria-level=\"1\"><span style=\"font-weight: 400;\">tzv. \u201ctich\u00e9 piano\u201d k p\u0159ehr\u00e1v\u00e1n\u00ed si hudby do sluch\u00e1tek v \u00dast\u0159edn\u00ed knihovn\u011b<\/span><span style=\"font-weight: 400;\"><br \/>\n<\/span><\/li>\n<\/ul>\n<h4>Jak se zaregistrovat?<\/h4>\n<p>Registrace<span style=\"font-weight: 400;\"> do knihovny je mo\u017en\u00e1 na kter\u00e9koliv pobo\u010dce. \u010cten\u00e1\u0159sk\u00fd pr\u016fkaz je platn\u00fd pro v\u0161echny pobo\u010dky knihovny. Ro\u010dn\u00ed poplatek \u010din\u00ed 80 K\u010d (u\u017eivatel\u00e9 do 15 let a nad 70 let zdarma).<\/span><\/p>\n<p><span style=\"font-weight: 400;\">Ob\u010dan\u00e9 EU pot\u0159ebuj\u00ed k registraci doklad toto\u017enosti vydan\u00fd st\u00e1tem EU. Ob\u010dan\u00e9 ostatn\u00edch zem\u00ed se mus\u00ed prok\u00e1zat povolen\u00edm k pobytu v \u010cR. Pokud povolen\u00ed nemaj\u00ed, mohou slo\u017eit kauci v hodnot\u011b 1000 K\u010d nebo registraci prov\u00e9st za p\u0159\u00edtomnosti ru\u010ditele.<\/span><\/p>\n<p>P\u0159e\u010dt\u011bte si v\u00edce v infolet\u00e1ku pro rodi\u010de d\u011btsk\u00fdch \u010dten\u00e1\u0159\u016f. Informace jsou dostupn\u00e9 <a target=\"_blank\" href=\"https:\/\/metropolevsech.eu\/wp-content\/uploads\/2022\/12\/OMJ_AJ_A5.pdf\" rel=\"noopener\">anglicky<\/a>,\u00a0<a target=\"_blank\" href=\"https:\/\/metropolevsech.eu\/wp-content\/uploads\/2022\/12\/OMJ_UKR_A5.pdf\" rel=\"noopener\">ukra<\/a><a href=\"https:\/\/metropolevsech.eu\/wp-content\/uploads\/2022\/12\/OMJ_UKR_A5.pdf\"><\/a><a target=\"_blank\" href=\"https:\/\/metropolevsech.eu\/wp-content\/uploads\/2022\/04\/MKP-OMJ_UKR_bez-orezek.pdf\" rel=\"noopener\">jinsky<\/a>,\u00a0<a href=\"https:\/\/metropolevsech.eu\/wp-content\/uploads\/2022\/12\/OMJ_RJ_A5.pdf\">rusky a <\/a><a href=\"https:\/\/metropolevsech.eu\/wp-content\/uploads\/2022\/12\/OMJ_VJ_A5.pdf\">vietnamsky.<\/a><\/p>\n<p><i><span style=\"font-weight: 400;\"><div class=\"box-fixa\"><\/span><\/i><\/p>\n<p><em><span style=\"font-weight: 400;\">Knihy se p\u016fj\u010duj\u00ed na dobu 4 t\u00fddn\u016f s\u202fmo\u017enost\u00ed prodlou\u017een\u00ed na dal\u0161\u00ed 4 t\u00fddny. <\/span><span style=\"font-weight: 400;\">Pokud nestihnete v\u00fdp\u016fj\u010dky prodlou\u017eit v\u010das, za\u010dne nab\u00edhat poplatek za p\u0159ekro\u010den\u00ed v\u00fdp\u016fj\u010dn\u00ed doby (zpozdn\u00e9), kter\u00fd \u010din\u00ed 5 K\u010d za ka\u017edou knihu (v\u00fdp\u016fj\u010dku) a provozn\u00ed den. Prodlou\u017een\u00ed je mo\u017en\u00e9 i online p\u0159ed vypr\u0161en\u00edm v\u00fdp\u016fj\u010dky.\u00a0<\/span><\/em><\/p>\n<p><i><span style=\"font-weight: 400;\"><\/div><\/span><\/i><\/p>\n<h4>Kreativn\u00ed centra v knihovn\u011b<\/h4>\n<p><span style=\"font-weight: 400;\">Knihovna nen\u00ed zdaleka jen o knih\u00e1ch, je to tak\u00e9 m\u00edsto, kde m\u016f\u017eete tvo\u0159it! Sta\u010d\u00ed nav\u0161t\u00edvit n\u011bkter\u00e9 z jej\u00edch <\/span>kreativn\u00edch center.<\/p>\n<h5><a href=\"http:\/\/www.mlp.cz\/dok16\"><b>DOK 16\u00a0<\/b><\/a><\/h5>\n<p><span style=\"font-weight: 400;\">Sousedsk\u00e1 d\u00edlna na sm\u00edchovsk\u00e9 n\u00e1plavce<\/span> <span style=\"font-weight: 400;\">pro v\u0161echny, kte\u0159\u00ed cht\u011bj\u00ed pracovat na sv\u00e9m projektu a chyb\u00ed jim n\u00e1\u0159ad\u00ed nebo prostor.<\/span><\/p>\n<p><span style=\"font-weight: 400;\">Dr\u017eitel\u00e9 \u010dten\u00e1\u0159sk\u00e9ho pr\u016fkazu si zde mohou zdarma p\u016fj\u010dit ru\u010dn\u00ed i elektrick\u00e9 n\u00e1\u0159ad\u00ed. D\u00edlna po\u0159\u00e1d\u00e1 workshopy a kurzy pro pr\u00e1ci se d\u0159evem a pap\u00edrem, p\u0159edn\u00e1\u0161ky zam\u011b\u0159en\u00e9 (nejen) na \u0159emesla a udr\u017eiteln\u00fd \u017eivotn\u00ed styl, sobotn\u00ed aktivity pro rodiny s d\u011btmi, komunitn\u00ed akce, SWAPy atd.<\/span><\/p>\n<p><span style=\"font-weight: 400;\">adresa: Kobka \u010d. 16, Ho\u0159ej\u0161\u00ed n\u00e1b\u0159e\u017e\u00ed, Praha 5 &#8211; Sm\u00edchov<\/span><\/p>\n<p>Sledujte d\u00edlnu na <a href=\"http:\/\/wwww.facebook.com\/dok16\">facebooku<\/a>!<\/p>\n<h5><a href=\"http:\/\/www.mlp.cz\/jezerka\"><b>Ateli\u00e9r na Jezerce<\/b><\/a><\/h5>\n<p><span style=\"font-weight: 400;\">Pot\u0159ebujete si upravit \u0161aty? Chcete se nau\u010dit \u0161\u00edt? V Ateli\u00e9ru najdete vybaven\u00ed pro pr\u00e1ci s textilem i zku\u0161en\u00e9 poradkyn\u011b!\u00a0<\/span><\/p>\n<p><span style=\"font-weight: 400;\">adresa: Pobo\u010dka Jezerka, <\/span><span style=\"font-weight: 400;\">Nuselsk\u00e1 603\/94, Praha 4<\/span><\/p>\n<h5><a href=\"http:\/\/www.mlp.cz\/suteren\"><b>Suter\u00e9n<\/b><\/a><\/h5>\n<p><span style=\"font-weight: 400;\">Sd\u00edlen\u00fd prostor, kde m\u016f\u017eete pracovat na vlastn\u00edch projektech nebo se nau\u010dit n\u011bco nov\u00e9ho! Po\u0159\u00e1daj\u00ed se zde workshopy kni\u017en\u00ed vazby, kaligrafie a letteringu, modelov\u00e1n\u00ed pro 3D tisk, pyrografie. <\/span><span style=\"font-weight: 400;\">K dispozici programy na \u00fapravu fotografi\u00ed a vide\u00ed; vybaven\u00ed na tisk, laminaci a technickou vazbu; 3D tisk<\/span><\/p>\n<p>adresa:\u00a0<span style=\"font-weight: 400;\">\u00dast\u0159edn\u00ed knihovna &#8211; Suter\u00e9n, Mari\u00e1nsk\u00e9 n\u00e1m\u011bst\u00ed 1, Praha 1<\/span><\/p>\n<p>P\u0159e\u010dt\u011bte si v\u00edce v infolet\u00e1ku o kreativn\u00edch centrech m\u011bstsk\u00e9 knihovny. Informace jsou dostupn\u00e9 <a target=\"_blank\" href=\"https:\/\/metropolevsech.eu\/wp-content\/uploads\/2022\/04\/MKP_2022_kreativni-centra_eng.pdf\" rel=\"noopener\">anglicky<\/a>,\u00a0<a target=\"_blank\" href=\"https:\/\/metropolevsech.eu\/wp-content\/uploads\/2022\/04\/MKP_2022_kreativni-centra_ukr-1.pdf\" rel=\"noopener\">ukrajinsky<\/a>,\u00a0<a target=\"_blank\" href=\"https:\/\/metropolevsech.eu\/wp-content\/uploads\/2022\/04\/MKP_2022_kreativni-centra_ru.pdf\" rel=\"noopener\">rusky<\/a>\u00a0a <a href=\"https:\/\/metropolevsech.eu\/wp-content\/uploads\/2022\/04\/MKP_2022_kreativni-centra_viet.pdf\">vietnamsky<\/a>.<\/p>","protected":false},"excerpt":{"rendered":"<p>Ve\u0159ejn\u00e1 knihovna, kter\u00e1 je tu pro ka\u017ed\u00e9ho! Celkem 44 pobo\u010dek knihovny um\u00edst\u011bn\u00fdch po cel\u00e9 Praze nab\u00edz\u00ed \u0161irokou \u0161k\u00e1lu slu\u017eeb a aktivit, p\u0159i\u010dem\u017e \u0159adu z nich je mo\u017en\u00e9 vyu\u017e\u00edvat zdarma, bez nutnosti registrace. Pro registrovan\u00e9 se nab\u00eddka slu\u017eeb je\u0161t\u011b roz\u0161\u00ed\u0159\u00ed nejen&#8230;<\/p>\n<a class=\"more-block\" href=\"https:\/\/metropolevsech.eu\/cs\/praha\/472-2\/mestska-knihovna-v-praze\/\">\u010c\u00edst v\u00edce<\/a>","protected":false},"author":7,"featured_media":7876,"parent":472,"menu_order":1,"comment_status":"closed","ping_status":"closed","template":"","meta":[],"acf":[],"_links":{"self":[{"href":"https:\/\/metropolevsech.eu\/cs\/wp-json\/wp\/v2\/pages\/478"}],"collection":[{"href":"https:\/\/metropolevsech.eu\/cs\/wp-json\/wp\/v2\/pages"}],"about":[{"href":"https:\/\/metropolevsech.eu\/cs\/wp-json\/wp\/v2\/types\/page"}],"author":[{"embeddable":true,"href":"https:\/\/metropolevsech.eu\/cs\/wp-json\/wp\/v2\/users\/7"}],"replies":[{"embeddable":true,"href":"https:\/\/metropolevsech.eu\/cs\/wp-json\/wp\/v2\/comments?post=478"}],"version-history":[{"count":40,"href":"https:\/\/metropolevsech.eu\/cs\/wp-json\/wp\/v2\/pages\/478\/revisions"}],"predecessor-version":[{"id":22930,"href":"https:\/\/metropolevsech.eu\/cs\/wp-json\/wp\/v2\/pages\/478\/revisions\/22930"}],"up":[{"embeddable":true,"href":"https:\/\/metropolevsech.eu\/cs\/wp-json\/wp\/v2\/pages\/472"}],"wp:featuredmedia":[{"embeddable":true,"href":"https:\/\/metropolevsech.eu\/cs\/wp-json\/wp\/v2\/media\/7876"}],"wp:attachment":[{"href":"https:\/\/metropolevsech.eu\/cs\/wp-json\/wp\/v2\/media?parent=478"}],"curies":[{"name":"wp","href":"https:\/\/api.w.org\/{rel}","templated":true}]}}