{"id":482,"date":"2016-12-18T18:21:07","date_gmt":"2016-12-18T17:21:07","guid":{"rendered":"https:\/\/metropolevsech.eu\/?page_id=482"},"modified":"2025-05-27T10:02:38","modified_gmt":"2025-05-27T08:02:38","slug":"vytvarne-umeni-a-muzea","status":"publish","type":"page","link":"https:\/\/metropolevsech.eu\/cs\/praha\/472-2\/vytvarne-umeni-a-muzea\/","title":{"rendered":"Galerie a muzea"},"content":{"rendered":"<p><em>Pokud se zaj\u00edm\u00e1te o v\u00fdtvarn\u00e9 um\u011bn\u00ed, v Praze budete spokojen\u00ed, naleznete zde des\u00edtky galeri\u00ed <\/em>\u2013<em> od n\u00e1rodn\u00edch po soukrom\u00e9, kter\u00e9 pravideln\u011b po\u0159\u00e1daj\u00ed v\u00fdstavy. Z\u00e1le\u017e\u00ed na tom, jak\u00fd druh v\u00fdtvarn\u00e9ho um\u011bn\u00ed a z jak\u00e9 doby v\u00e1s zaj\u00edm\u00e1. <\/em><\/p>\n<ul>\n<li style=\"list-style-type: none;\">\n<ul>\n<li><a href=\"#Galerieprahy\"><strong>Galerie hlavn\u00edho m\u011bsta Prahy<\/strong><\/a><\/li>\n<li><a href=\"#muzeumprahy\"><strong>Muzeum hlavn\u00edho m\u011bsta Prahy<\/strong><\/a><\/li>\n<li><a href=\"#narodnigaleriepraha\"><strong>N\u00e1rodn\u00ed galerie v Praze<\/strong><\/a><\/li>\n<li><a href=\"#doxcentrumsoucasnehoumeni\"><strong>DOX <\/strong>\u2013<strong> Centrum sou\u010dasn\u00e9ho um\u011bn\u00ed<\/strong><\/a><\/li>\n<li><a href=\"#narodnimuzeum\"><strong>N\u00e1rodn\u00ed muzeum<\/strong><\/a><\/li>\n<\/ul>\n<\/li>\n<\/ul>\n<h3><\/h3>\n<h3><strong>Odkaz:<\/strong><\/h3>\n<ul class=\"bullet-links\">\n<li><a href=\"\/\/www.kdykde.cz\/calendar\/zanr\/vytvarne-umeni\">Term\u00edny a m\u00edsta aktu\u00e1ln\u011b prob\u00edhaj\u00edc\u00edch v\u00fdstav<\/a><\/li>\n<\/ul>\n<p>&nbsp;<\/p>\n<h3><a><\/a><strong>Galerie hlavn\u00edho m\u011bsta Prahy<\/strong><\/h3>\n<p>Galerie hlavn\u00edho m\u011bsta Prahy je jednou z nejv\u00fdznamn\u011bj\u0161\u00edch galeri\u00ed v \u010cesk\u00e9 republice, kter\u00e1 se ve sv\u00e9 v\u00fdstavn\u00ed \u010dinnosti zam\u011b\u0159uje zejm\u00e9na na modern\u00ed a sou\u010dasn\u00e9 um\u011bn\u00ed. Shroma\u017e\u010fuje, ochra\u0148uje a odborn\u011b zpracov\u00e1v\u00e1 um\u011bleck\u00e9 sb\u00edrky hlavn\u00edho m\u011bsta Prahy.<\/p>\n<p>V sou\u010dasn\u00e9 dob\u011b GHMP vystavuje v sedmi objektech: v Dom\u011b U Kamenn\u00e9ho zvonu, v M\u011bstsk\u00e9 knihovn\u011b ve 2. pat\u0159e, Colloredo-Mansfeldsk\u00e9m pal\u00e1ci, Dom\u011b fotografie, B\u00edlkov\u011b vile, Z\u00e1mku Troja a v Dom\u011b Franti\u0161ka B\u00edlka v Ch\u00fdnov\u011b.<\/p>\n<h4><strong>Odkazy<\/strong><strong>:<\/strong><\/h4>\n<ul class=\"bullet-links\">\n<li><a href=\"\/\/ghmp.cz\/oteviraci-doba-a-vstupne\/\">Informace o vstupn\u00e9m a otev\u00edrac\u00edch dob\u00e1ch<\/a><\/li>\n<li><a href=\"\/\/ghmp.cz\/\">Ofici\u00e1ln\u00ed webov\u00e9 str\u00e1nky <\/a><\/li>\n<\/ul>\n<p>&nbsp;<\/p>\n<h3><a><\/a><b>Muzeum hlavn\u00edho m\u011bsta Prahy<\/b><\/h3>\n<p align=\"JUSTIFY\">Muzeum spravuje velk\u00e9 mno\u017estv\u00ed sb\u00edrek mapuj\u00edc\u00edch historii hlavn\u00edho m\u011bsta Prahy. Nejrozs\u00e1hlej\u0161\u00ed z\u00a0nich je sb\u00edrka archeologick\u00e1. Ve \u010dtrn\u00e1cti objektech muzea, z nich\u017e p\u011bt je kulturn\u00ed pam\u00e1tkou a \u010dty\u0159i n\u00e1rodn\u00ed kulturn\u00ed pam\u00e1tkou, je krom\u011b unik\u00e1tn\u00edho Langweilova modelu Prahy \u00a0a origin\u00e1lu M\u00e1nesovy kalend\u00e1\u0159n\u00ed desky Starom\u011bstsk\u00e9ho orloje p\u0159ipraveno mnoho v\u00fdznamn\u00fdch historick\u00fdch unik\u00e1t\u016f. Muzeum po\u0159\u00e1d\u00e1 doprovodn\u00e9 programy k\u00a0v\u00fdstav\u00e1m, specializovan\u00e9 workshopy, komentovan\u00e9 prohl\u00eddky expozic a v\u00fdstav pro ve\u0159ejnost, v\u00fdukov\u00e9 lekce pro \u0161koly. Ve spr\u00e1v\u011b m\u00e1 \u0161est z nejvyhled\u00e1van\u011bj\u0161\u00edch pra\u017esk\u00fdch v\u011b\u017e\u00ed, v\u010detn\u011b Pet\u0159\u00ednsk\u00e9 rozhledny a Zrcadlov\u00e9ho bludi\u0161t\u011b na Pet\u0159\u00edn\u011b. Mezi objekty muzea je zastoupena i modern\u00ed architektura, a to M\u00fcllerovou vilou, Rothmayerovou vilou a Studijn\u00edm a dokumenta\u010dn\u00edm centrem Norbertov.<\/p>\n<p>V\u00edce se dozv\u00edte na webov\u00fdch str\u00e1nk\u00e1ch <a href=\"https:\/\/www.muzeumprahy.cz\/\">Muzea hlavn\u00edho m\u011bsta Prahy<\/a>.<\/p>\n<p>&nbsp;<\/p>\n<h3><a><\/a><strong>N\u00e1rodn\u00ed galerie v Praze<\/strong><\/h3>\n<p>N\u00e1rodn\u00ed galerie v Praze shroma\u017e\u010fuje, eviduje, trvale uchov\u00e1v\u00e1, odborn\u011b zpracov\u00e1v\u00e1 a zp\u0159\u00edstup\u0148uje ve\u0159ejnosti d\u00edla mal\u00ed\u0159sk\u00e1, socha\u0159sk\u00e1 a grafick\u00e1 a d\u00edla z oblasti tzv. nov\u00fdch m\u00e9di\u00ed dom\u00e1c\u00edho i ciz\u00edho um\u011bn\u00ed a v\u011bdecky o nich b\u00e1d\u00e1.<\/p>\n<p>N\u00e1rodn\u00ed galerie m\u00e1 v Praze n\u011bkolik pobo\u010dek: pal\u00e1c Kinsk\u00fdch, kl\u00e1\u0161ter sv. Ane\u017eky \u010cesk\u00e9, Veletr\u017en\u00ed pal\u00e1c, Schwarzenbersk\u00fd pal\u00e1c, Salmovsk\u00fd pal\u00e1c a \u0160ternbersk\u00fd pal\u00e1c.<\/p>\n<div class=\"box-fixa\"><\/p>\n<p><em>Vstupn\u00e9 do st\u00e1l\u00fdch i do\u010dasn\u00fdch expozic N\u00e1rodn\u00ed galerie v Praze je zpoplatn\u011bno.<\/em><\/p>\n<p><\/div>\n<h4>Odkaz:<\/h4>\n<ul class=\"bullet-links\">\n<li><a href=\"\/\/www.ngprague.cz\/\">N\u00e1rodn\u00ed galerie v Praze<\/a><\/li>\n<\/ul>\n<p>&nbsp;<\/p>\n<h3><a><\/a><strong>DOX <\/strong>\u2013<strong> Centrum sou\u010dasn\u00e9ho um\u011bn\u00ed<\/strong><\/h3>\n<p>Centrum sou\u010dasn\u00e9ho um\u011bn\u00ed DOX je multifunk\u010dn\u00ed prostor, kter\u00fd vznikl d\u00edky soukrom\u00e9 iniciativ\u011b p\u0159estavbou b\u00fdval\u00e9 tov\u00e1rny v pra\u017esk\u00e9 \u010dtvrti Hole\u0161ovice. Prost\u0159ednictv\u00edm v\u00fdstav sou\u010dasn\u00e9ho mezin\u00e1rodn\u00edho a \u010desk\u00e9ho um\u011bn\u00ed otev\u00edr\u00e1 DOX aktu\u00e1ln\u00ed t\u00e9mata a diskuzi o nich d\u00e1l rozv\u00edj\u00ed prost\u0159ednictv\u00edm r\u016fzn\u00fdch form\u00e1t\u016f <a href=\"\/\/www.dox.cz\/cs\/program?accompanying-events=on&amp;type=from-now\">doprovodn\u00fdch program\u016f a akc\u00ed<\/a> pro \u0161irokou ve\u0159ejnost od konferenc\u00ed a panelov\u00fdch diskuz\u00ed po filmov\u00e9 projekce, interaktivn\u00ed workshopy a ve\u0159ejn\u00e9 happeningy. D\u016fle\u017eitou sou\u010d\u00e1st\u00ed jsou <a href=\"\/\/www.dox.cz\/cs\/program?year=2016&amp;schools-and-groups=on&amp;submiter=Zobrazit&amp;date=25.01.2016&amp;type=from-now\">vzd\u011bl\u00e1vac\u00ed programy<\/a> pro studenty z\u00e1kladn\u00edch a st\u0159edn\u00edch \u0161kol, kter\u00e9 kladou d\u016fraz p\u0159edev\u0161\u00edm na rozv\u00edjen\u00ed schopnosti kritick\u00e9ho my\u0161len\u00ed. DOX nab\u00edz\u00ed tak\u00e9 <a href=\"\/\/www.dox.cz\/cs\/program?year=2016&amp;for-families=on&amp;submiter=Zobrazit&amp;date=25.01.2016&amp;type=from-now\">programy pro d\u011bti<\/a>.<\/p>\n<h4>Odkazy:<\/h4>\n<ul class=\"bullet-links\">\n<li><a href=\"\/\/www.dox.cz\/cs\/contact\">Otev\u00edrac\u00ed doba a vstupn\u00e9<\/a><\/li>\n<li><a href=\"\/\/www.dox.cz\/cs\/\">Webov\u00e1 str\u00e1nka<\/a><\/li>\n<\/ul>\n<p>&nbsp;<\/p>\n<h3><a><\/a><strong>N\u00e1rodn\u00ed muzeum<\/strong><\/h3>\n<p>N\u00e1rodn\u00ed muzeum je nejv\u011bt\u0161\u00edm muzeem \u010cesk\u00e9 republiky. N\u00e1rodn\u00ed muzeum tvo\u0159\u00ed p\u011bt odborn\u00fdch \u00fastav\u016f (P\u0159\u00edrodov\u011bdeck\u00e9 muzeum, Historick\u00e9 muzeum, Knihovna N\u00e1rodn\u00edho muzea, N\u00e1prstkovo muzeum asijsk\u00fdch, africk\u00fdch a americk\u00fdch kultur a Muzeum \u010desk\u00e9 hudby.<\/p>\n<p>Hlavn\u00ed budova N\u00e1rodn\u00edho muzea tvo\u0159\u00ed dominantu V\u00e1clavsk\u00e9ho n\u00e1m\u011bst\u00ed \u2013 tato budova je z d\u016fvodu rekonstrukce do\u010dasn\u011b uzav\u0159ena.<\/p>\n<h4><strong>Odkaz:<\/strong><\/h4>\n<ul class=\"bullet-links\">\n<li><a href=\"\/\/www.nm.cz\/\">Webov\u00e9 str\u00e1nky N\u00e1rodn\u00edho muzea<\/a><\/li>\n<\/ul>\n<p><\/p>","protected":false},"excerpt":{"rendered":"<p>Pokud se zaj\u00edm\u00e1te o v\u00fdtvarn\u00e9 um\u011bn\u00ed, v Praze budete spokojen\u00ed, naleznete zde des\u00edtky galeri\u00ed \u2013 od n\u00e1rodn\u00edch po soukrom\u00e9, kter\u00e9 pravideln\u011b po\u0159\u00e1daj\u00ed v\u00fdstavy. Z\u00e1le\u017e\u00ed na tom, jak\u00fd druh v\u00fdtvarn\u00e9ho um\u011bn\u00ed a z jak\u00e9 doby v\u00e1s zaj\u00edm\u00e1. Galerie hlavn\u00edho m\u011bsta Prahy&#8230;<\/p>\n<a class=\"more-block\" href=\"https:\/\/metropolevsech.eu\/cs\/praha\/472-2\/vytvarne-umeni-a-muzea\/\">\u010c\u00edst v\u00edce<\/a>","protected":false},"author":7,"featured_media":7888,"parent":472,"menu_order":2,"comment_status":"closed","ping_status":"closed","template":"","meta":[],"acf":[],"_links":{"self":[{"href":"https:\/\/metropolevsech.eu\/cs\/wp-json\/wp\/v2\/pages\/482"}],"collection":[{"href":"https:\/\/metropolevsech.eu\/cs\/wp-json\/wp\/v2\/pages"}],"about":[{"href":"https:\/\/metropolevsech.eu\/cs\/wp-json\/wp\/v2\/types\/page"}],"author":[{"embeddable":true,"href":"https:\/\/metropolevsech.eu\/cs\/wp-json\/wp\/v2\/users\/7"}],"replies":[{"embeddable":true,"href":"https:\/\/metropolevsech.eu\/cs\/wp-json\/wp\/v2\/comments?post=482"}],"version-history":[{"count":3,"href":"https:\/\/metropolevsech.eu\/cs\/wp-json\/wp\/v2\/pages\/482\/revisions"}],"predecessor-version":[{"id":22952,"href":"https:\/\/metropolevsech.eu\/cs\/wp-json\/wp\/v2\/pages\/482\/revisions\/22952"}],"up":[{"embeddable":true,"href":"https:\/\/metropolevsech.eu\/cs\/wp-json\/wp\/v2\/pages\/472"}],"wp:featuredmedia":[{"embeddable":true,"href":"https:\/\/metropolevsech.eu\/cs\/wp-json\/wp\/v2\/media\/7888"}],"wp:attachment":[{"href":"https:\/\/metropolevsech.eu\/cs\/wp-json\/wp\/v2\/media?parent=482"}],"curies":[{"name":"wp","href":"https:\/\/api.w.org\/{rel}","templated":true}]}}