{"id":500,"date":"2016-12-18T18:50:15","date_gmt":"2016-12-18T17:50:15","guid":{"rendered":"https:\/\/metropolevsech.eu\/?page_id=500"},"modified":"2019-01-08T23:51:28","modified_gmt":"2019-01-08T22:51:28","slug":"divadla","status":"publish","type":"page","link":"https:\/\/metropolevsech.eu\/cs\/praha\/472-2\/divadla\/","title":{"rendered":"Divadla a kina"},"content":{"rendered":"<p>V Praze je nespo\u010det divadel a divadeln\u00edch sc\u00e9n, kter\u00e9 nab\u00edzej\u00ed bohat\u00fd kulturn\u00ed program. Divadeln\u00ed sez\u00f3na za\u010d\u00edn\u00e1 ka\u017ed\u00fd rok v z\u00e1\u0159\u00ed a kon\u010d\u00ed na konci \u010dervna. B\u011bhem m\u011bs\u00edc\u016f \u010dervenec a srpen maj\u00ed divadla tzv. divadeln\u00ed pr\u00e1zdniny \u2013 b\u011bhem nich nehraj\u00ed \u017e\u00e1dn\u00e1 p\u0159edstaven\u00ed, ale obvykle zkou\u0161\u00ed nov\u00e9 hry na dal\u0161\u00ed sez\u00f3nu.<\/p>\n<p>B\u011bhem l\u00e9ta se v Praze nicm\u00e9n\u011b konaj\u00ed r\u016fzn\u00e9 divadeln\u00ed slavnosti. Mezi nejzn\u00e1m\u011bj\u0161\u00ed pat\u0159\u00ed <strong>Letn\u00ed shakespearovsk\u00e9 slavnosti<\/strong>, kter\u00e9 se konaj\u00ed ka\u017edoro\u010dn\u011b ve venkovn\u00edch prostor\u00e1ch Pra\u017esk\u00e9ho hradu. Pro vyznava\u010de nov\u00e9ho cirkusu a divadla se kon\u00e1 na p\u0159elomu srpna a z\u00e1\u0159\u00ed festival <strong>Letn\u00ed Letn\u00e1<\/strong>.<\/p>\n<p>&nbsp;<\/p>\n<h3><strong>N\u00e1rodn\u00ed divadlo<\/strong><\/h3>\n<p>N\u00e1rodn\u00ed divadlo je samoz\u0159ejm\u011b nejzn\u00e1m\u011bj\u0161\u00edm \u010desk\u00fdm divadlem, a to nejen d\u00edky p\u0159ekr\u00e1sn\u00e9 budov\u011b, kter\u00e1 je dominantou prav\u00e9ho b\u0159ehu Vltavy, ale tak\u00e9 d\u00edky sv\u00e9mu vzniku a dlouh\u00e9mu seznamu vynikaj\u00edc\u00edch \u010desk\u00fdch um\u011blc\u016f.<\/p>\n<p>V\u00fdstavbu divadla na konci 19. stolet\u00ed z velk\u00e9 \u010d\u00e1sti financovali \u010de\u0161t\u00ed ob\u010dan\u00e9 prost\u0159ednictv\u00edm celon\u00e1rodn\u00ed sb\u00edrky. N\u00e1rodn\u00ed divadlo je od t\u00e9 doby symbolem \u010desk\u00e9 identity a vlastenectv\u00ed.<\/p>\n<p>Dne\u0161n\u00ed podobu N\u00e1rodn\u00edho divadla tvo\u0159\u00ed \u010dty\u0159i um\u011bleck\u00e9 soubory \u2013 Opera, \u010cinohra, Balet a Laterna magika \u2013 a pod um\u011bleckou spr\u00e1vu divadla pat\u0159\u00ed \u010dty\u0159i sc\u00e9ny \u2013 N\u00e1rodn\u00ed divadlo, St\u00e1tn\u00ed opera, Stavovsk\u00e9 divadlo a Nov\u00e1 sc\u00e9na.<\/p>\n<p>Seznam v\u0161ech divadel v Praze naleznete na <a href=\"http:\/\/www.prague.eu\/cs\/objekty\/mista\/314?frm.categoryListing=314&amp;frm.tagIds=24&amp;pageNumber=1\">ofici\u00e1ln\u00edm turistick\u00e9m port\u00e1lu Prahy Prague.eu.<\/a><\/p>\n<p>&nbsp;<\/p>\n<h3><strong>Kina<\/strong><\/h3>\n<p>V Praze m\u016f\u017eete nav\u0161t\u00edvit mnoho typ\u016f kin, a\u0165 u\u017e \u00a0artov\u00fdch nebo multiplex\u016f.<\/p>\n<p>Seznam kin v Praze naleznete na <a href=\"http:\/\/www.prague.eu\/cs\/objekty\/mista\/314?frm.categoryListing=314&amp;pageNumber=1\">ofici\u00e1ln\u00edm turistick\u00e9m port\u00e1lu Prahy Prague.eu.<\/a><\/p>\n<p>&nbsp;<\/p>\n<h3><strong>Odkazy:<\/strong><\/h3>\n<p>&nbsp;<\/p>\n<ul class=\"bullet-links\">\n<li><a href=\"http:\/\/www.prague.eu\/cs\/objekty\/mista\/314?frm.categoryListing=314&amp;pageNumber=1\">Ofici\u00e1ln\u00ed turistick\u00fd port\u00e1l Pray Prague.eu<\/a><\/li>\n<li><a href=\"http:\/\/www.narodni-divadlo.cz\/cs\">N\u00e1rodn\u00ed divadlo<\/a><\/li>\n<li><a href=\"http:\/\/www.prahadivadla.cz\/\">Seznam v\u0161ech pra\u017esk\u00fdch divadel pro d\u011bti i dosp\u011bl\u00e9 <\/a><\/li>\n<li><a href=\"http:\/\/www.shakespeare.cz\/\">Letn\u00ed shakespearovsk\u00e9 slavnosti<\/a><\/li>\n<li><a href=\"http:\/\/www.letniletna.cz\">Letn\u00ed Letn\u00e1<\/a><\/li>\n<\/ul>\n<p><\/p>","protected":false},"excerpt":{"rendered":"<p>V Praze je nespo\u010det divadel a divadeln\u00edch sc\u00e9n, kter\u00e9 nab\u00edzej\u00ed bohat\u00fd kulturn\u00ed program. Divadeln\u00ed sez\u00f3na za\u010d\u00edn\u00e1 ka\u017ed\u00fd rok v z\u00e1\u0159\u00ed a kon\u010d\u00ed na konci \u010dervna. B\u011bhem m\u011bs\u00edc\u016f \u010dervenec a srpen maj\u00ed divadla tzv. divadeln\u00ed pr\u00e1zdniny \u2013 b\u011bhem nich nehraj\u00ed \u017e\u00e1dn\u00e1&#8230;<\/p>\n<a class=\"more-block\" href=\"https:\/\/metropolevsech.eu\/cs\/praha\/472-2\/divadla\/\">\u010c\u00edst v\u00edce<\/a>","protected":false},"author":7,"featured_media":4740,"parent":472,"menu_order":3,"comment_status":"closed","ping_status":"closed","template":"","meta":[],"acf":[],"_links":{"self":[{"href":"https:\/\/metropolevsech.eu\/cs\/wp-json\/wp\/v2\/pages\/500"}],"collection":[{"href":"https:\/\/metropolevsech.eu\/cs\/wp-json\/wp\/v2\/pages"}],"about":[{"href":"https:\/\/metropolevsech.eu\/cs\/wp-json\/wp\/v2\/types\/page"}],"author":[{"embeddable":true,"href":"https:\/\/metropolevsech.eu\/cs\/wp-json\/wp\/v2\/users\/7"}],"replies":[{"embeddable":true,"href":"https:\/\/metropolevsech.eu\/cs\/wp-json\/wp\/v2\/comments?post=500"}],"version-history":[{"count":0,"href":"https:\/\/metropolevsech.eu\/cs\/wp-json\/wp\/v2\/pages\/500\/revisions"}],"up":[{"embeddable":true,"href":"https:\/\/metropolevsech.eu\/cs\/wp-json\/wp\/v2\/pages\/472"}],"wp:featuredmedia":[{"embeddable":true,"href":"https:\/\/metropolevsech.eu\/cs\/wp-json\/wp\/v2\/media\/4740"}],"wp:attachment":[{"href":"https:\/\/metropolevsech.eu\/cs\/wp-json\/wp\/v2\/media?parent=500"}],"curies":[{"name":"wp","href":"https:\/\/api.w.org\/{rel}","templated":true}]}}