{"id":504,"date":"2016-12-18T18:59:56","date_gmt":"2016-12-18T17:59:56","guid":{"rendered":"https:\/\/metropolevsech.eu\/?page_id=504"},"modified":"2025-05-27T10:14:22","modified_gmt":"2025-05-27T08:14:22","slug":"hudba","status":"publish","type":"page","link":"https:\/\/metropolevsech.eu\/cs\/praha\/472-2\/hudba\/","title":{"rendered":"Hudba"},"content":{"rendered":"<p><em>Praha ka\u017ed\u00fd ve\u010der o\u017e\u00edv\u00e1 mno\u017estv\u00edm hudebn\u00edch koncert\u016f a party. Do Prahy se sj\u00ed\u017ed\u011bj\u00ed sv\u011btozn\u00e1m\u00ed um\u011blci a hudebn\u00ed skupiny. Je zde mno\u017estv\u00ed hudebn\u00edch klub\u016f a s\u00e1l\u016f, ale i venkovn\u00edch m\u00edst, kter\u00e1 pravideln\u011b hudbou o\u017e\u00edvaj\u00ed. <\/em><\/p>\n<p>&nbsp;<\/p>\n<ul>\n<li><strong><a href=\"#vaznahudba\">V\u00e1\u017en\u00e1 hudba<\/a><\/strong><\/li>\n<li><strong><a href=\"#Hudebnikluby\">Hudebn\u00ed kluby<\/a><\/strong><\/li>\n<li><strong><a href=\"#Hudebnifestivaly\">Hudebn\u00ed festivaly<\/a><\/strong><\/li>\n<li><strong><a href=\"#Busking\">Busking<\/a><\/strong><\/li>\n<\/ul>\n<p>&nbsp;<\/p>\n<p>&nbsp;<\/p>\n<h3><strong>V\u00e1\u017en\u00e1 hudba:<\/strong><\/h3>\n<p><a href=\"http:\/\/www.dvorakovapraha.cz\/\"><strong>Dvo\u0159\u00e1kova Praha<\/strong><\/a> \u2013 nejzn\u00e1m\u011bj\u0161\u00ed festival v\u00e1\u017en\u00e9 hudby, kter\u00fd nese jm\u00e9no \u010desk\u00e9ho skladatele <a href=\"https:\/\/cs.wikipedia.org\/wiki\/Anton%C3%ADn_Dvo%C5%99%C3%A1k\">Anton\u00edna Dvo\u0159\u00e1ka<\/a>. Ka\u017edoro\u010dn\u011b se po\u0159\u00e1d\u00e1 na za\u010d\u00e1tku podzimu v prostor\u00e1ch historick\u00e9 budovy <a href=\"https:\/\/cs.wikipedia.org\/wiki\/Rudolfinum\">Rudolfina<\/a>.<\/p>\n<p><a href=\"http:\/\/www.festival.cz\/cz\"><strong>Pra\u017esk\u00e9 jaro<\/strong><\/a> \u2013 nejstar\u0161\u00ed \u010desk\u00fd festival v\u00e1\u017en\u00e9 hudby, kter\u00fd se kon\u00e1 na ja\u0159e ka\u017ed\u00e9ho roku.<\/p>\n<p>Koncertn\u00ed s\u00edn\u011b naleznete na <a href=\"https:\/\/prague.eu\/cs\/akce\/mezinarodni-hudebni-festival-prazske-jaro\/\">ofici\u00e1ln\u00edm turistick\u00e9m port\u00e1lu Prahy Prague.eu.<\/a><\/p>\n<p>&nbsp;<\/p>\n<p>&nbsp;<\/p>\n<h3><strong>Hudebn\u00ed kluby:<\/strong><\/h3>\n<p>Praha je pln\u00e1 hudebn\u00edch klub\u016f. Nejv\u00edce jich najdete v centru, ale za n\u011bkter\u00fdmi se vyplat\u00ed vyjet z centra a poznat nov\u00e9 prost\u0159ed\u00ed.<\/p>\n<p>Programy v\u0161ech pra\u017esk\u00fdch klub\u016f naleznete <a href=\"https:\/\/prague.eu\/cs\/objevujte-kategorie\/kluby\/?pg=1\">zde<\/a>.<\/p>\n<p>&nbsp;<\/p>\n<h3><strong>Hudebn\u00ed festivaly:<\/strong><\/h3>\n<p>V Praze se pravideln\u011b konaj\u00ed stylov\u011b rozmanit\u00e9 hudebn\u00ed festivaly \u2013 p\u0159es l\u00e9to v\u011bt\u0161inou prob\u00edhaj\u00ed venku (nap\u0159. na ostrovech a v parc\u00edch), ale i ve stanic\u00edch metra, v ulic\u00edch i klubech. Festival\u016f se kon\u00e1 v Praze opravdu hodn\u011b, pro inspiraci uvedeme alespo\u0148 jeden z nejv\u011bt\u0161\u00edch.<\/p>\n<p><a href=\"http:\/\/unitedislands.cz\/\"><strong>United Islands of Prague<\/strong><\/a> \u2013 jedn\u00e1 se o uzn\u00e1van\u00fd mezin\u00e1rodn\u00ed festival, kter\u00fd prob\u00edh\u00e1, jak n\u00e1zev napov\u00edd\u00e1, na n\u011bkolika pra\u017esk\u00fdch ostrovech.<\/p>\n<p>V Praze se setk\u00e1te tak\u00e9 s festivaly, kter\u00e9 podporuj\u00ed sou\u017eit\u00ed mezi kulturami r\u016fzn\u00fdch obyvatel v Praze. Jedn\u00e1 se nap\u0159\u00edklad o <strong>Festival Respect<\/strong> nebo <a href=\"http:\/\/refufest.com\"><strong>Refufest.<\/strong><\/a><\/p>\n<p>&nbsp;<\/p>\n<p>&nbsp;<\/p>\n<h3><strong>Busking:<\/strong><\/h3>\n<p>Buskingem se mysl\u00ed jak\u00e9koliv pouli\u010dn\u00ed um\u011bn\u00ed, kter\u00e9 kolemjdouc\u00ed oce\u0148uj\u00ed dobrovoln\u00fdm p\u0159\u00edsp\u011bvkem do klobouku nebo obalu hudebn\u00edho n\u00e1stroje. Busking je v hlavn\u00edm m\u011bst\u011b regulov\u00e1n <a target=\"_blank\" href=\"https:\/\/praha.eu\/web\/kultura\/poulicni-umelecke-verejne-produkce\" rel=\"noopener\">vyhl\u00e1\u0161kou<\/a>.<\/p>\n<p><a href=\"http:\/\/www.prahazijehudbou.cz\/\"><strong>Praha \u017dije Hudbou<\/strong><\/a> \u2013 hudebn\u00ed festival po\u0159\u00e1dan\u00fd na podporu buskingu v Praze.<\/p>\n<p><div class=\"box-fixa\"><em>Pokud m\u00e1te z\u00e1jem \u017eivit se nebo p\u0159ivyd\u011blat si pouli\u010dn\u00edm um\u011bn\u00edm, seznamte se s vyhl\u00e1\u0161kou a dodr\u017eujte jej\u00ed zn<\/em><em>\u011bn\u00ed, jinak v\u00e1m hroz\u00ed finan\u010dn\u00ed pokuta!<\/em><\/div><\/p>","protected":false},"excerpt":{"rendered":"<p>Praha ka\u017ed\u00fd ve\u010der o\u017e\u00edv\u00e1 mno\u017estv\u00edm hudebn\u00edch koncert\u016f a party. Do Prahy se sj\u00ed\u017ed\u011bj\u00ed sv\u011btozn\u00e1m\u00ed um\u011blci a hudebn\u00ed skupiny. Je zde mno\u017estv\u00ed hudebn\u00edch klub\u016f a s\u00e1l\u016f, ale i venkovn\u00edch m\u00edst, kter\u00e1 pravideln\u011b hudbou o\u017e\u00edvaj\u00ed. &nbsp; V\u00e1\u017en\u00e1 hudba Hudebn\u00ed kluby Hudebn\u00ed festivaly&#8230;<\/p>\n<a class=\"more-block\" href=\"https:\/\/metropolevsech.eu\/cs\/praha\/472-2\/hudba\/\">\u010c\u00edst v\u00edce<\/a>","protected":false},"author":7,"featured_media":0,"parent":472,"menu_order":3,"comment_status":"closed","ping_status":"closed","template":"","meta":[],"acf":[],"_links":{"self":[{"href":"https:\/\/metropolevsech.eu\/cs\/wp-json\/wp\/v2\/pages\/504"}],"collection":[{"href":"https:\/\/metropolevsech.eu\/cs\/wp-json\/wp\/v2\/pages"}],"about":[{"href":"https:\/\/metropolevsech.eu\/cs\/wp-json\/wp\/v2\/types\/page"}],"author":[{"embeddable":true,"href":"https:\/\/metropolevsech.eu\/cs\/wp-json\/wp\/v2\/users\/7"}],"replies":[{"embeddable":true,"href":"https:\/\/metropolevsech.eu\/cs\/wp-json\/wp\/v2\/comments?post=504"}],"version-history":[{"count":4,"href":"https:\/\/metropolevsech.eu\/cs\/wp-json\/wp\/v2\/pages\/504\/revisions"}],"predecessor-version":[{"id":22953,"href":"https:\/\/metropolevsech.eu\/cs\/wp-json\/wp\/v2\/pages\/504\/revisions\/22953"}],"up":[{"embeddable":true,"href":"https:\/\/metropolevsech.eu\/cs\/wp-json\/wp\/v2\/pages\/472"}],"wp:attachment":[{"href":"https:\/\/metropolevsech.eu\/cs\/wp-json\/wp\/v2\/media?parent=504"}],"curies":[{"name":"wp","href":"https:\/\/api.w.org\/{rel}","templated":true}]}}