{"id":511,"date":"2016-12-18T19:09:46","date_gmt":"2016-12-18T18:09:46","guid":{"rendered":"https:\/\/metropolevsech.eu\/?page_id=511"},"modified":"2025-05-24T23:16:07","modified_gmt":"2025-05-24T21:16:07","slug":"volny-cas","status":"publish","type":"page","link":"https:\/\/metropolevsech.eu\/cs\/praha\/volny-cas\/","title":{"rendered":"Dal\u0161\u00ed aktivity pro d\u011bti i dosp\u011bl\u00e9"},"content":{"rendered":"<p><em>V t\u00e9to kapitole se do detailu sezn\u00e1m\u00edte s\u00a0mo\u017enostmi, jak v\u00a0Praze tr\u00e1vit sv\u016fj voln\u00fd \u010das, a to a\u0165 u\u017e jste dosp\u011bl\u00ed, nebo chcete zabavit sv\u00e9 d\u011bti. Naleznete zde mno\u017estv\u00ed u\u017eite\u010dn\u00fdch odkaz\u016f v\u010detn\u011b tip\u016f na v\u00fdlety, sportovn\u00ed aktivity, kurzy a vzd\u011bl\u00e1v\u00e1n\u00ed nebo mo\u017enosti se zapojit do dobrovolnick\u00fdch aktivit. Zahrnuli jsme i tipy na aktivity, kter\u00fdm je mo\u017en\u00e9 se v\u00a0Praze v\u011bnovat zadarmo. Pozn\u00e1te p\u0159i nich nejen r\u016fzn\u00e9 \u010d\u00e1sti Prahy, ale i nov\u00e9 lidi a p\u0159itom za n\u011b nemus\u00edte v\u016fbec nic zaplatit. <\/em><\/p>\n<p><em>\u00a0M\u00e1te-li d\u011bti, ur\u010dit\u011b si pozorn\u011b p\u0159e\u010dt\u011bte speci\u00e1ln\u00ed kapitolu o volno\u010dasov\u00fdch aktivit\u00e1ch ur\u010den\u00fdch p\u0159\u00edmo pro d\u011bti. Naleznete zde rady a tipy pro d\u011bti v\u00a0p\u0159ed\u0161koln\u00edm v\u011bku, ale i pro ml\u00e1de\u017e. Na webov\u00fdch str\u00e1nk\u00e1ch Praha sportovn\u00ed Magistr\u00e1tu hl. m. Prahy naleznete informace o sportovn\u00edch p\u0159\u00edle\u017eitostech pro v\u0161echny. V\u00a0t\u00e9to kapitole v\u00e1s provedeme mo\u017enostmi sportovn\u00edch aktivit, kter\u00fdm se d\u011bti mohou v\u011bnovat aktivn\u011b nebo rekrea\u010dn\u011b. \u00a0A Domy d\u011bt\u00ed a ml\u00e1de\u017ee, jejich\u017e z\u0159izovatelem je takt\u00e9\u017e hl. m. Praha, nab\u00edzej\u00ed \u0161irokou \u0161k\u00e1lu aktivit, ze kter\u00fdch si ur\u010dit\u011b vyberete tu pravou i pro va\u0161e d\u00edt\u011b. V\u00a0neposledn\u00ed \u0159ad\u011b se dozv\u00edte o d\u016fle\u017eit\u00e9 \u010desk\u00e9 tradici, tak zvan\u00e9m skautingu.<\/em><\/p>\n<p><em>\u00a0Vyberte si n\u011bkter\u00e9 z\u00a0na\u0161ich tip\u016f a u\u017eijte si sv\u016fj voln\u00fd \u010das! Nejen, \u017ee si odpo\u010dinete, ale volno\u010dasov\u00e9 aktivity v\u00e1m nav\u00edc napomohou sezn\u00e1mit se s\u00a0nov\u00fdmi lidmi a zlep\u0161ovat se v\u00a0\u010desk\u00e9m jazyce.<\/em><\/p>\n<p>&nbsp;<\/p>\n<ul class=\"bullet\">\n<li><strong><a href=\"\/\/metropolevsech.eu\/cs\/praha\/volny-cas\/dospeli\/\">Dosp\u011bl\u00ed<\/a><\/strong><\/li>\n<li><strong><a href=\"\/\/metropolevsech.eu\/cs\/praha\/volny-cas\/deti\/\">D\u011bti<\/a><\/strong><\/li>\n<\/ul>\n<p><\/p>","protected":false},"excerpt":{"rendered":"<p>V t\u00e9to kapitole se do detailu sezn\u00e1m\u00edte s\u00a0mo\u017enostmi, jak v\u00a0Praze tr\u00e1vit sv\u016fj voln\u00fd \u010das, a to a\u0165 u\u017e jste dosp\u011bl\u00ed, nebo chcete zabavit sv\u00e9 d\u011bti. Naleznete zde mno\u017estv\u00ed u\u017eite\u010dn\u00fdch odkaz\u016f v\u010detn\u011b tip\u016f na v\u00fdlety, sportovn\u00ed aktivity, kurzy a vzd\u011bl\u00e1v\u00e1n\u00ed nebo&#8230;<\/p>\n<a class=\"more-block\" href=\"https:\/\/metropolevsech.eu\/cs\/praha\/volny-cas\/\">\u010c\u00edst v\u00edce<\/a>","protected":false},"author":7,"featured_media":9373,"parent":10,"menu_order":6,"comment_status":"closed","ping_status":"closed","template":"","meta":[],"acf":[],"_links":{"self":[{"href":"https:\/\/metropolevsech.eu\/cs\/wp-json\/wp\/v2\/pages\/511"}],"collection":[{"href":"https:\/\/metropolevsech.eu\/cs\/wp-json\/wp\/v2\/pages"}],"about":[{"href":"https:\/\/metropolevsech.eu\/cs\/wp-json\/wp\/v2\/types\/page"}],"author":[{"embeddable":true,"href":"https:\/\/metropolevsech.eu\/cs\/wp-json\/wp\/v2\/users\/7"}],"replies":[{"embeddable":true,"href":"https:\/\/metropolevsech.eu\/cs\/wp-json\/wp\/v2\/comments?post=511"}],"version-history":[{"count":6,"href":"https:\/\/metropolevsech.eu\/cs\/wp-json\/wp\/v2\/pages\/511\/revisions"}],"predecessor-version":[{"id":22929,"href":"https:\/\/metropolevsech.eu\/cs\/wp-json\/wp\/v2\/pages\/511\/revisions\/22929"}],"up":[{"embeddable":true,"href":"https:\/\/metropolevsech.eu\/cs\/wp-json\/wp\/v2\/pages\/10"}],"wp:featuredmedia":[{"embeddable":true,"href":"https:\/\/metropolevsech.eu\/cs\/wp-json\/wp\/v2\/media\/9373"}],"wp:attachment":[{"href":"https:\/\/metropolevsech.eu\/cs\/wp-json\/wp\/v2\/media?parent=511"}],"curies":[{"name":"wp","href":"https:\/\/api.w.org\/{rel}","templated":true}]}}