{"id":526,"date":"2016-12-18T20:08:37","date_gmt":"2016-12-18T19:08:37","guid":{"rendered":"https:\/\/metropolevsech.eu\/?page_id=526"},"modified":"2025-04-04T13:43:37","modified_gmt":"2025-04-04T11:43:37","slug":"deti","status":"publish","type":"page","link":"https:\/\/metropolevsech.eu\/cs\/praha\/volny-cas\/deti\/","title":{"rendered":"D\u011bti"},"content":{"rendered":"<p><\/p>\n<ul class=\"bullet\">\n<li><a href=\"#Aktivity pro p\u0159ed\u0161koln\u00ed d\u011bti\"><strong>Aktivity pro p\u0159ed\u0161koln\u00ed d\u011bti<\/strong><\/a><\/li>\n<li><a href=\"#Aktivity pro d\u011bti a ml\u00e1de\u017e\"><strong>Aktivity pro d\u011bti a ml\u00e1de\u017e<\/strong><\/a><\/li>\n<li><a href=\"#Chcete se aktivn\u011b v\u011bnovat sportu?\"><strong>Chcete se aktivn\u011b v\u011bnovat sportu?<\/strong><\/a><\/li>\n<li><a href=\"#V\u011bnujete se sportu rekrea\u010dn\u011b?\"><strong>V\u011bnujete se sportu rekrea\u010dn\u011b?<\/strong><\/a><\/li>\n<li><a href=\"#Skauting\"><strong>Skauting<\/strong><\/a><\/li>\n<li><a href=\"#Domy d\u011bt\u00ed a ml\u00e1de\u017ee (DDM)\"><strong>Domy d\u011bt\u00ed a ml\u00e1de\u017ee (DDM)<\/strong><\/a><\/li>\n<\/ul>\n<p><span style=\"font-weight: 400;\"><div class=\"box-ok\"><\/span><\/p>\n<p><span style=\"font-weight: 400;\">St\u00e1hn\u011bte si dvojjazy\u010dn\u00e9 komunika\u010dn\u00ed karty na microsite<\/span><a href=\"https:\/\/newinprague.cz\/komunikacni-karty\"> <span style=\"font-weight: 400;\">V Praze jsme doma<\/span><\/a><span style=\"font-weight: 400;\">. Tyto karty v\u00e1m usnadn\u00ed komunikaci s \u00fa\u0159ady a institucemi. Obsahuj\u00ed nejpou\u017e\u00edvan\u011bj\u0161\u00ed komunika\u010dn\u00ed fr\u00e1ze a slovn\u00edk d\u016fle\u017eit\u00fdch pojm\u016f v t\u011bchto jazykov\u00fdch kombinac\u00edch: anglicko-\u010desk\u00e9, ukrajinsko-\u010desk\u00e9, rusko-\u010desk\u00e9 a vietnamsko-\u010desk\u00e9.&#8220; <\/span><span style=\"font-weight: 400;\"><\/div><\/span><\/p>\n<p>U d\u011bt\u00ed voln\u00fdm \u010dasem zpravidla rozum\u00edme dobu, kdy nejsou ve \u0161kole nebo zrovna nepln\u00ed \u0161koln\u00ed povinnosti. I d\u011bti si pot\u0159ebuj\u00ed odpo\u010dinout a nabrat novou energii. P\u0159esto je v p\u0159\u00edpad\u011b volno\u010dasov\u00fdch aktivit pro d\u011bti obvykle kladen d\u016fraz na vzd\u011bl\u00e1vac\u00ed aspekt. \u010casto se mluv\u00ed o tzv. neform\u00e1ln\u00edm vzd\u011bl\u00e1v\u00e1n\u00ed. D\u011bti se prost\u0159ednictv\u00edm volno\u010dasov\u00fdch aktivit, v obecn\u00e9 \u010de\u0161tin\u011b ozna\u010dovan\u00fdch jako \u201ekrou\u017eky\u201c (\u201e&#8230;p\u0159ihl\u00e1sit d\u00edt\u011b na krou\u017eek\u201c, \u201evodit\/vozit na krou\u017eky&#8230;\u201c) u\u010d\u00ed nov\u00fdm dovednostem, vytv\u00e1\u0159ej\u00ed si kamar\u00e1dsk\u00e9 vazby mimo \u0161kolu, prozkoum\u00e1vaj\u00ed, v \u010dem jsou dob\u0159\u00ed a co je bav\u00ed.<\/p>\n<div class=\"box-fixa\"><em>Pokud se va\u0161e d\u011bti u\u010d\u00ed \u010desky, m\u016f\u017ee jim zapojen\u00ed se do volno\u010dasov\u00fdch aktivit s d\u011btmi podobn\u00e9ho v\u011bku velmi pomoci. D\u011bti z\u00edskaj\u00ed v\u00edce prostoru pro komunikaci ne\u017e maj\u00ed b\u011b\u017en\u011b ve \u0161kole, u\u010d\u00ed se p\u0159i \u010dinnosti, kter\u00e1 je bav\u00ed, a buduj\u00ed si znalost jazyka postavenou na jeho aktivn\u00edm pou\u017e\u00edv\u00e1n\u00ed. Kontakt s \u010desky mluv\u00edc\u00edmi d\u011btmi jim pak pom\u016f\u017ee zp\u011btn\u011b i ve \u0161kole, kde budou l\u00e9pe rozum\u011bt sv\u00fdm spolu\u017e\u00e1k\u016fm, jejich z\u00e1jm\u016fm a t\u00e9mat\u016fm.<\/em><\/div>\n<div class=\"box-fixa\"><em>Tr\u00e1ven\u00ed voln\u00e9ho \u010dasu u d\u011bt\u00ed se v\u011bnuje st\u00e1le v\u011bt\u0161\u00ed pozornost. Nab\u00eddka volno\u010dasov\u00fdch aktivit pro d\u011bti patrn\u011b nikdy nebyla tak rozs\u00e1hl\u00e1, jako je dnes. Je proto d\u016fle\u017eit\u00e9 hl\u00eddat i ur\u010ditou vyv\u00e1\u017eenost a vyvarovat se extr\u00e9m\u016f (nep\u0159et\u011b\u017eovat d\u011bti velk\u00fdm po\u010dtem krou\u017ek\u016f). Pro v\u00fdvoj d\u00edt\u011bte je p\u0159\u00ednosn\u00e9, kdy\u017e m\u00e1 zdravou m\u00edru podn\u011bt\u016f, ale nem\u011blo by b\u00fdt zahlceno a pod tlakem. Nen\u00ed dobr\u00e9, kdy\u017e se z volno\u010dasov\u00e9 aktivity st\u00e1v\u00e1 jen dal\u0161\u00ed povinnost.<\/em><\/div>\n<p><strong>Aktivity pro p\u0159ed\u0161koln\u00ed d\u011bti<\/strong><\/p>\n<p>\u0158ada vzd\u011bl\u00e1vac\u00edch program\u016f je p\u0159ipravena ji\u017e pro d\u011bti v p\u0159ed\u0161koln\u00edm v\u011bku. V r\u00e1mci pra\u017esk\u00fdch Dom\u016f d\u011bt\u00ed a ml\u00e1de\u017ee (DDM) funguj\u00ed tzv. <strong>Centra pro p\u0159ed\u0161koln\u00ed d\u011bti<\/strong> (CPD). Tato centra realizuj\u00ed dopoledn\u00ed programy, kter\u00e9 jsou alternativou k \u010dasto nedostupn\u00fdm mate\u0159sk\u00fdm \u0161kol\u00e1m. Obsahem je z\u00e1jmov\u00e9 vzd\u011bl\u00e1v\u00e1n\u00ed pro p\u0159ed\u0161koln\u00ed d\u011bti s\u00a0d\u016frazem na rozvoj pohybov\u00fdch, hudebn\u00edch, v\u00fdtvarn\u00fdch a hern\u00edch aktivit a osobnostn\u011b soci\u00e1ln\u00ed rozvoj.<\/p>\n<p>&nbsp;<\/p>\n<h4><strong>Odkaz:<\/strong><\/h4>\n<ul class=\"bullet-links\">\n<li>Seznam center najdete <a href=\"\/\/www.volnycaspraha.cz\/pro-rodice\/centra-pro-predskolni-deti\">zde<\/a>.<\/li>\n<\/ul>\n<p>&nbsp;<\/p>\n<p>Krom\u011b v\u00fd\u0161e uveden\u00fdch center najdete i \u0159adu dal\u0161\u00edch z\u00e1jmov\u00fdch krou\u017ek\u016f pro p\u0159ed\u0161koln\u00ed d\u011bti (hudebn\u00ed, v\u00fdtvarn\u00e9, sportovn\u00ed aj.) jak v ostatn\u00ed nab\u00eddce DDM, tak i v nab\u00eddce dal\u0161\u00edch poskytovatel\u016f, nap\u0159. <strong>mate\u0159sk\u00fdch center<\/strong>. Mate\u0159sk\u00e1 centra b\u00fdvaj\u00ed zpravidla neziskov\u00e9 organizace, kter\u00e9 sdru\u017euj\u00ed rodi\u010de na mate\u0159sk\u00e9 dovolen\u00e9, pop\u0159. dal\u0161\u00ed rodinn\u00e9 p\u0159\u00edslu\u0161n\u00edky, za \u00fa\u010delem spole\u010dn\u00e9ho tr\u00e1ven\u00ed voln\u00e9ho \u010dasu. Mate\u0159sk\u00e1 centra se zam\u011b\u0159uj\u00ed jak na zaji\u0161t\u011bn\u00ed volno\u010dasov\u00fdch aktivit, tak na zaji\u0161t\u011bn\u00ed vzd\u011bl\u00e1vac\u00edch aktivit (\u010dasto s vyu\u017eit\u00edm kapacity a potenci\u00e1lu rodi\u010d\u016f).<\/p>\n<p>&nbsp;<\/p>\n<h4><strong>Odkaz:<\/strong><\/h4>\n<ul class=\"bullet-links\">\n<li>Seznam mate\u0159sk\u00fdch center a nab\u00eddku jejich aktivit najdete <a target=\"_blank\" href=\"\/\/sitprorodinu.cz\/rodina-v-centru\/seznam-clenskych-mc\/\" rel=\"noopener\">zde<\/a>.<\/li>\n<\/ul>\n<p>&nbsp;<\/p>\n<p><strong>Aktivity pro d\u011bti a ml\u00e1de\u017e<\/strong><\/p>\n<p>Nab\u00eddka volno\u010dasov\u00fdch aktivit pro d\u011bti a ml\u00e1de\u017e je rozs\u00e1hl\u00e1 a m\u00e1 velk\u00e9 mno\u017estv\u00ed podob. Nej\u010dast\u011bji se jedn\u00e1 o ji\u017e zm\u00edn\u011bn\u00e9 krou\u017eky, ale v nab\u00eddk\u00e1ch instituc\u00ed a organizac\u00ed m\u016f\u017eete naj\u00edt i r\u016fzn\u00e9 jednor\u00e1zov\u00e9 akce, sout\u011b\u017ee, t\u00e1bory, kluby \u010di otev\u0159en\u00e9 workshopy.<\/p>\n<p>Tematicky se jedn\u00e1 o des\u00edtky oblast\u00ed. Na v\u00fdb\u011br m\u00e1te z r\u016fzn\u00fdch cvi\u010den\u00ed, lze se v\u011bnovat divadlu, fotografov\u00e1n\u00ed, pr\u00e1ci s videem, hudb\u011b, jazyk\u016fm, po\u010d\u00edta\u010d\u016fm, keramice, tanci, sport\u016fm, technick\u00fdm krou\u017ek\u016fm, turistice, r\u016fzn\u00fdm vzd\u011bl\u00e1vac\u00edm aktivit\u00e1m a mnoha dal\u0161\u00edm oblastem.<\/p>\n<p>Zast\u0159e\u0161uj\u00edc\u00ed organizac\u00ed pro sdru\u017een\u00ed d\u011bt\u00ed a ml\u00e1de\u017ee v \u010cesk\u00e9 republice je <strong>\u010cesk\u00e1 rada d\u011bt\u00ed a ml\u00e1de\u017ee<\/strong> (\u010cRDM). \u010clensk\u00e1 sdru\u017een\u00ed m\u016f\u017eete naj\u00edt <a href=\"\/\/www.crdm.cz\">na webu<\/a>.<\/p>\n<h4><strong>Odkazy:<\/strong><\/h4>\n<ul class=\"bullet-links\">\n<li>P\u0159ehled aktivit pro d\u011bti a ml\u00e1de\u017e, kter\u00e9 jsou zaji\u0161\u0165ov\u00e1ny v r\u00e1mci pra\u017esk\u00fdch Dom\u016f d\u011bt\u00ed a ml\u00e1de\u017ee, najdete <a href=\"\/\/www.volnycaspraha.cz\/aktivity-pro-deti-a-mladez\">na webov\u00fdch str\u00e1nk\u00e1ch<\/a>.<\/li>\n<li>Pomoc\u00ed <a href=\"\/\/www.volnycaspraha.cz\/pro-deti-a-mladez\/krouzky\">vyhled\u00e1vac\u00edho formul\u00e1\u0159e<\/a> si m\u016f\u017eete vyb\u00edrat z nab\u00eddky 2357 r\u016fzn\u00fdch krou\u017ek\u016f.<\/li>\n<\/ul>\n<h3><strong>Chcete se aktivn\u011b v\u011bnovat sportu?<\/strong><\/h3>\n<p>V Praze je velk\u00fd po\u010det sportovn\u00edch klub\u016f, kter\u00e9 ka\u017edoro\u010dn\u011b p\u0159ij\u00edmaj\u00ed nov\u00e9 \u010dleny. A\u0165 ji\u017e hled\u00e1te klub pro sebe nebo pro sv\u00e9 d\u011bti, bude v\u00e1s zaj\u00edmat jist\u011b webov\u00e1 str\u00e1nka <a href=\"\/\/www.prahasportovni.cz\/\">\/\/www.prahasportovni.cz\/<\/a>.<\/p>\n<p>Najdete zde odkazy a kontakty na jednotliv\u00e9 sportovn\u00ed kluby, term\u00edny n\u00e1bor\u016f, podrobn\u00e9 informace o mo\u017enostech aktivn\u00edho sportov\u00e1n\u00ed i kalend\u00e1\u0159 sportovn\u00edch akc\u00ed.<\/p>\n<div class=\"box-ok\"><em>Ka\u017ed\u00fd rok se po\u0159\u00e1d\u00e1 festival sportu pro d\u011bti &#8211; Spor\u0165\u00e1\u010dek, kde maj\u00ed d\u011bti mo\u017enost poznat a vyzkou\u0161et si mnoho druh\u016f sportu. Datum a program jeho kon\u00e1n\u00ed najdete <a target=\"_blank\" href=\"https:\/\/sportacek.cz\/\" rel=\"noopener\">zde<\/a>. <\/em><\/div>\n<p>&nbsp;<\/p>\n<h3><strong>V\u011bnujete se sportu rekrea\u010dn\u011b?<\/strong><\/h3>\n<p>Pak by v\u00e1s mohl zaj\u00edmat p\u0159ehled pra\u017esk\u00fdch sportovi\u0161\u0165 a park\u016f, kde je mo\u017en\u00e9 se v\u011bnovat rekrea\u010dn\u00edm form\u00e1m sportu (bruslen\u00ed, skating, cyklistika, fotbal, petanque, ping-pong, plav\u00e1n\u00ed a dal\u0161\u00ed.)<\/p>\n<p>Pra\u017esk\u00e1 h\u0159i\u0161t\u011b, parky a sportovi\u0161t\u011b najdete <a target=\"_blank\" href=\"http:\/\/www.prazska-hriste.cz\/\" rel=\"noopener\">zde<\/a>.<\/p>\n<p>&nbsp;<\/p>\n<h3><strong>Skauting<\/strong><\/h3>\n<p>Skauting je mezin\u00e1rodn\u00ed hnut\u00ed, jeho\u017e c\u00edlem je podporovat a v\u00e9st mlad\u00e9 lidi v jejich osobnostn\u00edm rozvoji. D\u011bti se u\u010d\u00ed t\u00fdmov\u00e9 pr\u00e1ci, respektu k druh\u00fdm lidem a p\u0159\u00edrod\u011b a vytv\u00e1\u0159\u00ed si nov\u00e9 p\u0159\u00e1telsk\u00e9 vazby. Odd\u00edly jsou odstup\u0148ovan\u00e9 podle v\u011bku od 5 do 18 let.<\/p>\n<p>V\u00edce informac\u00ed o mo\u017enostech zapojen\u00ed do skautsk\u00e9ho hnut\u00ed najdete na <a href=\"\/\/www.skaut.cz\/\">webu<\/a>.<\/p>\n<p>&nbsp;<\/p>\n<h3><strong>Domy d\u011bt\u00ed a ml\u00e1de\u017ee (DDM)<\/strong><\/h3>\n<p>V\u00fdznamnou sou\u010d\u00e1st\u00ed nab\u00eddky aktivit ve voln\u00e9m \u010dase je z\u00e1jmov\u00e9 vzd\u011bl\u00e1v\u00e1n\u00ed, kter\u00e9 zaji\u0161\u0165uj\u00ed domy d\u011bt\u00ed a ml\u00e1de\u017ee (DDM).<\/p>\n<p>DDM p\u0159edstavuj\u00ed jedno z nejv\u011bt\u0161\u00edch volno\u010dasov\u00fdch za\u0159\u00edzen\u00ed v \u010cesk\u00e9 republice. Ve sv\u00e9 nab\u00eddce maj\u00ed p\u0159es 2300 krou\u017ek\u016f, ateli\u00e9r\u016f, kurz\u016f a odd\u00edl\u016f. Organizuj\u00ed i velk\u00e9 mno\u017estv\u00ed akc\u00ed pro ve\u0159ejnost: divadeln\u00ed, p\u011bveck\u00e1 a tane\u010dn\u00ed vystoupen\u00ed, v\u00fdstavy, p\u0159ehl\u00eddky, sout\u011b\u017ee, oslavy r\u016fzn\u00fdch sv\u00e1tk\u016f apod. Pod DDM v Praze spad\u00e1 sportovn\u00ed stadion, stanice technik\u016f, stanice p\u0159\u00edrodov\u011bdc\u016f, jezdeck\u00e9 st\u0159edisko a dal\u0161\u00ed centra voln\u00e9ho \u010dasu.<\/p>\n<p>Z\u0159izovatelem DDM v Praze je hl. m\u011bsto Praha.<\/p>\n<p>DDM zaji\u0161\u0165uj\u00ed pravidelnou a \u00a0celoro\u010dn\u011b zaji\u0161\u0165ovanou systematickou pr\u00e1ci s d\u011btmi a ml\u00e1de\u017e\u00ed a prohlubuj\u00ed jejich z\u00e1jem o vybran\u00e9 obory. DDM se zam\u011b\u0159uj\u00ed i na pr\u00e1ci s talentovan\u00fdmi d\u011btmi a ml\u00e1de\u017e\u00ed.<\/p>\n<p>DDM zahrnuj\u00ed \u0161irok\u00e9 spektrum \u010dinnost\u00ed od pohybov\u00fdch aktivit, tance, sportu po zp\u011bv, p\u0159\u00edrodov\u011bdu, chovatelstv\u00ed, v\u00fdtvarn\u00e9, rukod\u011bln\u00e9 a technick\u00e9 \u010dinnosti, turistiku. P\u0159\u00edle\u017eitostn\u00e1 \u010dinnost zahrnuje zejm\u00e9na pr\u00e1zdninov\u00e9 t\u00e1bory a soust\u0159ed\u011bn\u00ed, turnaje, p\u0159\u00edle\u017eitostn\u00e9 sout\u011b\u017ee, divadeln\u00ed a hudebn\u00ed p\u0159edstaven\u00ed, exkurze, p\u0159edn\u00e1\u0161ky, semin\u00e1\u0159e, besedy, v\u00edkendov\u00e9 v\u00fdjezdy, spole\u010dn\u00e9 akce rodi\u010d\u016f a d\u011bt\u00ed, tematick\u00e9 propaga\u010dn\u00ed akce apod.<\/p>\n<p>Mezi nejv\u011bt\u0161\u00ed akce pra\u017esk\u00fdch DDM pat\u0159\u00ed \u201eD\u011btsk\u00fd model\u00e1\u0159sk\u00fd den\u201c na model\u00e1\u0159sk\u00e9m leti\u0161ti Sob\u00ednka, \u201eZast\u00e1vka voln\u00fd \u010das &#8211; Vypich\u201c s nab\u00eddkou \u0161irok\u00e9ho spektra volno\u010dasov\u00fdch aktivit pro d\u011bti v\u010detn\u011b doprovodn\u00e9ho divadeln\u00edho vystoupen\u00ed , \u201eRodinn\u00fd den\u201c s nab\u00eddkou volno\u010dasov\u00fdch aktivit pro d\u011bti i rodiny s d\u011btmi v\u010detn\u011b doprovodn\u00fdch hudebn\u00edch a divadeln\u00edch vystoupen\u00ed, Vltavansk\u00e9 \u010darod\u011bjnice v are\u00e1lu Vltavan\u016f Bran\u00edku, hudebn\u00ed festival ANTIDEPKA po\u0159\u00e1dan\u00fd na Praze 2. Obl\u00edben\u00e9 jsou i akce pro men\u0161\u00ed skupiny do cca 20 d\u011bt\u00ed p\u0159ev\u00e1\u017en\u011b s tane\u010dn\u00edm zam\u011b\u0159en\u00edm s p\u0159enocov\u00e1n\u00edm v DDM \u00a0tzv. \u201enocovky\u201c.<\/p>\n<p>V pr\u016fb\u011bhu letn\u00edch pr\u00e1zdnin pravideln\u011b prob\u00edh\u00e1 \u201eL\u00e9to pra\u017esk\u00fdch d\u011bt\u00ed\u201c s atraktivn\u00edm programem. Projekt nab\u00edz\u00ed v\u00fdjezdov\u00e9 pobytov\u00e9 a putovn\u00ed t\u00e1bory, p\u0159\u00edm\u011bstsk\u00e9 t\u00e1bory, pr\u00e1zdninov\u00e9 kluby pro neorganizovan\u00e9 d\u011bti a ml\u00e1de\u017e, otev\u0159en\u00e9 venkovn\u00ed v\u00edce\u00fa\u010delov\u00e9 are\u00e1ly p\u0159i DDM a jednor\u00e1zov\u00e9 pr\u00e1zdninov\u00e9 akce.<\/p>\n<p>Spont\u00e1nn\u00ed \u010dinnost obsahuje otev\u0159en\u00e9 formy pr\u00e1ce s d\u011btmi a p\u0159edev\u0161\u00edm ml\u00e1de\u017e\u00ed nad 13 let. Sou\u010dasn\u00e1 struktura vych\u00e1z\u00ed ze t\u0159\u00ed sm\u011br\u016f &#8211; volno\u010dasov\u00e9 otev\u0159en\u00e9 kluby, venkovn\u00ed v\u00edce\u00fa\u010delov\u00e9 are\u00e1ly p\u0159i DDM a jednor\u00e1zov\u00e9 otev\u0159en\u00e9 akce. Krom\u011b pravideln\u00fdch aktivit pro talentovan\u00e9 d\u011bti a ml\u00e1de\u017e zaji\u0161\u0165uj\u00ed DDM ve spolupr\u00e1ci se \u0161kolami a dal\u0161\u00edmi institucemi odborn\u00e9 sout\u011b\u017ee a ve\u0159ejn\u00e9 z\u00e1vody.<\/p>\n<p>Pr\u00e1ce s handicapovanou ml\u00e1de\u017e\u00ed se uskute\u010d\u0148uje v r\u00e1mci p\u0159\u00edle\u017eitostn\u00fdch akc\u00ed (u\u017eivatelsk\u00e9 kurzy na PC, rukod\u011bln\u00e9 aktivity a akce ve spolupr\u00e1ci se Svazem t\u011blesn\u011b posti\u017een\u00fdch v Praze apod.).<\/p>\n<p>Nab\u00eddku aktivit DDM vyu\u017e\u00edvaj\u00ed i d\u011bti z rodin migrant\u016f \u017eij\u00edc\u00edch v hl. m. Praze. Na \u00fazem\u00ed hl. m. Prahy je vytvo\u0159ena dob\u0159e funguj\u00edc\u00ed a dopravn\u011b dostupn\u00e1 s\u00ed\u0165 15 DDM, z nich\u017e 13 z\u0159izuje hlavn\u00ed m\u011bsto Praha a dva jsou z\u0159izov\u00e1ny m\u011bstsk\u00fdmi \u010d\u00e1stmi Praha 13 &#8211; Stod\u016flky a Praha 20 &#8211; Horn\u00ed Po\u010dernice. D\u00edky jejich rozm\u00edst\u011bn\u00ed v\u010detn\u011b odlou\u010den\u00fdch pracovi\u0161\u0165 v r\u016fzn\u00fdch \u010d\u00e1stech m\u011bsta je zaji\u0161t\u011bna nab\u00eddka na 48 pracovi\u0161t\u00edch z\u00e1jemc\u016fm v cel\u00e9 metropoli s dostupnost\u00ed i na okrajov\u00e9 oblasti. DDM d\u00e1le provozuj\u00ed 18 venkovn\u00edch otev\u0159en\u00fdch volno\u010dasov\u00fdch are\u00e1l\u016f. Mimo \u00fazem\u00ed m\u011bsta je zaji\u0161\u0165ov\u00e1na nab\u00eddka ubytov\u00e1n\u00ed a t\u00e1borov\u00fdch \u010dinnost\u00ed v 8 turistick\u00fdch z\u00e1kladn\u00e1ch a 4 \u0161kol\u00e1ch v p\u0159\u00edrod\u011b.<\/p>\n<p>&nbsp;<\/p>\n<h4>Odkazy:<\/h4>\n<p>Ve\u0161ker\u00e9 informace o nab\u00eddce DDM naleznete na internetov\u00fdch str\u00e1nk\u00e1ch:<\/p>\n<ul class=\"bullet-links\">\n<li><a href=\"\/\/www.volnycaspraha.cz\">\/\/www.volnycaspraha.cz<\/a><\/li>\n<\/ul>\n<p><div class=\"box-ok\"><em>Kl\u00ed\u010dov\u00e1 hesla pro vyhled\u00e1v\u00e1n\u00ed na internetu: <strong>voln\u00fd \u010das, d\u011bti, ml\u00e1de\u017e, krou\u017eky, d\u011btsk\u00e9 t\u00e1bory, sout\u011b\u017ee, kurzy, v\u00fdukov\u00e9 programy, d\u00edlny.<\/strong><\/em><\/div><\/p>","protected":false},"excerpt":{"rendered":"<p>Aktivity pro p\u0159ed\u0161koln\u00ed d\u011bti Aktivity pro d\u011bti a ml\u00e1de\u017e Chcete se aktivn\u011b v\u011bnovat sportu? V\u011bnujete se sportu rekrea\u010dn\u011b? Skauting Domy d\u011bt\u00ed a ml\u00e1de\u017ee (DDM) U d\u011bt\u00ed voln\u00fdm \u010dasem zpravidla rozum\u00edme dobu, kdy nejsou ve \u0161kole nebo zrovna nepln\u00ed \u0161koln\u00ed povinnosti&#8230;.<\/p>\n<a class=\"more-block\" href=\"https:\/\/metropolevsech.eu\/cs\/praha\/volny-cas\/deti\/\">\u010c\u00edst v\u00edce<\/a>","protected":false},"author":7,"featured_media":0,"parent":511,"menu_order":2,"comment_status":"closed","ping_status":"closed","template":"","meta":[],"acf":[],"_links":{"self":[{"href":"https:\/\/metropolevsech.eu\/cs\/wp-json\/wp\/v2\/pages\/526"}],"collection":[{"href":"https:\/\/metropolevsech.eu\/cs\/wp-json\/wp\/v2\/pages"}],"about":[{"href":"https:\/\/metropolevsech.eu\/cs\/wp-json\/wp\/v2\/types\/page"}],"author":[{"embeddable":true,"href":"https:\/\/metropolevsech.eu\/cs\/wp-json\/wp\/v2\/users\/7"}],"replies":[{"embeddable":true,"href":"https:\/\/metropolevsech.eu\/cs\/wp-json\/wp\/v2\/comments?post=526"}],"version-history":[{"count":6,"href":"https:\/\/metropolevsech.eu\/cs\/wp-json\/wp\/v2\/pages\/526\/revisions"}],"predecessor-version":[{"id":22444,"href":"https:\/\/metropolevsech.eu\/cs\/wp-json\/wp\/v2\/pages\/526\/revisions\/22444"}],"up":[{"embeddable":true,"href":"https:\/\/metropolevsech.eu\/cs\/wp-json\/wp\/v2\/pages\/511"}],"wp:attachment":[{"href":"https:\/\/metropolevsech.eu\/cs\/wp-json\/wp\/v2\/media?parent=526"}],"curies":[{"name":"wp","href":"https:\/\/api.w.org\/{rel}","templated":true}]}}