{"id":554,"date":"2017-01-01T11:06:51","date_gmt":"2017-01-01T10:06:51","guid":{"rendered":"https:\/\/metropolevsech.eu\/?page_id=554"},"modified":"2026-01-15T20:16:41","modified_gmt":"2026-01-15T19:16:41","slug":"pobyt-na-uzemi-ceske-republiky","status":"publish","type":"page","link":"https:\/\/metropolevsech.eu\/cs\/potrebuji-resit\/pobyt-na-uzemi-ceske-republiky\/","title":{"rendered":"V\u00edza a pobyt"},"content":{"rendered":"<p><i><span style=\"font-weight: 400;\">Jste cizinec\u00a0 a pob\u00fdv\u00e1te nebo pl\u00e1nujete pob\u00fdvat \u2013 a\u0165 u\u017e pracovn\u011b \u010di soukrom\u011b, dlouhodob\u011b nebo kr\u00e1tkodob\u011b \u2013 na \u00fazem\u00ed \u010cesk\u00e9 republiky? Chcete si do \u010cR p\u0159iv\u00e9st rodinu? <\/span><\/i><\/p>\n<p><i><span style=\"font-weight: 400;\">Zde na webu Praha \u2013 Metropole v\u0161ech zjist\u00edte <\/span><\/i><i><span style=\"font-weight: 400;\">z\u00e1kladn\u00ed informace o v\u00edzov\u00fdch, pobytov\u00fdch a jin\u00fdch povinnostech platn\u00fdch v \u010cesk\u00e9 republice podle z\u00e1kona o pobytu cizinc\u016f a podle dal\u0161\u00edch z\u00e1kon\u016f. Dozv\u00edte se tak\u00e9 o \u00fa\u0159adech v \u010cR, na kter\u00e9 se budete pot\u0159ebovat obr\u00e1tit, v\u010detn\u011b kontakt\u016f, a naleznete zde tak\u00e9 u\u017eite\u010dn\u00e9 odkazy na ov\u011b\u0159en\u00e9 zdroje dal\u0161\u00edch informac\u00ed. Rovn\u011b\u017e najdete informace pro nov\u011b p\u0159\u00edchoz\u00ed z Ukrajiny a \u017eadatele \u010di dr\u017eitele mezin\u00e1rodn\u00ed ochrany (podle z\u00e1kona o azylu). Zahrnuty jsou i osoby bez st\u00e1tn\u00ed p\u0159\u00edslu\u0161nosti.\u00a0<\/span><\/i><\/p>\n<p><span style=\"font-weight: 400;\"><div class=\"box-ok\"><\/span><\/p>\n<p><span style=\"font-weight: 400;\">Chcete si ud\u011blat rychl\u00fd p\u0159ehled o tom, co mus\u00edte ud\u011blat po p\u0159\u00edchodu do Prahy? Na webu <\/span><b>V Praze jsme doma <\/b>najdete interaktivn\u00ed <a href=\"https:\/\/newinprague.cz\/rozcestnik\">Rozcestn\u00edk pro nov\u011b p\u0159\u00edchoz\u00ed Pra\u017eany<\/a><span style=\"font-weight: 400;\">. Odpov\u011bzte na p\u00e1r jednoduch\u00fdch ot\u00e1zek a zjist\u011bte, jak\u00e9 m\u00e1te povinnosti a na co byste nem\u011bli zapomenout p\u0159i vy\u0159izov\u00e1n\u00ed v\u00edz a pobytov\u00fdch z\u00e1le\u017eitost\u00ed. <\/span><span style=\"font-weight: 400;\"><\/div><\/span><\/p>\n<p><span style=\"font-weight: 400;\"><div class=\"box-ok\"><\/span><\/p>\n<p><span style=\"font-weight: 400;\">St\u00e1hn\u011bte si dvojjazy\u010dn\u00e9 komunika\u010dn\u00ed karty na microsite <\/span><a href=\"https:\/\/newinprague.cz\/komunikacni-karty\"><span style=\"font-weight: 400;\">V Praze jsme doma<\/span><\/a><span style=\"font-weight: 400;\">. Tyto karty v\u00e1m usnadn\u00ed komunikaci s \u00fa\u0159ady a institucemi. Obsahuj\u00ed nejpou\u017e\u00edvan\u011bj\u0161\u00ed komunika\u010dn\u00ed fr\u00e1ze a slovn\u00edk d\u016fle\u017eit\u00fdch pojm\u016f v t\u011bchto jazykov\u00fdch kombinac\u00edch: anglicko-\u010desk\u00e9, ukrajinsko-\u010desk\u00e9, rusko-\u010desk\u00e9 a vietnamsko-\u010desk\u00e9.&#8220; <\/span><span style=\"font-weight: 400;\"><\/div><\/span><\/p>\n<div class=\"box-fixa\"><img loading=\"lazy\" class=\"aligncenter size-full wp-image-18613 \" style=\"margin-right: 0.5em; margin-bottom: -0.5em;\" src=\"https:\/\/metropolevsech.eu\/wp-content\/uploads\/2023\/03\/ukrflag.png\" alt=\"\" width=\"25\" height=\"25\" srcset=\"https:\/\/metropolevsech.eu\/wp-content\/uploads\/2023\/03\/ukrflag.png 1200w, https:\/\/metropolevsech.eu\/wp-content\/uploads\/2023\/03\/ukrflag-300x300.png 300w, https:\/\/metropolevsech.eu\/wp-content\/uploads\/2023\/03\/ukrflag-1040x1040.png 1040w, https:\/\/metropolevsech.eu\/wp-content\/uploads\/2023\/03\/ukrflag-150x150.png 150w, https:\/\/metropolevsech.eu\/wp-content\/uploads\/2023\/03\/ukrflag-768x768.png 768w, https:\/\/metropolevsech.eu\/wp-content\/uploads\/2023\/03\/ukrflag-670x670.png 670w, https:\/\/metropolevsech.eu\/wp-content\/uploads\/2023\/03\/ukrflag-109x109.png 109w, https:\/\/metropolevsech.eu\/wp-content\/uploads\/2023\/03\/ukrflag-125x125.png 125w\" sizes=\"(max-width: 25px) 100vw, 25px\" \/><span style=\"font-weight: 400;\">Pro aktu\u00e1ln\u00ed informace o \u0159e\u0161en\u00ed pobytov\u00fdch ot\u00e1zek pro nov\u011b p\u0159\u00edchoz\u00ed ob\u010dany Ukrajiny v d\u016fsledku v\u00e1le\u010dn\u00e9ho konfliktu sledujte\u00a0<\/span><a href=\"https:\/\/frs.gov.cz\/docasna-ochrana\/\"><span style=\"font-weight: 400;\">Informa\u010dn\u00ed port\u00e1l pro cizince Ministerstva vnitra<\/span><\/a><span style=\"font-weight: 400;\"> a <\/span><a href=\"https:\/\/www.nasiukrajinci.cz\/cs\/\"><span style=\"font-weight: 400;\">web Na\u0161i Ukrajinci<\/span><\/a><span style=\"font-weight: 400;\"> a facebook <\/span><a href=\"https:\/\/www.facebook.com\/oampMV\/\"><span style=\"font-weight: 400;\">Na\u0161i Ukrajinci<\/span><\/a><span style=\"font-weight: 400;\">.<\/span><\/div>\n<h3><span style=\"font-weight: 400;\">Druhy pobyt\u016f cizinc\u016f v \u010cR<\/span><\/h3>\n<ul class=\"bullet\">\n<li><a href=\"https:\/\/metropolevsech.eu\/cs\/obcane-eu-a-jejich-rodinni-prislusnici\/\"><strong>Ob\u010dan\u00e9 EU a jejich rodinn\u00ed p\u0159\u00edslu\u0161n\u00edci<\/strong><\/a><\/li>\n<li><a href=\"https:\/\/metropolevsech.eu\/cs\/potrebuji-resit\/pobyt-na-uzemi-ceske-republiky\/obcane-tretich-zemi\/\"><strong>Ob\u010dan\u00e9 t\u0159et\u00edch zem\u00ed (mimo Evropskou unii)<\/strong><\/a><\/li>\n<\/ul>\n<div class=\"box-fixa\"><\/p>\n<p><strong>Ofici\u00e1ln\u00ed zdroje informac\u00ed &#8211; <\/strong>k<span style=\"font-weight: 400;\">ompletn\u00ed informace o pobytu v \u010cR najdete na webov\u00fdch str\u00e1nk\u00e1ch provozovan\u00fdch Ministerstvem vnitra \u010cR:\u00a0<\/span><\/p>\n<ul class=\"bullet\">\n<li>Ministerstvo vnitra \u010cesk\u00e9 republiky &#8211; rychl\u00fd odkaz <a href=\"https:\/\/www.mvcr.cz\/clanek\/sluzby-pro-verejnost-informace-pro-cizince-informace-pro-cizince.aspx\">Cizinci<\/a> (\u010desky a anglicky)<\/li>\n<li><a href=\"https:\/\/ipc.gov.cz\/\">Ofici\u00e1ln\u00ed informa\u010dn\u00ed port\u00e1l pro cizince Ministerstva vnitra \u010cesk\u00e9 republiky<\/a> (\u010desky, anglicky a ukrajinsky).<\/li>\n<\/ul>\n<p><\/div>\n<p><div class=\"box-fixa\"><em>Pot\u0159ebujete v\u00edce informac\u00ed? V\u017edy spol\u00e9hejte pouze na ov\u011b\u0159en\u00e9 zdroje a ofici\u00e1ln\u00ed informace! Prostudujte si <a href=\"https:\/\/metropolevsech.eu\/cs\/potrebuji-resit\/pobyt-na-uzemi-ceske-republiky\/kam-se-obratit-uzitecne-odkazy-a-kontakty\/\">u\u017eite\u010dn\u00e9 odkazy a kontakty<\/a>.\u00a0<\/div><\/em><\/p>\n<p style=\"text-align: right;\"><em>Posledn\u00ed aktualizace: 4. b\u0159ezen 2025<\/em><\/p>\n<p><\/p>","protected":false},"excerpt":{"rendered":"<p>Jste cizinec\u00a0 a pob\u00fdv\u00e1te nebo pl\u00e1nujete pob\u00fdvat \u2013 a\u0165 u\u017e pracovn\u011b \u010di soukrom\u011b, dlouhodob\u011b nebo kr\u00e1tkodob\u011b \u2013 na \u00fazem\u00ed \u010cesk\u00e9 republiky? Chcete si do \u010cR p\u0159iv\u00e9st rodinu? Zde na webu Praha \u2013 Metropole v\u0161ech zjist\u00edte z\u00e1kladn\u00ed informace o v\u00edzov\u00fdch, pobytov\u00fdch&#8230;<\/p>\n<a class=\"more-block\" href=\"https:\/\/metropolevsech.eu\/cs\/potrebuji-resit\/pobyt-na-uzemi-ceske-republiky\/\">\u010c\u00edst v\u00edce<\/a>","protected":false},"author":7,"featured_media":0,"parent":736,"menu_order":2,"comment_status":"closed","ping_status":"closed","template":"","meta":[],"acf":[],"_links":{"self":[{"href":"https:\/\/metropolevsech.eu\/cs\/wp-json\/wp\/v2\/pages\/554"}],"collection":[{"href":"https:\/\/metropolevsech.eu\/cs\/wp-json\/wp\/v2\/pages"}],"about":[{"href":"https:\/\/metropolevsech.eu\/cs\/wp-json\/wp\/v2\/types\/page"}],"author":[{"embeddable":true,"href":"https:\/\/metropolevsech.eu\/cs\/wp-json\/wp\/v2\/users\/7"}],"replies":[{"embeddable":true,"href":"https:\/\/metropolevsech.eu\/cs\/wp-json\/wp\/v2\/comments?post=554"}],"version-history":[{"count":108,"href":"https:\/\/metropolevsech.eu\/cs\/wp-json\/wp\/v2\/pages\/554\/revisions"}],"predecessor-version":[{"id":24459,"href":"https:\/\/metropolevsech.eu\/cs\/wp-json\/wp\/v2\/pages\/554\/revisions\/24459"}],"up":[{"embeddable":true,"href":"https:\/\/metropolevsech.eu\/cs\/wp-json\/wp\/v2\/pages\/736"}],"wp:attachment":[{"href":"https:\/\/metropolevsech.eu\/cs\/wp-json\/wp\/v2\/media?parent=554"}],"curies":[{"name":"wp","href":"https:\/\/api.w.org\/{rel}","templated":true}]}}