{"id":561,"date":"2017-01-01T11:11:53","date_gmt":"2017-01-01T10:11:53","guid":{"rendered":"https:\/\/metropolevsech.eu\/?page_id=561"},"modified":"2025-03-31T23:26:03","modified_gmt":"2025-03-31T21:26:03","slug":"cestovani","status":"publish","type":"page","link":"https:\/\/metropolevsech.eu\/cs\/potrebuji-resit\/pobyt-na-uzemi-ceske-republiky\/cestovani\/","title":{"rendered":"Cestov\u00e1n\u00ed cizinc\u016f mimo \u010cR"},"content":{"rendered":"<p><\/p>\n<h4><b>Cestov\u00e1n\u00ed cizinc\u016f do schengensk\u00e9ho prostoru<\/b><\/h4>\n<p>Schengensk\u00fd prostor je \u00fazem\u00ed bez vnit\u0159n\u00edch hranic, v r\u00e1mci kter\u00e9ho se m\u016f\u017eete a\u017e na v\u00fdjimky voln\u011b pohybovat. V\u00edce informac\u00ed se dozv\u00edte <a href=\"https:\/\/metropolevsech.eu\/cs\/obcane-eu-a-jejich-rodinni-prislusnici\/#schengen-cz\">zde<\/a>.<\/p>\n<h4><strong>Jste ob\u010dan\u00e9 t\u0159et\u00edch zem\u00ed a chcete cestovat v r\u00e1mci schengensk\u00e9ho prostoru?<\/strong><\/h4>\n<p>Pokud nem\u00e1 va\u0161e domovsk\u00e1 zem\u011b v\u00edzovou povinnost se st\u00e1ty Schengenu, m\u016f\u017eete do jeho zem\u00ed voln\u011b p\u0159icestovat pouze s platn\u00fdm cestovn\u00edm pasem a pob\u00fdvat zde celkem 90 dn\u016f b\u011bhem ka\u017ed\u00fdch 180 dn\u016f.<\/p>\n<p>Pokud pot\u0159ebujete pro vstup do Schengenu v\u00edzum, posta\u010d\u00ed v\u00e1m kr\u00e1tkodob\u00e9 (tzv. schengensk\u00e9) v\u00edzum, ale i v \u010cR vydan\u00e9 dlouhodob\u00e9 v\u00edzum, povolen\u00ed k dlouhodob\u00e9mu pobytu nebo k trval\u00e9mu pobytu a platn\u00fd cestovn\u00ed doklad. Na \u00fazem\u00ed jin\u00fdch st\u00e1t\u016f schengensk\u00e9ho prostoru m\u016f\u017eete str\u00e1vit a\u017e 90 dn\u016f b\u011bhem ka\u017ed\u00fdch 180 dn\u016f.<\/p>\n<p><span style=\"font-weight: 400;\"><div class=\"box-ok\"> Pokud jste rodinn\u00ed p\u0159\u00edslu\u0161n\u00edci ob\u010dan\u016f EU, p\u0159e\u010dt\u011bte si informace o cestov\u00e1n\u00ed po schengensk\u00e9m prostoru a Evropsk\u00e9 unii na <\/span><a href=\"https:\/\/ipc.gov.cz\/zivot-v-eu\/zivot-v-eu-obcane-evropske-unie\/cestovani-po-schengenu-obcane-eu\/?iqTabs=%7B%220%22%3A1%7D\"><span style=\"font-weight: 400;\">Ofici\u00e1ln\u00edm informa\u010dn\u00edm port\u00e1le pro cizince Ministerstva vnitra<\/span><\/a><span style=\"font-weight: 400;\">. <\/span><span style=\"font-weight: 400;\"><\/div><\/span><\/p>\n<div class=\"box-ok\"><em>Vyu\u017eijte <a href=\"\/\/ec.europa.eu\/assets\/home\/visa-calculator\/calculator.htm?lang=en\">tzv. schengenskou kalkula\u010dku<\/a> pro v\u00fdpo\u010det dn\u00ed, kter\u00e9 m\u016f\u017eete je\u0161t\u011b na \u00fazem\u00ed Schengenu str\u00e1vit.<\/em><\/div>\n<div class=\"box-ok\"><em>Nezapome\u0148te si p\u0159ed odjezdem do zahrani\u010d\u00ed sjednat cestovn\u00ed poji\u0161t\u011bn\u00ed pro p\u0159\u00edpad, \u017ee byste pot\u0159ebovali l\u00e9ka\u0159skou p\u00e9\u010di.<\/em><\/div>\n<h4><strong>Cestujete mimo schengensk\u00fd prostor?<\/strong><\/h4>\n<p>V tomto p\u0159\u00edpad\u011b si mus\u00edte ov\u011b\u0159it, zda va\u0161e domovsk\u00e1 zem\u011b m\u00e1 s dan\u00fdm st\u00e1tem v\u00edzovou povinnost.<\/p>\n<h4><b>Cestov\u00e1n\u00ed dr\u017eitel\u016f mezin\u00e1rodn\u00ed ochrany<\/b><\/h4>\n<p><span style=\"font-weight: 400;\">Pokud v\u00e1m byl v \u010cesk\u00e9 republice ud\u011blen azyl nebo dopl\u0148kov\u00e1 ochrana, nem\u016f\u017eete vyu\u017e\u00edvat sv\u016fj p\u016fvodn\u00ed cestovn\u00ed pas. Pro cestov\u00e1n\u00ed do zahrani\u010d\u00ed m\u016f\u017eete po\u017e\u00e1dat o <\/span><b>cestovn\u00ed doklad pro uprchl\u00edky<\/b><span style=\"font-weight: 400;\"> nebo <\/span><b>cizineck\u00fd pas<\/b><span style=\"font-weight: 400;\">, a to na p\u0159\u00edslu\u0161n\u00e9m pracovi\u0161ti OAMP. S t\u00edmto dokladem m\u016f\u017eete kr\u00e1tkodob\u011b cestovat. <\/span><b>Ud\u011blen\u00edm azylu se neru\u0161\u00ed p\u0159\u00edpadn\u00fd mezin\u00e1rodn\u00ed zatyka\u010d, proto pokud na v\u00e1s byl vyd\u00e1n, doporu\u010dujeme d\u016fkladn\u011b zv\u00e1\u017eit jakoukoliv cestu mimo \u010cR.<\/b><span style=\"font-weight: 400;\"> Podrobn\u011bj\u0161\u00ed informace v\u00e1m poskytne Ministerstvo vnitra \u010cR.\u00a0<\/span><\/p>\n<p style=\"text-align: right;\"><em>Posledn\u00ed aktualizace: 4. b\u0159ezen 2025<\/em><\/p>\n<p><\/p>","protected":false},"excerpt":{"rendered":"<p>Cestov\u00e1n\u00ed cizinc\u016f do schengensk\u00e9ho prostoru Schengensk\u00fd prostor je \u00fazem\u00ed bez vnit\u0159n\u00edch hranic, v r\u00e1mci kter\u00e9ho se m\u016f\u017eete a\u017e na v\u00fdjimky voln\u011b pohybovat. V\u00edce informac\u00ed se dozv\u00edte zde. Jste ob\u010dan\u00e9 t\u0159et\u00edch zem\u00ed a chcete cestovat v r\u00e1mci schengensk\u00e9ho prostoru? Pokud nem\u00e1&#8230;<\/p>\n<a class=\"more-block\" href=\"https:\/\/metropolevsech.eu\/cs\/potrebuji-resit\/pobyt-na-uzemi-ceske-republiky\/cestovani\/\">\u010c\u00edst v\u00edce<\/a>","protected":false},"author":7,"featured_media":0,"parent":554,"menu_order":3,"comment_status":"closed","ping_status":"closed","template":"","meta":[],"acf":[],"_links":{"self":[{"href":"https:\/\/metropolevsech.eu\/cs\/wp-json\/wp\/v2\/pages\/561"}],"collection":[{"href":"https:\/\/metropolevsech.eu\/cs\/wp-json\/wp\/v2\/pages"}],"about":[{"href":"https:\/\/metropolevsech.eu\/cs\/wp-json\/wp\/v2\/types\/page"}],"author":[{"embeddable":true,"href":"https:\/\/metropolevsech.eu\/cs\/wp-json\/wp\/v2\/users\/7"}],"replies":[{"embeddable":true,"href":"https:\/\/metropolevsech.eu\/cs\/wp-json\/wp\/v2\/comments?post=561"}],"version-history":[{"count":23,"href":"https:\/\/metropolevsech.eu\/cs\/wp-json\/wp\/v2\/pages\/561\/revisions"}],"predecessor-version":[{"id":22394,"href":"https:\/\/metropolevsech.eu\/cs\/wp-json\/wp\/v2\/pages\/561\/revisions\/22394"}],"up":[{"embeddable":true,"href":"https:\/\/metropolevsech.eu\/cs\/wp-json\/wp\/v2\/pages\/554"}],"wp:attachment":[{"href":"https:\/\/metropolevsech.eu\/cs\/wp-json\/wp\/v2\/media?parent=561"}],"curies":[{"name":"wp","href":"https:\/\/api.w.org\/{rel}","templated":true}]}}