{"id":564,"date":"2017-01-01T11:13:35","date_gmt":"2017-01-01T10:13:35","guid":{"rendered":"https:\/\/metropolevsech.eu\/?page_id=564"},"modified":"2025-04-01T19:18:16","modified_gmt":"2025-04-01T17:18:16","slug":"navsteva","status":"publish","type":"page","link":"https:\/\/metropolevsech.eu\/cs\/potrebuji-resit\/pobyt-na-uzemi-ceske-republiky\/navsteva\/","title":{"rendered":"N\u00e1v\u0161t\u011bva v \u010cR"},"content":{"rendered":"<p><\/p>\n<h4><a href=\"https:\/\/ipc.gov.cz\/typy-viz-a-pobytu\/obcane-tretich-zemi\/kratkodobe-a-bezvizove-pobyty\/schengenske-kratkodobe-vizum-do-90-dnu\/\"><strong>Kr\u00e1tkodob\u00e9 v\u00edzum<\/strong><\/a><\/h4>\n<p>Chcete pozvat rodinn\u00e9ho p\u0159\u00edslu\u0161n\u00edka \u010di kamar\u00e1da na n\u00e1v\u0161t\u011bvu? Pak si mus\u00ed vy\u0159\u00eddit (v p\u0159\u00edpad\u011b v\u00edzov\u00e9 povinnosti jeho domovsk\u00e9 zem\u011b) kr\u00e1tkodob\u00e9 v\u00edzum do \u010cesk\u00e9 republiky. Vy pro n\u011bj pot\u0159ebujete vy\u0159\u00eddit tzv. pozv\u00e1n\u00ed cizince na odboru cizineck\u00e9 policie v \u010cR, kter\u00e9 pot\u00e9 v\u00e1\u0161 n\u00e1v\u0161t\u011bvn\u00edk dolo\u017e\u00ed ke sv\u00e9 \u017e\u00e1dosti o v\u00edzum na zastupitelsk\u00e9m \u00fa\u0159ad\u011b \u010cesk\u00e9 republiky v zahrani\u010d\u00ed.<\/p>\n<ul class=\"bullet-link\">\n<li>V\u0161echny d\u016fle\u017eit\u00e9 informace naleznete <a href=\"\/\/www.policie.cz\/clanek\/informace-pro-pobyt-cizincu-pozvani-k-navsteve-cr.aspx\">na webov\u00fdch str\u00e1nk\u00e1ch cizineck\u00e9 policie<\/a>. Z\u00e1kladn\u00ed postup si m\u016f\u017eete prostudovat v <a href=\"https:\/\/policie.gov.cz\/soubor\/letacek-epozvani-pdf.aspx\">p\u0159ilo\u017een\u00e9m let\u00e1ku<\/a> v \u010desk\u00e9m a anglick\u00e9m jazyce.<\/li>\n<\/ul>\n<h4><a href=\"https:\/\/ipc.gov.cz\/typy-viz-a-pobytu\/obcane-tretich-zemi\/dlouhodoba-viza\/dlouhodobe-vizum-za-ucelem-rodinnym\/\"><strong>Dlouhodob\u00e9 v\u00edzum za \u00fa\u010delem rodinn\u00fdm <b>v \u010cR<\/b><\/strong><\/a><\/h4>\n<p>V\u00e1\u0161 rodinn\u00fd p\u0159\u00edslu\u0161n\u00edk m\u016f\u017ee dle z\u00e1kona o pobytu cizinc\u016f do \u010cesk\u00e9 republiky p\u0159ijet i na dlouhodob\u00e9 v\u00edzum \u201eza \u00fa\u010delem rodinn\u00fdm\u201c, kter\u00e9 mu m\u016f\u017ee b\u00fdt vyd\u00e1no Ministerstvem vnitra \u010cR maxim\u00e1ln\u011b na dobu jednoho roku. \u017d\u00e1dost se pod\u00e1v\u00e1 na zastupitelsk\u00e9m \u00fa\u0159ad\u011b \u010cesk\u00e9 republiky v zahrani\u010d\u00ed. Lh\u016fta k vy\u0159\u00edzen\u00ed je 90 a\u017e 120 dn\u016f. Po p\u0159\u00edjezdu si m\u016f\u017ee cizinec \u2013 v\u00e1\u0161 rodinn\u00fd p\u0159\u00edslu\u0161n\u00edk \u2013 po\u017e\u00e1dat o dlouhodob\u00fd pobyt za \u00fa\u010delem slou\u010den\u00ed rodiny.<\/p>\n<h4><a href=\"https:\/\/ipc.gov.cz\/typy-viz-a-pobytu\/obcane-tretich-zemi\/dlouhodobe-pobyty\/povoleni-k-dlouhodobemu-pobytu-za-ucelem-spolecneho-souziti-rodiny\/\"><strong>Dlouhodob\u00fd pobyt za \u00fa\u010delem slou\u010den\u00ed rodiny <b>v \u010cR<\/b><\/strong><\/a><\/h4>\n<div class=\"box-ok\"><em>Tak\u00e9 lze \u017e\u00e1dat rovnou o povolen\u00ed k dlouhodob\u00e9mu pobytu \u201eza \u00fa\u010delem slou\u010den\u00ed rodiny\u201c v \u010cesk\u00e9 republice. Va\u0161i rodinn\u00ed p\u0159\u00edslu\u0161n\u00edci v\u0161ak mohou tuto \u017e\u00e1dost podat na zastupitelsk\u00e9m \u00fa\u0159ad\u011b \u010cR a\u017e po 15 m\u011bs\u00edc\u00edch va\u0161eho pobytu v \u010cesk\u00e9 republice a lh\u016fta k vy\u0159\u00edzen\u00ed je a\u017e 270 dn\u016f.<\/em><\/div>\n<p style=\"text-align: right;\"><em>Posledn\u00ed aktualizace: 4. b\u0159ezen 2025<\/em><\/p>\n<p><\/p>","protected":false},"excerpt":{"rendered":"<p>Kr\u00e1tkodob\u00e9 v\u00edzum Chcete pozvat rodinn\u00e9ho p\u0159\u00edslu\u0161n\u00edka \u010di kamar\u00e1da na n\u00e1v\u0161t\u011bvu? Pak si mus\u00ed vy\u0159\u00eddit (v p\u0159\u00edpad\u011b v\u00edzov\u00e9 povinnosti jeho domovsk\u00e9 zem\u011b) kr\u00e1tkodob\u00e9 v\u00edzum do \u010cesk\u00e9 republiky. Vy pro n\u011bj pot\u0159ebujete vy\u0159\u00eddit tzv. pozv\u00e1n\u00ed cizince na odboru cizineck\u00e9 policie v \u010cR,&#8230;<\/p>\n<a class=\"more-block\" href=\"https:\/\/metropolevsech.eu\/cs\/potrebuji-resit\/pobyt-na-uzemi-ceske-republiky\/navsteva\/\">\u010c\u00edst v\u00edce<\/a>","protected":false},"author":7,"featured_media":0,"parent":554,"menu_order":4,"comment_status":"closed","ping_status":"closed","template":"","meta":[],"acf":[],"_links":{"self":[{"href":"https:\/\/metropolevsech.eu\/cs\/wp-json\/wp\/v2\/pages\/564"}],"collection":[{"href":"https:\/\/metropolevsech.eu\/cs\/wp-json\/wp\/v2\/pages"}],"about":[{"href":"https:\/\/metropolevsech.eu\/cs\/wp-json\/wp\/v2\/types\/page"}],"author":[{"embeddable":true,"href":"https:\/\/metropolevsech.eu\/cs\/wp-json\/wp\/v2\/users\/7"}],"replies":[{"embeddable":true,"href":"https:\/\/metropolevsech.eu\/cs\/wp-json\/wp\/v2\/comments?post=564"}],"version-history":[{"count":23,"href":"https:\/\/metropolevsech.eu\/cs\/wp-json\/wp\/v2\/pages\/564\/revisions"}],"predecessor-version":[{"id":22404,"href":"https:\/\/metropolevsech.eu\/cs\/wp-json\/wp\/v2\/pages\/564\/revisions\/22404"}],"up":[{"embeddable":true,"href":"https:\/\/metropolevsech.eu\/cs\/wp-json\/wp\/v2\/pages\/554"}],"wp:attachment":[{"href":"https:\/\/metropolevsech.eu\/cs\/wp-json\/wp\/v2\/media?parent=564"}],"curies":[{"name":"wp","href":"https:\/\/api.w.org\/{rel}","templated":true}]}}