{"id":568,"date":"2017-01-01T11:18:34","date_gmt":"2017-01-01T10:18:34","guid":{"rendered":"https:\/\/metropolevsech.eu\/?page_id=568"},"modified":"2026-02-01T18:40:55","modified_gmt":"2026-02-01T17:40:55","slug":"kam-se-obratit-uzitecne-odkazy-a-kontakty","status":"publish","type":"page","link":"https:\/\/metropolevsech.eu\/cs\/potrebuji-resit\/pobyt-na-uzemi-ceske-republiky\/kam-se-obratit-uzitecne-odkazy-a-kontakty\/","title":{"rendered":"Kam se obr\u00e1tit \u2013 u\u017eite\u010dn\u00e9 odkazy a kontakty"},"content":{"rendered":"<p><\/p>\n<h3><strong>Webov\u00e9 str\u00e1nky:<\/strong><\/h3>\n<ul class=\"bullet-links\">\n<li>Webov\u00fd port\u00e1l MPSV a MV \u010cR: <a href=\"\/\/www.cizinci.cz\">www.cizinci.cz<\/a><\/li>\n<li>Informace pro cizince (dostupn\u00e9 mimo \u010de\u0161tiny tak\u00e9 v anglick\u00e9m jazyce) <a href=\"\/\/www.mvcr.cz\/clanek\/sluzby-pro-verejnost-informace-pro-cizince-informace-pro-cizince.aspx\">na webu MV \u010cR<\/a>.<\/li>\n<\/ul>\n<ul class=\"bullet\">\n<li><a href=\"#Telefonn\u00ed linka a e-mail Ministerstva vnitra \u010cR\"><b>Telefonn\u00ed linka a e-mail Ministerstva vnitra \u010cR<\/b><\/a><\/li>\n<li><a href=\"#Asisten\u010dn\u00ed telefonn\u00ed linky pro cizince v mongol\u0161tin\u011b, ukrajin\u0161tin\u011b a vietnam\u0161tin\u011b\"><strong>Asisten\u010dn\u00ed telefonn\u00ed linky pro cizince v mongol\u0161tin\u011b, ukrajin\u0161tin\u011b a vietnam\u0161tin\u011b<\/strong><\/a><\/li>\n<li><a href=\"#SOS linka La Strada pomoci obchodovan\u00fdm a vyko\u0159is\u0165ovan\u00fdm osob\u00e1m\"><strong>SOS linka La Strada pomoci obchodovan\u00fdm a vyko\u0159is\u0165ovan\u00fdm osob\u00e1m<\/strong><\/a><\/li>\n<li><a href=\"#Protikorup\u010dn\u00ed linka pro cizince\"><strong>Protikorup\u010dn\u00ed linka pro cizince<\/strong><\/a><\/li>\n<\/ul>\n<h3><strong>Telefonn\u00ed linka a e-mail Ministerstva vnitra \u010cR:<\/strong><\/h3>\n<p>telefon: (+420) <b> 974\u00a0801\u00a0801<\/b><\/p>\n<p>Na Infolinku OAMP MV \u010cR pro cizince se obracejte pouze v p\u0159\u00edpadech, \u017ee jste nenalezli p\u0159edt\u00edm odpov\u011b\u010f <a href=\"\/\/www.mvcr.cz\/cizinci\">na webov\u00e9 str\u00e1nce Ministerstva vnitra \u010cR ur\u010den\u00e9 pro cizince<\/a>.<\/p>\n<p>Infolinku vyu\u017eijte zejm\u00e9na pokud:<\/p>\n<ul class=\"bullet\">\n<li>m\u00e1te v\u0161eobecn\u00fd dotaz k imigra\u010dn\u00edm z\u00e1le\u017eitostem;<\/li>\n<li>nev\u00edte, jak\u00e9 jsou n\u00e1le\u017eitosti \u017e\u00e1dosti;<\/li>\n<li>si nejste jisti, jak postupovat v pobytov\u00fdch z\u00e1le\u017eitostech, nebo na kter\u00e9 pracovi\u0161t\u011b se obr\u00e1tit.<\/li>\n<\/ul>\n<p>Linka je v provozu v \u010de\u0161tin\u011b a angli\u010dtin\u011b od pond\u011bl\u00ed do \u010dtvrtku od 8.00 do 16.00 hodin a v p\u00e1tek od 9.00 do 12.00 hodin.<\/p>\n<p><b>Sv\u016fj dotaz m\u016f\u017eete poslat i e-mailem<\/b>: pobyty@mvcr.cz<\/p>\n<p>V\u00edce informac\u00ed o telefonn\u00ed lince se dozv\u00edte <a href=\"\/\/www.mvcr.cz\/clanek\/infolinka-oamp-mv.aspx\">na str\u00e1nk\u00e1ch Ministerstva vnitra \u010cR.<\/a><\/p>\n<div class=\"box-ok\"><em><strong>Vyu\u017eijte bezplatnou pomoc!<\/strong><\/em><\/p>\n<p><em>Nev\u00edte si rady se sv\u00fdm pobytem? Pot\u0159ebujete poradit? M\u016f\u017eete se zdarma obr\u00e1tit na <a href=\"\/\/metropolevsech.eu\/cs\/sluzby-pro-migranty\/\"><strong>integra\u010dn\u00ed centra a nevl\u00e1dn\u00ed neziskov\u00e9 organizace<\/strong><\/a>, kter\u00e9 \u010dasto poskytuj\u00ed pomoc a soci\u00e1ln\u00ed, pr\u00e1vn\u00ed a jin\u00e9 poradenstv\u00ed.<\/em><\/div>\n<div class=\"box-ok\">Sledujte webov\u00e9 str\u00e1nky a soci\u00e1ln\u00ed s\u00edt\u011b integra\u010dn\u00edch center a neziskov\u00fdch organizac\u00ed v \u010cR. Maj\u00ed zpracovan\u00e9 aktu\u00e1ln\u00ed d\u011bn\u00ed i zm\u011bny legislativy v ciz\u00edch jazyc\u00edch a jazykem, kter\u00e9mu budete jako cizinci rozum\u011bt. Ve v\u0161ech t\u011bchto organizac\u00edch toti\u017e pracuj\u00ed i samotn\u00ed cizinci, kte\u0159\u00ed maj\u00ed dlouholet\u00e9 zku\u0161enosti s integrac\u00ed cizinc\u016f v \u010cesk\u00e9 republice.<\/div>\n<h3><strong>Asisten\u010dn\u00ed telefonn\u00ed linky pro cizince <b>Charity \u010cesk\u00e1 republika<\/b><\/strong><\/h3>\n<p>Vyu\u017e\u00edt tak\u00e9 m\u016f\u017eete asisten\u010dn\u00ed telefonn\u00ed linky v mongolsk\u00e9m, ukrajinsk\u00e9m a vietnamsk\u00e9m jazyce. Linku m\u016f\u017eete kontaktovat v provozn\u00edch hodin\u00e1ch telefonicky nebo e-mailem. Slu\u017eba je anonymn\u00ed a bezplatn\u00e1, hrad\u00ed se jen cena hovoru podle tarifu oper\u00e1tora. Oper\u00e1to\u0159i v\u00e1m pomohou zejm\u00e9na s n\u00e1sleduj\u00edc\u00edm:<\/p>\n<ul class=\"bullet\">\n<li>pod\u00e1vaj\u00ed informace t\u00fdkaj\u00edc\u00ed se pobytu cizinc\u016f v \u010cR;<\/li>\n<li>zodpov\u00ed dotazy t\u00fdkaj\u00edc\u00ed se zam\u011bstn\u00e1n\u00ed, syst\u00e9mu soci\u00e1ln\u00edch slu\u017eeb, zdravotn\u00edho zabezpe\u010den\u00ed a vzd\u011bl\u00e1v\u00e1n\u00ed;<\/li>\n<li>poskytnou v\u00e1m\u00a0 informace a psychosoci\u00e1ln\u00ed podporu p\u0159i \u0159e\u0161en\u00ed n\u00e1ro\u010dn\u00fdch \u017eivotn\u00edch situac\u00ed;<\/li>\n<li>mohou telefonicky pomoci s vypl\u0148ov\u00e1n\u00edm \u00fa\u0159edn\u00edch formul\u00e1\u0159\u016f;<\/li>\n<li>nab\u00edzej\u00ed tlumo\u010den\u00ed v p\u0159\u00edpadech souvisej\u00edc\u00edch se zm\u00edn\u011bn\u00fdmi t\u00e9maty.<\/li>\n<\/ul>\n<h4><a href=\"\/\/www.charita.cz\/jak-pomahame\/doma\/integrace-cizincu\/infolinka-v-mongolstine\/\"><b>Asisten\u010dn\u00ed telefonick\u00e1 linka v mongolsk\u00e9m a \u010desk\u00e9m jazyce<\/b><\/a><\/h4>\n<ul>\n<li><b>T<\/b><b>elefon: <\/b>+420 733 676 667<\/li>\n<li><b>E-mail:<\/b> mongol.info@charita.cz<\/li>\n<li><b>Provozn\u00ed doba:<\/b> pond\u011bl\u00ed a st\u0159eda:\u00a0 9\u201311 a 14\u201316 hodin<\/li>\n<\/ul>\n<h4><b><a href=\"https:\/\/www.charita.cz\/jak-pomahame\/doma\/integrace-cizincu\/infolinka-v-ukrajinstine\/\">Asisten\u010dn\u00ed telefonick\u00e1 linka v ukrajinsk\u00e9m a \u010desk\u00e9m jazyce<\/a><\/b><\/h4>\n<ul>\n<li><b>Telefon: <\/b>+420 731 432 431<\/li>\n<li><b>E-mail:<\/b> ukraina.info@charita.cz<\/li>\n<li><b>Provozn\u00ed doba:<\/b> pond\u011bl\u00ed, st\u0159eda a p\u00e1tek:\u00a0 9\u201312 a 14\u201317 hodin<\/li>\n<\/ul>\n<h4><strong><a href=\"https:\/\/www.charita.cz\/jak-pomahame\/doma\/integrace-cizincu\/infolinka-ve-vietnamstine\/\">Asisten\u010dn\u00ed telefonick\u00e1 linka ve vietnamsk\u00e9m <b>a \u010desk\u00e9m <\/b>\u00a0jazyce<\/a><\/strong><\/h4>\n<ul>\n<li><b>T<\/b><b>elefon: <\/b>+420 605 999 969<\/li>\n<li><b>E-mail:<\/b> vietnam.info@charita.cz<\/li>\n<li><b>Provozn\u00ed doba:<\/b> pond\u011bl\u00ed, st\u0159eda a p\u00e1tek:\u00a0 9\u201312 a 14\u201317 hodin<\/li>\n<\/ul>\n<p>V\u00edce informac\u00ed o asisten\u010dn\u00edch link\u00e1ch se dozv\u00edte<a href=\"\/\/www.charita.cz\/jak-pomahame\/doma\/integrace-cizincu\/infolinky-pro-cizince\/\"> na webu Charity \u010cesk\u00e9 republiky. <\/a><\/p>\n<h4><b>SOS linka La Strada pomoci obchodovan\u00fdm a vyko\u0159is\u0165ovan\u00fdm osob\u00e1m<\/b><\/h4>\n<p>SOS linka La Strada je ur\u010dena p\u0159edev\u0161\u00edm obchodovan\u00fdm a vyko\u0159is\u0165ovan\u00fdm osob\u00e1m. Linka poskytuje takov\u00fdm osob\u00e1m informace o jejich pr\u00e1vech a mo\u017enostech \u0159e\u0161en\u00ed jejich situace.<\/p>\n<p>Stalo se v\u00e1m nebo n\u011bkomu z va\u0161eho okol\u00ed n\u00e1sleduj\u00edc\u00ed?<\/p>\n<ul class=\"bullet\">\n<li>Nut\u00ed v\u00e1s k pr\u00e1ci, kterou nechcete d\u011blat?<\/li>\n<li>Pracujete za ned\u016fstojn\u00fdch podm\u00ednek?<\/li>\n<li>Odebrali v\u00e1m doklady?<\/li>\n<li>Nedost\u00e1v\u00e1te za pr\u00e1ci zaplaceno?<\/li>\n<li>Kontroluj\u00ed v\u00e1\u0161 pohyb?<\/li>\n<li>Ubli\u017euj\u00ed v\u00e1m?<\/li>\n<li>Podvedli v\u00e1s?<\/li>\n<li>Vyhro\u017eovali v\u00e1m?<\/li>\n<li>Zam\u011bstnavatel v\u00e1s neopr\u00e1vn\u011bn\u011b propustil,<\/li>\n<li>Pot\u0159ebujete pomoc v komunikaci s \u00fa\u0159ady, nebo\u0165 v d\u016fsledku v\u00fd\u0161e uveden\u00fdch d\u016fvod\u016f \u017eijete na \u00fazem\u00ed \u010cR neleg\u00e1ln\u011b?<\/li>\n<\/ul>\n<p>Pokud jste odpov\u011bd\u011bli souhlasn\u011b alespo\u0148 t\u0159ikr\u00e1t, pravd\u011bpodobn\u011b jste se vy \u010di n\u011bkdo v\u00e1m bl\u00edzk\u00fd stali ob\u011bt\u00ed trestn\u00e9ho \u010dinu obchodov\u00e1n\u00ed s lidmi a nebo \u010del\u00edte riziku obchodov\u00e1n\u00ed a vyko\u0159is\u0165ov\u00e1n\u00ed. V tomto p\u0159\u00edpad\u011b m\u016f\u017eete vyu\u017e\u00edt soci\u00e1ln\u00edch slu\u017eeb organizace La Strada \u010cR.<\/p>\n<p><b>Provozn\u00ed hodiny linky:<\/b><\/p>\n<ul>\n<li>(+420) 222 71 71 71<\/li>\n<li>800 07 77 77 (bezplatn\u00e9 vol\u00e1n\u00ed)<\/li>\n<\/ul>\n<p>PO 10.00\u201316.00 (\u010desk\u00fd, anglick\u00fd, rusk\u00fd, ukrajinsk\u00fd a rumunsk\u00fd jazyk)<\/p>\n<p>\u00daT 10.00\u201316.00 (\u010desk\u00fd, anglick\u00fd, rusk\u00fd, ukrajinsk\u00fd a rumunsk\u00fd jazyk)<\/p>\n<p>ST 10.00\u201316.00 (\u010desk\u00fd, anglick\u00fd, rusk\u00fd, ukrajinsk\u00fd a rumunsk\u00fd jazyk), 12.00\u201316.00 (tagalog)<\/p>\n<p>\u010cT 10.00\u201316.00 (\u010desk\u00fd, anglick\u00fd, rusk\u00fd, ukrajinsk\u00fd)<\/p>\n<p>P\u00c1 10.00\u201314.00 (\u010desk\u00fd, anglick\u00fd, rusk\u00fd, ukrajinsk\u00fd)<\/p>\n<p><b>E-mailov\u00e9 poradenstv\u00ed: <\/b><a href=\"mailto:pomoc@strada.cz\"><b>pomoc<\/b>@strada.cz<\/a><\/p>\n<p>V\u00edce informac\u00ed se dozv\u00edte <a href=\"\/\/www.strada.cz\/cz\/sos-linka-la-strada\">na webov\u00fdch str\u00e1nk\u00e1ch La Strada<\/a>.<\/p>\n<h4><strong>Protikorup\u010dn\u00ed linka pro cizince<\/strong><\/h4>\n<p>Telefonn\u00ed \u010d\u00edslo: 974 847 704<\/p>\n<p>Linka slou\u017e\u00ed k oznamov\u00e1n\u00ed ve\u0161ker\u00fdch forem korup\u010dn\u00edho jedn\u00e1n\u00ed, se kter\u00fdmi se cizinci setkaj\u00ed, nap\u0159. p\u0159i vy\u0159izov\u00e1n\u00ed pobytov\u00fdch agend. Linka je k dispozici pro hovory v \u010desk\u00e9m a anglick\u00e9m jazyce, a to ka\u017ed\u00e9 pond\u011bl\u00ed a st\u0159edu v\u00a0\u010dase 8\u201317 hodin, v \u00fater\u00fd a \u010dtvrtek v 8\u201315 hodin a v p\u00e1tek 8\u201314 hodin. Mimo tuto pracovn\u00ed dobu mohou ohla\u0161ovatel\u00e9 zanechat na z\u00e1znamn\u00edku vzkazy, kter\u00e9 oper\u00e1tor zpracuje n\u00e1sleduj\u00edc\u00ed den. Ty lze nahr\u00e1vat v jak\u00e9mkoli jazyce.<\/p>\n<h3><\/h3>\n<h3><strong>Na jak\u00fd \u00fa\u0159ad se obr\u00e1tit?<\/strong><\/h3>\n<h4><strong>Ministerstvo zahrani\u010dn\u00edch v\u011bc\u00ed<b>\u00a0\u010cesk\u00e9 republiky\u00a0<\/b>(MZV)<\/strong><\/h4>\n<p>Ministerstvo zahrani\u010dn\u00edch v\u011bc\u00ed m\u00e1 na starosti vyd\u00e1v\u00e1n\u00ed kr\u00e1tkodob\u00fdch v\u00edz. \u017d\u00e1dosti pod\u00e1vejte prost\u0159ednictv\u00edm zastupitelsk\u00fdch \u00fa\u0159ad\u016f \u010cesk\u00e9 republiky ve sv\u00e9 domovsk\u00e9 zemi.<\/p>\n<p>V\u00edce informac\u00ed naleznete <a href=\"\/\/www.mzv.cz\">na Na ofici\u00e1ln\u00edch webov\u00fdch str\u00e1nk\u00e1ch MZV<\/a>.<\/p>\n<h4><strong>Ministerstvo vnitra\u00a0<\/strong><b>\u010cesk\u00e9 republiky (MV \u010cR)<\/b><\/h4>\n<p>Pobytov\u00e9 z\u00e1le\u017eitosti maj\u00ed v \u010cR na starosti 2 slo\u017eky Ministerstva vnitra \u010cR (MV \u010cR). Jedn\u00e1 se o 1) <strong>Slu\u017ebu cizineck\u00e9 policie<\/strong> a 2)<strong> Odbor azylov\u00e9 a migra\u010dn\u00ed politiky<\/strong> (d\u00e1le OAMP).<\/p>\n<div class=\"box-fixa\">Nezam\u011b\u0148ujte\u00a0tyto dva odli\u0161n\u00e9 \u00fa\u0159ady! Adresov\u00e1n\u00ed p\u00edsemnosti cizineck\u00e9 policii nam\u00edsto OAMP MV\u010cR bude automaticky znamenat jej\u00ed nep\u0159ijet\u00ed a t\u00edm m\u016f\u017eete prome\u0161kat n\u011bjakou d\u016fle\u017eitou lh\u016ftu k pod\u00e1n\u00ed va\u0161\u00ed \u017e\u00e1dosti! <\/div>\n<h4><strong>Cizineck\u00e1 policie<\/strong><\/h4>\n<p>Na cizineckou policii se mus\u00edte dostavit do <strong>t\u0159\u00ed dn\u016f od prvn\u00edho p\u0159\u00edjezdu do \u010cesk\u00e9 republiky<\/strong> a <strong>ohl\u00e1sit zde sv\u016fj pobyt<\/strong> (pokud to za v\u00e1s neu\u010din\u00ed ubytovatel). D\u00e1le je zde mo\u017en\u00e9 vy\u0159\u00eddit <strong>pozv\u00e1n\u00ed<\/strong> pro sv\u00e9ho p\u0159\u00edbuzn\u00e9ho\/kamar\u00e1da. Cizineck\u00e1 policie prov\u00e1d\u00ed pobytov\u00e9 kontroly a jedn\u00e1\u00a0tak\u00e9 v p\u0159\u00edpad\u011b nedodr\u017een\u00ed podm\u00ednek pobytu v \u010cR.<\/p>\n<h4><strong>OAMP Ministerstva vnitra \u010cR<\/strong><\/h4>\n<p>Odbor azylov\u00e9 a migra\u010dn\u00ed politiky (OAMP) \u2013 odd\u011blen\u00ed pobytu cizinc\u016f (OPC<u>)<\/u> m\u00e1 na starosti agendu dlouhodob\u00fdch v\u00edz, dlouhodob\u00fdch a trval\u00fdch pobyt\u016f, p\u0159echodn\u00fdch pobyt\u016f pro ob\u010dany EU a jejich rodinn\u00e9 p\u0159\u00edslu\u0161n\u00edky, biometrick\u00e9 pr\u016fkazy apod.<\/p>\n<p>Va\u0161\u00ed povinnost\u00ed je hl\u00e1sit pracovi\u0161ti OAMP v\u0161echny zm\u011bny, kter\u00e9 se t\u00fdkaj\u00ed va\u0161eho bydli\u0161t\u011b, p\u0159\u00edjmen\u00ed, osobn\u00edho stavu, zm\u011bn \u00fadaj\u016f v cestovn\u00edm dokladu a v dokladu vydan\u00e9m k pobytu na \u00fazem\u00ed \u010cR. Nahl\u00e1sit zm\u011bnu bydli\u0161t\u011b mus\u00edte do 30 dn\u016f, ostatn\u00ed zm\u011bny v\u0161ak mus\u00edte nahl\u00e1sit nejd\u00e9le do 3 dn\u016f. <strong>V\u017edy dodr\u017eujte lh\u016fty!<\/strong><\/p>\n<ul class=\"bullet-links\">\n<li>Kam se obr\u00e1tit na jednotliv\u00e1 pracovi\u0161t\u011b OAMP naleznete <a href=\"\/\/www.mvcr.cz\/cizinci\">na webov\u00fdch str\u00e1nk\u00e1ch Ministerstva vnitra<\/a>.<\/li>\n<li>Infolinka Ministerstva vnitra \u010cR.<\/li>\n<\/ul>\n<p><\/p>","protected":false},"excerpt":{"rendered":"<p>Webov\u00e9 str\u00e1nky: Webov\u00fd port\u00e1l MPSV a MV \u010cR: www.cizinci.cz Informace pro cizince (dostupn\u00e9 mimo \u010de\u0161tiny tak\u00e9 v anglick\u00e9m jazyce) na webu MV \u010cR. Telefonn\u00ed linka a e-mail Ministerstva vnitra \u010cR Asisten\u010dn\u00ed telefonn\u00ed linky pro cizince v mongol\u0161tin\u011b, ukrajin\u0161tin\u011b a vietnam\u0161tin\u011b&#8230;<\/p>\n<a class=\"more-block\" href=\"https:\/\/metropolevsech.eu\/cs\/potrebuji-resit\/pobyt-na-uzemi-ceske-republiky\/kam-se-obratit-uzitecne-odkazy-a-kontakty\/\">\u010c\u00edst v\u00edce<\/a>","protected":false},"author":7,"featured_media":0,"parent":554,"menu_order":5,"comment_status":"closed","ping_status":"closed","template":"","meta":[],"acf":[],"_links":{"self":[{"href":"https:\/\/metropolevsech.eu\/cs\/wp-json\/wp\/v2\/pages\/568"}],"collection":[{"href":"https:\/\/metropolevsech.eu\/cs\/wp-json\/wp\/v2\/pages"}],"about":[{"href":"https:\/\/metropolevsech.eu\/cs\/wp-json\/wp\/v2\/types\/page"}],"author":[{"embeddable":true,"href":"https:\/\/metropolevsech.eu\/cs\/wp-json\/wp\/v2\/users\/7"}],"replies":[{"embeddable":true,"href":"https:\/\/metropolevsech.eu\/cs\/wp-json\/wp\/v2\/comments?post=568"}],"version-history":[{"count":43,"href":"https:\/\/metropolevsech.eu\/cs\/wp-json\/wp\/v2\/pages\/568\/revisions"}],"predecessor-version":[{"id":24842,"href":"https:\/\/metropolevsech.eu\/cs\/wp-json\/wp\/v2\/pages\/568\/revisions\/24842"}],"up":[{"embeddable":true,"href":"https:\/\/metropolevsech.eu\/cs\/wp-json\/wp\/v2\/pages\/554"}],"wp:attachment":[{"href":"https:\/\/metropolevsech.eu\/cs\/wp-json\/wp\/v2\/media?parent=568"}],"curies":[{"name":"wp","href":"https:\/\/api.w.org\/{rel}","templated":true}]}}