{"id":576,"date":"2017-01-01T11:31:23","date_gmt":"2017-01-01T10:31:23","guid":{"rendered":"https:\/\/metropolevsech.eu\/?page_id=576"},"modified":"2026-01-14T16:29:20","modified_gmt":"2026-01-14T15:29:20","slug":"podminky-prace-cizincu","status":"publish","type":"page","link":"https:\/\/metropolevsech.eu\/cs\/potrebuji-resit\/zamestnani\/podminky-prace-cizincu\/","title":{"rendered":"Podm\u00ednky zam\u011bstn\u00e1v\u00e1n\u00ed cizinc\u016f"},"content":{"rendered":"<p><i>Posledn\u00ed aktualizace: \u010derven 2025<\/i><\/p>\n<ul class=\"bullet\">\n<li><strong><a href=\"#podminky\">Podm\u00ednky pr\u00e1ce cizinc\u016f v \u010cR<\/a><\/strong><\/li>\n<li><strong><a href=\"#zamkarta\">Zam\u011bstnaneck\u00e1 karta<\/a><\/strong><\/li>\n<li><strong><a href=\"#najakyurad\">Na jak\u00fd \u00fa\u0159ad se obr\u00e1tit?<\/a><\/strong><\/li>\n<\/ul>\n<h3 id=\"podminky\"><strong>Podm\u00ednky pr\u00e1ce cizinc\u016f v \u010cR<br \/>\n<\/strong><\/h3>\n<p>Pr\u00e1vo migrant\u016f pracovat v \u010cesk\u00e9 republice se odv\u00edj\u00ed od typu pobytov\u00e9ho statusu \u010di zem\u011b p\u016fvodu. Nejprve je t\u0159eba zjistit, zda m\u00e1te jako cizinec voln\u00fd \u010di podm\u00edn\u011bn\u00fd vstup na trh pr\u00e1ce.<\/p>\n<p>Pokud m\u00e1te voln\u00fd vstup na trh pr\u00e1ce, nepot\u0159ebujete k pr\u00e1ci dal\u0161\u00ed povolen\u00ed.<\/p>\n<p>V p\u0159\u00edpad\u011b podm\u00edn\u011bn\u00e9ho vstupu si pot\u0159ebujete vy\u0159\u00eddit n\u011bjakou formu povolen\u00ed. Nej\u010dast\u011bj\u0161\u00edmi druhy povolen\u00ed jsou: <a href=\"https:\/\/ipc.gov.cz\/typy-viz-a-pobytu\/obcane-tretich-zemi\/dlouhodobe-pobyty\/zamestnanecka-karta\/\">zam\u011bstnaneck\u00e1 karta<\/a>, <a href=\"https:\/\/ipc.gov.cz\/typy-viz-a-pobytu\/obcane-tretich-zemi\/dlouhodobe-pobyty\/modra-karta\/\">modr\u00e1 karta<\/a>, <a href=\"https:\/\/ipc.gov.cz\/typy-viz-a-pobytu\/obcane-tretich-zemi\/dlouhodoba-viza\/mimoradne-pracovni-vizum\/\">mimo\u0159\u00e1dn\u00e9 pracovn\u00ed v\u00edzum<\/a> nebo pracovn\u00ed povolen\u00ed.<\/p>\n<h4><b>Voln\u00fd vstup na trh pr\u00e1ce<\/b><\/h4>\n<p>Ob\u010dan EU\/EHP a \u0160v\u00fdcarska nebo jeho rodinn\u00fd p\u0159\u00edslu\u0161n\u00edk nepot\u0159ebuj\u00ed povolen\u00ed k zam\u011bstn\u00e1n\u00ed. Rodinn\u00fd p\u0159\u00edslu\u0161n\u00edk ob\u010dana Evropsk\u00e9 unie, kter\u00fd s\u00e1m nen\u00ed ob\u010danem Evropsk\u00e9 unie, m\u016f\u017ee vstoupit na trh pr\u00e1ce bez povolen\u00ed k zam\u011bstn\u00e1n\u00ed, zam\u011bstnaneck\u00e9 karty, modr\u00e9 karty nebo karty vnitropodnikov\u011b p\u0159eveden\u00e9ho zam\u011bstnance, pokud obdr\u017e\u00ed od Ministerstva vnitra povolen\u00ed k p\u0159echodn\u00e9mu pobytu formou pobytov\u00e9 karty rodinn\u00e9ho p\u0159\u00edslu\u0161n\u00edka Evropsk\u00e9 unie, nebo se prok\u00e1\u017ee dokladem (z\u00e1znam v cestovn\u00edm dokladu, potvrzen\u00ed) o pod\u00e1n\u00ed \u017e\u00e1dosti o povolen\u00ed k p\u0159echodn\u00e9mu pobytu rodinn\u00e9ho p\u0159\u00edslu\u0161n\u00edka ob\u010dana Evropsk\u00e9 unie na \u00fazem\u00ed \u010cR.<\/p>\n<p>Tzv. voln\u00fd vstup na trh pr\u00e1ce m\u00e1te tak\u00e9, pokud:<\/p>\n<ul class=\"bullet\">\n<li>pob\u00fdv\u00e1te v \u010cR na z\u00e1klad\u011b povolen\u00ed k trval\u00e9mu pobytu;<\/li>\n<li>jste-li student, av\u0161ak pouze za p\u0159edpokladu, \u017ee v \u010cR studujete prezen\u010dn\u00ed studium, kter\u00e9 nem\u00e1te p\u0159eru\u0161en\u00e9;<\/li>\n<li>pob\u00fdv\u00e1te v \u010cR na z\u00e1klad\u011b povolen\u00ed k dlouhodob\u00e9mu pobytu za \u00fa\u010delem spole\u010dn\u00e9ho sou\u017eit\u00ed rodiny s man\u017eelem\/kou s povolen\u00fdm dlouhodob\u00fdm \u010di\u00a0 trval\u00fdm pobytem;<\/li>\n<li>jste-li absolvent studia v \u010cR, nepot\u0159ebujete pro v\u00fdkon zam\u011bstn\u00e1n\u00ed povolen\u00ed. Ale je-li va\u0161\u00edm \u00fa\u010delem pobytu zam\u011bstn\u00e1n\u00ed, pot\u0159ebujete <b>zam\u011bstnaneckou kartu<\/b>, kter\u00e1 bude slou\u017eit jen jako povolen\u00ed k pobytu;<\/li>\n<li>jste dr\u017eiteli mezin\u00e1rodn\u00ed ochrany.<\/li>\n<\/ul>\n<p><em><div class=\"box-fixa\"><\/em><\/p>\n<p><em><span style=\"font-weight: 400;\">Od 1. \u010dervence 2024 maj\u00ed voln\u00fd p\u0159\u00edstup trh pr\u00e1ce i ob\u010dan\u00e9\u00a0<\/span><span style=\"font-weight: 400;\">Austr\u00e1lie, Nov\u00e9ho Z\u00e9landu,\u00a0<\/span><\/em><span style=\"font-weight: 400;\"><em>Spojen\u00fdch st\u00e1t\u016f americk\u00fdch, Kanady, Velk\u00e9 Brit\u00e1nie, Izraele, Japonska, Ji\u017en\u00ed Koreji a Singapuru. V\u00edce informac\u00ed najdete <a href=\"https:\/\/metropolevsech.eu\/cs\/news\/volny-pristup-na-trh-prace-pro-obcany-vybranych-zemi\/\">zde<\/a>.<\/em>\u00a0<\/span><em><\/div><\/em><\/p>\n<p><em><div class=\"box-ok\"> Kompletn\u00ed seznam osob s voln\u00fdm p\u0159\u00edstupem na trh pr\u00e1ce naleznete na webu <a href=\"https:\/\/www.mpsv.cz\/web\/cz\/volny-vstup-na-trh-prace\">Ministerstva pr\u00e1ce a soci\u00e1ln\u00edch v\u011bc\u00ed<\/a>. <i><span style=\"font-weight: 400;\">Zkontrolujte tak\u00e9 svou biometrickou kartu, je na n\u00ed uvedeno: Voln\u00fd vstup na trh pr\u00e1ce &#8211; ANO (pokud m\u016f\u017eete pracovat v \u010cR bez vy\u0159izov\u00e1n\u00ed dal\u0161\u00edho povolen\u00ed). NE (pokud pot\u0159ebujete povolen\u00ed, \u010dt\u011bte d\u00e1le.)<\/span><\/i> <\/div><\/em><\/p>\n<p><b>Podm\u00edn\u011bn\u00fd vstup <\/b><b>cizinc\u016f<\/b><b> na trh pr\u00e1ce\u00a0<\/b><\/p>\n<p>N\u00ed\u017ee uveden\u00e9 skupiny cizinc\u016f pot\u0159ebuj\u00ed v \u010cR z\u00edskat n\u011bjakou formu povolen\u00ed k zam\u011bstn\u00e1n\u00ed:<\/p>\n<ul class=\"bullet\">\n<li><span style=\"font-weight: 400;\">cizinci z t\u0159et\u00edch zem\u00ed, kte\u0159\u00ed p\u0159ij\u00ed\u017ed\u011bj\u00ed do \u010cR za \u00fa\u010delem zam\u011bstn\u00e1n\u00ed a nejsou z <\/span><a href=\"https:\/\/metropolevsech.eu\/cs\/news\/volny-pristup-na-trh-prace-pro-obcany-vybranych-zemi\/\"><span style=\"font-weight: 400;\">vybran\u00fdch zem\u00ed<\/span><\/a>;<\/li>\n<li>studenti do 26 let v r\u00e1mci v\u00fdm\u011bnn\u00fdch studijn\u00edch program\u016f;<\/li>\n<li>zam\u011bstnanci vyslan\u00ed zahrani\u010dn\u00edm zam\u011bstnavatelem (mimo EU), pokud je jejich v\u00fdkon pr\u00e1ce na \u00fazem\u00ed \u010cR;<\/li>\n<li>st\u00e1\u017eisti;<\/li>\n<li>dr\u017eitel\u00e9 povolen\u00ed k dlouhodob\u00e9mu pobytu za \u00fa\u010delem \u201epodnik\u00e1n\u00ed\u201c;<\/li>\n<li>dr\u017eitel\u00e9 kr\u00e1tkodob\u00fdch \u010di dlouhodob\u00fdch v\u00edz.<\/li>\n<\/ul>\n<h4><b>Druhy povolen\u00ed k pr\u00e1ci pro cizince<\/b><\/h4>\n<p><span style=\"font-weight: 400;\">Zde si uvedeme z\u00e1kladn\u00ed informace o <\/span><\/p>\n<ul>\n<li><span style=\"font-weight: 400;\">zam\u011bstnaneck\u00e9 kart\u011b<\/span><\/li>\n<li><span style=\"font-weight: 400;\">modr\u00e9 kart\u011b <\/span><\/li>\n<li><span style=\"font-weight: 400;\">povolen\u00ed k zam\u011bstn\u00e1n\u00ed od \u00da\u0159adu pr\u00e1ce \u010cR<\/span><\/li>\n<\/ul>\n<p>Nej\u010dast\u011bj\u0161\u00edm opr\u00e1vn\u011bn\u00edm k pr\u00e1ci, o kter\u00e9 cizinci \u017e\u00e1daj\u00ed je tzv. <b>zam\u011bstnaneck\u00e1 karta<\/b>.<\/p>\n<p>Tak\u00e9 lze \u017e\u00e1dat o <b>modrou kartu.<\/b> O tu \u017e\u00e1d\u00e1te v p\u0159\u00edpad\u011b, \u017ee chcete jako cizinec pracovat na pracovn\u00ed pozici, kter\u00e1 vy\u017eaduje vy\u0161\u0161\u00ed kvalifikaci (na \u00farovni vy\u0161\u0161\u00edho odborn\u00e9ho nebo vysoko\u0161kolsk\u00e9ho vzd\u011bl\u00e1n\u00ed).<\/p>\n<div class=\"box-fixa\"><em>Jsou stanoveny v\u00fdjimky, kdy migrant mus\u00ed i nad\u00e1le \u017e\u00e1dat o povolen\u00ed k zam\u011bstn\u00e1n\u00ed od \u00fa\u0159adu pr\u00e1ce, kter\u00e9 posl\u00e9ze dokl\u00e1d\u00e1 k \u017e\u00e1dosti o zam\u011bstnaneckou kartu.<\/em><\/div>\n<h3 id=\"zamkarta\"><strong>Zam\u011bstnaneck\u00e1 karta<\/strong><\/h3>\n<p><span style=\"font-weight: 400;\">Nej\u010dast\u011bj\u0161\u00edm opr\u00e1vn\u011bn\u00edm k pr\u00e1ci, o kter\u00e9 cizinci \u017e\u00e1daj\u00ed je tzv. <\/span><b>zam\u011bstnaneck\u00e1 karta<\/b><span style=\"font-weight: 400;\">. Umo\u017en\u00ed v\u00e1m dlouhodob\u011b pob\u00fdvat a pracovat v \u010cesku. Existuj\u00ed dva typy:<\/span><\/p>\n<ul>\n<li style=\"font-weight: 400;\" aria-level=\"1\"><b>du\u00e1ln\u00ed karta<\/b><span style=\"font-weight: 400;\"> \u2013 slou\u017e\u00ed z\u00e1rove\u0148 jako povolen\u00ed k pobytu i k zam\u011bstn\u00e1n\u00ed (2v1).<\/span><span style=\"font-weight: 400;\"><br \/>\n<\/span><\/li>\n<li style=\"font-weight: 400;\" aria-level=\"1\"><b>nedu\u00e1ln\u00ed karta<\/b><span style=\"font-weight: 400;\"> \u2013 oprav\u0148uje v\u00e1s k pobytu, ale k pr\u00e1ci pot\u0159ebujete m\u00edt voln\u00fd p\u0159\u00edstup na trh pr\u00e1ce (nap\u0159. studenti, absolventi \u010desk\u00fdch \u0161kol) nebo pot\u0159ebujete zvl\u00e1\u0161tn\u00ed pracovn\u00ed povolen\u00ed (jste nap\u0159. vysl\u00e1ni zahrani\u010dn\u00edm zam\u011bstnavatelem na \u00fazem\u00ed \u010cR).<\/span><\/li>\n<\/ul>\n<p><span style=\"font-weight: 400;\">Zam\u011bstnaneck\u00e1 karta je plastov\u00e1 karta s biometrick\u00fdmi prvky, kter\u00e1 se vyd\u00e1v\u00e1 nejd\u00e9le na dobu dvou let. Z\u00e1le\u017e\u00ed, na jak dlouhou dobu dolo\u017e\u00edte pracovn\u00ed smlouvu. <\/span><b>\u017d\u00e1dost o prodlou\u017een\u00ed karty je mo\u017en\u00e9 podat nejd\u0159\u00edve 120 dn\u00ed p\u0159ed koncem platnosti a nejpozd\u011bji v posledn\u00ed den platnosti dosavadn\u00ed karty.<\/b><span style=\"font-weight: 400;\"> Pokud se do \u010cesk\u00e9 republiky teprve chyst\u00e1te p\u0159ij\u00edt pracovat, mus\u00edte o kartu po\u017e\u00e1dat na zastupitelsk\u00e9m \u00fa\u0159ad\u011b ve sv\u00e9 zemi p\u016fvodu. M\u016f\u017eete \u017e\u00e1dat i v \u010cesku, pokud u\u017e zde pob\u00fdv\u00e1te minim\u00e1ln\u011b na z\u00e1klad\u011b dlouhodob\u00e9ho v\u00edza (nikoliv v\u00edza strp\u011bn\u00ed). \u017d\u00e1dost nem\u016f\u017eete podat, pokud jste v \u010cR v r\u00e1mci bezv\u00edzov\u00e9ho styku nebo na kr\u00e1tkodob\u00e9 v\u00edzum do 90 dn\u016f.<\/span><\/p>\n<p><span style=\"font-weight: 400;\">Karta je v\u017edy vyd\u00e1v\u00e1na pro konkr\u00e9tn\u00ed pracovn\u00ed m\u00edsto, kter\u00e9 nevy\u017eaduje vysokou kvalifikaci (kvalifikaci na \u00farovni vy\u0161\u0161\u00ed odborn\u00e9 \u0161koly nebo vysok\u00e9 \u0161koly).<\/span><\/p>\n<div class=\"box-fixa\"><em><strong><i>Toto pracovn\u00ed m\u00edsto mus\u00ed b\u00fdt uve\u0159ejn\u011bno na<\/i> <a href=\"https:\/\/www.mpsv.cz\/web\/cz\/-\/vyhledavani-volnych-pracovnich-mist-pro-cizince\"><i>Integrovan\u00e9m port\u00e1lu Ministerstva pr\u00e1ce a soci\u00e1ln\u00edch v\u011bc\u00ed<\/i>. <\/a><\/strong><\/em><\/div>\n<div class=\"box-fixa\"> <em>Pro \u00fa\u010dely zam\u011bstnaneck\u00e9 karty je t\u0159eba m\u00edt pracovn\u00ed smlouvu, nebo dohodu o pracovn\u00ed \u010dinnosti!<\/em><\/div>\n<div class=\"box-fixa\"> <em>Jste-li vysoce kvalifikovan\u00fd pracovn\u00edk (m\u00e1te-li kvalifikaci na \u00farovni vy\u0161\u0161\u00ed odborn\u00e9 \u0161koly nebo vysok\u00e9 \u0161koly), po\u017e\u00e1dejte o tzv. <strong>modrou kartu<\/strong>!<\/em><\/div>\n<h4><b>Zm\u011bna zam\u011bstnavatele nebo pozice<\/b><\/h4>\n<p><span style=\"font-weight: 400;\">Zm\u011bnu mus\u00edte nahl\u00e1sit Ministerstvu vnitra nejpozd\u011bji 30 dn\u00ed p\u0159edem. Nen\u00ed t\u0159eba hl\u00e1sit zm\u011bnu, pokud m\u00e1te voln\u00fd vstup na trh pr\u00e1ce nebo pokud se jedn\u00e1 o pozici s pracovn\u00edm povolen\u00edm. Pot\u00e9 je t\u0159eba po\u010dkat na vyj\u00e1d\u0159en\u00ed Ministerstva vnitra, jestli jste splnili podm\u00ednky pro zm\u011bnu. Zam\u011bstn\u00e1n\u00ed nelze zm\u011bnit prvn\u00edch 6 m\u011bs\u00edc\u016f od data p\u0159evzet\u00ed zam\u011bstnaneck\u00e9 karty.\u00a0<\/span><\/p>\n<p><span style=\"font-weight: 400;\">Detailn\u011bj\u0161\u00ed informace o zam\u011bstnaneck\u00e9 kart\u011b, v\u010detn\u011b toho, jak vypad\u00e1 a jak o ni \u017e\u00e1dat, jak ji prodlou\u017eit \u010di jak zm\u011bnit zam\u011bstn\u00e1n\u00ed, naleznete na <\/span><a href=\"https:\/\/ipc.gov.cz\/typy-viz-a-pobytu\/obcane-tretich-zemi\/dlouhodobe-pobyty\/zamestnanecka-karta\/\"><span style=\"font-weight: 400;\">Ofici\u00e1ln\u00edm informa\u010dn\u00edm port\u00e1le pro cizince Ministerstva vnitra \u010cesk\u00e9 republiky<\/span><\/a><span style=\"font-weight: 400;\">.\u00a0<\/span><\/p>\n<h3><b>Modr\u00e1 karta<\/b><\/h3>\n<p><span style=\"font-weight: 400;\">Tak\u00e9 lze \u017e\u00e1dat o <\/span><b>modrou kartu.<\/b><span style=\"font-weight: 400;\"> O tu \u017e\u00e1d\u00e1te v p\u0159\u00edpad\u011b, \u017ee chcete jako cizinec ze zem\u011b mimo EU pracovat na pracovn\u00ed pozici, kter\u00e1 vy\u017eaduje vy\u0161\u0161\u00ed kvalifikaci (na \u00farovni vy\u0161\u0161\u00edho odborn\u00e9ho nebo vysoko\u0161kolsk\u00e9ho vzd\u011bl\u00e1n\u00ed). M\u016f\u017eete o ni po\u017e\u00e1dat na zastupitelsk\u00e9m \u00fa\u0159ad\u011b \u010cR nebo, pokud m\u00e1te modrou kartu z jin\u00e9ho st\u00e1tu EU, p\u0159\u00edmo v \u010cR (do 1 m\u011bs\u00edce od vstupu).<\/span><\/p>\n<h4><b>Kdo m\u016f\u017ee \u017e\u00e1dat:<\/b><\/h4>\n<ul>\n<li><span style=\"font-weight: 400;\">M\u00e1te <\/span><b>vysoko\u0161kolsk\u00e9 nebo vy\u0161\u0161\u00ed odborn\u00e9 vzd\u011bl\u00e1n\u00ed<\/b><span style=\"font-weight: 400;\"> (min. 3 roky studia).<\/span><span style=\"font-weight: 400;\"><br \/>\n<\/span><\/li>\n<li><span style=\"font-weight: 400;\">Budete pracovat na pozici, kter\u00e1 vy\u017eaduje takovou kvalifikaci.<\/span><span style=\"font-weight: 400;\"><br \/>\n<\/span><\/li>\n<li><span style=\"font-weight: 400;\">M\u00e1te <\/span><b>pracovn\u00ed smlouvu<\/b><span style=\"font-weight: 400;\"> minim\u00e1ln\u011b na 6 m\u011bs\u00edc\u016f.<\/span><span style=\"font-weight: 400;\"><br \/>\n<\/span><\/li>\n<li><span style=\"font-weight: 400;\">Va\u0161e <\/span><b>mzda mus\u00ed b\u00fdt alespo\u0148 1,5n\u00e1sobek pr\u016fm\u011brn\u00e9 hrub\u00e9 mzdy<\/b><span style=\"font-weight: 400;\"> v \u010cR.<\/span><span style=\"font-weight: 400;\"><br \/>\n<\/span><\/li>\n<\/ul>\n<p><span style=\"font-weight: 400;\">Modr\u00e1 karta v\u00e1m umo\u017en\u00ed leg\u00e1ln\u011b pob\u00fdvat a pracovat v \u010cR, cestovat po schengensk\u00e9m prosotru i po\u017e\u00e1dat o pobyt v \u010cR pro va\u0161i rodinu. Vyd\u00e1v\u00e1 se a\u017e na 3 roky, nebo na dobu pracovn\u00ed smlouvy + 3 m\u011bs\u00edce. <\/span><b>Pokud zm\u011bn\u00edte zam\u011bstn\u00e1n\u00ed nebo skon\u010d\u00edte v pr\u00e1ci, mus\u00edte to ozn\u00e1mit <\/b><span style=\"font-weight: 400;\">Ministerstvu vnitra do 3 pracovn\u00edch dn\u016f.<\/span><\/p>\n<h3><b>Pracovn\u00ed povolen\u00ed\u00a0<\/b><\/h3>\n<p><span style=\"font-weight: 400;\">Jako ob\u010dan\u00e9 t\u0159et\u00edch zem\u00ed si mus\u00edte po\u017e\u00e1dat v \u010cR o <\/span><b>pracovn\u00ed povolen\u00ed,<\/b> zejm\u00e9na pokud:<\/p>\n<ul>\n<li style=\"font-weight: 400;\" aria-level=\"1\"><span style=\"font-weight: 400;\">Pracujete jako sez\u00f3nn\u00ed zam\u011bstnanec (maxim\u00e1ln\u011b na 6 m\u011bs\u00edc\u016f).<\/span><\/li>\n<li style=\"font-weight: 400;\" aria-level=\"1\"><span style=\"font-weight: 400;\">Pln\u00edte pracovn\u00ed \u00fakoly v r\u00e1mci obchodn\u00ed spole\u010dnosti (nap\u0159\u00edklad pokud jste jednatel a krom\u011b veden\u00ed spole\u010dnosti pracujete i na jin\u00fdch \u00fakolech).<\/span><\/li>\n<li style=\"font-weight: 400;\" aria-level=\"1\"><span style=\"font-weight: 400;\">Pracujete kr\u00e1tkodob\u011b do 3 m\u011bs\u00edc\u016f (s kr\u00e1tkodob\u00fdm v\u00edzem za \u00fa\u010delem zam\u011bstn\u00e1n\u00ed).<\/span><\/li>\n<li style=\"font-weight: 400;\" aria-level=\"1\"><span style=\"font-weight: 400;\">Jste st\u00e1\u017eista, kter\u00fd chce z\u00edskat zku\u0161enosti a kvalifikaci (maxim\u00e1ln\u011b 6 m\u011bs\u00edc\u016f).<\/span><\/li>\n<li style=\"font-weight: 400;\" aria-level=\"1\"><span style=\"font-weight: 400;\">Jste mlad\u00ed lid\u00e9 do 26 let a pracujete p\u0159\u00edle\u017eitostn\u011b b\u011bhem v\u00fdm\u011bnn\u00fdch program\u016f.<\/span><\/li>\n<li style=\"font-weight: 400;\" aria-level=\"1\"><span style=\"font-weight: 400;\">M\u00e1te dlouhodob\u00e9 v\u00edzum nebo povolen\u00ed k pobytu za \u00fa\u010delem strp\u011bn\u00ed.\u00a0<\/span><\/li>\n<li style=\"font-weight: 400;\" aria-level=\"1\"><span style=\"font-weight: 400;\">\u017d\u00e1d\u00e1te o mezin\u00e1rodn\u00ed ochranu (povolen\u00ed lze po\u017e\u00e1dat a\u017e po 6 m\u011bs\u00edc\u00edch od pod\u00e1n\u00ed \u017e\u00e1dosti, do t\u00e9 doby nesm\u00edte pracovat).<\/span><\/li>\n<li style=\"font-weight: 400;\" aria-level=\"1\"><span style=\"font-weight: 400;\">Jste vysl\u00e1ni zahrani\u010dn\u00edm zam\u011bstnavatelem k pr\u00e1ci v \u010cR.<\/span><\/li>\n<li style=\"font-weight: 400;\" aria-level=\"1\"><span style=\"font-weight: 400;\">M\u00e1te povolen\u00ed k pobytu za \u00fa\u010delem podnik\u00e1n\u00ed, ale chcete z\u00e1rove\u0148 vedle podnik\u00e1n\u00ed i pracovat.<\/span><\/li>\n<\/ul>\n<p><span style=\"font-weight: 400;\">\u017d\u00e1dost o povolen\u00ed pod\u00e1v\u00e1te na <\/span><a href=\"https:\/\/www.uradprace.cz\/krajske-pobocky\"><span style=\"font-weight: 400;\">krajsk\u00e9 pobo\u010dce \u00da\u0159adu pr\u00e1ce<\/span><\/a><span style=\"font-weight: 400;\">, kde budete pracovat. K \u017e\u00e1dosti p\u0159ilo\u017e\u00edte pracovn\u00ed smlouvu a dal\u0161\u00ed pot\u0159ebn\u00e9 dokumenty. Pokud \u017e\u00e1dost pod\u00e1v\u00e1 zam\u011bstnavatel za v\u00e1s, mus\u00ed dolo\u017eit plnou moc. \u00da\u0159ad pr\u00e1ce rozhodne do 30 dn\u016f. Povolen\u00ed m\u016f\u017ee platit a\u017e dva roky a lze ho prodlou\u017eit.<\/span><\/p>\n<p><span style=\"font-weight: 400;\">Povolen\u00ed v\u00e1m nebude ud\u011bleno:<\/span><\/p>\n<ul>\n<li style=\"font-weight: 400;\" aria-level=\"1\"><span style=\"font-weight: 400;\">Pokud zam\u011bstnavatel dostal v posledn\u00edch 4 m\u011bs\u00edc\u00edch pokutu za neleg\u00e1ln\u00ed zam\u011bstn\u00e1v\u00e1n\u00ed.<\/span><\/li>\n<li style=\"font-weight: 400;\" aria-level=\"1\"><span style=\"font-weight: 400;\">Pokud je na zam\u011bstnavatele vyhl\u00e1\u0161en konkurz.<\/span><\/li>\n<li style=\"font-weight: 400;\" aria-level=\"1\"><span style=\"font-weight: 400;\">Pokud zam\u011bstnavatel v posledn\u00edch 3 m\u011bs\u00edc\u00edch dostal vysokou pokutu za poru\u0161en\u00ed pracovn\u011bpr\u00e1vn\u00edch p\u0159edpis\u016f.<\/span><\/li>\n<\/ul>\n<p><span style=\"font-weight: 400;\">Pamatujte, \u017ee krom\u011b povolen\u00ed k zam\u011bstn\u00e1n\u00ed mus\u00edte m\u00edt tak\u00e9 platn\u00e9 opr\u00e1vn\u011bn\u00ed k pobytu v \u010cR, abyste mohli leg\u00e1ln\u011b pracovat!<\/span><\/p>\n<h3 id=\"najakyurad\"><strong>Na jak\u00fd \u00fa\u0159ad se obr\u00e1tit?<\/strong><\/h3>\n<p><b>Ministerstvo pr\u00e1ce a soci\u00e1ln\u00edch v\u011bc\u00ed <\/b>poskytuje <a href=\"https:\/\/www.mpsv.cz\/web\/cz\/zahranicni-zamestnanost\">na sv\u00fdch webov\u00fdch str\u00e1nk\u00e1ch<\/a> informace o pr\u00e1ci v \u010cR, o agentur\u00e1ch pr\u00e1ce a spravuje datab\u00e1zi voln\u00fdch pracovn\u00edch m\u00edst ur\u010den\u00fdch i pro cizince. V roce 2019 byl zm\u011bn\u011bn design t\u011bchto str\u00e1nek, ve\u0161ker\u00e9 pot\u0159ebn\u00e9 informace naleznete v sekci Zahrani\u010dn\u00ed zam\u011bstnanost. Informace jsou k dispozici v anglick\u00e9m, rusk\u00e9m a ukrajinsk\u00e9m jazyce..<\/p>\n<p><a href=\"https:\/\/www.uradprace.cz\/\"><strong>\u00da\u0159ady pr\u00e1ce<\/strong><\/a> vyd\u00e1vaj\u00ed povolen\u00ed k zam\u011bstn\u00e1n\u00ed<strong>. <\/strong><span style=\"font-weight: 400;\">V Praze se obra\u0165te na <\/span><a href=\"https:\/\/www.uradprace.cz\/hlavni-mesto-praha\"><span style=\"font-weight: 400;\">krajskou pobo\u010dku pro hlavn\u00ed m\u011bsto Prahu<\/span><\/a><span style=\"font-weight: 400;\">. \u00da\u0159ady pr\u00e1ce z<\/span>\u00e1rove\u0148 nab\u00edzej\u00ed zprost\u0159edkov\u00e1n\u00ed zam\u011bstn\u00e1n\u00ed, pokud pr\u00e1ci ztrat\u00edte.<\/p>\n<p><a href=\"\/\/metropolevsech.eu\/cs\/potrebuji-resit\/pobyt-na-uzemi-ceske-republiky\/#Na%20jak%C3%BD%20%C3%BA%C5%99ad%20se%20obr%C3%A1tit?\"><strong>Ministerstvo vnitra \u2013 Odbor azylov\u00e9 a migra\u010dn\u00ed politiky <\/strong><\/a>vyd\u00e1v\u00e1 zam\u011bstnaneck\u00e9 karty, <span style=\"font-weight: 400;\">modr\u00e9 karty i karty vnitropodnikov\u011b p\u0159eveden\u00e9ho zam\u011bstnance. Dal\u0161\u00ed informace naleznete<\/span><a href=\"https:\/\/ipc.gov.cz\/typy-viz-a-pobytu\/obcane-tretich-zemi\/dlouhodobe-pobyty\/\"><span style=\"font-weight: 400;\">\u00a0zde<\/span><\/a><span style=\"font-weight: 400;\">.<\/span><\/p>\n<p><strong>Inspektor\u00e1t pr\u00e1ce<\/strong><\/p>\n<p><span style=\"font-weight: 400;\">Hlavn\u00edm \u00fakolem inspektor\u00e1tu pr\u00e1ce je kontrola dodr\u017eov\u00e1n\u00ed povinnost\u00ed plynouc\u00edch z pracovn\u011bpr\u00e1vn\u00edch p\u0159edpis\u016f v\u010detn\u011b p\u0159edpis\u016f o bezpe\u010dnosti a ochran\u011b zdrav\u00ed p\u0159i pr\u00e1ci. T\u00fdk\u00e1 se jak ob\u010dan\u016f \u010cR, tak cizinc\u016f. Tak\u00e9 kontroluj\u00ed, zda jsou cizinci v \u010cR <\/span><span style=\"font-weight: 400;\">zam\u011bstn\u00e1v\u00e1n\u00ed<\/span><span style=\"font-weight: 400;\"> leg\u00e1ln\u011b (zda maj\u00ed platn\u00e9 pobytov\u00e9 opr\u00e1vn\u011bn\u00ed a p\u0159\u00edpadn\u011b &#8211; pokud ho pot\u0159ebuj\u00ed- povolen\u00ed k pr\u00e1ci.) V od\u016fvodn\u011bn\u00fdch p\u0159\u00edpadech mohou org\u00e1ny inspekce pr\u00e1ce ukl\u00e1dat pokuty za sp\u00e1ch\u00e1n\u00ed p\u0159estupku nebo spr\u00e1vn\u00edho deliktu. Mohou v\u00e1m tak\u00e9 pomoci, abyste se domohli sv\u00fdch pr\u00e1v. <\/span><\/p>\n<p><div class=\"box-fixa\"><em>Pokud se domn\u00edv\u00e1te, \u017ee v\u00e1\u0161 zam\u011bstnavatel nepln\u00ed sv\u00e9 povinnosti nebo jinak poru\u0161uje pracovn\u00ed smlouvu, kterou jste s n\u00edm uzav\u0159eli (nap\u0159\u00edklad v\u00e1m nevyplatil mzdu),\u00a0<i>vyu\u017eijte bezplatn\u00e9 pr\u00e1vn\u00ed poradenstv\u00ed nebo se obra\u0165te na<\/i><b><i> inspektor\u00e1t pr\u00e1ce<\/i><\/b><i>, kter\u00fd v\u00e1\u0161 p\u0159\u00edpad pro\u0161et\u0159\u00ed. Kontakty na jednotliv\u00e9 inspektor\u00e1ty naleznete<\/i><a href=\"http:\/\/www.suip.cz\/\"> <i>zde<\/i><\/a><i>.<\/i> <a href=\"https:\/\/epp.suip.cz\/epp\/index_light.php\"><i><span style=\"font-weight: 400;\">Podn\u011bt pro kontrolu<\/span><\/i><\/a><i><span style=\"font-weight: 400;\"> m\u016f\u017eete podat i online v \u010desk\u00e9m nebo anglick\u00e9m jazyce.<\/span><\/i><\/em><\/div><\/p>","protected":false},"excerpt":{"rendered":"<p>Posledn\u00ed aktualizace: \u010derven 2025 Podm\u00ednky pr\u00e1ce cizinc\u016f v \u010cR Zam\u011bstnaneck\u00e1 karta Na jak\u00fd \u00fa\u0159ad se obr\u00e1tit? Podm\u00ednky pr\u00e1ce cizinc\u016f v \u010cR Pr\u00e1vo migrant\u016f pracovat v \u010cesk\u00e9 republice se odv\u00edj\u00ed od typu pobytov\u00e9ho statusu \u010di zem\u011b p\u016fvodu. Nejprve je t\u0159eba zjistit,&#8230;<\/p>\n<a class=\"more-block\" href=\"https:\/\/metropolevsech.eu\/cs\/potrebuji-resit\/zamestnani\/podminky-prace-cizincu\/\">\u010c\u00edst v\u00edce<\/a>","protected":false},"author":7,"featured_media":0,"parent":772,"menu_order":1,"comment_status":"closed","ping_status":"closed","template":"","meta":[],"acf":[],"_links":{"self":[{"href":"https:\/\/metropolevsech.eu\/cs\/wp-json\/wp\/v2\/pages\/576"}],"collection":[{"href":"https:\/\/metropolevsech.eu\/cs\/wp-json\/wp\/v2\/pages"}],"about":[{"href":"https:\/\/metropolevsech.eu\/cs\/wp-json\/wp\/v2\/types\/page"}],"author":[{"embeddable":true,"href":"https:\/\/metropolevsech.eu\/cs\/wp-json\/wp\/v2\/users\/7"}],"replies":[{"embeddable":true,"href":"https:\/\/metropolevsech.eu\/cs\/wp-json\/wp\/v2\/comments?post=576"}],"version-history":[{"count":45,"href":"https:\/\/metropolevsech.eu\/cs\/wp-json\/wp\/v2\/pages\/576\/revisions"}],"predecessor-version":[{"id":24400,"href":"https:\/\/metropolevsech.eu\/cs\/wp-json\/wp\/v2\/pages\/576\/revisions\/24400"}],"up":[{"embeddable":true,"href":"https:\/\/metropolevsech.eu\/cs\/wp-json\/wp\/v2\/pages\/772"}],"wp:attachment":[{"href":"https:\/\/metropolevsech.eu\/cs\/wp-json\/wp\/v2\/media?parent=576"}],"curies":[{"name":"wp","href":"https:\/\/api.w.org\/{rel}","templated":true}]}}