{"id":582,"date":"2017-01-01T11:34:01","date_gmt":"2017-01-01T10:34:01","guid":{"rendered":"https:\/\/metropolevsech.eu\/?page_id=582"},"modified":"2026-01-23T16:50:17","modified_gmt":"2026-01-23T15:50:17","slug":"kde-hledat-praci","status":"publish","type":"page","link":"https:\/\/metropolevsech.eu\/cs\/potrebuji-resit\/zamestnani\/kde-hledat-praci\/","title":{"rendered":"Kde hledat pr\u00e1ci"},"content":{"rendered":"<p>Pokud m\u00e1te voln\u00fd p\u0159\u00edstup na trh pr\u00e1ce, m\u016f\u017eete jako cizinci hledat pr\u00e1ci v inzer\u00e1tech uve\u0159ejn\u011bn\u00fdch nap\u0159\u00edklad v novin\u00e1ch nebo na internetu. M\u016f\u017eete tak\u00e9 vyu\u017e\u00edt slu\u017eeb akreditovan\u00fdch agentur pr\u00e1ce.<\/p>\n<h3><strong>U\u017eite\u010dn\u00e9 odkazy:<\/strong><\/h3>\n<ul class=\"bullet-links\">\n<li><a href=\"\/\/www.jobs.cz\/\">\u00a0<\/a><a href=\"\/\/www.jobs.cz\/\">\/\/www.jobs.cz<\/a><\/li>\n<li><a href=\"\/\/www.profesia.cz\/\">\u00a0<\/a><a href=\"\/\/www.profesia.cz\/\">\/\/www.profesia.cz<\/a><\/li>\n<li><a href=\"\/\/www.prace.cz\/\">\u00a0<\/a><a href=\"\/\/www.prace.cz\/\">\/\/www.prace.cz<\/a><\/li>\n<li><a href=\"\/\/www.annonce.cz\/hledam-praci-chci-vydelat.html\">\u00a0<\/a><a href=\"\/\/www.annonce.cz\/hledam-praci-chci-vydelat.html\">\/\/www.annonce.cz\/hledam-praci-chci-vydelat.html<\/a><\/li>\n<li><a href=\"https:\/\/www.dobraprace.cz\/nabidka-prace\/mesto-praha\/\">\u00a0\/\/www.dobraprace.cz\/\u00a0<\/a><\/li>\n<li><a href=\"\/\/www.fajn-brigady.cz\/\">\u00a0<\/a><a href=\"\/\/www.fajn-brigady.cz\/\">\/\/www.fajn-brigady.cz\/<\/a><\/li>\n<li><a href=\"\/\/www.neziskovky.cz\/\">\u00a0<\/a><a href=\"\/\/www.neziskovky.cz\/\">\/\/www.neziskovky.cz<\/a> \u2013 z\u00e1lo\u017eka burza pr\u00e1ce<\/li>\n<li><a href=\"https:\/\/www.avizo.cz\/prace\/\" data-saferedirecturl=\"https:\/\/www.google.com\/url?q=https:\/\/www.avizo.cz\/prace\/&amp;source=gmail&amp;ust=1746609072272000&amp;usg=AOvVaw39fqklKZlDTnZt8lOYFKgj\">Avizo.cz<\/a> &#8211; nab\u00eddka voln\u00fdch pracovn\u00edch m\u00edst a <a href=\"https:\/\/www.avizo.cz\/prace\/brigady\/\" data-saferedirecturl=\"https:\/\/www.google.com\/url?q=https:\/\/www.avizo.cz\/prace\/brigady\/&amp;source=gmail&amp;ust=1746609072272000&amp;usg=AOvVaw2_pbQUTTCI7TofWKVBxq0b\">brig\u00e1d<\/a> (denn\u011b nov\u00e9 inzer\u00e1ty od \u00fa\u0159adu pr\u00e1ce i od soukrom\u00fdch inzerent\u016f a inzerce je na n\u011bm zdarma), <a href=\"https:\/\/www.avizo.cz\/blog\/rubrika\/prace\/\" data-saferedirecturl=\"https:\/\/www.google.com\/url?q=https:\/\/www.avizo.cz\/blog\/rubrika\/prace\/&amp;source=gmail&amp;ust=1746609072272000&amp;usg=AOvVaw1UCQ6CKPWeW-unMMu0HF0x\">\u010dl\u00e1nky o pracovn\u00edm trhu v \u010desk\u00e9m jazyce<\/a><\/li>\n<\/ul>\n<div class=\"box-fixa\"><em><i>Pokud se chyst\u00e1te vyu\u017e\u00edt ke zprost\u0159edkov\u00e1n\u00ed zam\u011bstn\u00e1n\u00ed agentury pr\u00e1ce, ov\u011b\u0159te, zda je uvedena v seznamu akreditovan\u00fdch agentur<\/i><a href=\"https:\/\/www.uradprace.cz\/web\/cz\/agentury-prace\"> <i>na webov\u00e9m port\u00e1lu Ministerstva pr\u00e1ce a soci\u00e1ln\u00edch v\u011bc\u00ed<\/i><\/a><\/em><em>.<\/em><\/div>\n<div class=\"box-fixa\"><i>\u017d\u00e1d\u00e1te-li o zam\u011bstnaneckou kartu (nebo jin\u00fd druh povolen\u00ed), mus\u00ed b\u00fdt va\u0161e budouc\u00ed pracovn\u00ed m\u00edsto uve\u0159ejn\u011bno <\/i><a href=\"https:\/\/www.mpsv.cz\/web\/cz\/-\/vyhledavani-volnych-pracovnich-mist-pro-cizince\"><i>na<\/i> <i>Integrovan\u00e9m port\u00e1lu Ministerstva pr\u00e1ce a soci\u00e1ln\u00edch v\u011bc\u00ed<\/i><\/a><b><i>. <\/i><\/b><a href=\"https:\/\/www.mpsv.cz\/web\/cz\/hledani-volnych-mist-2https:\/\/www.mpsv.cz\/web\/cz\/-\/vyhledavani-volnych-pracovnich-mist-pro-cizince\"><b><i><\/i><\/b><\/a><\/div>\n<p>Bu\u010fte co nejv\u00edce samostatn\u00ed! Nebojte se kontaktovat soci\u00e1ln\u00ed pracovn\u00edky<a href=\"\/\/metropolevsech.eu\/cs\/sluzby-pro-migranty\/\"> <strong>integra\u010dn\u00edch center<\/strong> a <strong>nevl\u00e1dn\u00edch neziskov\u00fdch organizac\u00ed<\/strong><\/a>, kte\u0159\u00ed v\u00e1m zdarma pomohou s hled\u00e1n\u00edm voln\u00e9ho pracovn\u00edho m\u00edsta, sestavit profesn\u00ed \u017eivotopis \u010di s p\u0159\u00edpravou na pracovn\u00ed pohovor<strong>.<\/strong><\/p>\n<p style=\"text-align: right;\"><em>Posledn\u00ed aktualizace: 4. b\u0159ezen 2025<\/em><\/p>\n<p><\/p>","protected":false},"excerpt":{"rendered":"<p>Pokud m\u00e1te voln\u00fd p\u0159\u00edstup na trh pr\u00e1ce, m\u016f\u017eete jako cizinci hledat pr\u00e1ci v inzer\u00e1tech uve\u0159ejn\u011bn\u00fdch nap\u0159\u00edklad v novin\u00e1ch nebo na internetu. M\u016f\u017eete tak\u00e9 vyu\u017e\u00edt slu\u017eeb akreditovan\u00fdch agentur pr\u00e1ce. U\u017eite\u010dn\u00e9 odkazy: \u00a0\/\/www.jobs.cz \u00a0\/\/www.profesia.cz \u00a0\/\/www.prace.cz \u00a0\/\/www.annonce.cz\/hledam-praci-chci-vydelat.html \u00a0\/\/www.dobraprace.cz\/\u00a0 \u00a0\/\/www.fajn-brigady.cz\/ \u00a0\/\/www.neziskovky.cz \u2013 z\u00e1lo\u017eka burza&#8230;<\/p>\n<a class=\"more-block\" href=\"https:\/\/metropolevsech.eu\/cs\/potrebuji-resit\/zamestnani\/kde-hledat-praci\/\">\u010c\u00edst v\u00edce<\/a>","protected":false},"author":7,"featured_media":0,"parent":772,"menu_order":2,"comment_status":"closed","ping_status":"closed","template":"","meta":[],"acf":[],"_links":{"self":[{"href":"https:\/\/metropolevsech.eu\/cs\/wp-json\/wp\/v2\/pages\/582"}],"collection":[{"href":"https:\/\/metropolevsech.eu\/cs\/wp-json\/wp\/v2\/pages"}],"about":[{"href":"https:\/\/metropolevsech.eu\/cs\/wp-json\/wp\/v2\/types\/page"}],"author":[{"embeddable":true,"href":"https:\/\/metropolevsech.eu\/cs\/wp-json\/wp\/v2\/users\/7"}],"replies":[{"embeddable":true,"href":"https:\/\/metropolevsech.eu\/cs\/wp-json\/wp\/v2\/comments?post=582"}],"version-history":[{"count":15,"href":"https:\/\/metropolevsech.eu\/cs\/wp-json\/wp\/v2\/pages\/582\/revisions"}],"predecessor-version":[{"id":24543,"href":"https:\/\/metropolevsech.eu\/cs\/wp-json\/wp\/v2\/pages\/582\/revisions\/24543"}],"up":[{"embeddable":true,"href":"https:\/\/metropolevsech.eu\/cs\/wp-json\/wp\/v2\/pages\/772"}],"wp:attachment":[{"href":"https:\/\/metropolevsech.eu\/cs\/wp-json\/wp\/v2\/media?parent=582"}],"curies":[{"name":"wp","href":"https:\/\/api.w.org\/{rel}","templated":true}]}}