{"id":601,"date":"2017-01-01T11:43:19","date_gmt":"2017-01-01T10:43:19","guid":{"rendered":"https:\/\/metropolevsech.eu\/?page_id=601"},"modified":"2026-01-23T17:30:12","modified_gmt":"2026-01-23T16:30:12","slug":"kam-se-obratit-uzitecne-kontakty-a-odkazy","status":"publish","type":"page","link":"https:\/\/metropolevsech.eu\/cs\/potrebuji-resit\/zamestnani\/kam-se-obratit-uzitecne-kontakty-a-odkazy\/","title":{"rendered":"U\u017eite\u010dn\u00e9 kontakty a odkazy"},"content":{"rendered":"<p><\/p>\n<ul class=\"bullet-links\">\n<li><a href=\"https:\/\/www.mpsv.cz\/web\/cz\">Ministerstvo pr\u00e1ce a soci\u00e1ln\u00edch v\u011bc\u00ed <\/a><a href=\"https:\/\/www.mpsv.cz\/web\/cz\"><\/a><\/li>\n<li><a href=\"https:\/\/www.uradprace.cz\/web\/cz\">\u00da\u0159ad pr\u00e1ce \u010cR <\/a><\/li>\n<li><a href=\"http:\/\/www.suip.cz\/\">St\u00e1tn\u00edho \u00fa\u0159ad inspekce pr\u00e1ce<\/a><\/li>\n<li><a href=\"https:\/\/eures.europa.eu\/index_cs\">EURES<\/a> &#8211; Evropsk\u00fd port\u00e1l pracovn\u00ed mobility je evropsk\u00fd port\u00e1l zab\u00fdvaj\u00edc\u00ed se poskytov\u00e1n\u00edm informac\u00ed o pracovn\u00edch a vzd\u011bl\u00e1vac\u00edch p\u0159\u00edle\u017eitostech v zahrani\u010d\u00ed. Jeho sou\u010d\u00e1st\u00ed je i inzerce pracovn\u00edch m\u00edst. EURES p\u016fsob\u00ed celkem ve 31 zem\u00edch Evropy, kter\u00e9 zahrnuj\u00ed<a href=\"https:\/\/cs.wikipedia.org\/wiki\/EHP\"> EHP<\/a> a<a href=\"https:\/\/cs.wikipedia.org\/wiki\/%C5%A0v%C3%BDcarsko\"> \u0160v\u00fdcarsko<\/a>.<\/li>\n<\/ul>\n<p><b><div class=\"box-ok\"><\/b>Nev\u00e1hejte kontaktovat <strong><a href=\"https:\/\/metropolevsech.eu\/cs\/sluzby-pro-migranty\/integracni-centrum-praha\/\">integra\u010dn\u00ed centra<\/a> <\/strong>a<strong> <a href=\"https:\/\/metropolevsech.eu\/cs\/sluzby-pro-migranty\/nevladni-neziskove-organizace\/\">nevl\u00e1dn\u00ed neziskov\u00e9 organizace<\/a><\/strong>, kter\u00e9 v\u00e1m poskytnou bezplatn\u00e9 pr\u00e1vn\u00ed a soci\u00e1ln\u00ed poradenstv\u00ed. Mezi jejich z\u00e1kladn\u00ed slu\u017eby pat\u0159\u00ed hled\u00e1n\u00ed voln\u00e9ho pracovn\u00edho m\u00edsta, pomoc p\u0159i sestavov\u00e1n\u00ed profesn\u00edho \u017eivotopisu, nebo p\u0159\u00edprava na pracovn\u00ed pohovor.<strong><b><\/div><\/b><\/strong><\/p>\n<p><i><strong><b><div class=\"box-ok\"><\/b><\/strong> Cenn\u00e9 informace ohledn\u011b zam\u011bstn\u00e1v\u00e1n\u00ed cizinc\u016f v r\u016fzn\u00fdch jazyc\u00edch naznete na webech <a href=\"https:\/\/www.cicops.cz\/cz\/\">Centra pro intergraci cizinc\u016f.<\/a><strong><b><\/div><\/b><\/strong><\/i><\/p>\n<p style=\"text-align: right;\"><em>Posledn\u00ed aktualizace: 4. b\u0159ezen 2025<\/em><\/p>\n<p><\/p>","protected":false},"excerpt":{"rendered":"<p>Ministerstvo pr\u00e1ce a soci\u00e1ln\u00edch v\u011bc\u00ed \u00da\u0159ad pr\u00e1ce \u010cR St\u00e1tn\u00edho \u00fa\u0159ad inspekce pr\u00e1ce EURES &#8211; Evropsk\u00fd port\u00e1l pracovn\u00ed mobility je evropsk\u00fd port\u00e1l zab\u00fdvaj\u00edc\u00ed se poskytov\u00e1n\u00edm informac\u00ed o pracovn\u00edch a vzd\u011bl\u00e1vac\u00edch p\u0159\u00edle\u017eitostech v zahrani\u010d\u00ed. Jeho sou\u010d\u00e1st\u00ed je i inzerce pracovn\u00edch m\u00edst. EURES&#8230;<\/p>\n<a class=\"more-block\" href=\"https:\/\/metropolevsech.eu\/cs\/potrebuji-resit\/zamestnani\/kam-se-obratit-uzitecne-kontakty-a-odkazy\/\">\u010c\u00edst v\u00edce<\/a>","protected":false},"author":7,"featured_media":0,"parent":772,"menu_order":9,"comment_status":"closed","ping_status":"closed","template":"","meta":[],"acf":[],"_links":{"self":[{"href":"https:\/\/metropolevsech.eu\/cs\/wp-json\/wp\/v2\/pages\/601"}],"collection":[{"href":"https:\/\/metropolevsech.eu\/cs\/wp-json\/wp\/v2\/pages"}],"about":[{"href":"https:\/\/metropolevsech.eu\/cs\/wp-json\/wp\/v2\/types\/page"}],"author":[{"embeddable":true,"href":"https:\/\/metropolevsech.eu\/cs\/wp-json\/wp\/v2\/users\/7"}],"replies":[{"embeddable":true,"href":"https:\/\/metropolevsech.eu\/cs\/wp-json\/wp\/v2\/comments?post=601"}],"version-history":[{"count":14,"href":"https:\/\/metropolevsech.eu\/cs\/wp-json\/wp\/v2\/pages\/601\/revisions"}],"predecessor-version":[{"id":24545,"href":"https:\/\/metropolevsech.eu\/cs\/wp-json\/wp\/v2\/pages\/601\/revisions\/24545"}],"up":[{"embeddable":true,"href":"https:\/\/metropolevsech.eu\/cs\/wp-json\/wp\/v2\/pages\/772"}],"wp:attachment":[{"href":"https:\/\/metropolevsech.eu\/cs\/wp-json\/wp\/v2\/media?parent=601"}],"curies":[{"name":"wp","href":"https:\/\/api.w.org\/{rel}","templated":true}]}}