{"id":616,"date":"2017-01-01T12:06:12","date_gmt":"2017-01-01T11:06:12","guid":{"rendered":"https:\/\/metropolevsech.eu\/?page_id=616"},"modified":"2026-01-23T17:51:01","modified_gmt":"2026-01-23T16:51:01","slug":"jednotne-kontaktni-misto","status":"publish","type":"page","link":"https:\/\/metropolevsech.eu\/cs\/potrebuji-resit\/podnikani\/jednotne-kontaktni-misto\/","title":{"rendered":"Jednotn\u00e1 kontaktn\u00ed m\u00edsta"},"content":{"rendered":"<p><em>Jednotn\u00e9 kontaktn\u00ed m\u00edsto (JKM) poskytuje bezplatn\u00e9 informace pot\u0159ebn\u00e9 k zah\u00e1jen\u00ed podnik\u00e1n\u00ed nejen v \u010cesk\u00e9 republice, ale i kdekoliv v Evropsk\u00e9 unii. D\u00e1le tak\u00e9 zprost\u0159edkov\u00e1v\u00e1 kontakt na p\u0159\u00edslu\u0161n\u00fd \u00fa\u0159ad v \u010cR i v EU, kter\u00fd se zab\u00fdv\u00e1 povolov\u00e1n\u00edm konkr\u00e9tn\u00ed \u010dinnosti. Tak\u00e9 pro v\u00e1s zajist\u00ed p\u0159ed\u00e1n\u00ed \u017e\u00e1dost\u00ed o vy\u0159\u00edzen\u00ed podnikatelsk\u00e9ho opr\u00e1vn\u011bn\u00ed \u010di uzn\u00e1n\u00ed odborn\u00fdch kvalifikac\u00ed p\u0159\u00edslu\u0161n\u00fdm org\u00e1n\u016fm. M\u016f\u017eete tedy vy\u0159\u00eddit v\u0161echny pot\u0159ebn\u00e9 formality pro vstup do podnik\u00e1n\u00ed na jednom m\u00edst\u011b. JKM jsou z\u0159izov\u00e1na st\u00e1tem na z\u00e1klad\u011b <a href=\"https:\/\/www.mpo.cz\/assets\/dokumenty\/31182\/34462\/370481\/priloha001.pdf\">legislativy Evropsk\u00e9 unie.<\/a> Informace, kter\u00e9 poskytuj\u00ed, jsou ov\u011b\u0159en\u00e9 a aktualizovan\u00e9.<\/em><\/p>\n<p>V \u010cesk\u00e9 republice se nach\u00e1z\u00ed patn\u00e1ct Jednotn\u00fdch kontaktn\u00edch m\u00edst. Jejich seznam a kontakty naleznete na webov\u00fdch str\u00e1nk\u00e1ch <a href=\"https:\/\/www.businessinfo.cz\/navody\/adresy-jednotnych-kontaktnich-mist-jkm\/#b14\">BusinessINFO<\/a>.<\/p>\n<div class=\"box-ok\"><i> V Praze se m\u016f\u017eete obr\u00e1tit na dv\u011b JKM, a sice na \u017eivnostensk\u00e9m \u00fa\u0159ad\u011b m\u011bstsk\u00e9 \u010d\u00e1sti Praha 1 a Praha 7.<\/i><\/div>\n<h4><b>\u00da\u0159ad m\u011bstsk\u00e9 \u010d\u00e1sti Praha 1 \u2013 obecn\u00ed \u017eivnostensk\u00fd \u00fa\u0159ad<\/b><\/h4>\n<p><b>adresa:<\/b> Vodi\u010dkova 681\/18, 115 68, Praha 1 \u2013 Nov\u00e9 M\u011bsto<\/p>\n<p><b>telefon:<\/b> + 420 221 097 139, + 420 221 097 394, + 420 221 097 366<\/p>\n<p><b>e-mail: <\/b><a href=\"mailto:jkm@praha1.cz\">jkm@praha1.cz<\/a><\/p>\n<p><b>webov\u00e9 str\u00e1nky: <\/b><a href=\"http:\/\/www.praha1.cz\">www.praha1.cz<\/a><\/p>\n<h4><b>\u00da\u0159ad m\u011bstsk\u00e9 \u010d\u00e1sti Praha 7 \u2013 obecn\u00ed \u017eivnostensk\u00fd \u00fa\u0159ad<\/b><\/h4>\n<p><b>adresa:<\/b> N\u00e1b\u0159e\u017e\u00ed kpt. Jaro\u0161e 1000, 170 00 Praha 7<\/p>\n<p><b>telefon:<\/b> + 420 220 144 164<\/p>\n<p><b>e-mail:<\/b> <a href=\"mailto:jkm@praha7.cz\">jkm@praha7.cz<\/a><\/p>\n<p><b>webov\u00e9 str\u00e1nky: <\/b><a href=\"http:\/\/www.praha7.cz\">www.praha7.cz<\/a><\/p>\n<p><em><div class=\"box-ok\"><strong>Elektronick\u00fd formul\u00e1\u0159<\/strong><\/em><br \/>\n<em>Sv\u00e9 dotazy ohledn\u011b podnik\u00e1n\u00ed v \u010cR a v EU m\u016f\u017eete pokl\u00e1dat tak\u00e9 prost\u0159ednictv\u00edm formul\u00e1\u0159e, kter\u00fd se nach\u00e1z\u00ed na webov\u00fdch str\u00e1nk\u00e1ch <a href=\"http:\/\/www.businessinfo.cz\">BusinessINFO.cz.<\/a> <\/div><\/em><\/p>\n<p>Pro kompletn\u00ed v\u00fd\u010det informac\u00ed a slu\u017eeb JKM nav\u0161tivte webov\u00e9 str\u00e1nky <a href=\"http:\/\/www.businessinfo.cz\">BusinessINFO.cz<\/a>.<\/p>\n<p><em><div class=\"box-ok\"> Na Jednotn\u00e1 kontaktn\u00ed m\u00edsta se m\u016f\u017eete obr\u00e1tit nejen v \u010de\u0161tin\u011b, ale tak\u00e9 i v angli\u010dtin\u011b. <\/div><\/em><\/p>\n<p style=\"text-align: right;\"><em>Posledn\u00ed aktualizace: 4. b\u0159ezen 2025<\/em><\/p>\n<p><\/p>","protected":false},"excerpt":{"rendered":"<p>Jednotn\u00e9 kontaktn\u00ed m\u00edsto (JKM) poskytuje bezplatn\u00e9 informace pot\u0159ebn\u00e9 k zah\u00e1jen\u00ed podnik\u00e1n\u00ed nejen v \u010cesk\u00e9 republice, ale i kdekoliv v Evropsk\u00e9 unii. D\u00e1le tak\u00e9 zprost\u0159edkov\u00e1v\u00e1 kontakt na p\u0159\u00edslu\u0161n\u00fd \u00fa\u0159ad v \u010cR i v EU, kter\u00fd se zab\u00fdv\u00e1 povolov\u00e1n\u00edm konkr\u00e9tn\u00ed \u010dinnosti. Tak\u00e9&#8230;<\/p>\n<a class=\"more-block\" href=\"https:\/\/metropolevsech.eu\/cs\/potrebuji-resit\/podnikani\/jednotne-kontaktni-misto\/\">\u010c\u00edst v\u00edce<\/a>","protected":false},"author":7,"featured_media":0,"parent":603,"menu_order":5,"comment_status":"closed","ping_status":"closed","template":"","meta":[],"acf":[],"_links":{"self":[{"href":"https:\/\/metropolevsech.eu\/cs\/wp-json\/wp\/v2\/pages\/616"}],"collection":[{"href":"https:\/\/metropolevsech.eu\/cs\/wp-json\/wp\/v2\/pages"}],"about":[{"href":"https:\/\/metropolevsech.eu\/cs\/wp-json\/wp\/v2\/types\/page"}],"author":[{"embeddable":true,"href":"https:\/\/metropolevsech.eu\/cs\/wp-json\/wp\/v2\/users\/7"}],"replies":[{"embeddable":true,"href":"https:\/\/metropolevsech.eu\/cs\/wp-json\/wp\/v2\/comments?post=616"}],"version-history":[{"count":11,"href":"https:\/\/metropolevsech.eu\/cs\/wp-json\/wp\/v2\/pages\/616\/revisions"}],"predecessor-version":[{"id":24550,"href":"https:\/\/metropolevsech.eu\/cs\/wp-json\/wp\/v2\/pages\/616\/revisions\/24550"}],"up":[{"embeddable":true,"href":"https:\/\/metropolevsech.eu\/cs\/wp-json\/wp\/v2\/pages\/603"}],"wp:attachment":[{"href":"https:\/\/metropolevsech.eu\/cs\/wp-json\/wp\/v2\/media?parent=616"}],"curies":[{"name":"wp","href":"https:\/\/api.w.org\/{rel}","templated":true}]}}