{"id":619,"date":"2017-01-01T12:07:13","date_gmt":"2017-01-01T11:07:13","guid":{"rendered":"https:\/\/metropolevsech.eu\/?page_id=619"},"modified":"2026-01-23T17:46:00","modified_gmt":"2026-01-23T16:46:00","slug":"zalozeni-obchodni-korporace","status":"publish","type":"page","link":"https:\/\/metropolevsech.eu\/cs\/potrebuji-resit\/podnikani\/zalozeni-obchodni-korporace\/","title":{"rendered":"Podnik\u00e1n\u00ed pr\u00e1vnick\u00fdch osob"},"content":{"rendered":"<p>Chcete si zalo\u017eit vlastn\u00ed firmu? Obchodn\u00edmi korporacemi jsou <strong>obchodn\u00ed spole\u010dnosti<\/strong> a <strong>dru\u017estva<\/strong> (ta se d\u011bl\u00ed na dru\u017estvo a evropskou dru\u017estevn\u00ed spole\u010dnost). Obchodn\u00edmi spole\u010dnostmi jsou:<\/p>\n<ul class=\"bullet\">\n<li>ve\u0159ejn\u00e1 obchodn\u00ed spole\u010dnost,<\/li>\n<li>komanditn\u00ed spole\u010dnost,<\/li>\n<li>spole\u010dnost s ru\u010den\u00edm omezen\u00fdm,<\/li>\n<li>akciov\u00e1 spole\u010dnost,<\/li>\n<li>evropsk\u00e1 spole\u010dnost,<\/li>\n<li>evropsk\u00e9 hospod\u00e1\u0159sk\u00e9 z\u00e1jmov\u00e9 sdru\u017een\u00ed.<\/li>\n<\/ul>\n<p>V\u0161echny spole\u010dnosti a dru\u017estva se povinn\u011b zapisuj\u00ed do <a href=\"http:\/\/www.obchodnirejstrik.cz\">obchodn\u00edho rejst\u0159\u00edku<\/a>, bez tohoto z\u00e1pisu \u017e\u00e1dn\u00e1 spole\u010dnost nevznikne. Je tak pot\u0159eba rozli\u0161it vznik obchodn\u00ed korporace od jej\u00edho zalo\u017een\u00ed, kter\u00e9 cel\u00e9mu procesu z\u00e1pisu p\u0159edch\u00e1z\u00ed.<\/p>\n<div class=\"box-fixa\"><i>Povolen\u00ed k zam\u011bstn\u00e1n\u00ed m\u016f\u017eete jako cizinci pot\u0159ebovat, i kdy\u017e jste spole\u010dn\u00edkem, statut\u00e1rn\u00edm org\u00e1nem nebo \u010dlenem pr\u00e1vnick\u00e9 osoby (obchodn\u00ed spole\u010dnosti), a sice v p\u0159\u00edpad\u011b, kdy je va\u0161\u00ed n\u00e1pln\u00ed pr\u00e1ce pln\u011bn\u00ed \u00fakol\u016f vypl\u00fdvaj\u00edc\u00edch z p\u0159edm\u011btu \u010dinnosti pr\u00e1vnick\u00e9 osoby.<\/i><\/div>\n<p><div class=\"box-ok\"><em>Webov\u00e9 str\u00e1nky <a href=\"https:\/\/www.businessinfo.cz\/navody\/obchodni-korporace-zalozeni-a-vznik-ppbi\/#!&amp;chapter=1\">businessinfo.cz<\/a> velmi podrobn\u011b popisuj\u00ed z\u00e1kladn\u00ed kroky p\u0159i zalo\u017een\u00ed a vzniku obchodn\u00edch spole\u010dnost\u00ed a dru\u017estev a upozor\u0148uj\u00ed na rozd\u00edly p\u0159i jejich zakl\u00e1d\u00e1n\u00ed. Naleznete tam tak\u00e9 dal\u0161\u00ed podrobn\u00e9 pr\u016fvodce podnik\u00e1n\u00edm. <\/em><strong><a href=\"https:\/\/www.businessinfo.cz\/navody\/obchodni-korporace-zalozeni-a-vznik-ppbi\/#!&amp;chapter=1\"><b><em><\/div><\/em><i><\/i><\/b><\/a><\/strong><\/p>\n<p>&nbsp;<\/p>\n<p style=\"text-align: right;\"><em>Posledn\u00ed aktualizace: 4. b\u0159ezen 2025<\/em><\/p>\n<p><\/p>","protected":false},"excerpt":{"rendered":"<p>Chcete si zalo\u017eit vlastn\u00ed firmu? Obchodn\u00edmi korporacemi jsou obchodn\u00ed spole\u010dnosti a dru\u017estva (ta se d\u011bl\u00ed na dru\u017estvo a evropskou dru\u017estevn\u00ed spole\u010dnost). Obchodn\u00edmi spole\u010dnostmi jsou: ve\u0159ejn\u00e1 obchodn\u00ed spole\u010dnost, komanditn\u00ed spole\u010dnost, spole\u010dnost s ru\u010den\u00edm omezen\u00fdm, akciov\u00e1 spole\u010dnost, evropsk\u00e1 spole\u010dnost, evropsk\u00e9 hospod\u00e1\u0159sk\u00e9 z\u00e1jmov\u00e9&#8230;<\/p>\n<a class=\"more-block\" href=\"https:\/\/metropolevsech.eu\/cs\/potrebuji-resit\/podnikani\/zalozeni-obchodni-korporace\/\">\u010c\u00edst v\u00edce<\/a>","protected":false},"author":7,"featured_media":0,"parent":603,"menu_order":3,"comment_status":"closed","ping_status":"closed","template":"","meta":[],"acf":[],"_links":{"self":[{"href":"https:\/\/metropolevsech.eu\/cs\/wp-json\/wp\/v2\/pages\/619"}],"collection":[{"href":"https:\/\/metropolevsech.eu\/cs\/wp-json\/wp\/v2\/pages"}],"about":[{"href":"https:\/\/metropolevsech.eu\/cs\/wp-json\/wp\/v2\/types\/page"}],"author":[{"embeddable":true,"href":"https:\/\/metropolevsech.eu\/cs\/wp-json\/wp\/v2\/users\/7"}],"replies":[{"embeddable":true,"href":"https:\/\/metropolevsech.eu\/cs\/wp-json\/wp\/v2\/comments?post=619"}],"version-history":[{"count":12,"href":"https:\/\/metropolevsech.eu\/cs\/wp-json\/wp\/v2\/pages\/619\/revisions"}],"predecessor-version":[{"id":24549,"href":"https:\/\/metropolevsech.eu\/cs\/wp-json\/wp\/v2\/pages\/619\/revisions\/24549"}],"up":[{"embeddable":true,"href":"https:\/\/metropolevsech.eu\/cs\/wp-json\/wp\/v2\/pages\/603"}],"wp:attachment":[{"href":"https:\/\/metropolevsech.eu\/cs\/wp-json\/wp\/v2\/media?parent=619"}],"curies":[{"name":"wp","href":"https:\/\/api.w.org\/{rel}","templated":true}]}}