{"id":633,"date":"2017-01-01T12:23:07","date_gmt":"2017-01-01T11:23:07","guid":{"rendered":"https:\/\/metropolevsech.eu\/?page_id=633"},"modified":"2026-01-15T09:35:47","modified_gmt":"2026-01-15T08:35:47","slug":"vzdelavani-a-nostrifikace-diplomu","status":"publish","type":"page","link":"https:\/\/metropolevsech.eu\/cs\/potrebuji-resit\/vzdelavani-a-nostrifikace-diplomu\/","title":{"rendered":"Vzd\u011bl\u00e1v\u00e1n\u00ed"},"content":{"rendered":"<p><em>Vzd\u011bl\u00e1v\u00e1n\u00ed m\u00e1 r\u016fzn\u00e9 podoby, se kter\u00fdmi se budete setk\u00e1vat, a\u0165 ji\u017e m\u00e1te d\u011bti, na kter\u00e9 se vztahuje <strong>povinn\u00e1 \u0161koln\u00ed doch\u00e1zka,<\/strong> nebo m\u00e1te z\u00e1jem sami se d\u00e1le vzd\u011bl\u00e1vat. V n\u00e1sleduj\u00edc\u00edch kapitol\u00e1ch <i><span style=\"font-weight: 400;\">webu Praha &#8211; Metropole v\u0161ech <\/span><\/i>z\u00edsk\u00e1te p\u0159ehled o \u010desk\u00e9m vzd\u011bl\u00e1vac\u00edm syst\u00e9mu a r\u016fzn\u00fdch form\u00e1ch vzd\u011bl\u00e1v\u00e1n\u00ed.<\/em><\/p>\n<p><em>Vzd\u011bl\u00e1vac\u00ed syst\u00e9my r\u016fzn\u00fdch zem\u00ed se mezi sebou li\u0161\u00ed. M\u016f\u017ee v\u00e1s proto <i><span style=\"font-weight: 400;\">jako cizince \u017eij\u00edc\u00edho v \u010cesk\u00e9 republice <\/span><\/i>p\u0159ekvapit, \u017ee \u0161kola v n\u011bkter\u00fdch ohledech funguje jinak, ne\u017e jak jste byli zvykl\u00ed v zemi, kde jste do \u0161koly chodili vy. Pro p\u0159\u00edpady, kdy budete \u0159e\u0161it n\u011bjak\u00e9 slo\u017eit\u011bj\u0161\u00ed situace, je mo\u017en\u00e9 obr\u00e1tit se i na organizace poskytuj\u00edc\u00ed odborn\u00e9 poradenstv\u00ed v oblasti vzd\u011bl\u00e1v\u00e1n\u00ed <i><span style=\"font-weight: 400;\">pro cizince<\/span><\/i>. Kontakty naleznete n\u00ed\u017ee.<\/em><\/p>\n<ul class=\"bullet\">\n<li><a href=\"\/\/metropolevsech.eu\/cs\/potrebuji-resit\/vzdelavani-a-nostrifikace-diplomu\/kurzy-ceskeho-jazyka\/\">Kurzy \u010desk\u00e9ho jazyka<\/a><\/li>\n<li><a href=\"\/\/metropolevsech.eu\/cs\/potrebuji-resit\/vzdelavani-a-nostrifikace-diplomu\/vzdelavani-deti\/\">Vzd\u011bl\u00e1v\u00e1n\u00ed d\u011bt\u00ed<\/a><\/li>\n<li><a href=\"\/\/metropolevsech.eu\/cs\/potrebuji-resit\/vzdelavani-a-nostrifikace-diplomu\/vzdelavani-dospelych\/\">Vzd\u011bl\u00e1v\u00e1n\u00ed dosp\u011bl\u00fdch<\/a><\/li>\n<li><a href=\"\/\/metropolevsech.eu\/cs\/potrebuji-resit\/vzdelavani-a-nostrifikace-diplomu\/nostrifikace\/\">Nostrifikace<\/a><\/li>\n<\/ul>\n<p><\/p>","protected":false},"excerpt":{"rendered":"<p>Vzd\u011bl\u00e1v\u00e1n\u00ed m\u00e1 r\u016fzn\u00e9 podoby, se kter\u00fdmi se budete setk\u00e1vat, a\u0165 ji\u017e m\u00e1te d\u011bti, na kter\u00e9 se vztahuje povinn\u00e1 \u0161koln\u00ed doch\u00e1zka, nebo m\u00e1te z\u00e1jem sami se d\u00e1le vzd\u011bl\u00e1vat. V n\u00e1sleduj\u00edc\u00edch kapitol\u00e1ch webu Praha &#8211; Metropole v\u0161ech z\u00edsk\u00e1te p\u0159ehled o \u010desk\u00e9m vzd\u011bl\u00e1vac\u00edm&#8230;<\/p>\n<a class=\"more-block\" href=\"https:\/\/metropolevsech.eu\/cs\/potrebuji-resit\/vzdelavani-a-nostrifikace-diplomu\/\">\u010c\u00edst v\u00edce<\/a>","protected":false},"author":7,"featured_media":2551,"parent":736,"menu_order":6,"comment_status":"closed","ping_status":"closed","template":"","meta":[],"acf":[],"_links":{"self":[{"href":"https:\/\/metropolevsech.eu\/cs\/wp-json\/wp\/v2\/pages\/633"}],"collection":[{"href":"https:\/\/metropolevsech.eu\/cs\/wp-json\/wp\/v2\/pages"}],"about":[{"href":"https:\/\/metropolevsech.eu\/cs\/wp-json\/wp\/v2\/types\/page"}],"author":[{"embeddable":true,"href":"https:\/\/metropolevsech.eu\/cs\/wp-json\/wp\/v2\/users\/7"}],"replies":[{"embeddable":true,"href":"https:\/\/metropolevsech.eu\/cs\/wp-json\/wp\/v2\/comments?post=633"}],"version-history":[{"count":14,"href":"https:\/\/metropolevsech.eu\/cs\/wp-json\/wp\/v2\/pages\/633\/revisions"}],"predecessor-version":[{"id":24449,"href":"https:\/\/metropolevsech.eu\/cs\/wp-json\/wp\/v2\/pages\/633\/revisions\/24449"}],"up":[{"embeddable":true,"href":"https:\/\/metropolevsech.eu\/cs\/wp-json\/wp\/v2\/pages\/736"}],"wp:featuredmedia":[{"embeddable":true,"href":"https:\/\/metropolevsech.eu\/cs\/wp-json\/wp\/v2\/media\/2551"}],"wp:attachment":[{"href":"https:\/\/metropolevsech.eu\/cs\/wp-json\/wp\/v2\/media?parent=633"}],"curies":[{"name":"wp","href":"https:\/\/api.w.org\/{rel}","templated":true}]}}