{"id":638,"date":"2017-01-01T12:27:21","date_gmt":"2017-01-01T11:27:21","guid":{"rendered":"https:\/\/metropolevsech.eu\/?page_id=638"},"modified":"2026-01-27T20:26:01","modified_gmt":"2026-01-27T19:26:01","slug":"vzdelavani-dospelych","status":"publish","type":"page","link":"https:\/\/metropolevsech.eu\/cs\/potrebuji-resit\/vzdelavani-a-nostrifikace-diplomu\/vzdelavani-dospelych\/","title":{"rendered":"Vzd\u011bl\u00e1v\u00e1n\u00ed dosp\u011bl\u00fdch v \u010cR"},"content":{"rendered":"<p>M\u00e1te ukon\u010den\u00e9 st\u0159edo\u0161kolsk\u00e9 vzd\u011bl\u00e1n\u00ed a m\u00e1te z\u00e1jem ve studiu <span style=\"font-weight: 400;\">v \u010cesk\u00e9 republice <\/span>pokra\u010dovat? Vyberte si z nab\u00eddky vysok\u00fdch \u0161kol, nebo vy\u0161\u0161\u00edch odborn\u00fdch \u0161kol.<\/p>\n<p>&nbsp;<\/p>\n<ul class=\"bullet\">\n<li><a href=\"#Vy\u0161\u0161\u00ed odborn\u00e9 \u0161koly\"><strong>Vy\u0161\u0161\u00ed odborn\u00e9 \u0161koly<\/strong><\/a><\/li>\n<li><a href=\"#Univerzity a vysok\u00e9 \u0161koly\"><strong>Univerzity a vysok\u00e9 \u0161koly<\/strong><\/a><\/li>\n<\/ul>\n<p>&nbsp;<\/p>\n<h3><strong>Vy\u0161\u0161\u00ed odborn\u00e9 \u0161koly<\/strong><\/h3>\n<p>Vy\u0161\u0161\u00ed odborn\u00e9 \u0161koly (VO\u0160) <span style=\"font-weight: 400;\">v \u010cR <\/span>poskytuj\u00ed specializovan\u00e9 studium nej\u010dast\u011bji 2\u20133let\u00e9. Absolventi z\u00edsk\u00e1vaj\u00ed titul diplomovan\u00fd specialista (Dis.). Nejedn\u00e1 se o vysoko\u0161kolsk\u00e9 vzd\u011bl\u00e1n\u00ed. Studijn\u00ed obory, kter\u00e9 je mo\u017en\u00e9 na VO\u0160 studovat, jsou nap\u0159\u00edklad soci\u00e1ln\u00ed pedagogika, reklama a um\u011bleck\u00e1 tvorba, zdravotn\u00ed sestra, z\u00e1chran\u00e1\u0159, cestovn\u00ed ruch, grafick\u00fd design a mnoho dal\u0161\u00edch.<\/p>\n<h4><strong>Odkazy:<\/strong><\/h4>\n<ul class=\"bullet-links\">\n<li>Seznam vy\u0161\u0161\u00edch odborn\u00fdch \u0161kol najdete nap\u0159\u00edklad <a href=\"\/\/www.atlasskolstvi.cz\/vyssi-odborne-skoly\">zde<\/a>.<\/li>\n<\/ul>\n<p><strong><div class=\"box-ok\">\u00a0\u00a0 <\/strong><\/p>\n<p>Podm\u00ednky pro p\u0159ijet\u00ed najdete na webov\u00fdch str\u00e1nk\u00e1ch jednotliv\u00fdch \u0161kol.<strong><\/div><\/strong><\/p>\n<p>&nbsp;<\/p>\n<h3><strong>Univerzity a vysok\u00e9 \u0161koly<\/strong><\/h3>\n<p>M\u00e1te z\u00e1jem o studium na vysok\u00e9 \u0161kole <span style=\"font-weight: 400;\">v \u010cesk\u00e9 republice<\/span>? Praha je m\u011bstem s nejv\u011bt\u0161\u00edm po\u010dtem vysok\u00fdch \u0161kol v <span style=\"font-weight: 400;\">\u010cesk\u00e9 <\/span>republice. Ve\u0159ejn\u00fdch, soukrom\u00fdch nebo st\u00e1tn\u00edch vysok\u00fdch \u0161kol je zde n\u011bkolik des\u00edtek a nab\u00edzej\u00ed stovky vzd\u011bl\u00e1vac\u00edch program\u016f. Seznam vysok\u00fdch \u0161kol a vzd\u011bl\u00e1vac\u00edch program\u016f naleznete nap\u0159\u00edklad <a href=\"\/\/www.vysokeskoly.cz\">na tomto webu<\/a> (zde m\u016f\u017eete vyhled\u00e1vat vysok\u00e9 \u0161koly i podle studijn\u00edch sm\u011br\u016f \u010di obor\u016f). Mezi dal\u0161\u00ed vyhled\u00e1vac\u00ed port\u00e1ly pat\u0159\u00ed nap\u0159\u00edklad <a href=\"\/\/www.atlasskolstvi.cz\">www.atlasskolstvi.cz<\/a> nebo <a href=\"\/\/www.msmt.cz\/vzdelavani\/vysoke-skolstvi\/prehled-vysokych-skol-v-cr-3\">web Ministerstva \u0161kolstv\u00ed \u010cR<\/a>.<\/p>\n<p>Studovat m\u016f\u017eete v r\u016fzn\u00fdch form\u00e1ch studia (prezen\u010dn\u00ed, distan\u010dn\u00ed, kombinovan\u00e9 aj.) v bakal\u00e1\u0159sk\u00fdch, magistersk\u00fdch \u010di navazuj\u00edc\u00edch studijn\u00edch programech. Podm\u00ednkou p\u0159ijet\u00ed ke studiu je \u00fasp\u011b\u0161n\u00e9 p\u0159ij\u00edmac\u00ed \u0159\u00edzen\u00ed. Ka\u017ed\u00e1 \u0161kola si stanovuje, jak\u00fdm zp\u016fsobem p\u0159ij\u00edmac\u00ed \u0159\u00edzen\u00ed prob\u00edh\u00e1. V p\u0159\u00edpad\u011b n\u011bkter\u00fdch vysok\u00fdch \u0161kol <span style=\"font-weight: 400;\">v \u010cR <\/span>se jedn\u00e1 o p\u0159ij\u00edmac\u00ed zkou\u0161ky formou test\u016f, \u00fastn\u00edch pohovor\u016f \u010di talentov\u00fdch zkou\u0161ek, pop\u0159\u00edpad\u011b kombinac\u00ed t\u011bchto forem. N\u011bkter\u00e9 vysok\u00e9 \u0161koly p\u0159ij\u00edmaj\u00ed studenty bez p\u0159ij\u00edmac\u00edch zkou\u0161ek, pop\u0159. pouze na z\u00e1klad\u011b v\u00fdsledk\u016f jejich p\u0159edchoz\u00edho studia na st\u0159edn\u00ed \u0161kole.<\/p>\n<p><span style=\"font-weight: 400;\">Cizinci jako\u017eto z<\/span>\u00e1jemci o studium, kte\u0159\u00ed nemaj\u00ed \u010desk\u00e9 st\u00e1tn\u00ed ob\u010danstv\u00ed, pop\u0159\u00edpad\u011b neslo\u017eili maturitn\u00ed zkou\u0161ku z \u010de\u0161tiny, musej\u00ed v n\u011bkter\u00fdch p\u0159\u00edpadech v r\u00e1mci p\u0159ij\u00edmac\u00edho \u0159\u00edzen\u00ed t\u00e9\u017e slo\u017eit <strong>zkou\u0161ku z \u010desk\u00e9ho jazyka<\/strong>. Podm\u00edny p\u0159ij\u00edmac\u00edch zkou\u0161ek <span style=\"font-weight: 400;\">pro cizince <\/span>si v\u017edy ov\u011b\u0159te na webov\u00fdch str\u00e1nk\u00e1ch dan\u00e9 V\u0160\/fakulty\/katedry, pop\u0159. na p\u0159\u00edslu\u0161n\u00e9m studijn\u00edm odd\u011blen\u00ed.<\/p>\n<p>V p\u0159\u00edpad\u011b, \u017ee je pro v\u00e1s syst\u00e9m vysok\u00fdch \u0161kol <span style=\"font-weight: 400;\">v \u010cR\u00a0<\/span>nesrozumiteln\u00fd, m\u016f\u017eete si domluvit konzultaci <a href=\"https:\/\/metropolevsech.eu\/cs\/sluzby-pro-migranty\/integracni-centrum-praha\/\"><span style=\"font-weight: 400;\">v Integra\u010dn\u00ed centru Praha <\/span><\/a><span style=\"font-weight: 400;\">nebo <\/span><a href=\"https:\/\/metropolevsech.eu\/cs\/sluzby-pro-migranty\/nevladni-neziskove-organizace\/\"><span style=\"font-weight: 400;\">v n\u011bkter\u00e9 z organizac\u00ed, kter\u00e9 se v\u011bnuj\u00ed integraci migrant\u016f v oblasti vzd\u011bl\u00e1v\u00e1n\u00ed<\/span><\/a>\u00a0(nap\u0159. META, o. p. s.).<\/p>\n<div class=\"box-fixa\"><\/p>\n<p>Jednou z d\u016fle\u017eit\u00fdch n\u00e1le\u017eitost\u00ed p\u0159ihl\u00e1\u0161ky ke studiu na vysok\u00e9 \u0161kole je nostrifikace dokladu o ukon\u010den\u00e9m st\u0159edo\u0161kolsk\u00e9m vzd\u011bl\u00e1n\u00ed (pokud toto vzd\u011bl\u00e1n\u00ed bylo dosa\u017eeno v jin\u00e9m st\u00e1t\u011b ne\u017e v \u010cesk\u00e9 republice). V\u00edce informac\u00ed o nostrifikac\u00edch se dozv\u00edte v n\u00e1sleduj\u00edc\u00ed kapitole. Pokud jste st\u0159edo\u0161kolsk\u00e9 vzd\u011bl\u00e1n\u00ed z\u00edskali na \u010desk\u00e9 \u0161kole, p\u0159ikl\u00e1d\u00e1te maturitn\u00ed vysv\u011bd\u010den\u00ed a nostrifikaci nepot\u0159ebujete.<\/div>\n<p style=\"text-align: right;\"><em>Posledn\u00ed aktualizace: 4. b\u0159ezen 2025<\/em><\/p>\n<p><\/p>","protected":false},"excerpt":{"rendered":"<p>M\u00e1te ukon\u010den\u00e9 st\u0159edo\u0161kolsk\u00e9 vzd\u011bl\u00e1n\u00ed a m\u00e1te z\u00e1jem ve studiu v \u010cesk\u00e9 republice pokra\u010dovat? Vyberte si z nab\u00eddky vysok\u00fdch \u0161kol, nebo vy\u0161\u0161\u00edch odborn\u00fdch \u0161kol. &nbsp; Vy\u0161\u0161\u00ed odborn\u00e9 \u0161koly Univerzity a vysok\u00e9 \u0161koly &nbsp; Vy\u0161\u0161\u00ed odborn\u00e9 \u0161koly Vy\u0161\u0161\u00ed odborn\u00e9 \u0161koly (VO\u0160) v&#8230;<\/p>\n<a class=\"more-block\" href=\"https:\/\/metropolevsech.eu\/cs\/potrebuji-resit\/vzdelavani-a-nostrifikace-diplomu\/vzdelavani-dospelych\/\">\u010c\u00edst v\u00edce<\/a>","protected":false},"author":7,"featured_media":7863,"parent":633,"menu_order":2,"comment_status":"closed","ping_status":"closed","template":"","meta":[],"acf":[],"_links":{"self":[{"href":"https:\/\/metropolevsech.eu\/cs\/wp-json\/wp\/v2\/pages\/638"}],"collection":[{"href":"https:\/\/metropolevsech.eu\/cs\/wp-json\/wp\/v2\/pages"}],"about":[{"href":"https:\/\/metropolevsech.eu\/cs\/wp-json\/wp\/v2\/types\/page"}],"author":[{"embeddable":true,"href":"https:\/\/metropolevsech.eu\/cs\/wp-json\/wp\/v2\/users\/7"}],"replies":[{"embeddable":true,"href":"https:\/\/metropolevsech.eu\/cs\/wp-json\/wp\/v2\/comments?post=638"}],"version-history":[{"count":9,"href":"https:\/\/metropolevsech.eu\/cs\/wp-json\/wp\/v2\/pages\/638\/revisions"}],"predecessor-version":[{"id":24740,"href":"https:\/\/metropolevsech.eu\/cs\/wp-json\/wp\/v2\/pages\/638\/revisions\/24740"}],"up":[{"embeddable":true,"href":"https:\/\/metropolevsech.eu\/cs\/wp-json\/wp\/v2\/pages\/633"}],"wp:featuredmedia":[{"embeddable":true,"href":"https:\/\/metropolevsech.eu\/cs\/wp-json\/wp\/v2\/media\/7863"}],"wp:attachment":[{"href":"https:\/\/metropolevsech.eu\/cs\/wp-json\/wp\/v2\/media?parent=638"}],"curies":[{"name":"wp","href":"https:\/\/api.w.org\/{rel}","templated":true}]}}