{"id":640,"date":"2017-01-01T12:28:02","date_gmt":"2017-01-01T11:28:02","guid":{"rendered":"https:\/\/metropolevsech.eu\/?page_id=640"},"modified":"2026-01-27T20:27:50","modified_gmt":"2026-01-27T19:27:50","slug":"nostrifikace","status":"publish","type":"page","link":"https:\/\/metropolevsech.eu\/cs\/potrebuji-resit\/vzdelavani-a-nostrifikace-diplomu\/nostrifikace\/","title":{"rendered":"Nostrifikace &#8211; uzn\u00e1n\u00ed vzd\u011bl\u00e1n\u00ed"},"content":{"rendered":"<p><i>Zde se dozv\u00edte jak si nechat v \u010cR uznat vzd\u011bl\u00e1n\u00ed ze zahrani\u010d\u00ed (tzv. <\/i><b><i>nostrifikace<\/i><\/b><i>). Konkr\u00e9tn\u011b z\u00edsk\u00e1te p\u0159ehled, jak uznat z\u00e1kladn\u00ed, st\u0159edn\u00ed a vysoko\u0161kolsk\u00e9 vzd\u011bl\u00e1n\u00ed a kde nostrifikaci vy\u0159\u00eddit. C\u00edlem je usnadnit orientaci v tomto procesu, pokud chcete v \u010cR studovat, nebo pot\u0159ebujete ov\u011b\u0159en\u00ed pro pr\u00e1ci \u010di podnik\u00e1n\u00ed.<\/i><\/p>\n<ul class=\"bullet\">\n<li><a href=\"#nostrifikace-zakladni-informace\">Nostrifikace &#8211; z\u00e1kladn\u00ed informace<\/a><\/li>\n<li><a href=\"#kde-nostrifikaci-vyridit\">Kde nostrifikaci vy\u0159\u00eddit<\/a><\/li>\n<li><a href=\"#uznavani-zakladniho-stredniho-a-vyssiho-odborneho-vzdelani\">Uzn\u00e1v\u00e1n\u00ed z\u00e1kladn\u00edho, st\u0159edn\u00edho a vy\u0161\u0161\u00edho odborn\u00e9ho vzd\u011bl\u00e1n\u00ed<\/a><\/li>\n<li><a href=\"#uznavani-vysokoskolskeho-vzdelani\">Uzn\u00e1v\u00e1n\u00ed vysoko\u0161kolsk\u00e9ho vzd\u011bl\u00e1n\u00ed<\/a><\/li>\n<\/ul>\n<p><div class=\"box-ok\">St\u00e1hn\u011bte si dvojjazy\u010dn\u00e9 komunika\u010dn\u00ed karty na microsite<a href=\"https:\/\/newinprague.cz\/komunikacni-karty\"> V Praze jsme doma<\/a> <b>zam\u011b\u0159en\u00e9 p\u0159\u00edmo na t\u00e9ma nostrifikace<\/b>. Tyto karty v\u00e1m usnadn\u00ed komunikaci s \u00fa\u0159ady a institucemi. Obsahuj\u00ed nejpou\u017e\u00edvan\u011bj\u0161\u00ed komunika\u010dn\u00ed fr\u00e1ze a slovn\u00edk d\u016fle\u017eit\u00fdch pojm\u016f v t\u011bchto jazykov\u00fdch kombinac\u00edch: anglicko-\u010desk\u00e9, ukrajinsko-\u010desk\u00e9, rusko-\u010desk\u00e9 a vietnamsko-\u010desk\u00e9.<b><\/div><\/b><\/p>\n<h3 id=\"nostrifikace-zakladni-informace\">Nostrifikace &#8211; z\u00e1kladn\u00ed informace<\/h3>\n<p>Nostrifikace je \u00fa\u0159edn\u00ed proces\u00a0 uzn\u00e1n\u00ed platnosti \u010di rovnocennosti doklad\u016f o vzd\u011bl\u00e1n\u00ed dosa\u017een\u00e9m na \u00fazem\u00ed jin\u00e9ho st\u00e1tu ne\u017e v \u010cesk\u00e9 republice. Toto uzn\u00e1n\u00ed doklad\u016f je \u010dasto podm\u00ednkou pro pokra\u010dov\u00e1n\u00ed ve studiu na n\u011bkter\u00e9 z \u010desk\u00fdch \u0161kol nebo p\u0159i hled\u00e1n\u00ed pr\u00e1ce \u010di zah\u00e1jen\u00ed podnik\u00e1n\u00ed. <strong>Nostrifikac\u00ed z\u00edsk\u00e1te potvrzen\u00ed, \u017ee va\u0161e vzd\u011bl\u00e1n\u00ed je na stejn\u00e9 \u00farovni, jako kdybyste studovali obdobnou \u0161kolu v \u010cesk\u00e9 republice.<\/strong> Jedn\u00e1 se o tzv. akademick\u00e9 uzn\u00e1v\u00e1n\u00ed \u010d\u00e1sti studia, vysv\u011bd\u010den\u00ed, nebo diplomu.<\/p>\n<div class=\"box-fixa\"><b>Nostrifikace nen\u00ed profesn\u00ed uzn\u00e1v\u00e1n\u00ed!<\/b><\/p>\n<p><b>Profesn\u00ed uzn\u00e1v\u00e1n\u00ed je uzn\u00e1v\u00e1n\u00ed va\u0161\u00ed odborn\u00e9 kvalifikace.<\/b>\u00a0 T\u00fdk\u00e1 situace, kdy chcete <b>pracovat nebo podnikat v \u010cesku<\/b> a va\u0161e profese je <b>regulovan\u00e1<\/b> (nap\u0159. l\u00e9ka\u0159, u\u010ditel, in\u017een\u00fdr nebo advok\u00e1t). To znamen\u00e1, \u017ee mus\u00edte splnit ur\u010dit\u00e9 podm\u00ednky \u2013 nap\u0159. m\u00edt pot\u0159ebn\u00e9 vzd\u011bl\u00e1n\u00ed, praxi nebo zdravotn\u00ed zp\u016fsobilost. \u010casto je vy\u017eadov\u00e1no nejen vysv\u011bd\u010den\u00ed nebo diplom, ale tak\u00e9 spln\u011bn\u00ed dal\u0161\u00edch podm\u00ednek nap\u0159. <b>doklad o praxi<\/b> nebo jin\u00e9 potvrzen\u00ed. C\u00edlem je zjistit, zda m\u00e1te dostate\u010dn\u00e9 znalosti a dovednosti k v\u00fdkonu dan\u00e9 profese. Seznam regulovan\u00fdch povol\u00e1n\u00ed naleznete na <a href=\"https:\/\/uok.msmt.cz\/uok\/ru_list.php\">webu Ministerstva \u0161kolstv\u00ed, ml\u00e1de\u017ee a t\u011blov\u00fdchovy<\/a>.<\/p>\n<p>V\u00edce informac\u00ed k uzn\u00e1n\u00ed odborn\u00e9 kvalifikace z jin\u00e9ho <b>\u010dlensk\u00e9ho st\u00e1tu Evropsk\u00e9 unie<\/b>, <b>Evropsk\u00e9ho hospod\u00e1\u0159sk\u00e9ho prostoru <\/b>(Norsko, Island, Lichten\u0161tejnsko) nebo <b>\u0160v\u00fdcarska <\/b>naleznete na <a href=\"https:\/\/portal.gov.cz\/sluzby-vs\/uznani-odborne-kvalifikace-pro-vykon-regulovane-cinnosti-S4384\">Port\u00e1lu ob\u010dana<\/a>. <\/div>\n<h3 id=\"kde-nostrifikaci-vyridit\">Kde nostrifikaci vy\u0159\u00eddit<\/h3>\n<p>Nostrifikace prob\u00edhaj\u00ed r\u016fzn\u00fdm zp\u016fsobem. Doklady o dosa\u017een\u00ed z\u00e1kladn\u00edho, st\u0159edn\u00edho a vy\u0161\u0161\u00edho odborn\u00e9ho vzd\u011bl\u00e1n\u00ed zaji\u0161\u0165uje <strong>odbor \u0161kolstv\u00ed p\u0159\u00edslu\u0161n\u00e9ho krajsk\u00e9ho \u00fa\u0159adu<\/strong>. V Praze se jedn\u00e1 o <strong><a href=\"https:\/\/praha.eu\/uznavani-rovnocennosti-a-nostrifikace-vysvedceni-vydanych-zahranicnimi-skolami\">odbor \u0161kolstv\u00ed, ml\u00e1de\u017ee a sportu Magistr\u00e1tu hl. m\u011bsta Prahy<\/a><\/strong>. V p\u0159\u00edpad\u011b vysoko\u0161kolsk\u00e9ho vzd\u011bl\u00e1n\u00ed se pak \u017e\u00e1dost o uzn\u00e1n\u00ed vysoko\u0161kolsk\u00e9ho diplomu pod\u00e1v\u00e1 <b>p\u0159\u00edmo na vysokou \u0161kolu<\/b>, kter\u00e1 nab\u00edz\u00ed stejn\u00fd nebo obdobn\u00fd studijn\u00ed program.<\/p>\n<p><div class=\"box-fixa\"><b>Legalizace (ov\u011b\u0159en\u00ed) doklad\u016f o vzd\u011bl\u00e1n\u00ed<\/b><\/p>\n<p>Podle v\u00fdkladu Ministerstva \u0161kolstv\u00ed (M\u0160MT) z dubna 2025 mus\u00ed v\u0161ichni pro \u00fa\u010dely nostrifikace <b>povinn\u011b nechat ov\u011b\u0159it pravost podpis\u016f a raz\u00edtek<\/b> na sv\u00fdch zahrani\u010dn\u00edch dokladech o vzd\u011bl\u00e1n\u00ed (nap\u0159. vysv\u011bd\u010den\u00ed, diplom). Jin\u00fdmi slovy <b>je vy\u017eadov\u00e1n<\/b> <b>vy\u0161\u0161\u00ed stupe\u0148 ov\u011b\u0159en\u00ed va\u0161\u00ed ve\u0159ejn\u00e9 listiny pro \u00fa\u010dely jej\u00edho pou\u017eit\u00ed<\/b> v \u010cR a prokazuje se jimi skute\u010dnost, \u017ee listinu vydal nebo ov\u011b\u0159il v r\u00e1mci sv\u00e9 pravomoci a p\u016fsobnosti p\u0159\u00edslu\u0161n\u00fd \u00fa\u0159ad (uveden\u00fd na listin\u011b), anebo p\u0159ed n\u00edm byla podeps\u00e1na. <b>Jak\u00fd typ ov\u011b\u0159en\u00ed pot\u0159ebujete, z\u00e1vis\u00ed na zemi, kde byl v\u00e1\u0161 dokument vyd\u00e1n.\u00a0<\/b><\/p>\n<p>To znamen\u00e1, \u017ee mus\u00edte m\u00edt:<\/p>\n<ul class=\"bullet\">\n<li><b>apostilu<\/b> \u2013 speci\u00e1ln\u00ed raz\u00edtko v p\u0159\u00edpad\u011b, \u017ee st\u00e1t p\u016fvodu dokumentu je smluvn\u00ed stranou haagsk\u00e9 \u00damluvy o zru\u0161en\u00ed po\u017eadavku ov\u011b\u0159ov\u00e1n\u00ed ciz\u00edch ve\u0159ejn\u00fdch listin (tzv. \u00damluva o apostile), Seznam st\u00e1t\u016f v anglick\u00e9m jazyce lze naj\u00edt <a href=\"https:\/\/www.hcch.net\/en\/instruments\/conventions\/status-table\/?cid=41\">zde<\/a>.<\/li>\n<li><b>superlegalizaci<\/b> \u2013 ov\u011b\u0159en\u00ed dokladu <b>ministerstvem zahrani\u010d\u00ed<\/b> zem\u011b (kter\u00e1 dokument vydala) a pot\u00e9 <b>\u010desk\u00fdm zastupitelsk\u00fdm \u00fa\u0159adem<\/b> (velvyslanectv\u00edm nebo konzul\u00e1tem). <\/div><\/li>\n<\/ul>\n<h3 id=\"uznavani-zakladniho-stredniho-a-vyssiho-odborneho-vzdelani\">Uzn\u00e1v\u00e1n\u00ed z\u00e1kladn\u00edho, st\u0159edn\u00edho a vy\u0161\u0161\u00edho odborn\u00e9ho vzd\u011bl\u00e1n\u00ed<\/h3>\n<p>Pokud si budete vy nebo va\u0161e d\u011bti pod\u00e1vat p\u0159ihl\u00e1\u0161ku na st\u0159edn\u00ed \u010di vysokou \u0161kolu v \u010cR a d\u0159\u00edve jste studovali v zahrani\u010d\u00ed, bude po v\u00e1s dan\u00e1 \u0161kola po\u017eadovat dod\u00e1n\u00ed nostrifikovan\u00e9ho z\u00e1kladn\u00edho nebo st\u0159edn\u00edho vzd\u011bl\u00e1n\u00ed. Stejn\u011b tak toto uzn\u00e1n\u00ed m\u016f\u017eete pot\u0159ebovat pro hled\u00e1n\u00ed pr\u00e1ce \u010di podnik\u00e1n\u00ed. Pro uzn\u00e1n\u00ed doklad\u016f o dosa\u017een\u00e9m vzd\u011bl\u00e1n\u00ed si budete muset podat \u017e\u00e1dost na <a href=\"https:\/\/praha.eu\/w\/uznavani-rovnocennosti-a-nostrifikace-vysvedceni-vydanych-zahranicnimi-skolami\"><b>odboru \u0161kolstv\u00ed a ml\u00e1de\u017ee Magistr\u00e1tu hl. m. Prahy<\/b><\/a> (Jungmannova 35\/29, 111 21 Praha 1).<\/p>\n<h4><b>Uzn\u00e1n\u00ed rovnocennosti<\/b><\/h4>\n<p>Pokud m\u00e1 \u010cesk\u00e1 republika se zem\u00ed, kter\u00e1 va\u0161e doklady vydala, <b>uzav\u0159enou mezin\u00e1rodn\u00ed smlouvu o uzn\u00e1v\u00e1n\u00ed rovnocennosti doklad\u016f<\/b> o vzd\u011bl\u00e1v\u00e1n\u00ed, va\u0161e vysv\u011bd\u010den\u00ed se <b>uzn\u00e1 automaticky<\/b> \u2013 bez nostrifikace. Sta\u010d\u00ed si pouze po\u017e\u00e1dat o\u00a0 <b>osv\u011bd\u010den\u00ed o rovnocennosti zahrani\u010dn\u00edho vysv\u011bd\u010den\u00ed<\/b> MHMP.<\/p>\n<p>V\u00edce informac\u00ed naleznete na <a href=\"https:\/\/portal.gov.cz\/sluzby-vs\/osvedceni-o-rovnocennosti-zahranicniho-vzdelani-S5865\">Port\u00e1lu ob\u010dana<\/a>.<\/p>\n<h4><b>Nostrifikace<\/b><\/h4>\n<p>Jestli\u017ee zem\u011b, kde byl v\u00e1\u0161 doklad vyd\u00e1n, nem\u00e1 uzav\u0159enou p\u0159\u00edslu\u0161nou smlouvu, je t\u0159eba si po\u017e\u00e1dat o <b>nostrifikaci uzn\u00e1n\u00ed platnosti zahrani\u010dn\u00edho vysv\u011bd\u010den\u00ed<\/b>.<\/p>\n<p>Uzn\u00e1n\u00ed rovnocennosti i nostrifikace\u00a0 jsou zpoplatn\u011bn\u00e9 spr\u00e1vn\u00edm poplatkem ve v\u00fd\u0161i 3 000 K\u010d. V n\u011bkter\u00fdch p\u0159\u00edpadech m\u016f\u017ee b\u00fdt p\u0159edeps\u00e1na jako jedna z podm\u00ednek t\u00e9\u017e <b>nostrifika\u010dn\u00ed zkou\u0161ka<\/b>, tj. p\u0159ezkou\u0161en\u00ed ze znalosti vybran\u00fdch p\u0159edm\u011bt\u016f.<\/p>\n<p>Podrobn\u00e9 informace o uzn\u00e1v\u00e1n\u00ed doklad\u016f o zahrani\u010dn\u00edm vzd\u011bl\u00e1n\u00ed a kontakty na p\u0159\u00edslu\u0161n\u00e9 \u00fa\u0159edn\u00edky najdete na <a href=\"https:\/\/praha.eu\/w\/uznavani-rovnocennosti-a-nostrifikace-vysvedceni-vydanych-zahranicnimi-skolami\">webov\u00fdch str\u00e1nk\u00e1ch odboru \u0161kolstv\u00ed a ml\u00e1de\u017ee Magistr\u00e1tu hl. m. Prahy<\/a>.<\/p>\n<div class=\"box-fixa\">Na \u00fazem\u00ed Prahy p\u016fsob\u00ed zprost\u0159edkovatel\u00e9, kte\u0159\u00ed v\u00e1m mohou nab\u00edzet zaji\u0161t\u011bn\u00ed nostrifikace za vysok\u00e9 \u010d\u00e1stky. Bu\u010fte v t\u011bchto p\u0159\u00edpadech opatrn\u00ed, nebo\u0165 v n\u011bkter\u00fdch p\u0159\u00edpadech se jedn\u00e1 o <b>podvodn\u00e9 jedn\u00e1n\u00ed<\/b> (vyd\u00e1v\u00e1n\u00ed fale\u0161n\u00fdch dokument\u016f o uzn\u00e1n\u00ed vzd\u011bl\u00e1n\u00ed).<\/p>\n<p><strong>Pokud se pot\u0159ebujete poradit<\/strong> ohledn\u011b postupu p\u0159i pod\u00e1v\u00e1n\u00ed \u017e\u00e1dosti \u010di p\u0159\u00edpravy na nostrifika\u010dn\u00ed zkou\u0161ky, <strong>m\u016f\u017eete se obr\u00e1tit na odborn\u00e9 pracovn\u00edky <\/strong><strong><a href=\"https:\/\/metropolevsech.eu\/cs\/sluzby-pro-migranty\/integracni-centrum-praha\/\">Integra\u010dn\u00edho centra Praha <\/a>nebo <a href=\"https:\/\/metropolevsech.eu\/cs\/sluzby-pro-migranty\/nevladni-neziskove-organizace\/\">\u00a0n\u011bkter\u00fdch z organizac\u00ed, kter\u00e9 se v\u011bnuj\u00ed integraci migrant\u016f v oblasti vzd\u011bl\u00e1v\u00e1n\u00ed<\/a><\/strong>. <\/div>\n<h3 id=\"uznavani-vysokoskolskeho-vzdelani\"><b>Uzn\u00e1v\u00e1n\u00ed vysoko\u0161kolsk\u00e9ho vzd\u011bl\u00e1n\u00ed<\/b><\/h3>\n<p>Vystudovali jste vysokou \u0161kolu v zahrani\u010d\u00ed? Podobn\u011b jako v p\u0159edchoz\u00edm p\u0159\u00edpad\u011b si m\u016f\u017eete za\u017e\u00e1dat o uzn\u00e1n\u00ed rovnocennosti \u010di platnosti sv\u00e9ho diplomu. Toto potvrzen\u00ed m\u016f\u017ee po\u017eadovat v\u00e1\u0161 budouc\u00ed zam\u011bstnavatel nebo ho m\u016f\u017eete pot\u0159ebovat pro podnik\u00e1n\u00ed.<\/p>\n<p>Na rozd\u00edl od doklad\u016f o z\u00e1kladn\u00edm a st\u0159edn\u00edm vzd\u011bl\u00e1n\u00ed neov\u011b\u0159uje vysoko\u0161kolsk\u00e9 diplomy krajsk\u00fd \u00fa\u0159ad, ale <b>univerzita \/ vysok\u00e1 \u0161kola, kter\u00e1 nab\u00edz\u00ed stejn\u00fd, \u010di obdobn\u00fd studijn\u00ed program<\/b>. Nap\u0159. pokud jste studovali ekonomii, m\u016f\u017eete se se \u017e\u00e1dost\u00ed o uzn\u00e1n\u00ed dokladu o dosa\u017een\u00e9m vysoko\u0161kolsk\u00e9m vzd\u011bl\u00e1n\u00ed obr\u00e1tit na Vysokou \u0161kolu ekonomickou v Praze.<\/p>\n<div class=\"box-ok\"> Na webu Ministerstva \u0161kolstv\u00ed, ml\u00e1de\u017ee a t\u011blov\u00fdchovy naleznete <a href=\"https:\/\/regvssp.msmt.cz\/registrvssp\/cvssp.aspx\">registr vysok\u00fdch \u0161kol a uskute\u010d\u0148ovan\u00fdch studijn\u00edch program\u016f<\/a> (v \u010desk\u00e9m jazyce), ve kter\u00e9m m\u016f\u017eete vyhledat sv\u016fj studijn\u00ed obor. <\/div>\n<div class=\"box-fixa\">Zvl\u00e1\u0161tn\u00ed informace pro \u017eadatele o nostrifikaci z Ukrajiny naleznete tak\u00e9 <a href=\"https:\/\/msmt.gov.cz\/vzdelavani\/vysoke-skolstvi\/zvlastni-informace-pro-zadatele-o-nostrifikaci-z-ukrajiny\">na webu M\u0160MT<\/a>. <\/div>\n<p><strong>Informace o postupu a formul\u00e1\u0159e \u017e\u00e1dost\u00ed zpravidla najdete na webov\u00fdch str\u00e1nk\u00e1ch jednotliv\u00fdch vysok\u00fdch \u0161kol<\/strong>. S dotazy se t\u00e9\u017e m\u016f\u017eete obracet na studijn\u00ed odd\u011blen\u00ed nebo sekretari\u00e1t p\u0159\u00edslu\u0161n\u00e9 vysok\u00e9 \u0161koly.<\/p>\n<p>Uzn\u00e1n\u00ed vysoko\u0161kolsk\u00e9ho vzd\u011bl\u00e1n\u00ed <strong>je zpoplatn\u011bno<\/strong> \u2013 v\u00fd\u0161e poplatku je 3 000 K\u010d.<\/p>\n<p>Jestli\u017ee pro va\u0161e vzd\u011bl\u00e1n\u00ed nenajdete odpov\u00eddaj\u00edc\u00ed studijn\u00ed program v nab\u00eddce \u010desk\u00fdch vysok\u00fdch \u0161kol, m\u016f\u017eete se s \u017e\u00e1dost\u00ed o uzn\u00e1n\u00ed obr\u00e1tit p\u0159\u00edmo na Ministerstvo \u0161kolstv\u00ed, ml\u00e1de\u017ee a t\u011blov\u00fdchovy. Podrobn\u00e9 informace najdete <a href=\"https:\/\/www.msmt.cz\/vzdelavani\/vysoke-skolstvi\/nostrifikace\">na webu M\u0160MT<\/a>.<\/p>\n<div class=\"box-ok\">V p\u0159\u00edpad\u011b, \u017ee pot\u0159ebujete s procesem uzn\u00e1n\u00ed sv\u00e9ho vysoko\u0161kolsk\u00e9ho diplomu poradit, obra\u0165te se na pracovn\u00edky <a href=\"https:\/\/metropolevsech.eu\/cs\/sluzby-pro-migranty\/integracni-centrum-praha\/\">Integra\u010dn\u00edho centra Praha <\/a>nebo <a href=\"https:\/\/metropolevsech.eu\/cs\/sluzby-pro-migranty\/nevladni-neziskove-organizace\/\">nevl\u00e1dn\u00edch neziskov\u00fdch organizac\u00ed poskytuj\u00edc\u00edch poradenstv\u00ed<\/a>. <\/div>\n<p style=\"text-align: right;\"><em>Posledn\u00ed aktualizace: 4. b\u0159ezen 2025<\/em><\/p>\n<p><\/p>","protected":false},"excerpt":{"rendered":"<p>Zde se dozv\u00edte jak si nechat v \u010cR uznat vzd\u011bl\u00e1n\u00ed ze zahrani\u010d\u00ed (tzv. nostrifikace). Konkr\u00e9tn\u011b z\u00edsk\u00e1te p\u0159ehled, jak uznat z\u00e1kladn\u00ed, st\u0159edn\u00ed a vysoko\u0161kolsk\u00e9 vzd\u011bl\u00e1n\u00ed a kde nostrifikaci vy\u0159\u00eddit. C\u00edlem je usnadnit orientaci v tomto procesu, pokud chcete v \u010cR studovat,&#8230;<\/p>\n<a class=\"more-block\" href=\"https:\/\/metropolevsech.eu\/cs\/potrebuji-resit\/vzdelavani-a-nostrifikace-diplomu\/nostrifikace\/\">\u010c\u00edst v\u00edce<\/a>","protected":false},"author":7,"featured_media":7863,"parent":633,"menu_order":3,"comment_status":"closed","ping_status":"closed","template":"","meta":[],"acf":[],"_links":{"self":[{"href":"https:\/\/metropolevsech.eu\/cs\/wp-json\/wp\/v2\/pages\/640"}],"collection":[{"href":"https:\/\/metropolevsech.eu\/cs\/wp-json\/wp\/v2\/pages"}],"about":[{"href":"https:\/\/metropolevsech.eu\/cs\/wp-json\/wp\/v2\/types\/page"}],"author":[{"embeddable":true,"href":"https:\/\/metropolevsech.eu\/cs\/wp-json\/wp\/v2\/users\/7"}],"replies":[{"embeddable":true,"href":"https:\/\/metropolevsech.eu\/cs\/wp-json\/wp\/v2\/comments?post=640"}],"version-history":[{"count":48,"href":"https:\/\/metropolevsech.eu\/cs\/wp-json\/wp\/v2\/pages\/640\/revisions"}],"predecessor-version":[{"id":24741,"href":"https:\/\/metropolevsech.eu\/cs\/wp-json\/wp\/v2\/pages\/640\/revisions\/24741"}],"up":[{"embeddable":true,"href":"https:\/\/metropolevsech.eu\/cs\/wp-json\/wp\/v2\/pages\/633"}],"wp:featuredmedia":[{"embeddable":true,"href":"https:\/\/metropolevsech.eu\/cs\/wp-json\/wp\/v2\/media\/7863"}],"wp:attachment":[{"href":"https:\/\/metropolevsech.eu\/cs\/wp-json\/wp\/v2\/media?parent=640"}],"curies":[{"name":"wp","href":"https:\/\/api.w.org\/{rel}","templated":true}]}}