{"id":642,"date":"2017-01-01T12:35:30","date_gmt":"2017-01-01T11:35:30","guid":{"rendered":"https:\/\/metropolevsech.eu\/?page_id=642"},"modified":"2026-01-15T08:30:14","modified_gmt":"2026-01-15T07:30:14","slug":"zdravotnictvi-zdravotni-a-socialni-pojisteni","status":"publish","type":"page","link":"https:\/\/metropolevsech.eu\/cs\/potrebuji-resit\/zdravotnictvi-zdravotni-a-socialni-pojisteni\/","title":{"rendered":"Zdravotnictv\u00ed"},"content":{"rendered":"<p><em>\u0158\u00e1dky n\u00ed\u017ee na <i><span style=\"font-weight: 400;\">webu Praha \u2013 Metropole v\u0161ech <\/span><\/i>p\u0159in\u00e1\u0161ej\u00ed <i><span style=\"font-weight: 400;\">migrant\u016fm \u017eij\u00edc\u00edm v \u010cR <\/span><\/i>z\u00e1kladn\u00ed informace o poskytov\u00e1n\u00ed zdravotn\u00ed p\u00e9\u010de v \u010cesk\u00e9 republice, o mo\u017enostech zdravotn\u00edho poji\u0161t\u011bn\u00ed <i><span style=\"font-weight: 400;\">pro cizince<\/span><\/i>, o l\u00e9ka\u0159sk\u00e9 p\u00e9\u010di a pohotovosti a d\u00e1le kontakty na pracovi\u0161t\u011b zam\u011b\u0159en\u00e9 na migranty a jin\u00e9 u\u017eite\u010dn\u00e9 informace.<\/em><\/p>\n<ul class=\"bullet\">\n<li><strong><a href=\"\/\/metropolevsech.eu\/cs\/potrebuji-resit\/zdravotnictvi-zdravotni-a-socialni-pojisteni\/zdravotni-pojisteni\/\">Zdravotn\u00ed poji\u0161t\u011bn\u00ed <b>cizinc\u016f<\/b><\/a><\/strong><\/li>\n<li><strong><a href=\"\/\/metropolevsech.eu\/cs\/potrebuji-resit\/zdravotnictvi-zdravotni-a-socialni-pojisteni\/lekari-a-pohotovost\/\">Syst\u00e9m zdravotn\u00ed p\u00e9\u010de v \u010cR <\/a><\/strong><\/li>\n<\/ul>\n<p style=\"font-weight: 400;\"><strong><a href=\"https:\/\/metropolevsech.eu\/cs\/zdravotni-informace-pro-drzitele-docasne-ochrany\/\">Zdravotn\u00ed informace pro dr\u017eitele do\u010dasn\u00e9 ochrany<\/a><img loading=\"lazy\" class=\"aligncenter size-full wp-image-18613 \" style=\"margin-left: 0.5em; margin-bottom: -0.5em;\" src=\"https:\/\/metropolevsech.eu\/wp-content\/uploads\/2023\/03\/ukrflag.png\" alt=\"\" width=\"25\" height=\"25\" srcset=\"https:\/\/metropolevsech.eu\/wp-content\/uploads\/2023\/03\/ukrflag.png 1200w, https:\/\/metropolevsech.eu\/wp-content\/uploads\/2023\/03\/ukrflag-300x300.png 300w, https:\/\/metropolevsech.eu\/wp-content\/uploads\/2023\/03\/ukrflag-1040x1040.png 1040w, https:\/\/metropolevsech.eu\/wp-content\/uploads\/2023\/03\/ukrflag-150x150.png 150w, https:\/\/metropolevsech.eu\/wp-content\/uploads\/2023\/03\/ukrflag-768x768.png 768w, https:\/\/metropolevsech.eu\/wp-content\/uploads\/2023\/03\/ukrflag-670x670.png 670w, https:\/\/metropolevsech.eu\/wp-content\/uploads\/2023\/03\/ukrflag-109x109.png 109w, https:\/\/metropolevsech.eu\/wp-content\/uploads\/2023\/03\/ukrflag-125x125.png 125w\" sizes=\"(max-width: 25px) 100vw, 25px\" \/><\/strong><\/p>\n<p>&nbsp;<\/p>\n<p>Zdravotn\u00ed p\u00e9\u010de<span style=\"font-weight: 400;\">\u00a0a zdravotn\u00ed syst\u00e9m jsou<\/span> v \u010cR <span style=\"font-weight: 400;\">na velmi vysok\u00e9 \u00farovni. Ka\u017ed\u00fd \u010dlov\u011bk pob\u00fdvaj\u00edc\u00ed v \u010cR (ob\u010dan \u010cR i cizinec) m\u00e1 povinnost platit zdravotn\u00ed poji\u0161t\u011bn\u00ed. Syst\u00e9m je zalo\u017een na b\u00e1zi solidarity. V\u0161ichni poji\u0161t\u011bnci do n\u011bj pravideln\u011b p\u0159isp\u00edvaj\u00ed a kdokoliv z n\u011bj m\u016f\u017ee v p\u0159\u00edpad\u011b pot\u0159eby i \u010derpat. <\/span><span style=\"font-weight: 400;\">Zdravotn\u00ed p\u00e9\u010de ve standardn\u00edm rozsahu je poskytnuta ka\u017ed\u00e9mu poji\u0161t\u011bnci, nad r\u00e1mec standardn\u00edho rozsahu existuj\u00ed doplatky za l\u00e9ka\u0159skou p\u00e9\u010di i l\u00e9ky.\u00a0<\/span><\/p>\n<p><span style=\"font-weight: 400;\">U cizinc\u016f \u017eij\u00edc\u00edch v \u010cR se rozsah poskytovan\u00e9 zdravotn\u00ed p\u00e9\u010de li\u0161\u00ed podle toho, jak\u00fd typ zdravotn\u00edho poji\u0161t\u011bn\u00ed maj\u00ed. Konkr\u00e9tn\u011b mohou m\u00edt cizinci komer\u010dn\u00ed zdravotn\u00ed poji\u0161t\u011bn\u00ed nebo stejn\u011b jako ob\u010dan\u00e9 \u010cR ve\u0159ejn\u00e9 zdravotn\u00ed poji\u0161t\u011bn\u00ed. Obecn\u011b lze \u0159\u00edci, \u017ee ve\u0159ejn\u00e9 zdravotn\u00ed poji\u0161t\u011bn\u00ed pokr\u00fdv\u00e1 v\u011bt\u0161\u00ed rozsah p\u00e9\u010de a je pro cizince v\u00fdhodn\u011bj\u0161\u00ed. Dos\u00e1hne na n\u011bj ka\u017ed\u00fd cizinec p\u0159i z\u00edsk\u00e1n\u00ed trval\u00e9ho pobytu v \u010cesk\u00e9 republice. Podrobnosti <a href=\"\/\/metropolevsech.eu\/cs\/potrebuji-resit\/zdravotnictvi-zdravotni-a-socialni-pojisteni\/zdravotni-pojisteni\/\">viz d\u00e1le<\/a>.<\/span><\/p>\n<p>V\u0161ichni ekonomicky aktivn\u00ed lid\u00e9<span style=\"font-weight: 400;\">\u00a0<\/span>do zdravotn\u00edho syst\u00e9mu odv\u00e1d\u011bj\u00ed <span style=\"font-weight: 400;\">ur\u010dit\u00e1 <\/span>procenta sv\u00e9ho p\u0159\u00edjmu (za zam\u011bstnance odv\u00e1d\u00ed \u010d\u00e1st zam\u011bstnavatel, <span style=\"font-weight: 400;\">podnikatel\u00e9, tedy tzv. <\/span>OSV\u010c, si hrad\u00ed poji\u0161t\u011bn\u00ed samy). Za n\u011bkter\u00e9 skupiny ob\u010dan\u016f odv\u00e1d\u00ed poji\u0161t\u011bn\u00ed st\u00e1t (nap\u0159. za nezaopat\u0159en\u00e9 d\u011bti).<\/p>\n<p>Rozsah zdravotn\u00edch slu\u017eeb hrazen\u00fdch z ve\u0159ejn\u00e9ho zdravotn\u00edho poji\u0161t\u011bn\u00ed naleznete <a href=\"https:\/\/www.mzcr.cz\/zdravotni-pece-hrazena-z-verejneho-zdravotniho-pojisteni\/\">na webov\u00fdch str\u00e1nk\u00e1ch <strong>Ministerstva zdravotnictv\u00ed<\/strong><\/a>, kter\u00e9 je v \u010cesk\u00e9 republice odpov\u011bdn\u00e9 za oblast zdravotn\u00ed p\u00e9\u010de a dal\u0161\u00ed souvisej\u00edc\u00ed ot\u00e1zky, v\u010detn\u011b zdravotn\u00edho poji\u0161t\u011bn\u00ed.<\/p>\n<p style=\"text-align: right;\"><em>Posledn\u00ed aktualizace: 4. b\u0159ezen 2025<\/em><\/p>\n<p><\/p>","protected":false},"excerpt":{"rendered":"<p>\u0158\u00e1dky n\u00ed\u017ee na webu Praha \u2013 Metropole v\u0161ech p\u0159in\u00e1\u0161ej\u00ed migrant\u016fm \u017eij\u00edc\u00edm v \u010cR z\u00e1kladn\u00ed informace o poskytov\u00e1n\u00ed zdravotn\u00ed p\u00e9\u010de v \u010cesk\u00e9 republice, o mo\u017enostech zdravotn\u00edho poji\u0161t\u011bn\u00ed pro cizince, o l\u00e9ka\u0159sk\u00e9 p\u00e9\u010di a pohotovosti a d\u00e1le kontakty na pracovi\u0161t\u011b zam\u011b\u0159en\u00e9 na&#8230;<\/p>\n<a class=\"more-block\" href=\"https:\/\/metropolevsech.eu\/cs\/potrebuji-resit\/zdravotnictvi-zdravotni-a-socialni-pojisteni\/\">\u010c\u00edst v\u00edce<\/a>","protected":false},"author":7,"featured_media":7895,"parent":736,"menu_order":3,"comment_status":"closed","ping_status":"closed","template":"","meta":[],"acf":[],"_links":{"self":[{"href":"https:\/\/metropolevsech.eu\/cs\/wp-json\/wp\/v2\/pages\/642"}],"collection":[{"href":"https:\/\/metropolevsech.eu\/cs\/wp-json\/wp\/v2\/pages"}],"about":[{"href":"https:\/\/metropolevsech.eu\/cs\/wp-json\/wp\/v2\/types\/page"}],"author":[{"embeddable":true,"href":"https:\/\/metropolevsech.eu\/cs\/wp-json\/wp\/v2\/users\/7"}],"replies":[{"embeddable":true,"href":"https:\/\/metropolevsech.eu\/cs\/wp-json\/wp\/v2\/comments?post=642"}],"version-history":[{"count":24,"href":"https:\/\/metropolevsech.eu\/cs\/wp-json\/wp\/v2\/pages\/642\/revisions"}],"predecessor-version":[{"id":24436,"href":"https:\/\/metropolevsech.eu\/cs\/wp-json\/wp\/v2\/pages\/642\/revisions\/24436"}],"up":[{"embeddable":true,"href":"https:\/\/metropolevsech.eu\/cs\/wp-json\/wp\/v2\/pages\/736"}],"wp:featuredmedia":[{"embeddable":true,"href":"https:\/\/metropolevsech.eu\/cs\/wp-json\/wp\/v2\/media\/7895"}],"wp:attachment":[{"href":"https:\/\/metropolevsech.eu\/cs\/wp-json\/wp\/v2\/media?parent=642"}],"curies":[{"name":"wp","href":"https:\/\/api.w.org\/{rel}","templated":true}]}}