{"id":648,"date":"2017-01-01T12:38:14","date_gmt":"2017-01-01T11:38:14","guid":{"rendered":"https:\/\/metropolevsech.eu\/?page_id=648"},"modified":"2026-01-23T18:06:36","modified_gmt":"2026-01-23T17:06:36","slug":"lekari-a-pohotovost","status":"publish","type":"page","link":"https:\/\/metropolevsech.eu\/cs\/potrebuji-resit\/zdravotnictvi-zdravotni-a-socialni-pojisteni\/lekari-a-pohotovost\/","title":{"rendered":"Syst\u00e9m zdravotn\u00ed p\u00e9\u010de"},"content":{"rendered":"<p><i><span style=\"font-weight: 400;\">V t\u00e9to \u010d\u00e1sti webu Praha \u2013 Metropole v\u0161ech se dozv\u00edte, jak funguje v \u010cR b\u011b\u017en\u00e1 zdravotn\u00ed p\u00e9\u010de, pro\u010d je d\u016fle\u017eit\u00e9 m\u00edt sv\u00e9ho (nejen) praktick\u00e9ho l\u00e9ka\u0159e a jak funguje z<\/span><\/i><i><span style=\"font-weight: 400;\">dravotn\u00ed p\u00e9\u010de o t\u011bhotn\u00e9 \u017eeny cizinky a d\u011bti cizinc\u016f, v\u010detn\u011b poji\u0161t\u011bn\u00ed.<\/span><\/i><\/p>\n<ul class=\"bullet\">\n<li><a href=\"#navstevalekareapreventivnipece\"><span style=\"font-weight: 400;\">N\u00e1v\u0161t\u011bva l\u00e9ka\u0159e a preventivn\u00ed p\u00e9\u010de<\/span><\/a><\/li>\n<li><a href=\"#lekarskapohotovost\"><span style=\"font-weight: 400;\">L\u00e9ka\u0159sk\u00e1 pohotovost<\/span><\/a><\/li>\n<li><a href=\"#zdravotnickazachrannaslu\u017eba\">Zdravotnick\u00e1 z\u00e1chrann\u00e1 slu\u017eba \u2013 telefonn\u00ed linka 112<\/a><\/li>\n<li><a href=\"https:\/\/metropolevsech.eu\/potrebuji-resit\/zdravotnictvi-zdravotni-a-socialni-pojisteni\/lekari-a-pohotovost\/nemocnice-v-praze-specializovane-na-peci-o-cizince\">Nemocnice v Praze specializovan\u00e9 na p\u00e9\u010di o cizince<\/a><\/li>\n<li><a href=\"https:\/\/metropolevsech.eu\/cs\/potrebuji-resit\/zdravotnictvi-zdravotni-a-socialni-pojisteni\/postarejme-se-spolecne-o-vase-zdravi-prijdte-se-otestovat\/\">Testov\u00e1n\u00ed na HIV a dal\u0161\u00ed infekce<\/a><\/li>\n<li><a href=\"https:\/\/metropolevsech.eu\/potrebuji-resit\/zdravotnictvi-zdravotni-a-socialni-pojisteni\/lekari-a-pohotovost\/zdravotni-pece-o-tehotne-zeny-cizinky-a-novorozence\">Zdravotn\u00ed p\u00e9\u010de pro t\u011bhotn\u00e9 \u017eeny cizinky a novorozence, v\u010detn\u011b poji\u0161t\u011bn\u00ed, Preventivn\u00ed prohl\u00eddky pro d\u011bti<\/a><\/li>\n<\/ul>\n<h3 id=\"navstevalekareapreventivnipece\">N\u00e1v\u0161t\u011bva l\u00e9ka\u0159e a preventivn\u00ed p\u00e9\u010de<\/h3>\n<p>Ka\u017ed\u00fd<span style=\"font-weight: 400;\">, i cizinec,\u00a0<\/span>by m\u011bl b\u00fdt <strong>zaregistrovan\u00fd u praktick\u00e9ho l\u00e9ka\u0159e<\/strong>. Zaregistrujte se u praktick\u00e9ho l\u00e9ka\u0159e co nejd\u0159\u00edve, abyste se m\u011bli kam obr\u00e1tit, pokud budete pot\u0159ebovat l\u00e9ka\u0159skou pomoc. <span style=\"font-weight: 400;\">V \u010cesk\u00e9 republice chod\u00ed mu\u017ei i \u017eeny b\u011b\u017en\u011b k praktick\u00e9mu l\u00e9ka\u0159i na pravideln\u00e9 preventivn\u00ed prohl\u00eddky. Ty jsou u ve\u0159ejn\u00e9ho zdravotn\u00edho poji\u0161t\u011bn\u00ed hrazeny z poji\u0161t\u011bn\u00ed. <\/span><\/p>\n<p><span style=\"font-weight: 400;\">Praktick\u00fd l\u00e9ka\u0159 v\u00e1m v p\u0159\u00edpad\u011b pot\u0159eby vystav\u00ed doporu\u010den\u00ed ke <\/span><b>specializovan\u00e9mu l\u00e9ka\u0159i <\/b><span style=\"font-weight: 400;\">(jako je neurolog, urolog, diabetolog apod.)<\/span>.<span style=\"font-weight: 400;\"> K n\u011bkter\u00fdm specialist\u016fm m\u016f\u017eete j\u00edt i bez doporu\u010den\u00ed praktick\u00e9ho l\u00e9ka\u0159e (nap\u0159\u00edklad stomatolog, gynekolog, ko\u017en\u00ed l\u00e9ka\u0159, ORL nebo o\u010dn\u00ed l\u00e9ka\u0159).<\/span><\/p>\n<p><span style=\"font-weight: 400;\">Rovn\u011b\u017e je t\u0159eba doch\u00e1zet na pravideln\u00e9 kontroly ke specializovan\u00e9mu l\u00e9ka\u0159i \u2013 stomatologovi (2\u00d7 ro\u010dn\u011b) a \u017eeny rovn\u011b\u017e ke gynekologovi (zpravidla 1\u00d7 ro\u010dn\u011b).\u00a0<\/span><\/p>\n<p><span style=\"font-weight: 400;\"><div class=\"box-ok\"><\/span><\/p>\n<p><span style=\"font-weight: 400;\">Prevence pom\u00e1h\u00e1 zabr\u00e1nit p\u0159\u00edpadn\u00fdm akutn\u00edm zdravotn\u00edmi probl\u00e9m\u016fm, a proto je na preventivn\u00ed l\u00e9ka\u0159skou p\u00e9\u010di v \u010cR kladen velk\u00fd d\u016fraz.<\/span><\/p>\n<p><span style=\"font-weight: 400;\"><\/div><\/span><\/p>\n<p><span style=\"font-weight: 400;\">D\u011bti chod\u00ed na l\u00e9ka\u0159sk\u00e9 prohl\u00eddky k d\u011btsk\u00e9mu l\u00e9ka\u0159i \u2013 pediatrovi. Je z\u00e1konnou povinnost\u00ed dosp\u011bl\u00fdch zajistit d\u011btem u pediatra pravidelnou zdravotn\u00ed p\u00e9\u010di. V\u00edce informac\u00ed viz <b>Preventivn\u00ed prohl\u00eddky pro d\u011bti.<\/b><\/span><\/p>\n<p><span style=\"font-weight: 400;\">Ke v\u0161em specializovan\u00fdm l\u00e9ka\u0159\u016fm je pot\u0159eba se zaregistrovat. Specializovan\u00ed l\u00e9ka\u0159i jako jsou stomatologov\u00e9 nebo gynekologov\u00e9 v\u00e1s v\u0161ak nemus\u00ed p\u0159ijmout z d\u016fvodu napln\u011bn\u00ed kapacity.<\/span><\/p>\n<p><span style=\"font-weight: 400;\">Pot\u0159ebujete-li pomoci s vyhled\u00e1n\u00edm vhodn\u00e9ho l\u00e9ka\u0159e, obra\u0165te se na soci\u00e1ln\u00ed poradenstv\u00ed poskytovan\u00e9 integra\u010dn\u00edmi centry a nevl\u00e1dn\u00edmi neziskov\u00fdmi organizacemi. M\u00e1te-li komer\u010dn\u00ed zdravotn\u00ed poji\u0161t\u011bn\u00ed, seznam l\u00e9ka\u0159\u016f v\u00e1m poskytne va\u0161e zdravotn\u00ed poji\u0161\u0165ovna.<\/span><\/p>\n<h3 id=\"lekarskapohotovost\">L\u00e9ka\u0159sk\u00e1 pohotovost<\/h3>\n<p><span style=\"font-weight: 400;\">Pokud m\u00e1te <\/span><b>n\u00e1hl\u00e9 zdravotn\u00ed pot\u00ed\u017ee, kter\u00e9 v\u0161ak neohro\u017euj\u00ed v\u00e1\u0161 \u017eivot, m\u016f\u017eete p\u0159ij\u00edt na pohotovost<\/b>.<\/p>\n<p><span style=\"font-weight: 400;\">M\u016f\u017ee se jednat o za\u0301ne\u030cty horni\u0301ch a dolni\u0301ch dy\u0301chaci\u0301ch cest, horec\u030cku, angi\u0301nu, za\u0301ne\u030ct moc\u030covy\u0301ch cest apod.\u00a0<\/span><\/p>\n<p><span style=\"font-weight: 400;\">Na pracovi\u0161t\u00edch pohotovosti v nemocnici\u0301ch najdete i u\u0301razove\u0301 pohotovosti, ktere\u0301 r\u030ces\u030ci\u0301 zlomeniny c\u030ci va\u0301z\u030cne\u0301 u\u0301razy.\u00a0<\/span><\/p>\n<p><span style=\"font-weight: 400;\">C\u030cekat v bolestech nemusi\u0301te ani v pr\u030ci\u0301pade\u030c zubu\u030a a pohotovost m\u016f\u017eete vyhledat p\u0159i akutni\u0301m za\u0301ne\u030ctu, proble\u0301mech se zuby moudrosti c\u030ci komplikac\u00edch po pr\u030cedchozi\u0301m zubni\u0301m za\u0301kroku.<\/span><\/p>\n<p><span style=\"font-weight: 400;\">Tyto typy pohotovosti jsou zajis\u030cte\u030cny i pro de\u030ctske\u0301 pacienty.<\/span><\/p>\n<p><span style=\"font-weight: 400;\">Pohotovost mus\u00edte vyhledat <\/span> mimo b\u011b\u017enou pracovn\u00ed dobu l\u00e9ka\u0159\u016f,<span style=\"font-weight: 400;\"> tedy ve ve\u010dern\u00edch hodin\u00e1ch nebo o v\u00edkendech. Pohotovost zpravidla naleznete v <\/span>nemocnic\u00edch.<\/p>\n<p>Na pohotovosti mus\u00edte zaplatit regula\u010dn\u00ed poplatek.<\/p>\n<p>Seznam pra\u017esk\u00fdch pohotovost\u00ed naleznete <a href=\"https:\/\/lps.praha.eu\/?tags=general,pediatrician,dentist,pharmacy\">zde<\/a>.<\/p>\n<div class=\"box-fixa\">\n<p><em><span style=\"font-weight: 400;\">M\u011bjte p\u0159edem vyhledanou m\u00edstn\u00ed pohotovost nejbli\u017e\u0161\u00ed va\u0161emu bydli\u0161ti, kam m\u016f\u017eete sebe nebo sv\u00e9 d\u00edt\u011b v p\u0159\u00edpad\u011b nouze rychle dopravit.<\/div><\/span><\/em><\/p>\n<h3 id=\"zdravotnickazachrannaslu\u017eba\">Zdravotnick\u00e1 z\u00e1chrann\u00e1 slu\u017eba \u2013 telefonn\u00ed linka 112<\/h3>\n<p><b>P\u0159i na\u0301hle vznikl\u00fdch za\u0301vaz\u030cn\u00fdch zdravotni\u0301ch proble\u0301mech, kter\u00e9 p\u0159\u00edmo ohro\u017euj\u00ed \u017eivot, je zapot\u0159eb\u00ed p\u0159ivolat si pomoc.<\/b><\/p>\n<p><span style=\"font-weight: 400;\">Jedn\u00e1 se o te\u030cz\u030cky\u0301 u\u0301raz, poruchy ve\u030cdomi\u0301, dy\u0301cha\u0301ni\u0301, otravy, alergie nebo jine\u0301 zhors\u030ceni\u0301 zdravotni\u0301ho stavu, ktere\u0301 mohou ve\u0301st ke vzniku dlouhodoby\u0301ch c\u030ci trvaly\u0301ch na\u0301sledku\u030a, pr\u030ci\u0301padne\u030c az\u030c k na\u0301hle\u0301 smrti.<\/span><\/p>\n<p><i><span style=\"font-weight: 400;\">Je z\u00e1konnou povinnosti\u0301 kaz\u030cde\u0301ho, a\u0165 u\u017e jste cizinec nebo ob\u010dan \u010cR, poskytnout a zavolat pomoc i v pr\u030ci\u0301pade\u030c ohroz\u030ceni\u0301 zdravi\u0301 nebo z\u030civota jiny\u0301ch osob.<\/span><\/i><\/p>\n<div class=\"box-fixa\"><\/p>\n<p><em><strong>Ve v\u00e1\u017en\u00e9m ohro\u017een\u00ed zdrav\u00ed \u010di \u017eivota volejte t\u00eds\u0148ovou linku 112<\/strong>. Jde o univerz\u00e1ln\u00ed evropsk\u00e9 \u010d\u00edslo, kter\u00fdm zajist\u00edte z\u00e1chrannou slu\u017ebu, hasi\u010de \u010di policii. Na tuto linku se dovol\u00e1te z kter\u00e9hokoliv telefonu i bez SIM karty nebo kreditu<\/em>.\u00a0<i><span style=\"font-weight: 400;\">Oper\u00e1to\u0159i mluv\u00ed tak\u00e9 ciz\u00edmi jazyky a dovol\u00e1te se i z m\u00edst, kde nen\u00ed obvykl\u00fd sign\u00e1l.<\/span><\/i><\/p>\n<p><i><span style=\"font-weight: 400;\">Pozor v\u0161ak na zbyte\u010dn\u00e9 vol\u00e1n\u00ed na t\u00eds\u0148ovou linku! Jej\u00ed p\u0159ivol\u00e1n\u00ed v neopodstatn\u011bn\u00fdch p\u0159\u00edpadech m\u016f\u017ee v\u00e9st k pokut\u011b za jej\u00ed zneu\u017eit\u00ed. P\u0159e\u010dt\u011bte si proto je\u0161t\u011b jednou, v jak\u00fdch p\u0159\u00edpadech se v \u010cR chod\u00ed na pohotovost a v jak\u00fdch se vol\u00e1 z\u00e1chrann\u00e1 slu\u017eba. M\u016f\u017ee se to v\u00fdrazn\u011b li\u0161it od postup\u016f ve va\u0161\u00ed zemi!<\/span><\/i><\/p>\n<p><\/div>\n<div class=\"box-fixa\">\n<p><em>V ohro\u017een\u00ed \u017eivota je ka\u017ed\u00fd \u010dlov\u011bk o\u0161et\u0159en i bez zdravotn\u00edho poji\u0161t\u011bn\u00ed, zp\u011btn\u011b je v\u0161ak dlu\u017en\u00e1 \u010d\u00e1stka vym\u00e1h\u00e1na.<\/em><\/div><\/p>","protected":false},"excerpt":{"rendered":"<p>V t\u00e9to \u010d\u00e1sti webu Praha \u2013 Metropole v\u0161ech se dozv\u00edte, jak funguje v \u010cR b\u011b\u017en\u00e1 zdravotn\u00ed p\u00e9\u010de, pro\u010d je d\u016fle\u017eit\u00e9 m\u00edt sv\u00e9ho (nejen) praktick\u00e9ho l\u00e9ka\u0159e a jak funguje zdravotn\u00ed p\u00e9\u010de o t\u011bhotn\u00e9 \u017eeny cizinky a d\u011bti cizinc\u016f, v\u010detn\u011b poji\u0161t\u011bn\u00ed. N\u00e1v\u0161t\u011bva&#8230;<\/p>\n<a class=\"more-block\" href=\"https:\/\/metropolevsech.eu\/cs\/potrebuji-resit\/zdravotnictvi-zdravotni-a-socialni-pojisteni\/lekari-a-pohotovost\/\">\u010c\u00edst v\u00edce<\/a>","protected":false},"author":7,"featured_media":7897,"parent":642,"menu_order":3,"comment_status":"closed","ping_status":"closed","template":"","meta":[],"acf":[],"_links":{"self":[{"href":"https:\/\/metropolevsech.eu\/cs\/wp-json\/wp\/v2\/pages\/648"}],"collection":[{"href":"https:\/\/metropolevsech.eu\/cs\/wp-json\/wp\/v2\/pages"}],"about":[{"href":"https:\/\/metropolevsech.eu\/cs\/wp-json\/wp\/v2\/types\/page"}],"author":[{"embeddable":true,"href":"https:\/\/metropolevsech.eu\/cs\/wp-json\/wp\/v2\/users\/7"}],"replies":[{"embeddable":true,"href":"https:\/\/metropolevsech.eu\/cs\/wp-json\/wp\/v2\/comments?post=648"}],"version-history":[{"count":49,"href":"https:\/\/metropolevsech.eu\/cs\/wp-json\/wp\/v2\/pages\/648\/revisions"}],"predecessor-version":[{"id":24552,"href":"https:\/\/metropolevsech.eu\/cs\/wp-json\/wp\/v2\/pages\/648\/revisions\/24552"}],"up":[{"embeddable":true,"href":"https:\/\/metropolevsech.eu\/cs\/wp-json\/wp\/v2\/pages\/642"}],"wp:featuredmedia":[{"embeddable":true,"href":"https:\/\/metropolevsech.eu\/cs\/wp-json\/wp\/v2\/media\/7897"}],"wp:attachment":[{"href":"https:\/\/metropolevsech.eu\/cs\/wp-json\/wp\/v2\/media?parent=648"}],"curies":[{"name":"wp","href":"https:\/\/api.w.org\/{rel}","templated":true}]}}