{"id":658,"date":"2017-01-01T12:54:33","date_gmt":"2017-01-01T11:54:33","guid":{"rendered":"https:\/\/metropolevsech.eu\/?page_id=658"},"modified":"2026-02-02T19:00:42","modified_gmt":"2026-02-02T18:00:42","slug":"ridicsky-prukaz-a-registrace-vozidla-v-cr","status":"publish","type":"page","link":"https:\/\/metropolevsech.eu\/cs\/potrebuji-resit\/ridicsky-prukaz-a-registrace-vozidla-v-cr\/","title":{"rendered":"\u0158\u00edzen\u00ed auta"},"content":{"rendered":"<p><em>N\u00ed\u017ee se dozv\u00edte o pravidlech \u0159\u00edzen\u00ed motorov\u00fdch vozidel v\u00a0\u010cesk\u00e9 republice, \u0159idi\u010dsk\u00fdch pr\u016fkazech a tak\u00e9 o registraci vozidla.<\/em><\/p>\n<p>&nbsp;<\/p>\n<ul class=\"bullet\">\n<li><a href=\"#rizenimotorovychvozidel\"><strong>\u0158\u00edzen\u00ed motorov\u00fdch vozidel v \u010cR a \u0159idi\u010dsk\u00e9 pr\u016fkazy<\/strong><\/a><\/li>\n<li><a href=\"#registrvozidel\"><strong>Registr vozidel<\/strong><\/a><\/li>\n<\/ul>\n<p><span style=\"font-weight: 400;\"><div class=\"box-ok\"><\/span><\/p>\n<p><span style=\"font-weight: 400;\">St\u00e1hn\u011bte si dvojjazy\u010dn\u00e9 komunika\u010dn\u00ed karty na microsite<\/span><a href=\"https:\/\/newinprague.cz\/komunikacni-karty\"> <span style=\"font-weight: 400;\">V Praze jsme doma<\/span><\/a><span style=\"font-weight: 400;\">. Tyto karty v\u00e1m usnadn\u00ed komunikaci s \u00fa\u0159ady a institucemi. Obsahuj\u00ed nejpou\u017e\u00edvan\u011bj\u0161\u00ed komunika\u010dn\u00ed fr\u00e1ze a slovn\u00edk d\u016fle\u017eit\u00fdch pojm\u016f v t\u011bchto jazykov\u00fdch kombinac\u00edch: anglicko-\u010desk\u00e9, ukrajinsko-\u010desk\u00e9, rusko-\u010desk\u00e9 a vietnamsko-\u010desk\u00e9.&#8220; <\/span><span style=\"font-weight: 400;\"><\/div><\/span><\/p>\n<p>&nbsp;<\/p>\n<h3><strong>\u0158\u00edzen\u00ed motorov\u00fdch vozidel v \u010cR a \u0159idi\u010dsk\u00e9 pr\u016fkazy<\/strong><\/h3>\n<p>K \u0159\u00edzen\u00ed motorov\u00e9ho vozidla je v \u010cR nutn\u00e9 \u0159idi\u010dsk\u00e9 opr\u00e1vn\u011bn\u00ed, kter\u00e9 se prokazuje \u0159idi\u010dsk\u00fdm pr\u016fkazem. Vyd\u00e1n\u00ed \u0159idi\u010dsk\u00e9ho pr\u016fkazu je z\u00e1visl\u00e9 na \u00fasp\u011b\u0161n\u00e9m absolvov\u00e1n\u00ed auto\u0161koly a slo\u017een\u00ed zkou\u0161ky. Kurz i zkou\u0161ku je obvykle mo\u017en\u00e9 absolvovat i v\u00a0angli\u010dtin\u011b, n\u011bm\u010din\u011b nebo ru\u0161tin\u011b. P\u0159i zkou\u0161ce si v\u0161ak mus\u00edte zajistit tlumo\u010dn\u00edka. Pro vyd\u00e1n\u00ed \u0159idi\u010dsk\u00e9ho pr\u016fkazu mus\u00edte spl\u0148ovat mimo jin\u00e9 podm\u00ednku obvykl\u00e9ho bydli\u0161t\u011b (jako migrant m\u00edt v\u00a0\u010cR trval\u00fd nebo p\u0159echodn\u00fd pobyt, v\u00a0p\u0159\u00edpad\u011b p\u0159echodn\u00e9ho pobytu mus\u00edte v \u010cR pob\u00fdvat nejm\u00e9n\u011b 185 dn\u00ed v kalend\u00e1\u0159n\u00edm roce).<br \/>\n\u0158idi\u010dsk\u00e9 pr\u016fkazy vyd\u00e1vaj\u00ed p\u0159\u00edslu\u0161n\u00e9 obecn\u00ed \u00fa\u0159ady obce s roz\u0161\u00ed\u0159enou p\u016fsobnost\u00ed.<\/p>\n<p>V Praze je za tuto agendu zodpov\u011bdn\u00fdm \u00fa\u0159adem registr \u0159idi\u010d\u016f Magistr\u00e1tu hl. m. Prahy. P\u0159i \u0159\u00edzen\u00ed motorov\u00e9ho vozidla je \u0159idi\u010d povinen m\u00edt p\u0159i sob\u011b \u0159idi\u010dsk\u00fd pr\u016fkaz, doklad toto\u017enosti a doklady od vozidla k p\u0159edlo\u017een\u00ed p\u0159\u00edpadn\u00e9 kontrole.<\/p>\n<p>&nbsp;<\/p>\n<h4><b>\u0158idi\u010dsk\u00e9 pr\u016fkazy z\u00a0EU, Norska, Islandu a Lichten\u0161tejnska<\/b><\/h4>\n<p>M\u00e1te-li \u0159idi\u010dsk\u00fd pr\u016fkaz vydan\u00fd v\u00a0\u010dlensk\u00e9m st\u00e1t\u011b EU nebo v Norsku, na Islandu a v\u00a0Lichten\u0161tejnsku, m\u016f\u017eete bez dal\u0161\u00edho pr\u016fkazu \u0159\u00eddit auto v\u00a0\u010cesk\u00e9 republice. Pokud m\u00e1te v\u00a0\u010cR obvykl\u00e9 bydli\u0161t\u011b (trval\u00fd pobyt nebo zde pob\u00fdv\u00e1te alespo\u0148 185 dn\u00ed v\u00a0roce), m\u016f\u017eete, ale nemus\u00edte si \u0159idi\u010dsk\u00fd pr\u016fkaz vym\u011bnit za \u010desk\u00fd.<\/p>\n<p>&nbsp;<\/p>\n<h4><b>\u0158idi\u010dsk\u00e1 opr\u00e1vn\u011bn\u00ed z\u00a0t\u0159et\u00edch zem\u00ed (mimo v\u00fd\u0161e uveden\u00e9)<\/b><\/h4>\n<p>M\u00e1te-li \u0159idi\u010dsk\u00e9 opr\u00e1vn\u011bn\u00ed z\u00a0jin\u00e9 zem\u011b, mus\u00edte nejprve zjistit, zda spl\u0148uje podm\u00ednky stanoven\u00e9 mezin\u00e1rodn\u00edmi \u00famluvami. Konkr\u00e9tn\u011b se jedn\u00e1 o \u00damluvu o silni\u010dn\u00edm provozu (V\u00edde\u0148 1968) a \u00damluvu o silni\u010dn\u00edm provozu (\u017deneva 1949). Tyto \u00famluvy stanov\u00ed obsahov\u00e9 n\u00e1le\u017eitosti \u0159idi\u010dsk\u00e9ho opr\u00e1vn\u011bn\u00ed.<\/p>\n<p>&nbsp;<\/p>\n<p><em> <div class=\"box-ok\">P\u0159ij\u00ed\u017ed\u00edte-li do \u010cR na kr\u00e1tkodob\u00e9 nebo dlouhodob\u00e9 v\u00edzum nebo na povolen\u00ed k\u00a0dlouhodob\u00e9mu pobytu v\u00a0d\u00e9lce do jednoho roku, nemus\u00edte (ale m\u016f\u017eete) si \u0159idi\u010dsk\u00fd pr\u016fkaz vym\u011bnit za \u010desk\u00fd, pokud zde m\u00e1te obvykl\u00e9 bydli\u0161t\u011b.<\/div><\/em><\/p>\n<h4><\/h4>\n<h4>Mezin\u00e1rodn\u00ed \u0159idi\u010dsk\u00fd pr\u016fkaz<\/h4>\n<p>V \u010cesk\u00e9 republice m\u016f\u017eete \u0159\u00eddit tak\u00e9 na z\u00e1klad\u011b mezin\u00e1rodn\u00edho \u0159idi\u010dsk\u00e9ho pr\u016fkazu. Mezin\u00e1rodn\u00ed \u0159idi\u010dsk\u00fd pr\u016fkaz vydan\u00fd ciz\u00edm st\u00e1tem podle \u00damluvy o silni\u010dn\u00edm provozu (V\u00edde\u0148 1968) plat\u00ed obvykle t\u0159i roky ode dne vyd\u00e1n\u00ed.<\/p>\n<p>Mezin\u00e1rodn\u00ed \u0159idi\u010dsk\u00fd pr\u016fkaz vydan\u00fd ciz\u00edm st\u00e1tem podle \u00damluvy o silni\u010dn\u00edm provozu (\u017deneva 1949) plat\u00ed obvykle po dobu jednoho roku ode dne vyd\u00e1n\u00ed.<\/p>\n<p>&nbsp;<\/p>\n<p><em><div class=\"box-ok\">M\u00e1te-li platn\u00fd \u0159idi\u010dsk\u00fd pr\u016fkaz \u010dlena diplomatick\u00e9ho person\u00e1lu zastupitelsk\u00e9ho \u00fa\u0159adu ciz\u00edho st\u00e1tu, rovn\u011b\u017e v\u00a0\u010cR m\u016f\u017eete \u0159\u00eddit.<\/div><\/em><\/p>\n<h4><\/h4>\n<h4><b>V\u00fdm\u011bna \u0159idi\u010dsk\u00e9ho pr\u016fkazu<\/b><\/h4>\n<p>Za\u017e\u00e1dat o v\u00fdm\u011bnu cizozemsk\u00e9ho \u0159idi\u010dsk\u00e9ho pr\u016fkazu (vydan\u00e9ho st\u00e1ty mimo Evropskou unii) za \u010desk\u00fd \u0159idi\u010dsk\u00fd pr\u016fkaz mus\u00ed ka\u017ed\u00fd, kdo nen\u00ed p\u0159\u00edslu\u0161n\u00edkem st\u00e1tu Evropsk\u00e9 unie, Norska, Islandu a Lichten\u0161tejnska kter\u00fd m\u00e1 na \u00fazem\u00ed \u010cesk\u00e9 republiky trval\u00fd, nebo p\u0159echodn\u00fd pobyt na dlouhodob\u00e9 v\u00edzum na dobu del\u0161\u00ed ne\u017e jeden rok. O v\u00fdm\u011bnu je t\u0159eba po\u017e\u00e1dat do t\u0159ech m\u011bs\u00edc\u016f ode dne pr\u00e1vn\u00ed moci povolen\u00ed trval\u00e9ho pobytu nebo p\u0159echodn\u00e9ho pobytu na dlouhodob\u00e9 v\u00edzum.<\/p>\n<p>Vym\u011bnit za \u010desk\u00fd \u0159idi\u010dsk\u00fd pr\u016fkaz lze pouze platn\u00fd \u0159idi\u010dsk\u00fd pr\u016fkaz vydan\u00fd ciz\u00edm st\u00e1tem podle \u00damluvy o silni\u010dn\u00edm provozu (V\u00edde\u0148 1968) nebo \u00damluvy o silni\u010dn\u00edm provozu (\u017deneva 1949). Na registru \u0159idi\u010d\u016f Magistr\u00e1tu hl. m. Prahy je nutn\u00e9 se dot\u00e1zat, zda v\u00e1\u0161 \u0159idi\u010dsk\u00fd pr\u016fkaz je mo\u017en\u00e9 vym\u011bnit za \u010desk\u00fd, nebo zda budete muset absolvovat auto\u0161kolu a n\u00e1sledn\u011b slo\u017eit zkou\u0161ku z \u0159\u00edzen\u00ed motorov\u00fdch vozidel.<\/p>\n<p>\u017dadatel o v\u00fdm\u011bnu \u0159idi\u010dsk\u00e9ho pr\u016fkazu je povinen osobn\u011b (zastoupen\u00ed nen\u00ed mo\u017en\u00e9) \u00fa\u0159adu p\u0159edlo\u017eit:<\/p>\n<ul class=\"bullet\">\n<li>\u017e\u00e1dost o vyd\u00e1n\u00ed \u0159idi\u010dsk\u00e9ho pr\u016fkazu \u2013 tiskopis s ji\u017e vyti\u0161t\u011bn\u00fdmi osobn\u00edmi \u00fadaji obdr\u017e\u00ed \u017eadatel u odbavovac\u00ed p\u0159ep\u00e1\u017eky registru \u0159idi\u010d\u016f (\u017e\u00e1dost je jedine\u010dn\u00fd tiskopis opat\u0159en\u00fd z v\u00fdroby eviden\u010dn\u00edm \u010d\u00edslem a bar k\u00f3dem, nelze ji proto kop\u00edrovat ani stahovat z webu, \u017e\u00e1dost se st\u00e1v\u00e1 \u017e\u00e1dost\u00ed a\u017e po vyti\u0161t\u011bn\u00ed osobn\u00edch a jin\u00fdch \u00fadaj\u016f na v\u00fdpo\u010detn\u00ed technice registru \u0159idi\u010d\u016f a podpisu \u0159idi\u010de, kter\u00fdm \u0159idi\u010d potvrzuje spr\u00e1vnost vyti\u0161t\u011bn\u00fdch \u00fadaj\u016f),<\/li>\n<li>platn\u00fd doklad toto\u017enosti \u017eadatele (migrant p\u0159edkl\u00e1d\u00e1 povolen\u00ed k pobytu a dal\u0161\u00ed doklady prokazuj\u00edc\u00ed obvykl\u00e9 bydli\u0161t\u011b na \u00fazem\u00ed \u010cR, obvykl\u00e9 bydli\u0161t\u011b je m\u00edsto trval\u00e9ho pobytu fyzick\u00e9 osoby na \u00fazem\u00ed \u010cesk\u00e9 republiky, nebo m\u00edsto, kde se doty\u010dn\u00fd obvykle zdr\u017euje),<\/li>\n<li>jednu fotografii rozm\u011bru 35 \u00d7 45 mm,<\/li>\n<li>cizozemsk\u00fd \u0159idi\u010dsk\u00fd pr\u016fkaz.<\/li>\n<\/ul>\n<p>V\u00e1\u0161 nov\u00fd \u0159idi\u010dsk\u00fd pr\u016fkaz bude vyd\u00e1n do 20 dn\u016f.<\/p>\n<p><i><em><div class=\"box-ok\"><\/em>Pro vyzvednut\u00ed \u0159idi\u010dsk\u00e9ho pr\u016fkazu m\u016f\u017eete vyu\u017e\u00edt <a href=\"\/\/www.praha.eu\/jnp\/cz\/potrebuji_resit\/elektronicke_sluzby\/online_rezervace\/registr_ridicu\/rezervace_navstev\/index.html\">on-line registraci<\/a>. Ne\u010dekejte zbyte\u010dn\u011b na \u00fa\u0159ad\u011b a objednejte se dop\u0159edu. <em><\/div><\/em><\/i><\/p>\n<h3><\/h3>\n<p>&nbsp;<\/p>\n<h3><b>Registr vozidel<\/b><\/h3>\n<p>Vozidla mus\u00ed b\u00fdt v \u010cR registrov\u00e1na na p\u0159\u00edslu\u0161n\u00e9m \u00fa\u0159adu obce. Je t\u0159eba za\u0159\u00eddit jak registraci nov\u011b zakoupen\u00e9ho vozidla, tak i p\u0159epis vozidla z p\u016fvodn\u00edho na nov\u00e9ho majitele p\u0159i prodeji.<\/p>\n<ol>\n<li>1. \u010dervna 2017 nabyla \u00fa\u010dinnosti novela z\u00e1kona o podm\u00ednk\u00e1ch provozu vozidel na pozemn\u00edch komunikac\u00edch, kter\u00e1 umo\u017e\u0148uje na jak\u00e9mkoliv \u00fa\u0159ad\u011b obce s roz\u0161\u00ed\u0159enou p\u016fsobnost\u00ed nov\u011b vy\u0159\u00eddit nejen zm\u011bnu vlastn\u00edka nebo provozovatele registrovan\u00e9ho vozidla, ale i registraci nov\u00e9ho \u010di dovezen\u00e9ho vozidla, vy\u0159azen\u00ed vozidla z provozu (tzv. depozit), nahl\u00e1\u0161en\u00ed z\u00e1niku vozidla, \u017e\u00e1dost o registra\u010dn\u00ed zna\u010dku na p\u0159\u00e1n\u00ed \u010di na nosi\u010d kol nebo z\u00e1pis ta\u017en\u00e9ho za\u0159\u00edzen\u00ed \u010di p\u0159\u00edpojn\u00e9ho vozidla.<\/li>\n<\/ol>\n<p><i><em><div class=\"box-ok\"><\/em>Ministerstvo dopravy p\u0159ipravilo pro motoristy jednoduchou mapu, na n\u00ed\u017e jsou uvedeny v\u0161echny \u00fa\u0159ady obc\u00ed s roz\u0161\u00ed\u0159enou p\u016fsobnost\u00ed, jejich adresy a kontakty. Na webu ministerstva si tak m\u016f\u017ee ka\u017ed\u00fd vyhledat nejvhodn\u011bj\u0161\u00ed m\u00edsto k n\u00e1v\u0161t\u011bv\u011b registru vozidel a napl\u00e1novat si ji. Odkaz na mapu naleznete<\/i><a href=\"\/\/www.mdcr.cz\/Dokumenty\/Silnicni-doprava\/Registrace-vozidel\/Obecni-urady-s-rozsirenou-pusobnosti\"><i><u> zde<\/u><\/i><\/a><i>.<em><\/div><\/em><\/i><\/p>\n<p>V p\u0159\u00edpad\u011b p\u0159episu star\u00e9ho vozidla na nov\u00e9ho majitele se p\u016fvodn\u00ed vlastn\u00edk i nabyvatel dostav\u00ed na \u00fa\u0159ad osobn\u011b a podaj\u00ed \u017e\u00e1dost o z\u00e1pis zm\u011bny vlastn\u00edka na jednotn\u00e9m formul\u00e1\u0159i \u017e\u00e1dosti, k n\u00ed\u017e p\u0159ilo\u017e\u00ed:<\/p>\n<ul class=\"bullet\">\n<li>technick\u00fd pr\u016fkaz a osv\u011bd\u010den\u00ed o registraci vozidla,<\/li>\n<li>protokol o eviden\u010dn\u00ed kontrole, kter\u00fd nen\u00ed star\u0161\u00ed ne\u017e 30 dn\u00ed,<\/li>\n<li>zelenou kartu (doklad o poji\u0161t\u011bn\u00ed).<\/li>\n<\/ul>\n<p>V p\u0159\u00edpad\u011b zastoupen\u00ed jedn\u00e9 z osob na z\u00e1klad\u011b p\u00edsemn\u00e9 pln\u00e9 moci mus\u00ed b\u00fdt pln\u00e1 moc opat\u0159ena \u00fa\u0159edn\u011b ov\u011b\u0159en\u00fdmi podpisy.<\/p>\n<p>&nbsp;<\/p>\n<p><i><em><div class=\"box-ok\"><\/em>P\u0159epis vozidla \u2013 z\u00e1pis zm\u011bny vlastn\u00edka \u2013 prov\u00e1d\u00ed spole\u010dn\u011b kupuj\u00edc\u00ed a prod\u00e1vaj\u00edc\u00ed, nebo jeden z nich na z\u00e1klad\u011b \u00fa\u0159edn\u011b ov\u011b\u0159en\u00e9 pln\u00e9 moci druh\u00e9 strany. V p\u0159\u00edpad\u011b, \u017ee kupuj\u00edc\u00ed p\u0159i registraci vozidla nespolupracuje, umo\u017e\u0148uje novela platn\u00e1 od 1. \u010dervna 2017 po uplynut\u00ed 10denn\u00ed lh\u016fty po\u017e\u00e1dat o proveden\u00ed zm\u011bny pouze jedn\u00edm z \u00fa\u010dastn\u00edk\u016f smluvn\u00edho vztahu.<em><\/div><\/em><\/i><\/p>\n<p>&nbsp;<\/p>\n<p>Proveden\u00e1 zm\u011bna provozovatele \u010di vlastn\u00edka se zapisuje do Osv\u011bd\u010den\u00ed o registraci \u010d\u00e1st II. (technick\u00fd pr\u016fkaz), vozidlu je vyd\u00e1no nov\u00e9 Osv\u011bd\u010den\u00ed o registraci \u010d\u00e1st I.<\/p>\n<p>Na registr vozidel Magistr\u00e1tu hl. m. Prahy se m\u016f\u017eete p\u0159edem objednat online (rezervace) na datum a hodinu, kterou si sami v online syst\u00e9mu vyberete u p\u0159\u00edslu\u0161n\u00e9ho pracovi\u0161t\u011b.<\/p>\n<p>&nbsp;<\/p>\n<p><i><em><div class=\"box-ok\"><\/em>Ka\u017ed\u00e9 motorov\u00e9 vozidlo mus\u00ed b\u00fdt v \u010cR poji\u0161t\u011bno, jedn\u00e1 se o tzv. poji\u0161t\u011bn\u00ed odpov\u011bdnosti z provozu vozidla (tzv. povinn\u00e9 ru\u010den\u00ed, nebo tak\u00e9 zelen\u00e1 karta). Vozidla d\u00e1le podl\u00e9haj\u00ed pravideln\u00fdm technick\u00fdm prohl\u00eddk\u00e1m a m\u011b\u0159en\u00edm emis\u00ed. P\u0159i vyu\u017e\u00edv\u00e1n\u00ed d\u00e1lnic v \u010cR je nutn\u00e9 m\u00edt zakoupenou a na vozidle vylepenou d\u00e1lni\u010dn\u00ed zn\u00e1mku.<em><\/div><\/em><\/i><\/p>\n<p><span style=\"font-family: Times New Roman, serif;\"><span style=\"font-size: medium;\"><span lang=\"en-US\">\u00a0<\/span><\/span><\/span><\/p>\n<h4><b>Odkaz: <\/b><\/h4>\n<ul class=\"bullet-links\">\n<li><a href=\"\/\/www.praha.eu\/jnp\/cz\/potrebuji_resit\/zivotni_situace\/dopravnespravni_cinnosti\/registr_vozidel\/registr_vozidel-motorova_a_pripojna_vozidla.html\"><u>Pracovi\u0161t\u011b registru vozidel Magistr\u00e1tu hl. m. Prahy<\/u><\/a><\/li>\n<li><a href=\"\/\/www.praha.eu\/jnp\/cz\/potrebuji_resit\/elektronicke_sluzby\/online_rezervace\/registr_ridicu\/rezervace_navstev\/index.html\">On-line registrace<\/a><\/li>\n<\/ul>\n<p>&nbsp;<\/p>\n<p style=\"text-align: right;\"><em>Posledn\u00ed aktualizace: 4. b\u0159ezen 2025<\/em><\/p>\n<p><\/p>","protected":false},"excerpt":{"rendered":"<p>N\u00ed\u017ee se dozv\u00edte o pravidlech \u0159\u00edzen\u00ed motorov\u00fdch vozidel v\u00a0\u010cesk\u00e9 republice, \u0159idi\u010dsk\u00fdch pr\u016fkazech a tak\u00e9 o registraci vozidla. &nbsp; \u0158\u00edzen\u00ed motorov\u00fdch vozidel v \u010cR a \u0159idi\u010dsk\u00e9 pr\u016fkazy Registr vozidel &nbsp; \u0158\u00edzen\u00ed motorov\u00fdch vozidel v \u010cR a \u0159idi\u010dsk\u00e9 pr\u016fkazy K \u0159\u00edzen\u00ed motorov\u00e9ho&#8230;<\/p>\n<a class=\"more-block\" href=\"https:\/\/metropolevsech.eu\/cs\/potrebuji-resit\/ridicsky-prukaz-a-registrace-vozidla-v-cr\/\">\u010c\u00edst v\u00edce<\/a>","protected":false},"author":7,"featured_media":9371,"parent":736,"menu_order":10,"comment_status":"closed","ping_status":"closed","template":"","meta":[],"acf":[],"_links":{"self":[{"href":"https:\/\/metropolevsech.eu\/cs\/wp-json\/wp\/v2\/pages\/658"}],"collection":[{"href":"https:\/\/metropolevsech.eu\/cs\/wp-json\/wp\/v2\/pages"}],"about":[{"href":"https:\/\/metropolevsech.eu\/cs\/wp-json\/wp\/v2\/types\/page"}],"author":[{"embeddable":true,"href":"https:\/\/metropolevsech.eu\/cs\/wp-json\/wp\/v2\/users\/7"}],"replies":[{"embeddable":true,"href":"https:\/\/metropolevsech.eu\/cs\/wp-json\/wp\/v2\/comments?post=658"}],"version-history":[{"count":20,"href":"https:\/\/metropolevsech.eu\/cs\/wp-json\/wp\/v2\/pages\/658\/revisions"}],"predecessor-version":[{"id":24871,"href":"https:\/\/metropolevsech.eu\/cs\/wp-json\/wp\/v2\/pages\/658\/revisions\/24871"}],"up":[{"embeddable":true,"href":"https:\/\/metropolevsech.eu\/cs\/wp-json\/wp\/v2\/pages\/736"}],"wp:featuredmedia":[{"embeddable":true,"href":"https:\/\/metropolevsech.eu\/cs\/wp-json\/wp\/v2\/media\/9371"}],"wp:attachment":[{"href":"https:\/\/metropolevsech.eu\/cs\/wp-json\/wp\/v2\/media?parent=658"}],"curies":[{"name":"wp","href":"https:\/\/api.w.org\/{rel}","templated":true}]}}