{"id":664,"date":"2017-01-01T12:57:33","date_gmt":"2017-01-01T11:57:33","guid":{"rendered":"https:\/\/metropolevsech.eu\/?page_id=664"},"modified":"2026-01-15T19:52:52","modified_gmt":"2026-01-15T18:52:52","slug":"czechpoint","status":"publish","type":"page","link":"https:\/\/metropolevsech.eu\/cs\/potrebuji-resit\/czechpoint\/","title":{"rendered":"Czech POINT &#8211; neb\u011bhejte po \u00fa\u0159adech!"},"content":{"rendered":"<p><em>Zde se dozv\u00edte, co je Czech POINT, co v\u0161echno zde m\u016f\u017eete vy\u0159\u00eddit a kde ho naleznete.<\/em><\/p>\n<p><strong>Czech POINT<\/strong> (\u010cesk\u00fd podac\u00ed ov\u011b\u0159ovac\u00ed informa\u010dn\u00ed n\u00e1rodn\u00ed termin\u00e1l) je univerz\u00e1ln\u00edm m\u00edstem, kter\u00e9 umo\u017e\u0148uje jednodu\u0161\u0161\u00ed komunikaci mezi \u00fa\u0159ady a lidmi. Projekt by m\u011bl postupn\u011b umo\u017enit vy\u0159\u00eddit v\u0161e pot\u0159ebn\u00e9 prost\u0159ednictv\u00edm internetu.<\/p>\n<h3><strong>Co v\u0161echno zde vy\u0159\u00edd\u00edm<\/strong><\/h3>\n<p>Na Czech Pointu m\u016f\u017eete vy\u0159\u00eddit velk\u00e9 mno\u017estv\u00ed rozli\u010dn\u00fdch z\u00e1le\u017eitost\u00ed \u2013 z\u00edskat a ov\u011b\u0159it data z ve\u0159ejn\u00fdch i neve\u0159ejn\u00fdch informa\u010dn\u00edch syst\u00e9m\u016f (po\u0159\u00eddit v\u00fdpisy z \u017eivnostensk\u00e9ho, obchodn\u00edho, insolven\u010dn\u00edho rejst\u0159\u00edku, rejst\u0159\u00edku trest\u016f, katastru nemovitost\u00ed, z bodov\u00e9ho hodnocen\u00ed \u0159idi\u010de apod.), \u00fa\u0159edn\u011b ov\u011b\u0159it dokumenty a listiny, p\u0159ev\u00e9st p\u00edsemn\u00e9 dokumenty do elektronick\u00e9 podoby a naopak, z\u00edskat informace o pr\u016fb\u011bhu spr\u00e1vn\u00edch \u0159\u00edzen\u00ed a prov\u00e9st pod\u00e1n\u00ed pro zah\u00e1jen\u00ed \u0159\u00edzen\u00ed. C\u00edlem je zajistit ob\u00edh\u00e1n\u00ed dat, nikoliv lid\u00ed po \u00fa\u0159adech.<\/p>\n<p>Pro v\u00edce informac\u00ed, co v\u0161echno m\u016f\u017eete touto cestou vy\u0159\u00eddit, nav\u0161tivte <a target=\"_blank\" href=\"\/\/www.czechpoint.cz\/public\/\" rel=\"noopener\">ofici\u00e1ln\u00ed str\u00e1nky<\/a>.<\/p>\n<h3><strong>Kde najdu Czech POINT<\/strong><\/h3>\n<p>Jeho slu\u017eby jsou v sou\u010dasn\u00e9 dob\u011b dostupn\u00e9 na v\u00edce ne\u017e 7 100 m\u00edstech v \u010cR (nap\u0159. na po\u0161t\u00e1ch, \u00fa\u0159adech m\u011bstsk\u00fdch \u010d\u00e1st\u00ed), ale i na n\u011bkter\u00fdch zastupitelsk\u00fdch \u00fa\u0159adech. Na ofici\u00e1ln\u00edch str\u00e1nk\u00e1ch najdete i informace o tom, kde najdete sv\u016fj nejbli\u017e\u0161\u00ed Czech POINT.<\/p>\n<h4><strong>Odkaz:<\/strong><\/h4>\n<ul class=\"bullet-links\">\n<li><a target=\"_blank\" href=\"\/\/www.czechpoint.cz\/public\/\" rel=\"noopener\">Czech POINT<\/a><\/li>\n<\/ul>\n<p><\/p>","protected":false},"excerpt":{"rendered":"<p>Zde se dozv\u00edte, co je Czech POINT, co v\u0161echno zde m\u016f\u017eete vy\u0159\u00eddit a kde ho naleznete. Czech POINT (\u010cesk\u00fd podac\u00ed ov\u011b\u0159ovac\u00ed informa\u010dn\u00ed n\u00e1rodn\u00ed termin\u00e1l) je univerz\u00e1ln\u00edm m\u00edstem, kter\u00e9 umo\u017e\u0148uje jednodu\u0161\u0161\u00ed komunikaci mezi \u00fa\u0159ady a lidmi. Projekt by m\u011bl postupn\u011b umo\u017enit&#8230;<\/p>\n<a class=\"more-block\" href=\"https:\/\/metropolevsech.eu\/cs\/potrebuji-resit\/czechpoint\/\">\u010c\u00edst v\u00edce<\/a>","protected":false},"author":7,"featured_media":2559,"parent":736,"menu_order":12,"comment_status":"closed","ping_status":"closed","template":"","meta":[],"acf":[],"_links":{"self":[{"href":"https:\/\/metropolevsech.eu\/cs\/wp-json\/wp\/v2\/pages\/664"}],"collection":[{"href":"https:\/\/metropolevsech.eu\/cs\/wp-json\/wp\/v2\/pages"}],"about":[{"href":"https:\/\/metropolevsech.eu\/cs\/wp-json\/wp\/v2\/types\/page"}],"author":[{"embeddable":true,"href":"https:\/\/metropolevsech.eu\/cs\/wp-json\/wp\/v2\/users\/7"}],"replies":[{"embeddable":true,"href":"https:\/\/metropolevsech.eu\/cs\/wp-json\/wp\/v2\/comments?post=664"}],"version-history":[{"count":2,"href":"https:\/\/metropolevsech.eu\/cs\/wp-json\/wp\/v2\/pages\/664\/revisions"}],"predecessor-version":[{"id":24454,"href":"https:\/\/metropolevsech.eu\/cs\/wp-json\/wp\/v2\/pages\/664\/revisions\/24454"}],"up":[{"embeddable":true,"href":"https:\/\/metropolevsech.eu\/cs\/wp-json\/wp\/v2\/pages\/736"}],"wp:featuredmedia":[{"embeddable":true,"href":"https:\/\/metropolevsech.eu\/cs\/wp-json\/wp\/v2\/media\/2559"}],"wp:attachment":[{"href":"https:\/\/metropolevsech.eu\/cs\/wp-json\/wp\/v2\/media?parent=664"}],"curies":[{"name":"wp","href":"https:\/\/api.w.org\/{rel}","templated":true}]}}