{"id":666,"date":"2017-01-01T13:03:13","date_gmt":"2017-01-01T12:03:13","guid":{"rendered":"https:\/\/metropolevsech.eu\/?page_id=666"},"modified":"2026-02-02T21:56:25","modified_gmt":"2026-02-02T20:56:25","slug":"krizove-situace","status":"publish","type":"page","link":"https:\/\/metropolevsech.eu\/cs\/potrebuji-resit\/krizove-situace-2\/krizove-situace\/","title":{"rendered":"Obt\u00ed\u017en\u00e9 \u017eivotn\u00ed situace"},"content":{"rendered":"<p><em>Ka\u017ed\u00fd \u010dlov\u011bk se m\u016f\u017ee b\u011bhem sv\u00e9ho \u017eivota dostat do obt\u00ed\u017en\u00e9 \u017eivotn\u00ed situace, kterou nen\u00ed schopen ji\u017e s\u00e1m \u0159e\u0161it, a pot\u0159ebuje naopak radu a pomocnou ruku od druh\u00fdch. V \u010cesk\u00e9 republice m\u00e1me rozvinut\u00fd pom\u011brn\u011b dob\u0159e funguj\u00edc\u00ed soci\u00e1ln\u00ed syst\u00e9m, kter\u00fd br\u00e1n\u00ed jednotlivc\u016fm, aby propadli na soci\u00e1ln\u00ed a \u017eivotn\u00ed dno. <\/em><\/p>\n<p><em>V t\u00e9to kapitole se dozv\u00edte, na koho se m\u016f\u017eete v t\u011b\u017ek\u00fdch \u017eivotn\u00edch situac\u00edch obr\u00e1tit, a kde najdete pomoc. Douf\u00e1me, \u017ee tyto slu\u017eby nebudete muset nikdy vyu\u017e\u00edt, ale p\u0159esto je dobr\u00e9 v\u011bd\u011bt, \u017ee existuj\u00ed. <\/em><\/p>\n<ul class=\"bullet\">\n<li><a href=\"#Ztr\u00e1ta bydlen\u00ed, \u017eivot bez p\u0159\u00edst\u0159e\u0161\u00ed\"><strong>Ztr\u00e1ta bydlen\u00ed, \u017eivot bez p\u0159\u00edst\u0159e\u0161\u00ed<\/strong><\/a><\/li>\n<li><a href=\"#Drogov\u00e1 z\u00e1vislost\"><strong>Drogov\u00e1 z\u00e1vislost<\/strong><\/a><\/li>\n<li><a href=\"#Pracovn\u00ed vyko\u0159is\u0165ov\u00e1n\u00ed\"><strong>Pracovn\u00ed vyko\u0159is\u0165ov\u00e1n\u00ed<\/strong><\/a><\/li>\n<li><a href=\"#Dom\u00e1c\u00ed n\u00e1sil\u00ed\"><strong>Dom\u00e1c\u00ed n\u00e1sil\u00ed<\/strong><\/a><\/li>\n<li><a href=\"#Gamblerstv\u00ed\"><strong>Gamblerstv\u00ed<\/strong><\/a><\/li>\n<li><a href=\"#Dluhy a exekuce\"><strong>Dluhy a exekuce<\/strong><\/a><\/li>\n<\/ul>\n<p>&nbsp;<\/p>\n<h3><strong>Ztr\u00e1ta bydlen\u00ed, \u017eivot bez p\u0159\u00edst\u0159e\u0161\u00ed<\/strong><\/h3>\n<p>V roli \u010dlov\u011bka bez p\u0159\u00edst\u0159e\u0161\u00ed (tzv. bezdomovce) se m\u016f\u017eete ocitnout velmi rychle, a to nej\u010dast\u011bji v n\u00e1vaznosti na t\u00ed\u017eivou \u017eivotn\u00ed situaci, kter\u00e1 m\u016f\u017ee b\u00fdt spojen\u00e1 s rozvodem man\u017eelstv\u00ed, v d\u016fsledku v\u00e1\u017en\u00e9ho onemocn\u011bn\u00ed, ztr\u00e1ty zam\u011bstn\u00e1n\u00ed, a t\u00edm i pravideln\u00e9ho p\u0159\u00edjmu, exekuce aj.<\/p>\n<p>Pokud se dostanete do situace, kdy \u201eztrat\u00edte st\u0159echu nad hlavou\u201c, kontaktujte n\u00e1sleduj\u00edc\u00ed organizace, kter\u00e9 nab\u00edzej\u00ed nejen poradensk\u00e9 slu\u017eby, ale i p\u0159enocov\u00e1n\u00ed, mo\u017enost z\u00e1kladn\u00ed hygieny, j\u00eddlo a o\u0161acen\u00ed.<\/p>\n<p>N\u00e1rodn\u00ed zast\u0159e\u0161uj\u00edc\u00ed organizac\u00ed, kter\u00e1 soust\u0159ed\u00ed subjekty profesion\u00e1ln\u011b se zab\u00fdvaj\u00edc\u00ed problematikou osob bez p\u0159\u00edst\u0159e\u0161\u00ed, je S\u00ed\u0165 akt\u00e9r\u016f pro domov, z.s.. Na jejich <a target=\"_blank\" href=\"\/\/sad-cr.cz\/\" rel=\"noopener\">str\u00e1nk\u00e1ch<\/a> naleznete mimo jin\u00e9 mapu poskytovatel\u016f slu\u017eeb osob\u00e1m v nouzi.<\/p>\n<p>&nbsp;<\/p>\n<h4><strong>Odkaz:<\/strong><\/h4>\n<ul class=\"bullet-links\">\n<li>N\u011bkter\u00e9 organizace, kter\u00e9 pomohou lidem bez p\u0159\u00edst\u0159e\u0161\u00ed p\u016fsob\u00edc\u00ed na \u00fazem\u00ed hl. m. Prahy naleznete <a href=\"\/\/www.icm.cz\/bezdomovectvi-adresar-organizaci-0\">zde<\/a>.<\/li>\n<\/ul>\n<p><strong>\u00a0\u00a0\u00a0\u00a0\u00a0\u00a0\u00a0\u00a0\u00a0\u00a0\u00a0 <\/strong><\/p>\n<h3><a><\/a><strong>Drogov\u00e1 z\u00e1vislost<\/strong><\/h3>\n<p>N\u00e1sleduj\u00edc\u00ed organizace poskytuj\u00ed informace o drogov\u00e9 problematice, pom\u00e1haj\u00ed s odvyk\u00e1n\u00edm nebo bezplatn\u011b vym\u011b\u0148uj\u00ed injek\u010dn\u00ed st\u0159\u00edka\u010dky tak, aby se alespo\u0148 zamezilo \u0161\u00ed\u0159en\u00ed nemoc\u00ed mezi lidmi z\u00e1visl\u00fdmi na drog\u00e1ch.<\/p>\n<p>&nbsp;<\/p>\n<h4><strong>Drop In, o. p. s. <\/strong><\/h4>\n<p>Karol\u00edny Sv\u011btl\u00e9 18, 110 00 Praha 1<\/p>\n<p>+420 222 221 124<\/p>\n<p><a href=\"mailto:stredisko@dropin.cz\">stredisko@dropin.cz<\/a><\/p>\n<p><a href=\"\/\/www.dropin.cz\">www.dropin.cz<\/a><\/p>\n<p>&nbsp;<\/p>\n<h4><strong>Sananim, o. s.<\/strong><\/h4>\n<p>Na Skalce 819\/15, 150 00 Praha 5<\/p>\n<p>+420 <span style=\"font-weight: 400;\">602 666 415<\/span><\/p>\n<p><a href=\"mailto:kacko@sananim.cz\">kacko@sananim.cz <\/a><\/p>\n<p><a href=\"\/\/www.sananim.cz\">www.sananim.cz<\/a><\/p>\n<p>&nbsp;<\/p>\n<h4><strong>Prev-Centrum <\/strong><\/h4>\n<p>Mezi\u0161kolsk\u00e1 1120\/2, 169 00 Praha 6<\/p>\n<p>+420 233 355 459 +420 777 161 138<\/p>\n<p><a href=\"mailto:poradna@prevcentrum.cz\">poradna@prevcentrum.cz<\/a><\/p>\n<p><a href=\"\/\/www.prevcentrum.cz\">www.prevcentrum.cz<\/a><\/p>\n<h3><\/h3>\n<p>&nbsp;<\/p>\n<p>&nbsp;<\/p>\n<h3><strong>Pracovn\u00ed vyko\u0159is\u0165ov\u00e1n\u00ed<\/strong><\/h3>\n<p>Migranti se bohu\u017eel \u010dasto st\u00e1vaj\u00ed ob\u011btmi pracovn\u00edho vyko\u0159is\u0165ov\u00e1n\u00ed. Ob\u011bti b\u00fdvaj\u00ed zl\u00e1k\u00e1ny pod fale\u0161n\u00fdm p\u0159\u00edslibem dob\u0159e placen\u00e9 pr\u00e1ce a n\u00e1sledn\u011b zneu\u017eity, nej\u010dast\u011bji za \u00fa\u010delem pracovn\u00edho vyko\u0159is\u0165ov\u00e1n\u00ed. \u010cast\u00fdm p\u0159\u00edkladem b\u00fdv\u00e1 tak\u00e9 povinnost spl\u00e1cet p\u0159ede\u0161l\u00e9 dluhy za zprost\u0159edkov\u00e1n\u00ed zam\u011bstn\u00e1n\u00ed, zap\u016fj\u010den\u00e9 pracovn\u00ed pom\u016fcky apod. Souhrnn\u011b se t\u00e9to problematice \u0159\u00edk\u00e1 obchod s\u00a0lidmi, pod kter\u00fd pat\u0159\u00ed jak pracovn\u00ed vyko\u0159is\u0165ov\u00e1n\u00ed, tak tak\u00e9 sexu\u00e1ln\u00ed vyko\u0159is\u0165ov\u00e1n\u00ed.<\/p>\n<p>&nbsp;<\/p>\n<h4><em>Jak<strong> pozn\u00e1te, \u017ee jste se stali jednou z ob\u011bt\u00ed obchodu s lidmi?<\/strong><\/em><\/h4>\n<ul>\n<li>&#8211; \u00a0Zam\u011bstnavatel s v\u00e1mi nesep\u00ed\u0161e pracovn\u00ed smlouvu.<\/li>\n<li>&#8211; \u00a0Zam\u011bstnavatel v\u00e1s nut\u00ed d\u011blat pr\u00e1ci, kterou nem\u00e1te v popisu pr\u00e1ce.<\/li>\n<li>&#8211; \u00a0Zam\u011bstnavatel v\u00e1s nut\u00ed d\u011blat nebezpe\u010dnou, zdrav\u00ed ohro\u017euj\u00edc\u00ed pr\u00e1ci.<\/li>\n<li>&#8211; \u00a0Pracujete v prost\u0159ed\u00ed, kter\u00e9 je \u017eivotu nebezpe\u010dn\u00e9 nebo nem\u00e1te zaji\u0161t\u011bny dostate\u010dn\u00e9 ochrann\u00e9 pom\u016fcky.<\/li>\n<li>&#8211; \u00a0Zam\u011bstnavatel v\u00e1m odp\u00edr\u00e1 pauzu na j\u00eddlo, pit\u00ed nebo toaletu.<\/li>\n<li>&#8211; \u00a0Zam\u011bstnavatel v\u00e1m nevypl\u00e1c\u00ed dohodnutou mzdu nebo pouze jej\u00ed \u010d\u00e1st.<\/li>\n<li>&#8211; \u00a0\u017deny se mohou dostat do situac\u00ed nucen\u00e9ho sexu\u00e1ln\u00edho vyko\u0159is\u0165ov\u00e1n\u00ed.<\/li>\n<li>&#8211; \u00a0Dal\u0161\u00ed\u2026<\/li>\n<\/ul>\n<p>&nbsp;<\/p>\n<p>Pokud m\u00e1te obavu, \u017ee jste ob\u011bt\u00ed vyko\u0159is\u0165ov\u00e1n\u00ed, nebo m\u00e1te obavu o n\u011bkoho jin\u00e9ho, kontaktujte tyto neziskov\u00e9 organizace, kter\u00e9 v\u00e1m poskytnou radu a pomoc:<\/p>\n<p>&nbsp;<\/p>\n<h4><strong>La Strada<\/strong><\/h4>\n<p><span style=\"font-weight: 400;\">SOS linka: +420 222 71 7 1 71,\u00a0 +420 800 07 77 77 <\/span><\/p>\n<p><a href=\"mailto:lastrada@strada.cz\"><span style=\"font-weight: 400;\">lastrada<\/span>@strada.cz<\/a><\/p>\n<p><a href=\"\/\/www.strada.cz\">www.strada.cz<\/a><\/p>\n<p>&nbsp;<\/p>\n<h4><strong>Arcidiec\u00e9zn\u00ed charita Praha <b>&#8211; projekt Magdala<\/b><\/strong><\/h4>\n<p>Lond\u00fdnsk\u00e1 44, 120 00 Praha 2<\/p>\n<p><span style=\"font-weight: 400;\">+420 224 246 573<\/span><\/p>\n<p><a href=\"mailto:praha@praha.charita.cz\"><span style=\"font-weight: 400;\">praha@praha.charita.cz<\/span><\/a><\/p>\n<p>\/\/praha.charita.cz\/sluzby\/magdala<\/p>\n<div class=\"box-fixa\"><\/p>\n<p><em>Kontaktovat m\u016f\u017eete i p\u0159\u00edmo Policii \u010cR na \u010d\u00edsle 158! <\/em><br \/>\n<\/div>\n<h3>\u00a0<a><\/a><\/h3>\n<h3><strong>Dom\u00e1c\u00ed n\u00e1sil\u00ed<\/strong><\/h3>\n<p>Jak\u00fdkoliv druh n\u00e1sil\u00ed, i v r\u00e1mci rodiny, je v \u010cR trestn\u00fd. Dom\u00e1c\u00edm n\u00e1sil\u00edm nen\u00ed pouze fyzick\u00e9 n\u00e1sil\u00ed, ale tak\u00e9 situace dlouhodob\u00e9ho poni\u017eov\u00e1n\u00ed nebo verb\u00e1ln\u00edho napad\u00e1n\u00ed.<\/p>\n<p>Dom\u00e1c\u00ed n\u00e1sil\u00ed nezn\u00e1 hranic. M\u016f\u017ee prob\u00edhat jak mezi lidmi stejn\u00e9 n\u00e1rodnosti, tak ve sm\u00ed\u0161en\u00e9m p\u00e1ru, kde jeden z dvojice je migrant \u010di migrantka. Coby ob\u011bti i migranti c\u00edt\u00ed stejnou bolest a pon\u00ed\u017een\u00ed jako ostatn\u00ed, ale oproti \u010desk\u00fdm ob\u010dan\u016fm jsou znev\u00fdhodn\u011bni je\u0161t\u011b sv\u00fdm postaven\u00edm. Jejich zranitelnost je d\u00e1na neznalost\u00ed jazyka, n\u00edzk\u00fdm pov\u011bdom\u00edm o pr\u00e1vech, soci\u00e1ln\u00ed izolac\u00ed \u010di pobytov\u00fdmi omezen\u00edmi v \u010cR. To z nich d\u011bl\u00e1 snadn\u00e9 ob\u011bti a zp\u016fsobuje, \u017ee se n\u00e1sil\u00ed neum\u011bj\u00ed \u00fa\u010dinn\u011b br\u00e1nit \u010di se boj\u00ed mo\u017enost\u00ed obrany vyu\u017e\u00edt. Zpravidla jsou v z\u00e1visl\u00e9m postaven\u00ed na rodinn\u00e9m p\u0159\u00edslu\u0161n\u00edkovi, kter\u00fd na nich n\u00e1sil\u00ed p\u00e1ch\u00e1. \u010casto maj\u00ed tak\u00e9 zt\u00ed\u017een\u00fd p\u0159\u00edstup k odborn\u00fdm slu\u017eb\u00e1m, nebo jim ned\u016fv\u011b\u0159uj\u00ed.<\/p>\n<div class=\"box-fixa\"><br \/>\n<em>V p\u0159\u00edpad\u011b, \u017ee se stanete ob\u011bt\u00ed dom\u00e1c\u00edho n\u00e1sil\u00ed, nebo v\u00edte o n\u011bkom, kdo ob\u011bt\u00ed pravd\u011bpodobn\u011b je, obra\u0165te se p\u0159\u00edmo na Policii \u010cR (tel. 158), \u010di na specializovan\u00e9 neziskov\u00e9 organizace:<\/em><br \/>\n<\/div>\n<p>&nbsp;<\/p>\n<h4><strong>SIMI (Sdru\u017een\u00ed pro integraci a migraci)<\/strong><\/h4>\n<p>Baranova 33, Praha 3<\/p>\n<p>+420 224 224 379, 603 547 450<\/p>\n<p><a href=\"mailto:poradna@refug.cz\">poradna@refug.cz<\/a><\/p>\n<p><a href=\"\/\/www.migrace.com\">\/\/www.migrace.com\/<\/a><\/p>\n<p>Poskytuje bezplatn\u00e9 pr\u00e1vn\u00ed, soci\u00e1ln\u00ed a psychosoci\u00e1ln\u00ed poradenstv\u00ed v \u010de\u0161tin\u011b, ru\u0161tin\u011b, angli\u010dtin\u011b a francouz\u0161tin\u011b. Pro dal\u0161\u00ed jazyky domluv\u00ed tlumo\u010den\u00ed interkulturn\u00edm pracovn\u00edkem.<\/p>\n<p>&nbsp;<\/p>\n<h4><strong>ACORUS &#8211; centrum pro osoby ohro\u017een\u00e9 dom\u00e1c\u00edm n\u00e1sil\u00edm<\/strong><\/h4>\n<p>D\u011blnick\u00e1 213\/12, Praha 7 (pouze osobn\u00ed konzultace, ubytov\u00e1n\u00ed je poskytov\u00e1no na neve\u0159ejn\u00e9 adrese)<\/p>\n<p><a href=\"mailto:info@acorus.cz\">info@acorus.cz<\/a><\/p>\n<p><a href=\"\/\/www.acorus.cz\">www.acorus.cz<\/a><\/p>\n<p>NONSTOP telefonn\u00ed linka: 283 892 772<\/p>\n<p>Bezplatn\u011b nab\u00edz\u00ed krizovou pomoc \u2013 ubytov\u00e1n\u00ed na krizov\u00e9m l\u016f\u017eku s neve\u0159ejnou adresou, azylov\u00e9 ubytov\u00e1n\u00ed s neve\u0159ejnou adresou, poradnu pro osoby ohro\u017een\u00e9 dom\u00e1c\u00edm n\u00e1sil\u00edm, pr\u00e1vn\u00ed informace ob\u011btem trestn\u00fdch \u010din\u016f sp\u00e1chan\u00fdch v souvislosti s dom\u00e1c\u00edm n\u00e1sil\u00edm, byty n\u00e1sledn\u00e9 pomoci s neve\u0159ejnou adresou. Slu\u017eby Acorus jsou poskytov\u00e1ny v \u010desk\u00e9m jazyce. Pro ostatn\u00ed jazyky spolupracuje se SIMI a jejich interkulturn\u00edmi pracovn\u00edky.<\/p>\n<p>&nbsp;<\/p>\n<h4><strong>B\u00edl\u00fd kruh bezpe\u010d\u00ed <\/strong><\/h4>\n<p>U Trojice 2, 150 00 Praha 5<\/p>\n<p>+420 257 317 100<\/p>\n<p><a href=\"mailto:bkb.praha@bkb.cz\">bkb.praha@bkb.cz<\/a><\/p>\n<p><a href=\"\/\/www.bkb.cz\">www.bkb.cz<\/a><\/p>\n<p>&nbsp;<\/p>\n<h4><strong>Interven\u010dn\u00ed centrum Praha <\/strong><\/h4>\n<p>Chel\u010dick\u00e9ho 39, 130 00 Praha 3<\/p>\n<p>+420 281 911 883, +420 734 510 292<\/p>\n<p><a href=\"mailto:icpraha@csspraha.cz\">icpraha@csspraha.cz<\/a><\/p>\n<p><a href=\"\/\/www.intervencnicentrum.cz\">www.intervencnicentrum.cz<\/a><\/p>\n<p>&nbsp;<\/p>\n<h4><strong>proFem, o. p. s. <\/strong><\/h4>\n<p>Plze\u0148sk\u00e1 66, 150 00 Praha 5<\/p>\n<p>+420 608 22 22 77<\/p>\n<p><a href=\"mailto:poradna@profem.cz\">poradna@profem.cz<\/a><\/p>\n<p><a href=\"\/\/www.profem.cz\">www.profem.cz<\/a><\/p>\n<p>&nbsp;<\/p>\n<h4><strong>Rosa, o. s. <\/strong><\/h4>\n<p>Podolsk\u00e1 242\/25, 147 00 Praha 4<\/p>\n<p>+420 241 432 466<\/p>\n<p>SOS linka: +420 602 246 102<\/p>\n<p><a href=\"mailto:info@rosa-os.cz\">info@rosa-os.cz<\/a><\/p>\n<p><a href=\"\/\/www.rosa-os.cz\">www.rosa-os.cz<\/a><\/p>\n<p>&nbsp;<\/p>\n<p>&nbsp;<\/p>\n<h3><strong>Gamblerstv\u00ed<\/strong><\/h3>\n<p>Gamblerstv\u00ed neboli z\u00e1vislost na hazardn\u00edch hr\u00e1ch, je nemoc, kter\u00e1 vede ke statis\u00edcov\u00fdm i milionov\u00fdm dluh\u016fm, ztr\u00e1t\u011b zam\u011bstn\u00e1n\u00ed, ztr\u00e1t\u011b p\u0159\u00e1tel, rodiny a zp\u016fsobuje i v\u00e1\u017en\u00e9 zdravotn\u00ed probl\u00e9my.<\/p>\n<p>Gamble\u0159i jsou nej\u010dast\u011bji z\u00e1visl\u00ed na v\u00fdhern\u00edch automatech nebo karetn\u00edch hr\u00e1ch (i v on-line verz\u00edch).<\/p>\n<p>&nbsp;<\/p>\n<p>Pro radu a pomoc kontaktujte:<\/p>\n<p>&nbsp;<\/p>\n<h4><strong>Stop z\u00e1vislosti, o. s.<\/strong><\/h4>\n<p>+420 775 122 273<\/p>\n<p><a href=\"mailto:info@stopzavislosti.cz\">info@stopzavislosti.cz<\/a><\/p>\n<p>&nbsp;<\/p>\n<h3><\/h3>\n<p>&nbsp;<\/p>\n<h3><strong>Dluhy a exekuce<\/strong><\/h3>\n<p>Ka\u017ed\u00fd se m\u016f\u017ee dostat do t\u00ed\u017eiv\u00e9 finan\u010dn\u00ed situace, kter\u00e1 vyvrchol\u00ed dluhy nebo exekuc\u00ed. Pokud se do takov\u00e9 situace dostanete, obra\u0165te se na n\u00e1sleduj\u00edc\u00ed neziskov\u00e9 organizace, kde v\u00e1m poskytnou informace o tom, jak s dluhy zach\u00e1zet, co je to spl\u00e1tkov\u00fd kalend\u00e1\u0159, osobn\u00ed bankrot apod.<\/p>\n<p>&nbsp;<\/p>\n<h4><strong>Malt\u00e9zsk\u00e1 pomoc, o. p. s. <\/strong><\/h4>\n<p>L\u00e1ze\u0148sk\u00e1 2, 118 00 Praha 1<\/p>\n<p>+420 736 620 894<\/p>\n<p><a href=\"mailto:lidevnouzi@maltezskapomoc.cz\">lidevnouzi@maltezskapomoc.cz<\/a><\/p>\n<p>&nbsp;<\/p>\n<h4><strong>Poradna p\u0159i finan\u010dn\u00ed t\u00edsni, o. p. s.<\/strong><\/h4>\n<p>Americk\u00e1 22, 120 00 Praha 2<\/p>\n<p>+420 222 922 240<\/p>\n<p><a href=\"mailto:poradna@financnitisen.cz\">poradna@financnitisen.cz<\/a><\/p>\n<p><a href=\"\/\/www.financnitisen.cz\">www.financnitisen.cz<\/a><\/p>","protected":false},"excerpt":{"rendered":"<p>Ka\u017ed\u00fd \u010dlov\u011bk se m\u016f\u017ee b\u011bhem sv\u00e9ho \u017eivota dostat do obt\u00ed\u017en\u00e9 \u017eivotn\u00ed situace, kterou nen\u00ed schopen ji\u017e s\u00e1m \u0159e\u0161it, a pot\u0159ebuje naopak radu a pomocnou ruku od druh\u00fdch. V \u010cesk\u00e9 republice m\u00e1me rozvinut\u00fd pom\u011brn\u011b dob\u0159e funguj\u00edc\u00ed soci\u00e1ln\u00ed syst\u00e9m, kter\u00fd br\u00e1n\u00ed jednotlivc\u016fm,&#8230;<\/p>\n<a class=\"more-block\" href=\"https:\/\/metropolevsech.eu\/cs\/potrebuji-resit\/krizove-situace-2\/krizove-situace\/\">\u010c\u00edst v\u00edce<\/a>","protected":false},"author":7,"featured_media":0,"parent":3099,"menu_order":2,"comment_status":"closed","ping_status":"closed","template":"","meta":[],"acf":[],"_links":{"self":[{"href":"https:\/\/metropolevsech.eu\/cs\/wp-json\/wp\/v2\/pages\/666"}],"collection":[{"href":"https:\/\/metropolevsech.eu\/cs\/wp-json\/wp\/v2\/pages"}],"about":[{"href":"https:\/\/metropolevsech.eu\/cs\/wp-json\/wp\/v2\/types\/page"}],"author":[{"embeddable":true,"href":"https:\/\/metropolevsech.eu\/cs\/wp-json\/wp\/v2\/users\/7"}],"replies":[{"embeddable":true,"href":"https:\/\/metropolevsech.eu\/cs\/wp-json\/wp\/v2\/comments?post=666"}],"version-history":[{"count":4,"href":"https:\/\/metropolevsech.eu\/cs\/wp-json\/wp\/v2\/pages\/666\/revisions"}],"predecessor-version":[{"id":24887,"href":"https:\/\/metropolevsech.eu\/cs\/wp-json\/wp\/v2\/pages\/666\/revisions\/24887"}],"up":[{"embeddable":true,"href":"https:\/\/metropolevsech.eu\/cs\/wp-json\/wp\/v2\/pages\/3099"}],"wp:attachment":[{"href":"https:\/\/metropolevsech.eu\/cs\/wp-json\/wp\/v2\/media?parent=666"}],"curies":[{"name":"wp","href":"https:\/\/api.w.org\/{rel}","templated":true}]}}