{"id":6787,"date":"2018-05-10T20:43:27","date_gmt":"2018-05-10T18:43:27","guid":{"rendered":"https:\/\/metropolevsech.eu\/?page_id=6787"},"modified":"2022-06-02T19:45:27","modified_gmt":"2022-06-02T17:45:27","slug":"oddeleni-narodnostnich-mensin-a-cizincu","status":"publish","type":"page","link":"https:\/\/metropolevsech.eu\/cs\/o-nas\/hlavni-mesto-praha-a-integrace\/oddeleni-narodnostnich-mensin-a-cizincu\/","title":{"rendered":"Odd\u011blen\u00ed n\u00e1rodnostn\u00edch men\u0161in a cizinc\u016f"},"content":{"rendered":"<p>V\u00a0r\u00e1mci Magistr\u00e1tu hl. m. Prahy se oblast\u00ed integrace zab\u00fdv\u00e1 <strong>odd\u011blen\u00ed n\u00e1rodnostn\u00edch men\u0161in a cizinc\u016f<\/strong>, kter\u00e9 je sou\u010d\u00e1st\u00ed odboru kultury a cestovn\u00edho ruchu.<\/p>\n<p>Kontakty:<\/p>\n<ul class=\"bullet\">\n<li>odbor kultury a cestovn\u00edho ruchu MHMP &#8211; odd\u011blen\u00ed n\u00e1rodnostn\u00edch men\u0161in a cizinc\u016f<\/li>\n<li><a href=\"https:\/\/www.google.com\/maps\/place\/Magistr%C3%A1t+Hlavn%C3%ADho+m%C4%9Bsta+Prahy\/@50.081827,14.4144923,15z\/data=!4m9!1m2!2m1!1sodbor+kultury+a+cestovn%C3%ADho+ruchu+MHMP!3m5!1s0x470b94ed94ec34b7:0xff38ef1943c4705b!8m2!3d50.0820959!4d14.4222171!15sCiZvZGJvciBrdWx0dXJ5IGEgY2VzdG92bsOtaG8gcnVjaHUgTUhNUFooIiZvZGJvciBrdWx0dXJ5IGEgY2VzdG92bsOtaG8gcnVjaHUgbWhtcJIBCWNpdHlfaGFsbJoBI0NoWkRTVWhOTUc5blMwVkpRMEZuU1VSamVsQkROa05uRUFF\" rel=\"noopener\" target=\"_blank\">Jungmannova 335\/29, 110 00 Praha 1<\/a><\/li>\n<li><a href=\"mailto:integrace@praha.eu\">integrace@praha.eu<\/a><\/li>\n<\/ul>\n<p>Odd\u011blen\u00ed koordinuje realizaci aktivit a opat\u0159en\u00ed vztahuj\u00edc\u00edch se k oblasti integrace cizinc\u016f, kter\u00e9 jsou stanoveny Koncepc\u00ed hl. m. Prahy pro oblast integrace cizinc\u016f. Spolupracuje s jednotliv\u00fdmi odbory MHMP, zaji\u0161\u0165uje komunikaci a spolupr\u00e1ci s institucemi, jednotliv\u00fdmi m\u011bstsk\u00fdmi \u010d\u00e1stmi, neziskov\u00fdmi organizacemi a dal\u0161\u00edmi organizacemi pracuj\u00edc\u00edmi v\u00a0dan\u00e9 oblasti.<\/p>\n<p>Kl\u00ed\u010dov\u00fdm partnerem je <a href=\"\/\/icpraha.com\">Integra\u010dn\u00ed centrum Praha, o. p. s.<\/a>, kter\u00e9 \u00a0hl. m. Praha zalo\u017eilo za \u00fa\u010delem komplexn\u00ed a systematick\u00e9 pr\u00e1ce v\u00a0oblasti integrace migrant\u016f. Integra\u010dn\u00ed centrum Praha pracuje pod sloganem \u201eMetropole v\u0161ech\u201c, kter\u00fd odkazuje na jeden ze st\u011b\u017eejn\u00edch c\u00edl\u016f \u2013 vytv\u00e1\u0159et na \u00fazem\u00ed hlavn\u00edho m\u011bsta Prahy takov\u00e9 podm\u00ednky, aby se migranti zde \u017eij\u00edc\u00ed c\u00edtili jako plnohodnotn\u00ed ob\u010dan\u00e9 na\u0161\u00ed metropole a spolupod\u00edleli se na jej\u00edm ve\u0159ejn\u00e9m \u017eivot\u011b.<\/p>","protected":false},"excerpt":{"rendered":"<p>V\u00a0r\u00e1mci Magistr\u00e1tu hl. m. Prahy se oblast\u00ed integrace zab\u00fdv\u00e1 odd\u011blen\u00ed n\u00e1rodnostn\u00edch men\u0161in a cizinc\u016f, kter\u00e9 je sou\u010d\u00e1st\u00ed odboru kultury a cestovn\u00edho ruchu. Kontakty: odbor kultury a cestovn\u00edho ruchu MHMP &#8211; odd\u011blen\u00ed n\u00e1rodnostn\u00edch men\u0161in a cizinc\u016f Jungmannova 335\/29, 110 00 Praha&#8230;<\/p>\n<a class=\"more-block\" href=\"https:\/\/metropolevsech.eu\/cs\/o-nas\/hlavni-mesto-praha-a-integrace\/oddeleni-narodnostnich-mensin-a-cizincu\/\">\u010c\u00edst v\u00edce<\/a>","protected":false},"author":7,"featured_media":0,"parent":16975,"menu_order":3,"comment_status":"closed","ping_status":"closed","template":"","meta":[],"acf":[],"_links":{"self":[{"href":"https:\/\/metropolevsech.eu\/cs\/wp-json\/wp\/v2\/pages\/6787"}],"collection":[{"href":"https:\/\/metropolevsech.eu\/cs\/wp-json\/wp\/v2\/pages"}],"about":[{"href":"https:\/\/metropolevsech.eu\/cs\/wp-json\/wp\/v2\/types\/page"}],"author":[{"embeddable":true,"href":"https:\/\/metropolevsech.eu\/cs\/wp-json\/wp\/v2\/users\/7"}],"replies":[{"embeddable":true,"href":"https:\/\/metropolevsech.eu\/cs\/wp-json\/wp\/v2\/comments?post=6787"}],"version-history":[{"count":7,"href":"https:\/\/metropolevsech.eu\/cs\/wp-json\/wp\/v2\/pages\/6787\/revisions"}],"predecessor-version":[{"id":16981,"href":"https:\/\/metropolevsech.eu\/cs\/wp-json\/wp\/v2\/pages\/6787\/revisions\/16981"}],"up":[{"embeddable":true,"href":"https:\/\/metropolevsech.eu\/cs\/wp-json\/wp\/v2\/pages\/16975"}],"wp:attachment":[{"href":"https:\/\/metropolevsech.eu\/cs\/wp-json\/wp\/v2\/media?parent=6787"}],"curies":[{"name":"wp","href":"https:\/\/api.w.org\/{rel}","templated":true}]}}