{"id":6789,"date":"2018-05-10T20:45:11","date_gmt":"2018-05-10T18:45:11","guid":{"rendered":"https:\/\/metropolevsech.eu\/?page_id=6789"},"modified":"2025-03-04T11:35:58","modified_gmt":"2025-03-04T10:35:58","slug":"poradni-organy","status":"publish","type":"page","link":"https:\/\/metropolevsech.eu\/cs\/o-nas\/hlavni-mesto-praha-a-integrace\/poradni-organy\/","title":{"rendered":"Poradn\u00ed platformy"},"content":{"rendered":"<p><\/p>\n<ul>\n<li>Komise Rady hl. m. Prahy pro oblast integrace cizinc\u016f<\/li>\n<li>Poradn\u00ed platforma z\u00e1stupc\u016f m\u011bstsk\u00fdch \u010d\u00e1st\u00ed a Magistr\u00e1tu hl. m. Prahy pro oblast integrace cizinc\u016f<\/li>\n<li>Region\u00e1ln\u00ed poradn\u00ed platforma<\/li>\n<li>Platforma z\u00e1stupc\u016f odbor\u016f \u0161kolstv\u00ed k\u00a0t\u00e9matu vzd\u011bl\u00e1v\u00e1n\u00ed d\u011bt\u00ed a \u017e\u00e1k\u016f s\u00a0odli\u0161n\u00fdm mate\u0159sk\u00fdm jazykem<\/li>\n<\/ul>\n<h3><\/h3>\n<h3>Komise Rady hl. m. Prahy pro oblast integrace cizinc\u016f<\/h3>\n<p>Usnesen\u00edm Rady hl. m. Prahy ze dne 31. 1. 2017 byla z\u0159\u00edzena <a target=\"_blank\" href=\"https:\/\/praha.eu\/komise_rady_hmp#\/detail\/-38513?periodId=-36525&amp;year=2025&amp;showAll=true\" rel=\"noopener\">Komise Rady hl. m. Prahy pro oblast integrace cizinc\u016f<\/a>, kter\u00e1 je poradn\u00edm a inicia\u010dn\u00edm org\u00e1nem <a href=\"\/\/www.praha.eu\/jnp\/cz\/o_meste\/primator_a_volene_organy\/rada\/komise_rady\/index.html?commissionId=32718\">Rady hl. m. Prahy<\/a>. \u010cleny Komise jsou \u010dlenov\u00e9 Zastupitelstva hl. m. Prahy a d\u00e1le odborn\u00edci zastupuj\u00edc\u00ed\u00a0 jednotliv\u00e9 odbory Magistr\u00e1tu hl. m\u011bsta Prahy, Ministerstvo vnitra \u010cesk\u00e9 republiky, m\u011bstsk\u00e9 \u010d\u00e1sti, neziskov\u00e9 organizace zab\u00fdvaj\u00edc\u00ed se integrac\u00ed cizinc\u016f.<\/p>\n<p>Komise projedn\u00e1v\u00e1 d\u016fle\u017eit\u00e9 aspekty integra\u010dn\u00ed politiky HMP jako jsou strategick\u00e9 dokumenty integrace cizinc\u016f (Koncepce a Ak\u010dn\u00ed pl\u00e1ny) a jejich prov\u00e1z\u00e1n\u00ed s dal\u0161\u00edmi krajsk\u00fdmi strategiemi a agendami magistr\u00e1tu a d\u00e1v\u00e1 doporu\u010den\u00ed k dal\u0161\u00edmu syst\u00e9mov\u00e9mu rozvoji integrace cizinc\u016f na \u00fazem\u00ed Prahy.<\/p>\n<h3>Poradn\u00ed platforma z\u00e1stupc\u016f m\u011bstsk\u00fdch \u010d\u00e1st\u00ed a Magistr\u00e1tu hl. m. Prahy pro oblast integrace cizinc\u016f<\/h3>\n<p>Poradn\u00ed platforma je slo\u017eena v\u00fdhradn\u011b ze z\u00e1stupc\u016f m\u011bstsk\u00fdch \u010d\u00e1st\u00ed Praha 1\u201322 a m\u011bstsk\u00e9 \u010d\u00e1sti Praha-Libu\u0161, kte\u0159\u00ed byli v\u00a0r\u00e1mci sv\u00e9ho pracovn\u00edho za\u0159azen\u00ed delegov\u00e1ni danou m\u011bstskou \u010d\u00e1st\u00ed pro mo\u017enost spolupr\u00e1ce a komunikace s\u00a0Magistr\u00e1tem hl. m. Prahy v oblasti integrace cizinc\u016f. Tato poradn\u00ed platforma je koordinov\u00e1na Magistr\u00e1tem hl. m. Prahy\u00a0ve spolupr\u00e1ci s Integra\u010dn\u00edm centrem Praha, o. p. s., a\u00a0\u00fazce nav\u00e1z\u00e1na na \u010dinnost Region\u00e1ln\u00ed poradn\u00ed platformy.<\/p>\n<p>Z\u00e1rove\u0148 je prostorem, kde je mo\u017en\u00e9 sd\u00edlen\u00ed zku\u0161enost\u00ed a p\u0159\u00edklad\u016f dobr\u00e9 praxe na lok\u00e1ln\u00ed \u00farovni, a m\u00edstem vz\u00e1jemn\u00e9 informovanosti mezi m\u011bstsk\u00fdmi \u010d\u00e1stmi a Magistr\u00e1tem hl. m. Prahy. \u010clenov\u00e9 platformy jsou pravideln\u011b informov\u00e1ni o v\u00fdznamn\u00fdch opat\u0159en\u00edch, aktivit\u00e1ch a akc\u00edch t\u00fdkaj\u00edc\u00edch se\u00a0oblasti integrace cizinc\u016f. Tato poradn\u00ed platforma se pod\u00edl\u00ed na p\u0159\u00edprav\u011b koncep\u010dn\u00edch materi\u00e1l\u016f a jejich p\u0159ipom\u00ednkov\u00e1n\u00ed.<\/p>\n<h3>Dokumenty:<\/h3>\n<ul class=\"bullet\">\n<li>Adres\u00e1\u0159<\/li>\n<li>Z\u00e1pisy<\/li>\n<\/ul>\n<h3>Region\u00e1ln\u00ed poradn\u00ed platforma<\/h3>\n<p><span style=\"font-weight: 400;\">Jedine\u010dn\u00fd prostor pro setk\u00e1v\u00e1n\u00ed akt\u00e9r\u016f na poli integrace cizinc\u016f v hl. m. Praze p\u0159edstavuje Region\u00e1ln\u00ed poradn\u00ed platforma (RPP), kterou organizuje Integra\u010dn\u00ed centrum Praha o. p. s. Platforma sdru\u017euje \u010dleny z \u0159ad MHMP, jednotliv\u00fdch m\u011bstsk\u00fdch \u010d\u00e1st\u00ed, NNO, migrantsk\u00fdch sdru\u017een\u00ed, st\u00e1tn\u00edch instituc\u00ed, \u0161kolsk\u00fdch a vzd\u011bl\u00e1vac\u00edch za\u0159\u00edzen\u00ed a mezin\u00e1rodn\u00edch organizac\u00ed. Je m\u00edstem pro vz\u00e1jemn\u00e9 sd\u00edlen\u00ed zku\u0161enost\u00ed a prezentaci zaj\u00edmav\u00fdch projekt\u016f a novinek z oblasti integrace cizinc\u016f. \u010clenov\u00e9 RPP se pravideln\u011b pod\u00edlej\u00ed na tvorb\u011b koncepce hl. m. Prahy pro oblast integrace cizinc\u016f a na p\u0159\u00edprav\u011b navazuj\u00edc\u00edch Ak\u010dn\u00edch pl\u00e1n\u016f.<\/span><\/p>\n<p><span style=\"font-weight: 400;\">Region\u00e1ln\u00ed poradn\u00ed platforma se kon\u00e1 jednou za dva m\u011bs\u00edce. Informace o aktu\u00e1ln\u00ed platform\u011b najdete na webu <\/span><a href=\"https:\/\/icpraha.com\/sitovani\"><span style=\"font-weight: 400;\">https:\/\/icpraha.com\/sitovani<\/span><\/a><span style=\"font-weight: 400;\">. Pokud byste r\u00e1di pravideln\u011b dost\u00e1vali pozv\u00e1nku na RPP, kontaktujte koordin\u00e1torku &#8211; Kate\u0159inu Phamovou &#8211; email: <a href=\"k.phamova@icpraha.com\">k.phamova@icpraha.com.<\/a><\/span><\/p>\n<h3>Platforma z\u00e1stupc\u016f odbor\u016f \u0161kolstv\u00ed k\u00a0t\u00e9matu vzd\u011bl\u00e1v\u00e1n\u00ed d\u011bt\u00ed a \u017e\u00e1k\u016f s\u00a0odli\u0161n\u00fdm mate\u0159sk\u00fdm jazykem<\/h3>\n<p>V pr\u016fb\u011bhu roku 2016 zah\u00e1jila pod koordinac\u00ed odboru \u0161kolstv\u00ed a ml\u00e1de\u017ee Magistr\u00e1tu hl. m. Prahy \u010dinnost platforma z\u00e1stupc\u016f odbor\u016f \u0161kolstv\u00ed m\u011bstsk\u00fdch \u010d\u00e1st\u00ed zam\u011b\u0159en\u00e1 na oblast vzd\u011bl\u00e1v\u00e1n\u00ed d\u011bt\u00ed a \u017e\u00e1k\u016f s\u00a0odli\u0161n\u00fdm mate\u0159sk\u00fdm jazykem, resp. \u017e\u00e1k\u016f-cizinc\u016f. Platforma je prostorem, kde se setk\u00e1vaj\u00ed ti pracovn\u00edci, kte\u0159\u00ed na m\u011bstsk\u00e9 \u010d\u00e1sti maj\u00ed na starosti agendu vzd\u011bl\u00e1v\u00e1n\u00ed \u017e\u00e1k\u016f s\u00a0odli\u0161n\u00fdm mate\u0159sk\u00fdm jazykem. Platforma p\u0159edstavuje d\u016fle\u017eit\u00fd zdroj informac\u00ed o pot\u0159eb\u00e1ch m\u011bstsk\u00fdch \u010d\u00e1st\u00ed v oblasti vzd\u011bl\u00e1v\u00e1n\u00ed d\u011bt\u00ed a \u017e\u00e1k\u016f s\u00a0odli\u0161n\u00fdm mate\u0159sk\u00fdm jazykem a zdroj podn\u011bt\u016f pro formulace budouc\u00edch c\u00edl\u016f v dan\u00e9 oblasti. Sou\u010dasn\u011b nab\u00edz\u00ed p\u0159\u00edle\u017eitost ke sd\u00edlen\u00ed relevantn\u00edch aktu\u00e1ln\u00edch informac\u00ed z\u00a0dan\u00e9 oblasti, nap\u0159. t\u00fdkaj\u00edc\u00edch se zp\u016fsob\u016f financov\u00e1n\u00ed aktivit v oblasti vzd\u011bl\u00e1v\u00e1n\u00ed \u017e\u00e1k\u016f s\u00a0odli\u0161n\u00fdm mate\u0159sk\u00fdm jazykem, legislativn\u00edch zm\u011bn, existuj\u00edc\u00edch podp\u016frn\u00fdch slu\u017eeb apod. D\u016fle\u017eit\u00e9 je tak\u00e9 to, \u017ee platforma umo\u017e\u0148uje odborn\u00e9 diskuse nad danou problematikou a v\u00fdm\u011bnu zku\u0161enost\u00ed.<\/p>\n<p>V pr\u016fb\u011bhu roku jsou realizov\u00e1na 2 setk\u00e1n\u00ed platformy z\u00e1stupc\u016f odbor\u016f \u0161kolstv\u00ed m\u011bstsk\u00fdch \u010d\u00e1st\u00ed.<\/p>","protected":false},"excerpt":{"rendered":"<p>Komise Rady hl. m. Prahy pro oblast integrace cizinc\u016f Poradn\u00ed platforma z\u00e1stupc\u016f m\u011bstsk\u00fdch \u010d\u00e1st\u00ed a Magistr\u00e1tu hl. m. Prahy pro oblast integrace cizinc\u016f Region\u00e1ln\u00ed poradn\u00ed platforma Platforma z\u00e1stupc\u016f odbor\u016f \u0161kolstv\u00ed k\u00a0t\u00e9matu vzd\u011bl\u00e1v\u00e1n\u00ed d\u011bt\u00ed a \u017e\u00e1k\u016f s\u00a0odli\u0161n\u00fdm mate\u0159sk\u00fdm jazykem Komise Rady&#8230;<\/p>\n<a class=\"more-block\" href=\"https:\/\/metropolevsech.eu\/cs\/o-nas\/hlavni-mesto-praha-a-integrace\/poradni-organy\/\">\u010c\u00edst v\u00edce<\/a>","protected":false},"author":7,"featured_media":0,"parent":16975,"menu_order":4,"comment_status":"closed","ping_status":"closed","template":"","meta":[],"acf":[],"_links":{"self":[{"href":"https:\/\/metropolevsech.eu\/cs\/wp-json\/wp\/v2\/pages\/6789"}],"collection":[{"href":"https:\/\/metropolevsech.eu\/cs\/wp-json\/wp\/v2\/pages"}],"about":[{"href":"https:\/\/metropolevsech.eu\/cs\/wp-json\/wp\/v2\/types\/page"}],"author":[{"embeddable":true,"href":"https:\/\/metropolevsech.eu\/cs\/wp-json\/wp\/v2\/users\/7"}],"replies":[{"embeddable":true,"href":"https:\/\/metropolevsech.eu\/cs\/wp-json\/wp\/v2\/comments?post=6789"}],"version-history":[{"count":12,"href":"https:\/\/metropolevsech.eu\/cs\/wp-json\/wp\/v2\/pages\/6789\/revisions"}],"predecessor-version":[{"id":21979,"href":"https:\/\/metropolevsech.eu\/cs\/wp-json\/wp\/v2\/pages\/6789\/revisions\/21979"}],"up":[{"embeddable":true,"href":"https:\/\/metropolevsech.eu\/cs\/wp-json\/wp\/v2\/pages\/16975"}],"wp:attachment":[{"href":"https:\/\/metropolevsech.eu\/cs\/wp-json\/wp\/v2\/media?parent=6789"}],"curies":[{"name":"wp","href":"https:\/\/api.w.org\/{rel}","templated":true}]}}