{"id":6803,"date":"2018-05-10T21:34:27","date_gmt":"2018-05-10T19:34:27","guid":{"rendered":"https:\/\/metropolevsech.eu\/?page_id=6803"},"modified":"2022-08-02T22:18:29","modified_gmt":"2022-08-02T20:18:29","slug":"mesta-a-inkluzivni-strategie","status":"publish","type":"page","link":"https:\/\/metropolevsech.eu\/cs\/o-nas\/projekty-a-spoluprace-s-hmp\/mesta-a-inkluzivni-strategie\/","title":{"rendered":"Projekty s neziskov\u00fdmi organizacemi"},"content":{"rendered":"<p>V t\u00e9to \u010d\u00e1sti naleznete vybran\u00e9 projekty, kter\u00e9 realizuj\u00ed a realizovaly neziskov\u00e9 nest\u00e1tn\u00ed organizace a kter\u00fdch se Hlavn\u00ed m\u011bsto Praha \u00fa\u010dastnilo financov\u00e1n\u00edm, nebo jinou spoluprac\u00ed.<\/p>\n<h2>M\u011bsta a inkluzivn\u00ed strategie<\/h2>\n<img loading=\"lazy\" src=\"https:\/\/metropolevsech.eu\/wp-content\/uploads\/2019\/12\/vizu\u00e1l_MIS-300x210-1.jpg\" alt=\"\" width=\"300\" height=\"210\" class=\"alignright size-full wp-image-10707\" style=\"padding-top: 1em;\" \/>\n<p>Od z\u00e1\u0159\u00ed 2017 do \u010dervence 2020 realizovalo Sdru\u017een\u00ed pro integraci a migraci spole\u010dn\u011b s partnery projekt M\u011bsta a inkluzivn\u00ed strategie. Tento z\u00e1m\u011br odpov\u00eddal na popt\u00e1vku st\u00e1tn\u00ed spr\u00e1vy zhodnotit, jak\u00fdm zp\u016fsobem doch\u00e1z\u00ed k integraci cizinc\u016f v \u010cesk\u00e9 republice na lok\u00e1ln\u00ed \u00farovni a na z\u00e1klad\u011b p\u0159\u00edklad\u016f n\u00e1rodn\u00ed i mezin\u00e1rodn\u00ed dobr\u00e9 praxe navrhnout inovativn\u00ed \u0159e\u0161en\u00ed k zefektivn\u011bn\u00ed integra\u010dn\u00edho procesu.<\/p>\n<p>Hlavn\u00edm c\u00edlem pl\u00e1nu bylo  zhodnotit projekty a n\u00e1stroje (finan\u010dn\u00ed toky, legislativa aj.) zam\u011b\u0159en\u00e9 na integraci cizinc\u016f a nastavit integra\u010dn\u00ed politiky tak, aby l\u00e9pe reflektovaly re\u00e1ln\u00e9 pot\u0159eby cizinc\u016f. Hlavn\u00edmi v\u00fdstupy jsou \u00favodn\u00ed hodnot\u00edc\u00ed zpr\u00e1va, manu\u00e1l lok\u00e1ln\u00ed integrace a datab\u00e1ze integra\u010dn\u00edch projekt\u016f s vlastn\u00edm hodnot\u00edc\u00edm n\u00e1strojem.<\/p>\n<p>Projekt byl realizov\u00e1n za podpory Evropsk\u00e9ho soci\u00e1ln\u00edho fondu, Opera\u010dn\u00edho programu Zam\u011bstnanost, v r\u00e1mci v\u00fdzvy 124 zam\u011b\u0159en\u00e9 na podporu inova\u010dn\u00edho prost\u0159ed\u00ed. Na realizaci pl\u00e1nu se krom\u011b t\u00fdmu SIMI pod\u00edleli odborn\u00edci z Centra pro soci\u00e1ln\u00ed a ekonomick\u00e9 strategie p\u0159i Fakult\u011b soci\u00e1ln\u00edch v\u011bd Univerzity Karlovy (CESES), kte\u0159\u00ed st\u00e1li i u jeho zrodu, a z Multikulturn\u00edho centra Praha. Mezi dal\u0161\u00ed partnery pat\u0159\u00ed Ministerstvo pr\u00e1ce a soci\u00e1ln\u00edch v\u011bc\u00ed \u010cesk\u00e9 republiky a vybran\u00e9 kraje: Hlavn\u00ed m\u011bsto Praha, Libereck\u00fd kraj a Jihomoravsk\u00fd kraj.<\/p>\n<h2>Manua\u0301l loka\u0301lni\u0301 integrace migrant\u016f v \u010cR<\/h2>\n<img loading=\"lazy\" src=\"https:\/\/metropolevsech.eu\/wp-content\/uploads\/2022\/08\/0A5D7703-907C-4068-B395-6442BAF8B930-e1659470617864.jpeg\" alt=\"\" width=\"1221\" height=\"1103\" class=\"alignright size-full wp-image-17523\" style=\"padding-top: 1em;\" srcset=\"https:\/\/metropolevsech.eu\/wp-content\/uploads\/2022\/08\/0A5D7703-907C-4068-B395-6442BAF8B930-e1659470617864.jpeg 1221w, https:\/\/metropolevsech.eu\/wp-content\/uploads\/2022\/08\/0A5D7703-907C-4068-B395-6442BAF8B930-e1659470617864-300x271.jpeg 300w, https:\/\/metropolevsech.eu\/wp-content\/uploads\/2022\/08\/0A5D7703-907C-4068-B395-6442BAF8B930-e1659470617864-1040x939.jpeg 1040w, https:\/\/metropolevsech.eu\/wp-content\/uploads\/2022\/08\/0A5D7703-907C-4068-B395-6442BAF8B930-e1659470617864-768x694.jpeg 768w, https:\/\/metropolevsech.eu\/wp-content\/uploads\/2022\/08\/0A5D7703-907C-4068-B395-6442BAF8B930-e1659470617864-670x605.jpeg 670w\" sizes=\"(max-width: 1221px) 100vw, 1221px\" \/>\n<p>Manua\u0301l loka\u0301lni\u0301 integrace migrantu\u030a v C\u030cR je pr\u030cehledna\u0301 publikace, ktera\u0301 ma\u0301 pomoci kraju\u030am a obci\u0301m se orientovat v te\u0301- matu integrace migrantu\u030a\/migrantek a vytva\u0301r\u030cet funkc\u030cni\u0301 integrac\u030cni\u0301 opatr\u030ceni\u0301. Jedna\u0301 se o velmi uz\u030citec\u030cny\u0301 na\u0301stroj zejme\u0301na pro zame\u030cstnance\/zame\u030cstnankyne\u030c krajsky\u0301ch a obecni\u0301ch u\u0301r\u030cadu\u030a, mi\u0301stni\u0301 politic\u030cky\/politiky a zame\u030cstnance\/zame\u030cstnankyne\u030c instituci\u0301, ktere\u0301 s migranty\/migrantkami pr\u030cicha\u0301zeji\u0301 do kontaktu. Manua\u0301l obsahuje r\u030cadu prakticky\u0301ch tipu\u030a a konkre\u0301tni\u0301ch na\u0301vodu\u030a, a je urc\u030cen i c\u030ctena\u0301r\u030cu\u030am\/c\u030ctena\u0301r\u030cka\u0301m bez pr\u030cedchozi\u0301ch zkus\u030cenosti\u0301 s te\u0301matem integrace.<\/p>\n<ul class=\"bullet-links\">\n<li><a href=\"https:\/\/www.migrace.com\/adm\/_upload\/docs\/manual_simi_1612778687.pdf\">Manu\u00e1l ke sta\u017een\u00ed<\/a><\/li>\n<li><a href=\"https:\/\/www.migrace.com\/adm\/_upload\/docs\/onepager-fin_1610362882.pdf\">Informa\u010dn\u00ed onepager o Manu\u00e1lu<\/a><\/li>\n<li><a href=\"https:\/\/www.migrace.com\/adm\/_upload\/docs\/infosheet_prvotni_pomoc_uprchlikum_1651842931.pdf\">Roz\u0161\u00ed\u0159en\u00ed Manu\u00e1lu o infosheet 14.1. Dr\u017eitel\u00e9 mezin\u00e1rodn\u00ed ochrany &#8211; prvotn\u00ed pomoc uprchl\u00edk\u016fm z Ukrajiny<\/a><\/li>\n<li><a href=\"https:\/\/www.migrace.com\/cs\/regularizace\/mesta-a-inkluzivni-strategie\/integracni_manual\">Webov\u00e9 str\u00e1nky SIMI s ve\u0161ker\u00fdmi informacemi k Manu\u00e1lu a projektu<\/a><\/li>\n<\/ul>\n<p><img loading=\"lazy\" src=\"https:\/\/metropolevsech.eu\/wp-content\/uploads\/2022\/08\/847A6D12-5E4D-41B3-B08F-AE8C21408CF0.jpeg\" alt=\"\" width=\"1174\" height=\"1386\" class=\"alignright size-full wp-image-17524\" style=\"padding-top: 1em;\" srcset=\"https:\/\/metropolevsech.eu\/wp-content\/uploads\/2022\/08\/847A6D12-5E4D-41B3-B08F-AE8C21408CF0.jpeg 1174w, https:\/\/metropolevsech.eu\/wp-content\/uploads\/2022\/08\/847A6D12-5E4D-41B3-B08F-AE8C21408CF0-254x300.jpeg 254w, https:\/\/metropolevsech.eu\/wp-content\/uploads\/2022\/08\/847A6D12-5E4D-41B3-B08F-AE8C21408CF0-881x1040.jpeg 881w, https:\/\/metropolevsech.eu\/wp-content\/uploads\/2022\/08\/847A6D12-5E4D-41B3-B08F-AE8C21408CF0-768x907.jpeg 768w, https:\/\/metropolevsech.eu\/wp-content\/uploads\/2022\/08\/847A6D12-5E4D-41B3-B08F-AE8C21408CF0-670x791.jpeg 670w\" sizes=\"(max-width: 1174px) 100vw, 1174px\" \/><\/p>","protected":false},"excerpt":{"rendered":"<p>V t\u00e9to \u010d\u00e1sti naleznete vybran\u00e9 projekty, kter\u00e9 realizuj\u00ed a realizovaly neziskov\u00e9 nest\u00e1tn\u00ed organizace a kter\u00fdch se Hlavn\u00ed m\u011bsto Praha \u00fa\u010dastnilo financov\u00e1n\u00edm, nebo jinou spoluprac\u00ed. M\u011bsta a inkluzivn\u00ed strategie Od z\u00e1\u0159\u00ed 2017 do \u010dervence 2020 realizovalo Sdru\u017een\u00ed pro integraci a migraci&#8230;<\/p>\n<a class=\"more-block\" href=\"https:\/\/metropolevsech.eu\/cs\/o-nas\/projekty-a-spoluprace-s-hmp\/mesta-a-inkluzivni-strategie\/\">\u010c\u00edst v\u00edce<\/a>","protected":false},"author":7,"featured_media":0,"parent":17505,"menu_order":1,"comment_status":"closed","ping_status":"closed","template":"","meta":[],"acf":[],"_links":{"self":[{"href":"https:\/\/metropolevsech.eu\/cs\/wp-json\/wp\/v2\/pages\/6803"}],"collection":[{"href":"https:\/\/metropolevsech.eu\/cs\/wp-json\/wp\/v2\/pages"}],"about":[{"href":"https:\/\/metropolevsech.eu\/cs\/wp-json\/wp\/v2\/types\/page"}],"author":[{"embeddable":true,"href":"https:\/\/metropolevsech.eu\/cs\/wp-json\/wp\/v2\/users\/7"}],"replies":[{"embeddable":true,"href":"https:\/\/metropolevsech.eu\/cs\/wp-json\/wp\/v2\/comments?post=6803"}],"version-history":[{"count":22,"href":"https:\/\/metropolevsech.eu\/cs\/wp-json\/wp\/v2\/pages\/6803\/revisions"}],"predecessor-version":[{"id":17539,"href":"https:\/\/metropolevsech.eu\/cs\/wp-json\/wp\/v2\/pages\/6803\/revisions\/17539"}],"up":[{"embeddable":true,"href":"https:\/\/metropolevsech.eu\/cs\/wp-json\/wp\/v2\/pages\/17505"}],"wp:attachment":[{"href":"https:\/\/metropolevsech.eu\/cs\/wp-json\/wp\/v2\/media?parent=6803"}],"curies":[{"name":"wp","href":"https:\/\/api.w.org\/{rel}","templated":true}]}}