{"id":736,"date":"2017-01-01T15:11:02","date_gmt":"2017-01-01T14:11:02","guid":{"rendered":"https:\/\/metropolevsech.eu\/?page_id=736"},"modified":"2019-01-11T13:55:39","modified_gmt":"2019-01-11T12:55:39","slug":"potrebuji-resit","status":"publish","type":"page","link":"https:\/\/metropolevsech.eu\/cs\/potrebuji-resit\/","title":{"rendered":"Pot\u0159ebuji \u0159e\u0161it"},"content":{"rendered":"<p class=\"qtranxs-available-languages-message qtranxs-available-languages-message-cs\">Tato str\u00e1nka je k dispozici pouze v n\u00e1sleduj\u00edc\u00edch jazyc\u00edch: <a href=\"https:\/\/metropolevsech.eu\/en\/wp-json\/wp\/v2\/pages\/736\" class=\"qtranxs-available-language-link qtranxs-available-language-link-en\" title=\"English\">Angli\u010dtina (Usa)<\/a>, <a href=\"https:\/\/metropolevsech.eu\/ru\/wp-json\/wp\/v2\/pages\/736\" class=\"qtranxs-available-language-link qtranxs-available-language-link-ru\" title=\"\u0420\u0443\u0441\u0441\u043a\u0438\u0439\">Ru\u0161tina<\/a>, <a href=\"https:\/\/metropolevsech.eu\/vi\/wp-json\/wp\/v2\/pages\/736\" class=\"qtranxs-available-language-link qtranxs-available-language-link-vi\" title=\"Ti\u1ebfng Vi\u1ec7t\">Vietnam\u0161tina<\/a> a <a href=\"https:\/\/metropolevsech.eu\/ua\/wp-json\/wp\/v2\/pages\/736\" class=\"qtranxs-available-language-link qtranxs-available-language-link-ua\" title=\"\u0423\u043a\u0440\u0430\u0457\u043d\u0441\u044c\u043a\u0430\">\u0423\u043a\u0440\u0430\u0457\u043d\u0441\u044c\u043a\u0430<\/a>.<\/p>","protected":false},"excerpt":{"rendered":"<p>Tato str\u00e1nka je k dispozici pouze v n\u00e1sleduj\u00edc\u00edch jazyc\u00edch: Angli\u010dtina (Usa), Ru\u0161tina, Vietnam\u0161tina a \u0423\u043a\u0440\u0430\u0457\u043d\u0441\u044c\u043a\u0430.<\/p>\n<a class=\"more-block\" href=\"https:\/\/metropolevsech.eu\/cs\/potrebuji-resit\/\">\u010c\u00edst v\u00edce<\/a>","protected":false},"author":7,"featured_media":3609,"parent":0,"menu_order":3,"comment_status":"closed","ping_status":"closed","template":"page-section.php","meta":[],"acf":[],"_links":{"self":[{"href":"https:\/\/metropolevsech.eu\/cs\/wp-json\/wp\/v2\/pages\/736"}],"collection":[{"href":"https:\/\/metropolevsech.eu\/cs\/wp-json\/wp\/v2\/pages"}],"about":[{"href":"https:\/\/metropolevsech.eu\/cs\/wp-json\/wp\/v2\/types\/page"}],"author":[{"embeddable":true,"href":"https:\/\/metropolevsech.eu\/cs\/wp-json\/wp\/v2\/users\/7"}],"replies":[{"embeddable":true,"href":"https:\/\/metropolevsech.eu\/cs\/wp-json\/wp\/v2\/comments?post=736"}],"version-history":[{"count":0,"href":"https:\/\/metropolevsech.eu\/cs\/wp-json\/wp\/v2\/pages\/736\/revisions"}],"wp:featuredmedia":[{"embeddable":true,"href":"https:\/\/metropolevsech.eu\/cs\/wp-json\/wp\/v2\/media\/3609"}],"wp:attachment":[{"href":"https:\/\/metropolevsech.eu\/cs\/wp-json\/wp\/v2\/media?parent=736"}],"curies":[{"name":"wp","href":"https:\/\/api.w.org\/{rel}","templated":true}]}}