{"id":772,"date":"2017-01-01T16:33:49","date_gmt":"2017-01-01T15:33:49","guid":{"rendered":"https:\/\/metropolevsech.eu\/?page_id=772"},"modified":"2026-01-23T16:40:35","modified_gmt":"2026-01-23T15:40:35","slug":"zamestnani","status":"publish","type":"page","link":"https:\/\/metropolevsech.eu\/cs\/potrebuji-resit\/zamestnani\/","title":{"rendered":"Zam\u011bstn\u00e1n\u00ed"},"content":{"rendered":"<p><em><i>Na tomto m\u00edst\u011b webu Praha &#8211; Metropole v\u0161ech se dozv\u00edte, za jak\u00fdch podm\u00ednek m\u016f\u017ee cizinec v \u010cR pracovat a jak si m\u016f\u017ee naj\u00edt pr\u00e1ci. Nab\u00eddneme v\u00e1m informace jak si cizinec v \u010cR m\u016f\u017ee vy\u0159\u00eddit a n\u00e1sledn\u011b prodlou\u017eit zam\u011bstnaneckou kartu \u010di jak zm\u011bnit zam\u011bstn\u00e1n\u00ed.\u00a0 Tak\u00e9 zde naleznete informace o tom, co by m\u011bla obsahovat pracovn\u00ed smlouva a jak\u00e1 m\u00e1te jako zam\u011bstnanec cizinec z\u00e1konn\u00e1 pr\u00e1va a povinnosti. Najdete zde i kontakty, kam se obr\u00e1tit, pokud jsou va\u0161e pr\u00e1va poru\u0161ov\u00e1na.<\/i><\/em><\/p>\n<ul class=\"bullet\">\n<li><strong><a href=\"\/\/metropolevsech.eu\/cs\/potrebuji-resit\/zamestnani\/podminky-prace-cizincu\/\">Podm\u00ednky pr\u00e1ce cizinc\u016f v \u010cR<\/a><\/strong><\/li>\n<li><strong><a href=\"\/\/metropolevsech.eu\/cs\/potrebuji-resit\/zamestnani\/kde-hledat-praci\/\">Kde mohou cizinci v \u010cR hledat pr\u00e1ci?<\/a><\/strong><\/li>\n<li><strong><a href=\"\/\/metropolevsech.eu\/cs\/potrebuji-resit\/zamestnani\/zakladni-informace-o-zamestnavani-v-cr\/\">Z\u00e1kladn\u00ed informace o zam\u011bstn\u00e1v\u00e1n\u00ed cizinc\u016f v \u010cR<\/a><\/strong><\/li>\n<li><strong><a href=\"\/\/metropolevsech.eu\/cs\/potrebuji-resit\/zamestnani\/kam-se-obratit-uzitecne-kontakty-a-odkazy\/\">Kam se obr\u00e1tit \u2013 u\u017eite\u010dn\u00e9 kontakty a odkazy<\/a><\/strong><\/li>\n<\/ul>\n<p><span style=\"font-weight: 400;\"><div class=\"box-ok\"><\/span><\/p>\n<p><span style=\"font-weight: 400;\">St\u00e1hn\u011bte si dvojjazy\u010dn\u00e9 komunika\u010dn\u00ed karty na microsite<\/span><a href=\"https:\/\/newinprague.cz\/komunikacni-karty\"> <span style=\"font-weight: 400;\">V Praze jsme doma<\/span><\/a><span style=\"font-weight: 400;\">. Tyto karty v\u00e1m usnadn\u00ed komunikaci s \u00fa\u0159ady a institucemi. Obsahuj\u00ed nejpou\u017e\u00edvan\u011bj\u0161\u00ed komunika\u010dn\u00ed fr\u00e1ze a slovn\u00edk d\u016fle\u017eit\u00fdch pojm\u016f v t\u011bchto jazykov\u00fdch kombinac\u00edch: anglicko-\u010desk\u00e9, ukrajinsko-\u010desk\u00e9, rusko-\u010desk\u00e9 a vietnamsko-\u010desk\u00e9.&#8220; <\/span><span style=\"font-weight: 400;\"><\/div><\/span><\/p>\n<p style=\"text-align: right;\"><em>Posledn\u00ed aktualizace: 4. b\u0159ezen 2025<\/em><\/p>\n<p><\/p>","protected":false},"excerpt":{"rendered":"<p>Na tomto m\u00edst\u011b webu Praha &#8211; Metropole v\u0161ech se dozv\u00edte, za jak\u00fdch podm\u00ednek m\u016f\u017ee cizinec v \u010cR pracovat a jak si m\u016f\u017ee naj\u00edt pr\u00e1ci. Nab\u00eddneme v\u00e1m informace jak si cizinec v \u010cR m\u016f\u017ee vy\u0159\u00eddit a n\u00e1sledn\u011b prodlou\u017eit zam\u011bstnaneckou kartu \u010di&#8230;<\/p>\n<a class=\"more-block\" href=\"https:\/\/metropolevsech.eu\/cs\/potrebuji-resit\/zamestnani\/\">\u010c\u00edst v\u00edce<\/a>","protected":false},"author":7,"featured_media":2553,"parent":736,"menu_order":5,"comment_status":"closed","ping_status":"closed","template":"","meta":[],"acf":[],"_links":{"self":[{"href":"https:\/\/metropolevsech.eu\/cs\/wp-json\/wp\/v2\/pages\/772"}],"collection":[{"href":"https:\/\/metropolevsech.eu\/cs\/wp-json\/wp\/v2\/pages"}],"about":[{"href":"https:\/\/metropolevsech.eu\/cs\/wp-json\/wp\/v2\/types\/page"}],"author":[{"embeddable":true,"href":"https:\/\/metropolevsech.eu\/cs\/wp-json\/wp\/v2\/users\/7"}],"replies":[{"embeddable":true,"href":"https:\/\/metropolevsech.eu\/cs\/wp-json\/wp\/v2\/comments?post=772"}],"version-history":[{"count":22,"href":"https:\/\/metropolevsech.eu\/cs\/wp-json\/wp\/v2\/pages\/772\/revisions"}],"predecessor-version":[{"id":24542,"href":"https:\/\/metropolevsech.eu\/cs\/wp-json\/wp\/v2\/pages\/772\/revisions\/24542"}],"up":[{"embeddable":true,"href":"https:\/\/metropolevsech.eu\/cs\/wp-json\/wp\/v2\/pages\/736"}],"wp:featuredmedia":[{"embeddable":true,"href":"https:\/\/metropolevsech.eu\/cs\/wp-json\/wp\/v2\/media\/2553"}],"wp:attachment":[{"href":"https:\/\/metropolevsech.eu\/cs\/wp-json\/wp\/v2\/media?parent=772"}],"curies":[{"name":"wp","href":"https:\/\/api.w.org\/{rel}","templated":true}]}}