{"id":8,"date":"2016-11-06T19:06:10","date_gmt":"2016-11-06T18:06:10","guid":{"rendered":"https:\/\/metropolevsech.eu\/?page_id=8"},"modified":"2025-03-04T11:12:45","modified_gmt":"2025-03-04T10:12:45","slug":"o-nas","status":"publish","type":"page","link":"https:\/\/metropolevsech.eu\/cs\/o-nas\/","title":{"rendered":"O n\u00e1s"},"content":{"rendered":"<p>V\u00edt\u00e1me v\u00e1s na webov\u00e9 str\u00e1nce hlavn\u00edho m\u011bsta Prahy &#8211; &#8222;Metropole v\u0161ech&#8220;.<\/p>\n<p>Tato webov\u00e1 str\u00e1nka je ur\u010dena pro v\u0161echny obyvatele kulturn\u011b rozmanit\u00e9 Prahy.<\/p>\n<p>Naleznete zde informace, kter\u00e9 v\u00e1m napomohou v\u00a0orientaci v\u00a0hlavn\u00edm m\u011bst\u011b, jeho \u00fa\u0159adech a zodpov\u011bdn\u00fdch org\u00e1nech, kter\u00e9 \u0159\u00edd\u00ed \u010dinnosti v\u00a0oblasti integrace migrant\u016f a migrantek a podpory sou\u017eit\u00ed v\u0161ech obyvatel hlavn\u00edho m\u011bsta. Z\u00edsk\u00e1te p\u0159ehled pro\u010d je oblast podpory integrace a sou\u017eit\u00ed v\u00a0hlavn\u00edm m\u011bst\u011b d\u016fle\u017eit\u00e1 a dozv\u00edte se, jak se m\u016f\u017eete i vy sami zapojit. Dozv\u00edte se o aktu\u00e1ln\u00edm d\u011bn\u00ed v\u00a0t\u00e9to oblasti na \u00farovni Magistr\u00e1tu hlavn\u00edho m\u011bsta Prahy.<\/p>\n<div class=\"show_more\"><p class=\"wpsm-show\" style=\"color: #cc0000; font-size: 100%; text-align: left;\"> ...V\u00cdCE<\/p><div class=\"wpsm-content\"><\/p>\n<p>V\u00a0\u010d\u00e1sti kontakty se m\u016f\u017eete obr\u00e1tit na pracovn\u00edky Magistr\u00e1tu hlavn\u00edho m\u011bsta Prahy (odd\u011blen\u00ed n\u00e1rodnostn\u00edch men\u0161in a cizinc\u016f) s\u00a0dotazy k\u00a0t\u00e9to webov\u00e9 str\u00e1nce nebo k\u00a0politice a praxi v oblasti integrace a sou\u017eit\u00ed na \u00fazem\u00ed hlavn\u00edho m\u011bsta Praha.<\/p>\n<p>Migranti a migrantky se mohou obracet p\u0159\u00edmo na Integra\u010dn\u00ed centrum Praha, o.p.s., kter\u00e9 bylo z\u0159\u00edzeno hl. m. Praha.<\/p>\n<p>V\u0161ichni obyvatel\u00e9 Prahy se pak navz\u00e1jem mohou l\u00e9pe poznat na kulturn\u00edch, komunitn\u00edch a sportovn\u00edch akc\u00edch Integra\u010dn\u00edho centra Praha, o.p.s.<br \/>\n <p class=\"wpsm-hide\" style=\"color: #cc0000; font-size: 100%; text-align: left;\"> ...M\u00c9N\u011a<\/p><\/div><\/div>\n<p>&nbsp;<\/p>\n<ul>\n<li><a href=\"\/\/metropolevsech.eu\/cs\/o-nas\/o-webove-strance\/\">O webov\u00e9 str\u00e1nce<\/a><\/li>\n<\/ul>\n<p>Zde se dozv\u00edte, jak webov\u00e1 str\u00e1nka vznikla, komu je ur\u010dena a jak je koncipov\u00e1na.<\/p>\n<p>&nbsp;<\/p>\n<ul>\n<li><a href=\"\/\/metropolevsech.eu\/cs\/o-nas\/1-2-podpora-integrace-a-souziti-s-migranty-v-praze\/\">Integrace a sou\u017eit\u00ed v hl. m. Praze<\/a><\/li>\n<\/ul>\n<p align=\"LEFT\">P\u0159e\u010dt\u011bte si, pro\u010d je lok\u00e1ln\u00ed integra\u010dn\u00ed politika d\u016fle\u017eit\u00e1 a jak\u00fd v\u00fdznam maj\u00ed v jej\u00edm kontextu tyto webov\u00e9 str\u00e1nky.<\/p>\n<p>&nbsp;<\/p>\n<ul>\n<li><a href=\"https:\/\/metropolevsech.eu\/cs\/o-nas\/strategicke-dokumenty-a-analyzy\/strategicke-dokumenty\/\">Koncepce hl. m. Prahy pro oblast integrace cizinc\u016f<\/a><\/li>\n<\/ul>\n<p>Zde je vysv\u011btleno, co je Koncepce hl. m. Prahy pro oblast integrace cizinc\u016f, jak\u00fd je jej\u00ed v\u00fdznam, jak a k\u00fdm je tvo\u0159ena a jak je napl\u0148ov\u00e1na v praxi.<\/p>\n<p>&nbsp;<\/p>\n<ul>\n<li><a href=\"https:\/\/metropolevsech.eu\/cs\/o-nas\/hlavni-mesto-praha-a-integrace\/oddeleni-narodnostnich-mensin-a-cizincu\/\">Magistr\u00e1t hl. m. Prahy a integrace cizinc\u016f<\/a><\/li>\n<\/ul>\n<p>Zde naleznete kontakty na odd\u011blen\u00ed n\u00e1rodnostn\u00edch men\u0161in a cizinc\u016f a d\u00e1le se dozv\u00edte \u010d\u00edm se zab\u00fdv\u00e1 a jak funguje.<\/p>\n<p>&nbsp;<\/p>\n<ul>\n<li>\n<p align=\"LEFT\"><a href=\"https:\/\/metropolevsech.eu\/cs\/o-nas\/strategicke-dokumenty-a-analyzy\/uzitecne-odkazy\/\">Dokumenty a u\u017eite\u010dn\u00e9 odkazy<\/a><\/p>\n<\/li>\n<\/ul>\n<p>Zde si m\u016f\u017eete st\u00e1hnout ve\u0161ker\u00e9 pot\u0159ebn\u00e9 dokumenty t\u00fdkaj\u00edc\u00ed se oblasti integrace a sou\u017eit\u00ed v\u00a0hlavn\u00edm m\u011bst\u011b Praze, zejm\u00e9na Koncepci hl. m. Prahy pro oblast integrace cizinc\u016f, jej\u00ed aktu\u00e1ln\u00ed Ak\u010dn\u00ed pl\u00e1n, u\u017eite\u010dn\u00e9 dokumenty z oblasti \u0161kolstv\u00ed, v\u00fdzkumy a anal\u00fdzy, a dal\u0161\u00ed. Co se t\u00fd\u010de u\u017eite\u010dn\u00fdch odkaz\u016f, naleznete zde odkazy na v\u0161eobecn\u00e9 informa\u010dn\u00ed port\u00e1ly a dal\u0161\u00ed.<\/p>","protected":false},"excerpt":{"rendered":"<p>V\u00edt\u00e1me v\u00e1s na webov\u00e9 str\u00e1nce hlavn\u00edho m\u011bsta Prahy &#8211; &#8222;Metropole v\u0161ech&#8220;. Tato webov\u00e1 str\u00e1nka je ur\u010dena pro v\u0161echny obyvatele kulturn\u011b rozmanit\u00e9 Prahy. Naleznete zde informace, kter\u00e9 v\u00e1m napomohou v\u00a0orientaci v\u00a0hlavn\u00edm m\u011bst\u011b, jeho \u00fa\u0159adech a zodpov\u011bdn\u00fdch org\u00e1nech, kter\u00e9 \u0159\u00edd\u00ed \u010dinnosti v\u00a0oblasti&#8230;<\/p>\n<a class=\"more-block\" href=\"https:\/\/metropolevsech.eu\/cs\/o-nas\/\">\u010c\u00edst v\u00edce<\/a>","protected":false},"author":2,"featured_media":9390,"parent":0,"menu_order":1,"comment_status":"closed","ping_status":"closed","template":"","meta":[],"acf":[],"_links":{"self":[{"href":"https:\/\/metropolevsech.eu\/cs\/wp-json\/wp\/v2\/pages\/8"}],"collection":[{"href":"https:\/\/metropolevsech.eu\/cs\/wp-json\/wp\/v2\/pages"}],"about":[{"href":"https:\/\/metropolevsech.eu\/cs\/wp-json\/wp\/v2\/types\/page"}],"author":[{"embeddable":true,"href":"https:\/\/metropolevsech.eu\/cs\/wp-json\/wp\/v2\/users\/2"}],"replies":[{"embeddable":true,"href":"https:\/\/metropolevsech.eu\/cs\/wp-json\/wp\/v2\/comments?post=8"}],"version-history":[{"count":3,"href":"https:\/\/metropolevsech.eu\/cs\/wp-json\/wp\/v2\/pages\/8\/revisions"}],"predecessor-version":[{"id":21975,"href":"https:\/\/metropolevsech.eu\/cs\/wp-json\/wp\/v2\/pages\/8\/revisions\/21975"}],"wp:featuredmedia":[{"embeddable":true,"href":"https:\/\/metropolevsech.eu\/cs\/wp-json\/wp\/v2\/media\/9390"}],"wp:attachment":[{"href":"https:\/\/metropolevsech.eu\/cs\/wp-json\/wp\/v2\/media?parent=8"}],"curies":[{"name":"wp","href":"https:\/\/api.w.org\/{rel}","templated":true}]}}