{"id":847,"date":"2017-01-15T19:28:02","date_gmt":"2017-01-15T18:28:02","guid":{"rendered":"https:\/\/metropolevsech.eu\/?page_id=847"},"modified":"2021-11-25T09:34:51","modified_gmt":"2021-11-25T08:34:51","slug":"urady-v-praze","status":"publish","type":"page","link":"https:\/\/metropolevsech.eu\/cs\/kontakty\/urady-v-praze\/","title":{"rendered":"\u00da\u0159ady"},"content":{"rendered":"<p><em>V\u00a0t\u00e9to \u010d\u00e1sti se dozv\u00edte o fungov\u00e1n\u00ed \u00fa\u0159ad\u016f v\u00a0Praze, kter\u00e9 se naz\u00fdvaj\u00ed lok\u00e1ln\u00ed samospr\u00e1vou. Tyto \u00fa\u0159ady vykon\u00e1vaj\u00ed lok\u00e1ln\u00ed funkce, na rozd\u00edl od st\u00e1tn\u00edch \u00fa\u0159ad\u016f, kter\u00e9 se naz\u00fdvaj\u00ed st\u00e1tn\u00ed spr\u00e1vou. Dozv\u00edte se zde p\u0159edev\u0161\u00edm o Magistr\u00e1tu hlavn\u00edho m\u011bsta Prahy a jednotliv\u00fdch m\u011bstsk\u00fdch \u010d\u00e1stech na \u00a0\u00fazem\u00ed hlavn\u00edho m\u011bsta. Veden\u00ed hl. m. Prahy a veden\u00ed m\u011bstsk\u00fdch \u010d\u00e1st\u00ed tvo\u0159\u00ed \u010dlenov\u00e9 zastupitelstva a rady, kte\u0159\u00ed jsou volen\u00fdmi z\u00e1stupci ob\u010dan\u016f.<\/em><\/p>\n<ul class=\"bullet\">\n<li><a href=\"\/\/metropolevsech.eu\/cs\/urady-v-praze\/magistrat-hl-m-prahy\/\"><strong>Magistr\u00e1t hl. m. Prahy<\/strong><\/a><\/li>\n<\/ul>\n<p>Zde v\u00e1m zejm\u00e9na p\u0159edstav\u00edme, kdo je v \u010dele Magistr\u00e1tu hl. m. Prahy, za co je zodpov\u011bdn\u00fd, jak\u00e9 jsou dal\u0161\u00ed jeho org\u00e1ny a jak funguj\u00ed.<\/p>\n<ul class=\"bullet\">\n<li><a href=\"\/\/metropolevsech.eu\/cs\/urady-v-praze\/jednotlive-mestske-casti\/\"><strong>M\u011bstsk\u00e9 \u010d\u00e1sti<\/strong><\/a><\/li>\n<\/ul>\n<p align=\"LEFT\">V t\u00e9to kapitole se v r\u00e1mci obecn\u00fdch informac\u00ed m\u016f\u017eete do\u010d\u00edst, na kter\u00fd \u00fa\u0159ad m\u011bstsk\u00e9 \u010d\u00e1sti se obr\u00e1tit v r\u016fzn\u00fdch \u017eivotn\u00edch situac\u00edch, p\u0159edstav\u00edme v\u00e1m jednotliv\u00e9 odbory m\u011bstsk\u00fdch \u00fa\u0159ad\u016f (zejm\u00e9na odbor ob\u010dansk\u00e9-spr\u00e1vn\u00edch agend, \u0161kolstv\u00ed,dopravy, \u017eivnostensk\u00fd nebo soci\u00e1ln\u00ed odbor a dal\u0161\u00ed) a dal\u0161\u00ed \u00fa\u0159ady, kter\u00e9 s\u00eddl\u00ed na \u00fazem\u00ed m\u011bstsk\u00fdch \u010d\u00e1st\u00ed. Tak\u00e9 v\u00e1m pop\u00ed\u0161eme jak funguj\u00ed jednotliv\u00e9 org\u00e1ny m\u011bstsk\u00fdch \u010d\u00e1st\u00ed. Tak\u00e9 v\u00e1m p\u0159edstav\u00edme postupn\u011b celkem 22 m\u011bstsk\u00fdch \u010d\u00e1st\u00ed a poskytneme v\u00e1m pot\u0159ebn\u00e9 kontakty.<\/p>\n<p align=\"LEFT\">\n<p><\/p>","protected":false},"excerpt":{"rendered":"<p>V\u00a0t\u00e9to \u010d\u00e1sti se dozv\u00edte o fungov\u00e1n\u00ed \u00fa\u0159ad\u016f v\u00a0Praze, kter\u00e9 se naz\u00fdvaj\u00ed lok\u00e1ln\u00ed samospr\u00e1vou. Tyto \u00fa\u0159ady vykon\u00e1vaj\u00ed lok\u00e1ln\u00ed funkce, na rozd\u00edl od st\u00e1tn\u00edch \u00fa\u0159ad\u016f, kter\u00e9 se naz\u00fdvaj\u00ed st\u00e1tn\u00ed spr\u00e1vou. Dozv\u00edte se zde p\u0159edev\u0161\u00edm o Magistr\u00e1tu hlavn\u00edho m\u011bsta Prahy a jednotliv\u00fdch m\u011bstsk\u00fdch&#8230;<\/p>\n<a class=\"more-block\" href=\"https:\/\/metropolevsech.eu\/cs\/kontakty\/urady-v-praze\/\">\u010c\u00edst v\u00edce<\/a>","protected":false},"author":7,"featured_media":2555,"parent":895,"menu_order":4,"comment_status":"closed","ping_status":"closed","template":"","meta":[],"acf":[],"_links":{"self":[{"href":"https:\/\/metropolevsech.eu\/cs\/wp-json\/wp\/v2\/pages\/847"}],"collection":[{"href":"https:\/\/metropolevsech.eu\/cs\/wp-json\/wp\/v2\/pages"}],"about":[{"href":"https:\/\/metropolevsech.eu\/cs\/wp-json\/wp\/v2\/types\/page"}],"author":[{"embeddable":true,"href":"https:\/\/metropolevsech.eu\/cs\/wp-json\/wp\/v2\/users\/7"}],"replies":[{"embeddable":true,"href":"https:\/\/metropolevsech.eu\/cs\/wp-json\/wp\/v2\/comments?post=847"}],"version-history":[{"count":3,"href":"https:\/\/metropolevsech.eu\/cs\/wp-json\/wp\/v2\/pages\/847\/revisions"}],"predecessor-version":[{"id":15920,"href":"https:\/\/metropolevsech.eu\/cs\/wp-json\/wp\/v2\/pages\/847\/revisions\/15920"}],"up":[{"embeddable":true,"href":"https:\/\/metropolevsech.eu\/cs\/wp-json\/wp\/v2\/pages\/895"}],"wp:featuredmedia":[{"embeddable":true,"href":"https:\/\/metropolevsech.eu\/cs\/wp-json\/wp\/v2\/media\/2555"}],"wp:attachment":[{"href":"https:\/\/metropolevsech.eu\/cs\/wp-json\/wp\/v2\/media?parent=847"}],"curies":[{"name":"wp","href":"https:\/\/api.w.org\/{rel}","templated":true}]}}