{"id":856,"date":"2017-01-15T19:49:22","date_gmt":"2017-01-15T18:49:22","guid":{"rendered":"https:\/\/metropolevsech.eu\/?page_id=856"},"modified":"2025-02-11T10:31:24","modified_gmt":"2025-02-11T09:31:24","slug":"mestske-casti","status":"publish","type":"page","link":"https:\/\/metropolevsech.eu\/cs\/kontakty\/urady-v-praze\/mestske-casti\/","title":{"rendered":"M\u011bstsk\u00e9 \u010d\u00e1sti"},"content":{"rendered":"<p><em>V\u00a0t\u00e9to \u010d\u00e1sti se dozv\u00edte, jak\u00fdm zp\u016fsobem je \u010dlen\u011bna Praha. Naleznete zde informace o vnit\u0159n\u00edm fungov\u00e1n\u00ed m\u011bstsk\u00fdch \u010d\u00e1st\u00ed, jak\u00e9 jsou jejich jednotliv\u00e9 org\u00e1ny, kdo stoj\u00ed v\u00a0\u010dele, co spad\u00e1 do jejich p\u016fsobnosti a na koho se v\u00a0p\u0159\u00edpad\u011b pot\u0159eby obr\u00e1tit. U ka\u017ed\u00e9 m\u011bstsk\u00e9 \u010d\u00e1sti je uveden jej\u00ed popis, do n\u011bho\u017e jsou zahrnuty i integra\u010dn\u00ed aktivity, je\u017e dan\u00e1 \u010d\u00e1st po\u0159\u00e1d\u00e1, a u\u017eite\u010dn\u00e9 kontakty v\u010detn\u011b webov\u00fdch str\u00e1nek, kter\u00e9 \u010dasto obsahuj\u00ed informace i v\u00a0dal\u0161\u00edch jazyc\u00edch (v angli\u010dtin\u011b, ru\u0161tin\u011b \u010di vietnam\u0161tin\u011b aj.).<\/em><\/p>\n<p>Hlavn\u00ed m\u011bsto Praha se skl\u00e1d\u00e1 z 57 samospr\u00e1vn\u00edch m\u011bstsk\u00fdch \u010d\u00e1st\u00ed. Ty se d\u00e1le d\u011bl\u00ed na 22 samospr\u00e1vn\u00fdch obvod\u016f. Ka\u017ed\u00e1 m\u011bstsk\u00e1 \u010d\u00e1st m\u00e1 sv\u016fj \u00fa\u0159ad, kter\u00fd vykon\u00e1v\u00e1 samospr\u00e1vn\u00e9 \u010dinnosti, d\u00e1le tak\u00e9 vykon\u00e1v\u00e1 \u010dinnost v tzv. p\u0159enesen\u00e9 p\u016fsobnosti.<\/p>\n<p>N\u00e1zvy, \u00fazem\u00ed a rozsah \u010dinnost\u00ed \u00fa\u0159ad\u016f m\u011bstsk\u00fdch \u010d\u00e1st\u00ed stanov\u00ed Statut hlavn\u00edho m\u011bsta Prahy, kter\u00fd vyd\u00e1v\u00e1 hl. m. Praha obecn\u011b z\u00e1vaznou vyhl\u00e1\u0161kou. Aktu\u00e1ln\u00ed zn\u011bn\u00ed Statutu najdete <a href=\"https:\/\/praha.eu\/statut-hmp\">na t\u011bchto str\u00e1nk\u00e1ch.<\/a><\/p>","protected":false},"excerpt":{"rendered":"<p>V\u00a0t\u00e9to \u010d\u00e1sti se dozv\u00edte, jak\u00fdm zp\u016fsobem je \u010dlen\u011bna Praha. Naleznete zde informace o vnit\u0159n\u00edm fungov\u00e1n\u00ed m\u011bstsk\u00fdch \u010d\u00e1st\u00ed, jak\u00e9 jsou jejich jednotliv\u00e9 org\u00e1ny, kdo stoj\u00ed v\u00a0\u010dele, co spad\u00e1 do jejich p\u016fsobnosti a na koho se v\u00a0p\u0159\u00edpad\u011b pot\u0159eby obr\u00e1tit. U ka\u017ed\u00e9 m\u011bstsk\u00e9&#8230;<\/p>\n<a class=\"more-block\" href=\"https:\/\/metropolevsech.eu\/cs\/kontakty\/urady-v-praze\/mestske-casti\/\">\u010c\u00edst v\u00edce<\/a>","protected":false},"author":7,"featured_media":7875,"parent":847,"menu_order":1,"comment_status":"closed","ping_status":"closed","template":"","meta":[],"acf":[],"_links":{"self":[{"href":"https:\/\/metropolevsech.eu\/cs\/wp-json\/wp\/v2\/pages\/856"}],"collection":[{"href":"https:\/\/metropolevsech.eu\/cs\/wp-json\/wp\/v2\/pages"}],"about":[{"href":"https:\/\/metropolevsech.eu\/cs\/wp-json\/wp\/v2\/types\/page"}],"author":[{"embeddable":true,"href":"https:\/\/metropolevsech.eu\/cs\/wp-json\/wp\/v2\/users\/7"}],"replies":[{"embeddable":true,"href":"https:\/\/metropolevsech.eu\/cs\/wp-json\/wp\/v2\/comments?post=856"}],"version-history":[{"count":3,"href":"https:\/\/metropolevsech.eu\/cs\/wp-json\/wp\/v2\/pages\/856\/revisions"}],"predecessor-version":[{"id":21825,"href":"https:\/\/metropolevsech.eu\/cs\/wp-json\/wp\/v2\/pages\/856\/revisions\/21825"}],"up":[{"embeddable":true,"href":"https:\/\/metropolevsech.eu\/cs\/wp-json\/wp\/v2\/pages\/847"}],"wp:featuredmedia":[{"embeddable":true,"href":"https:\/\/metropolevsech.eu\/cs\/wp-json\/wp\/v2\/media\/7875"}],"wp:attachment":[{"href":"https:\/\/metropolevsech.eu\/cs\/wp-json\/wp\/v2\/media?parent=856"}],"curies":[{"name":"wp","href":"https:\/\/api.w.org\/{rel}","templated":true}]}}