{"id":882,"date":"2017-01-15T21:14:34","date_gmt":"2017-01-15T20:14:34","guid":{"rendered":"https:\/\/metropolevsech.eu\/?page_id=882"},"modified":"2023-05-24T17:10:08","modified_gmt":"2023-05-24T15:10:08","slug":"pravo-volit-na-lokalni-urovni","status":"publish","type":"page","link":"https:\/\/metropolevsech.eu\/cs\/potrebuji-resit\/pravo-volit-na-lokalni-urovni\/","title":{"rendered":"Volebn\u00ed pr\u00e1vo"},"content":{"rendered":"<p><\/p>\n<p style=\"text-align: justify;\"><em>Zde se dozv\u00edte informace o tom, za jak\u00fdch podm\u00ednek m\u016f\u017eete volit sv\u00e9 z\u00e1stupce do Parlamentu \u010cR, prezidenta nebo do zastupitelstva obce. Uvedeme specifika voleb v\u00a0Praze a voleb do Evropsk\u00e9ho parlamentu.<\/em><\/p>\n<h3 style=\"text-align: justify;\"><\/h3>\n<h3 style=\"text-align: justify;\"><strong>Volby v\u00a0cel\u00e9 \u010cR<\/strong><\/h3>\n<p style=\"text-align: justify;\">V \u010cesk\u00e9 republice se vol\u00ed jednou za 4 roky do Poslaneck\u00e9 sn\u011bmovny a jednou za 6 let do Sen\u00e1tu Parlamentu \u010cR, p\u0159\u00edmou volbou se vol\u00ed jednou za 5 let prezident republiky a d\u00e1le se na lok\u00e1ln\u00ed \u00farovni vol\u00ed do zastupitelstva obce. Podm\u00ednkou pro v\u0161echny uveden\u00e9 volby je st\u00e1tn\u00ed ob\u010danstv\u00ed \u010cesk\u00e9 republiky a dosa\u017een\u00ed v\u011bku 18 let.<\/p>\n<h3 style=\"text-align: justify;\"><\/h3>\n<h3 style=\"text-align: justify;\"><strong>Volby v Praze<\/strong><\/h3>\n<p style=\"text-align: justify;\">V Praze se vol\u00ed Zastupitelstvo hl. m. Prahy a zastupitelstvo konkr\u00e9tn\u00ed m\u011bstsk\u00e9 \u010d\u00e1sti v Praze. Volby na lok\u00e1ln\u00ed \u00farovni se zpravidla konaj\u00ed jednou za 4 roky. Volit v\u00a0t\u011bchto volb\u00e1ch m\u016f\u017ee tak\u00e9 st\u00e1tn\u00ed ob\u010dan jin\u00e9ho \u010dlensk\u00e9ho st\u00e1tu EU.<\/p>\n<h3 style=\"text-align: justify;\"><\/h3>\n<h3 style=\"text-align: justify;\"><strong>Volby do Evropsk\u00e9ho parlamentu<\/strong><\/h3>\n<p style=\"text-align: justify;\">St\u00e1tn\u00ed ob\u010dan\u00e9 jin\u00e9ho \u010dlensk\u00e9ho st\u00e1tu EU se tak\u00e9 mohou v \u010cR z\u00fa\u010dastnit voleb do Evropsk\u00e9ho parlamentu (zastupitelsk\u00e9ho org\u00e1nu Evropsk\u00e9 unie), kam se vol\u00ed poslanci na dobu 5 let. V p\u0159\u00edpad\u011b voleb do Evropsk\u00e9ho parlamentu je pot\u0159eba v den voleb b\u00fdt alespo\u0148 45 dn\u016f p\u0159ihl\u00e1\u0161en k trval\u00e9mu \u010di p\u0159echodn\u00e9mu pobytu v \u010cesk\u00e9 republice.<\/p>\n<p style=\"text-align: justify;\">Abyste se mohli konkr\u00e9tn\u00edch voleb \u00fa\u010dastnit, mus\u00edte b\u00fdt p\u0159ihl\u00e1\u0161eni k trval\u00e9mu pobytu na \u00fazem\u00ed (obce, kraje, st\u00e1tu), kter\u00e9ho se volby t\u00fdkaj\u00ed, a mus\u00edte b\u00fdt zaps\u00e1ni na seznamu voli\u010d\u016f. Ob\u010dan\u00e9 \u010cR jsou zaps\u00e1ni na st\u00e1l\u00e9m seznamu voli\u010d\u016f v obci dle m\u00edsta sv\u00e9ho trval\u00e9ho pobytu.<\/p>\n<p style=\"text-align: justify;\">Chcete-li volit jinde, ne\u017e ve sv\u00e9m volebn\u00edm okrsku podle m\u00edsta trval\u00e9ho bydli\u0161t\u011b, \u010di chcete-li volit v zahrani\u010d\u00ed, je mo\u017en\u00e9 si p\u0159edem v m\u00edst\u011b bydli\u0161t\u011b za\u0159\u00eddit voli\u010dsk\u00fd pr\u016fkaz.<\/p>\n<p><\/p>","protected":false},"excerpt":{"rendered":"<p>Zde se dozv\u00edte informace o tom, za jak\u00fdch podm\u00ednek m\u016f\u017eete volit sv\u00e9 z\u00e1stupce do Parlamentu \u010cR, prezidenta nebo do zastupitelstva obce. Uvedeme specifika voleb v\u00a0Praze a voleb do Evropsk\u00e9ho parlamentu. Volby v\u00a0cel\u00e9 \u010cR V \u010cesk\u00e9 republice se vol\u00ed jednou za&#8230;<\/p>\n<a class=\"more-block\" href=\"https:\/\/metropolevsech.eu\/cs\/potrebuji-resit\/pravo-volit-na-lokalni-urovni\/\">\u010c\u00edst v\u00edce<\/a>","protected":false},"author":7,"featured_media":9377,"parent":736,"menu_order":11,"comment_status":"closed","ping_status":"closed","template":"","meta":[],"acf":[],"_links":{"self":[{"href":"https:\/\/metropolevsech.eu\/cs\/wp-json\/wp\/v2\/pages\/882"}],"collection":[{"href":"https:\/\/metropolevsech.eu\/cs\/wp-json\/wp\/v2\/pages"}],"about":[{"href":"https:\/\/metropolevsech.eu\/cs\/wp-json\/wp\/v2\/types\/page"}],"author":[{"embeddable":true,"href":"https:\/\/metropolevsech.eu\/cs\/wp-json\/wp\/v2\/users\/7"}],"replies":[{"embeddable":true,"href":"https:\/\/metropolevsech.eu\/cs\/wp-json\/wp\/v2\/comments?post=882"}],"version-history":[{"count":3,"href":"https:\/\/metropolevsech.eu\/cs\/wp-json\/wp\/v2\/pages\/882\/revisions"}],"predecessor-version":[{"id":19083,"href":"https:\/\/metropolevsech.eu\/cs\/wp-json\/wp\/v2\/pages\/882\/revisions\/19083"}],"up":[{"embeddable":true,"href":"https:\/\/metropolevsech.eu\/cs\/wp-json\/wp\/v2\/pages\/736"}],"wp:featuredmedia":[{"embeddable":true,"href":"https:\/\/metropolevsech.eu\/cs\/wp-json\/wp\/v2\/media\/9377"}],"wp:attachment":[{"href":"https:\/\/metropolevsech.eu\/cs\/wp-json\/wp\/v2\/media?parent=882"}],"curies":[{"name":"wp","href":"https:\/\/api.w.org\/{rel}","templated":true}]}}