{"id":885,"date":"2017-01-16T10:28:54","date_gmt":"2017-01-16T09:28:54","guid":{"rendered":"https:\/\/metropolevsech.eu\/?page_id=885"},"modified":"2021-11-11T13:52:02","modified_gmt":"2021-11-11T12:52:02","slug":"sluzby-pro-migranty","status":"publish","type":"page","link":"https:\/\/metropolevsech.eu\/cs\/sluzby-pro-migranty\/","title":{"rendered":"Pro migranty"},"content":{"rendered":"<p><\/p>\n<p align=\"JUSTIFY\"><em>V t\u00e9to kapitole se dozv\u00edte informace o organizac\u00edch a jejich slu\u017eb\u00e1ch, kter\u00e9 napom\u00e1haj\u00ed v integraci migrant\u016fm \u017eij\u00edc\u00edm v Praze.<\/em><\/p>\n<p>&nbsp;<\/p>\n<ul>\n<li class=\"western\"><a href=\"\/\/metropolevsech.eu\/cs\/sluzby-pro-migranty\/integracni-centrum-praha\/\"><\/a><a href=\"\/\/metropolevsech.eu\/cs\/sluzby-pro-migranty\/integracni-centrum-praha\/\">Integra\u010dn\u00ed<\/a><a href=\"\/\/metropolevsech.eu\/cs\/sluzby-pro-migranty\/integracni-centrum-praha\/\"> centrum Praha<\/a><a href=\"\/\/metropolevsech.eu\/cs\/sluzby-pro-migranty\/integracni-centrum-praha\/\"><\/a><\/li>\n<\/ul>\n<p>Pokud jste migrant \u010di migrantka \u017eij\u00edc\u00ed na \u00fazem\u00ed hlavn\u00edho m\u011bsta Prahy a pot\u0159ebujete poradit, hled\u00e1te kurz \u010de\u0161tiny nebo jin\u00fd typ kurzu, chcete se zapojit nebo p\u0159ij\u00edt na n\u011bkterou z kulturn\u00edch, komunitn\u00edch nebo sportovn\u00edch akc\u00ed, kontaktujte Integra\u010dn\u00ed centrum Praha (ICP). V t\u00e9to kapitole naleznete seznam pobo\u010dek ICP, p\u0159ehled slu\u017eeb, kter\u00e9 nab\u00edzej\u00ed zdarma a p\u0159edstav\u00edme v\u00e1m mobiln\u00ed aplikaci Praguer.<\/p>\n<div class=\"show_more\"><p class=\"wpsm-show\" style=\"color: #cc0000; font-size: 100%; text-align: left;\"> ...V\u00cdCE<\/p><div class=\"wpsm-content\"><br \/>\nIntegra\u010dn\u00ed centrum Praha, o. p. s., zalo\u017eilo hl. m. Praha za \u00fa\u010delem komplexn\u00ed a systematick\u00e9 pr\u00e1ce v oblasti integrace migrant\u016f. Centrum pracuje pod sloganem \u201eMetropole v\u0161ech\u201c, kter\u00fd odkazuje na jeden ze st\u011b\u017eejn\u00edch c\u00edl\u016f \u2013 vytv\u00e1\u0159et na \u00fazem\u00ed hlavn\u00edho m\u011bsta Prahy takov\u00e9 podm\u00ednky, aby se migranti zde \u017eij\u00edc\u00ed c\u00edtili jako plnohodnotn\u00ed ob\u010dan\u00e9 na\u0161\u00ed metropole a spolupod\u00edleli se na jej\u00edm ve\u0159ejn\u00e9m \u017eivot\u011b.<\/p>\n<p> <p class=\"wpsm-hide\" style=\"color: #cc0000; font-size: 100%; text-align: left;\"> ...M\u00c9N\u011a<\/p><\/div><\/div>\n<p>&nbsp;<\/p>\n<ul>\n<li><a href=\"\/\/metropolevsech.eu\/cs\/sluzby-pro-migranty\/nevladni-neziskove-organizace\/\">Nevl\u00e1dn\u00ed neziskov\u00e9 organizace<\/a><\/li>\n<\/ul>\n<p>V\u00a0Praze naleznete i dal\u0161\u00ed neziskov\u00e9 organizace, kter\u00e9 poskytuj\u00ed jak\u00a0 soci\u00e1ln\u00ed, pr\u00e1vn\u00ed nebo i psychosoci\u00e1ln\u00ed poradenstv\u00ed, tak kurzy \u010desk\u00e9ho jazyka a jin\u00e9 vzd\u011bl\u00e1vac\u00ed a odborn\u00e9 kurzy. M\u016f\u017eete nav\u0161t\u00edvit jejich kulturn\u00ed a komunitn\u00ed aktivity a sezn\u00e1mit se s\u00a0dal\u0161\u00edmi migranty a \u010cechy \u017eij\u00edc\u00edmi v\u00a0Praze. Tak\u00e9 se budete moci zapojit do dobrovolnick\u00fdch aktivit a aktivit napom\u00e1haj\u00edc\u00edch zlep\u0161en\u00ed sou\u017eit\u00ed v\u0161ech Pra\u017ean\u016f. Na jejich akce m\u016f\u017ee p\u0159ij\u00edt jak\u00fdkoliv Pra\u017ean se z\u00e1jmem poznat nov\u00e9 lidi nebo novou kulturu.<\/p>\n<div class=\"show_more\"><p class=\"wpsm-show\" style=\"color: #cc0000; font-size: 100%; text-align: left;\"> ...V\u00cdCE<\/p><div class=\"wpsm-content\">\n<p>Aktivity a slu\u017eby neziskov\u00fdch organizac\u00ed jsou zdarma, nebo za symbolick\u00e9 poplatky.<\/p>\n<p>Neziskov\u00e9 nevl\u00e1dn\u00ed organizace (NNO) jsou podporovan\u00e9 st\u00e1tem, projekty Evropsk\u00e9 unie a dal\u0161\u00edmi finan\u010dn\u00edmi zdroji. NNO napom\u00e1haj\u00ed obecn\u011b prosp\u011b\u0161n\u00e9 \u010dinnosti v r\u016fzn\u00fdch oblastech, nap\u0159\u00edklad i v oblasti integrace migrant\u016f.<\/p>\n<p>Integra\u010dn\u00ed centrum Praha a nevl\u00e1dn\u00ed neziskov\u00e9 organizace nab\u00edz\u00ed soci\u00e1ln\u00ed a pr\u00e1vn\u00ed poradenstv\u00ed migrant\u016fm. Soci\u00e1ln\u00ed poradenstv\u00ed je poskytov\u00e1no v r\u00e1mci soci\u00e1ln\u00edch slu\u017eeb doty\u010dn\u00e9 organizace a pro jejich vyu\u017eit\u00ed je zapot\u0159eb\u00ed registrace. V r\u00e1mci soci\u00e1ln\u00edho poradenstv\u00ed v\u00e1m odborn\u00edk porad\u00ed v ot\u00e1zk\u00e1ch bydlen\u00ed, zam\u011bstn\u00e1n\u00ed, zdravotn\u00ed p\u00e9\u010de a zdravotn\u00edho poji\u0161t\u011bn\u00ed, soci\u00e1ln\u00edho zabezpe\u010den\u00ed, vzd\u011bl\u00e1v\u00e1n\u00ed d\u011bt\u00ed i dosp\u011bl\u00fdch, nostrifikace diplom\u016f, v jedn\u00e1n\u00ed s \u00fa\u0159ady aj.<\/p>\n<p>Na pr\u00e1vn\u00edm poradenstv\u00ed budete \u0159e\u0161it ot\u00e1zky spojen\u00e9 s va\u0161\u00edm pobytem na \u00fazem\u00ed \u010cR, tedy \u017e\u00e1dosti o dlouhodob\u00e9 v\u00edzum \u010di povolen\u00ed k dlouhodob\u00e9mu pobytu a jejich prodlu\u017eov\u00e1n\u00ed, \u017e\u00e1dosti o p\u0159echodn\u00fd a trval\u00fd pobyt, ne\u010dinnost spr\u00e1vn\u00edch org\u00e1n\u016f v pobytov\u00e9m \u0159\u00edzen\u00ed nebo ru\u0161en\u00ed pobytov\u00fdch opr\u00e1vn\u011bn\u00ed apod. D\u00e1le pak pr\u00e1vn\u00ed poradenstv\u00ed \u0159e\u0161\u00ed ot\u00e1zky rodinn\u00fdch vztah\u016f (ur\u010dov\u00e1n\u00ed otcovstv\u00ed, s\u0148atky, rozvod man\u017eelstv\u00ed, v\u00fd\u017eivn\u00e9), zam\u011bstn\u00e1n\u00ed (povolen\u00ed k zam\u011bstn\u00e1n\u00ed, nevypl\u00e1cen\u00ed mzdy, pracovn\u00ed smlouvy), ob\u010danskopr\u00e1vn\u00ed vztahy (n\u00e1jemn\u00ed smlouvy k bytu, dluhy a pohled\u00e1vky) nebo podnik\u00e1n\u00ed.<\/p>\n<p>V\u00a0t\u011bchto organizac\u00edch pracuj\u00ed vzd\u011blan\u00ed profesion\u00e1lov\u00e9 a poradenstv\u00ed prov\u00e1d\u011bj\u00ed pr\u00e1vn\u00edci nebo soci\u00e1ln\u00ed pracovn\u00edci s\u00a0mnohaletou zku\u0161enost\u00ed. Naleznete u nich v\u017edy aktu\u00e1ln\u00ed a p\u0159esn\u00e9 informace. Pracovn\u00edci t\u011bchto organizac\u00ed v\u00e1s povedou k\u00a0samostatnosti a sob\u011bsta\u010dnosti tak, abyste si co nejd\u0159\u00edve byli schopni v\u011bt\u0161inu z\u00e1le\u017eitost\u00ed za\u0159izovat sami.<\/p>\n<p>Ka\u017ed\u00e1 z n\u00ed\u017ee uv\u00e1d\u011bn\u00fdch organizac\u00ed poskytuje r\u016fzn\u00e9 typy slu\u017eeb a aktivit, seznamte se proto nejprve podrobn\u011b s jejich webov\u00fdmi str\u00e1nkami. Ohledn\u011b podm\u00ednek poskytnut\u00ed soci\u00e1ln\u00edho nebo pr\u00e1vn\u00edho poradenstv\u00ed konzultujte p\u0159\u00edslu\u0161nou organizaci. <p class=\"wpsm-hide\" style=\"color: #cc0000; font-size: 100%; text-align: left;\"> ...M\u00c9N\u011a<\/p><\/div><\/div><br \/>\nP\u0159ipravili jsme pro v\u00e1s seznam nevl\u00e1dn\u00edch neziskov\u00fdch organizac\u00ed spolu s aktu\u00e1ln\u00edmi kontakty a stru\u010dn\u00fdm p\u0159ehledem slu\u017eeb, kter\u00e9 nab\u00edzej\u00ed. Seznam ve spolupr\u00e1ci s nimi pravideln\u011b aktualizujeme.<\/p>\n<p>&nbsp;<\/p>\n<ul>\n<li><a href=\"\/\/metropolevsech.eu\/cs\/sluzby-pro-migranty\/migrantske-a-komunitni-organizace\/\">Migrantsk\u00e9 a komunitn\u00ed organizace<\/a><\/li>\n<\/ul>\n<p>V\u00a0Praze tak\u00e9 p\u016fsob\u00ed \u0159ada organizac\u00ed zalo\u017een\u00fdch lidmi p\u016fvodem z ciziny. Po\u0159\u00e1daj\u00ed \u0159adu aktivit a p\u0159edev\u0161\u00edm kulturn\u00edch akc\u00ed. Mnoho z\u00a0nich vyd\u00e1v\u00e1 \u010dasopisy. Zde naleznete jejich seznam v\u010detn\u011b kontakt\u016f a u\u017eite\u010dn\u00e9 odkazy.<\/p>\n<p>&nbsp;<\/p>\n<ul>\n<li><a href=\"\/\/metropolevsech.eu\/cs\/sluzby-pro-migranty\/interkulturni-pracovnici-a-komunitni-tlumocnici\/\">Interkulturn\u00ed pracovn\u00edci a komunitn\u00ed tlumo\u010dn\u00edci<\/a><\/li>\n<\/ul>\n<p>V\u00a0t\u00e9to kapitole naleznete u\u017eite\u010dn\u00e9 kontakty, pokud pot\u0159ebujete zprost\u0159edkovat komunikaci a odbourat jazykov\u00e9 a sociokulturn\u00ed bari\u00e9ry mezi majoritou a migranty. Komunitn\u00ed tlumo\u010dn\u00edci zase p\u0159ekon\u00e1vaj\u00ed nejen jazykovou odli\u0161nost, ale tak\u00e9 um\u00ed zach\u00e1zet s kulturn\u00edmi rozd\u00edly, kter\u00e9 \u010dasto pobyt v nov\u00e9m prost\u0159ed\u00ed zt\u011b\u017euj\u00ed.<\/p>\n<p>&nbsp;<\/p>\n<ul>\n<li><a href=\"\/\/metropolevsech.eu\/cs\/sluzby-pro-migranty\/kurzy-ceskeho-jazyka\/\">Kurzy \u010desk\u00e9ho jazyka<\/a><\/li>\n<\/ul>\n<p>Velk\u00e1 pozornost je v\u011bnov\u00e1na kurz\u016fm \u010desk\u00e9ho jazyka, kter\u00e9 jsou po cel\u00e9 Praze nab\u00edzeny nov\u011b p\u0159\u00edchoz\u00edm obyvatel\u016fm hlavn\u00edho m\u011bsta r\u016fzn\u00fdmi poskytovateli. V t\u00e9to kapitole v\u00e1m p\u0159in\u00e1\u0161\u00edme p\u0159ehled kurz\u016f rozd\u011blen\u00fdch podle toho, zda jste v Praze kr\u00e1tce a \u010de\u0161tinu je\u0161t\u011b neovl\u00e1d\u00e1te, nebo zda chcete studovat v \u010desk\u00e9m jazyce na vysok\u00e9 \u0161kole.<\/p>\n<p>&nbsp;<\/p>\n<ul>\n<li><a href=\"\/\/metropolevsech.eu\/cs\/sluzby-pro-migranty\/adaptacne-integracni-kurzy-vitejte-v-ceske-republice\/\">Adapta\u010dn\u011b integra\u010dn\u00ed kurzy V\u00edtejte v \u010cesk\u00e9 republice<\/a><\/li>\n<\/ul>\n<p align=\"JUSTIFY\">Z\u00e1rove\u0148 doporu\u010dujeme va\u0161\u00ed pozornosti tak\u00e9 adapta\u010dn\u011b integra\u010dn\u00ed kurzy V\u00edtejte v\u00a0\u010cesk\u00e9 republice, financovan\u00e9 ministerstvem vnitra \u010cR. Tyto kurzy napomohou v\u0161em nov\u011b p\u0159\u00edchoz\u00edm v\u00a0orientaci ve sv\u00fdch pr\u00e1vech a povinnostech po p\u0159\u00edjezdu do \u010cesk\u00e9 republiky a hlavn\u00edho m\u011bsta Prahy. V t\u00e9to kapitole pro v\u00e1s shrneme okruhy informac\u00ed, kter\u00e9 se na kurzu dozv\u00edte a poskytneme v\u00e1m pot\u0159ebn\u00e9 kontakty.<\/p>\n<p><\/p>","protected":false},"excerpt":{"rendered":"<p>V t\u00e9to kapitole se dozv\u00edte informace o organizac\u00edch a jejich slu\u017eb\u00e1ch, kter\u00e9 napom\u00e1haj\u00ed v integraci migrant\u016fm \u017eij\u00edc\u00edm v Praze. &nbsp; Integra\u010dn\u00ed centrum Praha Pokud jste migrant \u010di migrantka \u017eij\u00edc\u00ed na \u00fazem\u00ed hlavn\u00edho m\u011bsta Prahy a pot\u0159ebujete poradit, hled\u00e1te kurz \u010de\u0161tiny&#8230;<\/p>\n<a class=\"more-block\" href=\"https:\/\/metropolevsech.eu\/cs\/sluzby-pro-migranty\/\">\u010c\u00edst v\u00edce<\/a>","protected":false},"author":7,"featured_media":3063,"parent":0,"menu_order":6,"comment_status":"closed","ping_status":"closed","template":"","meta":[],"acf":[],"_links":{"self":[{"href":"https:\/\/metropolevsech.eu\/cs\/wp-json\/wp\/v2\/pages\/885"}],"collection":[{"href":"https:\/\/metropolevsech.eu\/cs\/wp-json\/wp\/v2\/pages"}],"about":[{"href":"https:\/\/metropolevsech.eu\/cs\/wp-json\/wp\/v2\/types\/page"}],"author":[{"embeddable":true,"href":"https:\/\/metropolevsech.eu\/cs\/wp-json\/wp\/v2\/users\/7"}],"replies":[{"embeddable":true,"href":"https:\/\/metropolevsech.eu\/cs\/wp-json\/wp\/v2\/comments?post=885"}],"version-history":[{"count":1,"href":"https:\/\/metropolevsech.eu\/cs\/wp-json\/wp\/v2\/pages\/885\/revisions"}],"predecessor-version":[{"id":15592,"href":"https:\/\/metropolevsech.eu\/cs\/wp-json\/wp\/v2\/pages\/885\/revisions\/15592"}],"wp:featuredmedia":[{"embeddable":true,"href":"https:\/\/metropolevsech.eu\/cs\/wp-json\/wp\/v2\/media\/3063"}],"wp:attachment":[{"href":"https:\/\/metropolevsech.eu\/cs\/wp-json\/wp\/v2\/media?parent=885"}],"curies":[{"name":"wp","href":"https:\/\/api.w.org\/{rel}","templated":true}]}}