{"id":891,"date":"2017-01-16T10:32:48","date_gmt":"2017-01-16T09:32:48","guid":{"rendered":"https:\/\/metropolevsech.eu\/?page_id=891"},"modified":"2026-01-24T14:28:46","modified_gmt":"2026-01-24T13:28:46","slug":"kurzy-ceskeho-jazyka","status":"publish","type":"page","link":"https:\/\/metropolevsech.eu\/cs\/potrebuji-resit\/vzdelavani-a-nostrifikace-diplomu\/kurzy-ceskeho-jazyka\/","title":{"rendered":"Kurzy \u010desk\u00e9ho jazyka"},"content":{"rendered":"<p><\/p>\n<ul class=\"bullet\">\n<li><a href=\"#kurzycz\">Kurzy \u010desk\u00e9ho jazyka pro cizince v Praze<\/a><\/li>\n<li><a href=\"#tpcz\">Zkou\u0161ky z \u010de\u0161tiny pro trval\u00fd pobyt a \u010desk\u00e9 st\u00e1tn\u00ed ob\u010danstv\u00ed<\/a><\/li>\n<\/ul>\n<h2 id=\"kurzycz\"><b>Kurzy \u010desk\u00e9ho jazyka pro cizince <\/b><b>v Praze<\/b><\/h2>\n<p>V t\u00e9to \u010d\u00e1sti webu Praha &#8211; Metropole v\u0161ech se dozv\u00edte, kter\u00e9 organizace a \u0161koly po\u0159\u00e1daj\u00ed kurzy \u010desk\u00e9ho jazyka v Praze. Je zde uveden jejich p\u0159ehled, kter\u00fd zahrnuje informace o tom, jak\u00e9 druhy kurz\u016f \u010desk\u00e9ho jazyka mohou cizinci m\u016f\u017eete nav\u0161t\u011bvovat, a u\u017eite\u010dn\u00e9 kontakty. Nej\u010dast\u011bji jsou rozd\u011blen\u00e9 podle \u00farovn\u011b znalosti a v\u011bku student\u016f. Tak\u00e9 v\u00e1m pov\u00edme, kam se obr\u00e1tit, chcete-li se zdokonalit v odborn\u00e9 terminologii v \u010desk\u00e9m jazyce nebo pokud chcete studovat vysokou \u0161kolu v \u010desk\u00e9m jazyce.<\/p>\n<p>K plnohodnotn\u00e9mu zapojen\u00ed do \u017eivota v Praze budete pot\u0159ebovat \u010de\u0161tinu. Mo\u017en\u00e1 v\u00e1m na za\u010d\u00e1tku pobytu v Praze pomohou p\u0159\u00e1tel\u00e9, p\u0159\u00edbuzn\u00ed \u010di placen\u00ed tlumo\u010dn\u00edci, ale z dlouhodob\u00e9ho hlediska je pro v\u00e1s v\u00fdhodn\u00e9 nau\u010dit se dob\u0159e \u010desky. Nejen \u017ee budete l\u00e9pe rozum\u011bt sv\u00e9mu okol\u00ed a vyhnete se \u0159ad\u011b nedorozum\u011bn\u00ed, ale roz\u0161\u00ed\u0159\u00ed se v\u00e1m tak\u00e9 nab\u00eddka pracovn\u00edch p\u0159\u00edle\u017eitost\u00ed a mo\u017enost\u00ed uplatn\u011bn\u00ed sv\u00fdch znalost\u00ed a dovednost\u00ed.<\/p>\n<p>Jste v Praze kr\u00e1tce a je\u0161t\u011b moc \u010desky neum\u00edte?<\/p>\n<p>P\u0159ipravujete se na studium na vysok\u00e9 \u0161kole?<\/p>\n<p>Na \u00fazem\u00ed hlavn\u00edho m\u011bsta Prahy m\u016f\u017eete za\u010d\u00edt nav\u0161t\u011bvovat kurzy \u010desk\u00e9ho jazyka, kter\u00e9 nab\u00edz\u00ed nejr\u016fzn\u011bj\u0161\u00ed poskytovatel\u00e9 (Integra\u010dn\u00ed centrum Praha, m\u011bstsk\u00e9 \u010d\u00e1sti, neziskov\u00e9 organizace, jazykov\u00e9 \u0161koly a dal\u0161\u00ed instituce).<\/p>\n<p>Dlouhodobou zku\u0161enost s r\u016fzn\u00fdmi typy kurz\u016f \u010de\u0161tiny pro cizince m\u00e1 Integra\u010dn\u00ed centrum Praha nebo neziskov\u00e9 organizace, kter\u00e9 pracuj\u00ed s migranty. V nab\u00eddce maj\u00ed kurzy pro d\u011bti i pro dosp\u011bl\u00e9. N\u011bkter\u00e9 kurzy jsou zdarma, jin\u00e9 jsou zpoplatn\u011bn\u00e9. Kurzy b\u00fdvaj\u00ed t\u00e9\u017e zac\u00edleny na r\u016fzn\u00e9 \u00farovn\u011b (za\u010d\u00e1te\u010dn\u00edci, m\u00edrn\u011b pokro\u010dil\u00ed \u010di pokro\u010dil\u00ed). Pro lep\u0161\u00ed orientaci v tom, jak\u00e1 organizace nab\u00edz\u00ed jak\u00e9 kurzy, v\u00e1m n\u00ed\u017ee nab\u00edz\u00edme z\u00e1kladn\u00ed p\u0159ehled. Pro detaily o jednotliv\u00fdch kurzech v jednotliv\u00fdch obdob\u00edch je nutn\u00e9 p\u0159edem zkontaktovat uvedenou organizaci.<\/p>\n<div class=\"box-ok\"><\/p>\n<p><i>M\u011bjte na pam\u011bti, \u017ee kurzy (zejm\u00e9na ty, kter\u00e9 jsou zdarma) se velmi rychle zapln\u00ed, proto se na v\u00e1mi vybran\u00fd kurz v\u010das zaregistrujte. <\/i><i>Doporu\u010dujeme v\u00e1m sledovat i Facebookov\u00e9 str\u00e1nky t\u011bchto organizac\u00ed, kde se dozv\u00edte aktu\u00e1ln\u00ed informace nap\u0159\u00edklad o uvoln\u011bn\u00fdch m\u00edstech na kurzu \u010desk\u00e9ho jazyka.<\/i><\/p>\n<p><\/div>\n<h3>Integra\u010dn\u00ed centrum Praha, o. p. s. (ICP)<\/h3>\n<p>ICP nab\u00edz\u00ed kurzy \u010desk\u00e9ho jazyka pro dosp\u011bl\u00e9. Kurzy \u010desk\u00e9ho jazyka jsou\u00a0<strong>prim\u00e1rn\u011b<\/strong>\u00a0ur\u010deny\u00a0<strong>pro ob\u010dany zem\u00ed mimo EU<\/strong>, kte\u0159\u00ed maj\u00ed na \u00fazem\u00ed \u010cesk\u00e9 republiky leg\u00e1ln\u00ed pobyt na dobu del\u0161\u00ed ne\u017e 90 dn\u016f. \u017d\u00e1dn\u00e9 kurzy\u00a0<strong>nejsou<\/strong>\u00a0ur\u010deny\u00a0<strong>pro \u017eadatele<\/strong> o mezin\u00e1rodn\u00ed ochranu. D\u00e1le ICP nab\u00edz\u00ed kurzy \u010desk\u00e9ho jazyka pro d\u011bti.<\/p>\n<p>Kurzy \u010desk\u00e9ho jazyka po\u0159\u00e1d\u00e1 ICP na r\u016fzn\u00fdch m\u00edstech Prahy. Pro aktu\u00e1ln\u00ed nab\u00eddku\u00a0 kurz\u016f sledujte <a href=\"https:\/\/icpraha.com\/kurzy-ceskeho-jazyka\/#2\">webov\u00e9 str\u00e1nky ICP<\/a>.<\/p>\n<p><strong>Kontakt:<\/strong><\/p>\n<p>Integra\u010dn\u00ed centrum Praha, o. p. s.<\/p>\n<p>\u017ditn\u00e1 1574\/51, 110 00 Praha 1<\/p>\n<p>tel: +420 252 543 846<\/p>\n<p>e-mail: edu@icpraha.com<\/p>\n<p><a href=\"\/\/www.icpraha.com\/\">www.icpraha.com<\/a><\/p>\n<p>\/\/m.facebook.com\/ICPraha<\/p>\n<h3>Neziskov\u00e9 nevl\u00e1dn\u00ed organizace<\/h3>\n<h4>Centrum pro integraci cizinc\u016f, o. p. s.<\/h4>\n<p>Centrum nab\u00edz\u00ed nap\u0159\u00edklad tyto kurzy:<\/p>\n<ul>\n<li>N\u00edzkoprahov\u00e9 kurzy \u010de\u0161tiny pro cizince \u2013 z\u00e1kladn\u00ed \u00farove\u0148;<\/li>\n<li>P\u0159\u00edprava na zkou\u0161ky k trval\u00e9mu pobytu a k z\u00edsk\u00e1n\u00ed ob\u010danstv\u00ed;<\/li>\n<li>Rodinn\u00e9 kurzy \u010de\u0161tiny (pro rodi\u010de a d\u011bti) a kurzy \u010de\u0161tiny pro rodi\u010de \u0161koln\u00edch d\u011bt\u00ed;<\/li>\n<li>Intenzivn\u00ed kurzy \u010de\u0161tiny pro ml\u00e1de\u017e;<\/li>\n<li>Intenzivn\u00ed kurzy \u010de\u0161tiny (d\u00e9lka 4 t\u00fddny);<\/li>\n<li>Semestr\u00e1ln\u00ed kurzy \u010de\u0161tiny \u2013 z\u00e1kladn\u00ed a pokro\u010dil\u00e1 \u00farove\u0148.<\/li>\n<\/ul>\n<p><strong>Kontakt:<\/strong><\/p>\n<div>Adresa: Pernerova 10\/32, Praha 8, 180 00<\/div>\n<div>Dal\u0161\u00ed m\u00edsta v\u00fduky: Praha 3, Praha 4, Praha 13, online<\/div>\n<div>Tel.:\u00a0+420\u00a0735 173 738<\/div>\n<div>email: <a target=\"_blank\" href=\"mailto:npk@cicops.cz\" rel=\"noopener\">npk@cicops.cz<\/a><\/div>\n<div><a target=\"_blank\" href=\"https:\/\/www.cicops.cz\/cz\/kurzy\" rel=\"noopener\" id=\"m_4390957981806439324m_-8984678607943450637LPlnk\" data-saferedirecturl=\"https:\/\/www.google.com\/url?q=https:\/\/www.cicops.cz\/cz\/kurzy&amp;source=gmail&amp;ust=1627672852348000&amp;usg=AFQjCNGmXvkaIDjBBA7tfdJyDRf-gtZ-kQ\">https:\/\/www.cicops.cz\/cz\/kurzy<\/a><\/div>\n<div><a target=\"_blank\" href=\"https:\/\/www.facebook.com\/centrumprointegracicizincu\" rel=\"noopener\" id=\"m_4390957981806439324m_-8984678607943450637LPlnk\" data-saferedirecturl=\"https:\/\/www.google.com\/url?q=https:\/\/www.facebook.com\/centrumprointegracicizincu&amp;source=gmail&amp;ust=1627672852348000&amp;usg=AFQjCNH7bt9A07vf_MjqK2I6UrpbMVU7Bw\">https:\/\/www.facebook.com\/<wbr \/>centrumprointegracicizincu<\/a><\/div>\n<h4>Nov\u00e1 \u0161kola, o. p. s. \u2013 program ROZLETY<\/h4>\n<p>Nov\u00e1 \u0161kola nab\u00edz\u00ed dou\u010dov\u00e1n\u00ed \u017e\u00e1k\u016f z\u00e1kladn\u00edch a st\u0159edn\u00edch \u0161kol. Dou\u010dov\u00e1n\u00ed prob\u00edh\u00e1 \u010dasov\u011b dle pot\u0159eb klient\u016f a kapacity u\u010debny, nejm\u00e9n\u011b 3\u00d7 t\u00fddn\u011b v odpoledn\u00edch hodin\u00e1ch. D\u00e9lka vyu\u010dovac\u00ed hodiny je 60 minut a d\u00e9lka trv\u00e1n\u00ed kurzu nen\u00ed ur\u010dena, klient se m\u016f\u017ee p\u0159ipojit kdykoli v pr\u016fb\u011bhu \u0161koln\u00edho roku.<\/p>\n<p>Dou\u010dov\u00e1n\u00ed je zam\u011b\u0159eno na zvy\u0161ov\u00e1n\u00ed \u0161koln\u00ed \u00fasp\u011b\u0161nosti. Prob\u00edh\u00e1 ve sm\u00ed\u0161en\u00fdch skupin\u00e1ch, kter\u00e9 nejsou slo\u017eeny pouze z cizinc\u016f. Nab\u00edz\u00ed nejen \u010desk\u00fd jazyk, ale i matematiku a angli\u010dtinu, po domluv\u011b i dal\u0161\u00ed p\u0159edm\u011bty.<\/p>\n<p>Dou\u010dov\u00e1n\u00ed je bezplatn\u00e9.<\/p>\n<p><strong>Kontakt:<\/strong><\/p>\n<p>Nov\u00e1 \u0161kola, o. p. s.<\/p>\n<p>K\u0159i\u017e\u00edkova 344\/6, Praha 8 \u2013 Karl\u00edn, 186 00 (prostory Nov\u00e9 \u0161koly) \/ nebo po domluv\u011b individu\u00e1ln\u00ed dou\u010dov\u00e1n\u00ed<\/p>\n<p>e-mail: novaskola@novaskolaops.cz<\/p>\n<p><strong>Odkazy:<\/strong><\/p>\n<p>www.novaskolaops.cz<\/p>\n<p>www.asistentpedagoga.cz<\/p>\n<p>www.ctenarskekluby.cz<\/p>\n<p>\/\/m.facebook.com\/novaskolaops\/<\/p>\n<h4>Poradna pro integraci \/ Centrum Czech In<\/h4>\n<p>Poradna pro integraci nab\u00edz\u00ed kurzy pro dosp\u011bl\u00e9 na \u00farovni za\u010d\u00e1te\u010dn\u00edci, m\u00edrn\u011b pokro\u010dil\u00ed, v\u00edce pokro\u010dil\u00ed. Do kurzu je mo\u017en\u00e9 se p\u0159ihla\u0161ovat i v pr\u016fb\u011bhu semestru, cena je v tomto p\u0159\u00edpad\u011b kalkulov\u00e1na individu\u00e1ln\u011b.<\/p>\n<p>D\u00e1le poradna nab\u00edz\u00ed kurzy pro d\u011bti na \u00farovn\u00edch mlad\u0161\u00ed \u017e\u00e1ci \u2013 pokro\u010dil\u00ed, mlad\u0161\u00ed \u0161kol\u00e1ci \u2013 za\u010d\u00e1te\u010dn\u00edci\/m\u00edrn\u011b pokro\u010dil\u00ed, star\u0161\u00ed \u0161kol\u00e1ci \u2013 pokro\u010dil\u00ed, star\u0161\u00ed \u0161kol\u00e1ci \u2013 za\u010d\u00e1te\u010dn\u00edci\/m\u00edrn\u011b pokro\u010dil\u00ed. Do kurzu je mo\u017en\u00e9 d\u011bti p\u0159ihla\u0161ovat i v pr\u016fb\u011bhu semestru, cena je v tomto p\u0159\u00edpad\u011b kalkulov\u00e1na individu\u00e1ln\u011b.<\/p>\n<p>D\u00e1le poradna nab\u00edz\u00ed p\u0159\u00edpravn\u00e9 kurzy na zkou\u0161ky a p\u0159\u00edpravu na zkou\u0161ku k trval\u00e9mu pobytu a p\u0159\u00edpravu na zkou\u0161ku k ob\u010danstv\u00ed. Nab\u00edz\u00ed tak\u00e9 individu\u00e1ln\u00ed lekce \/ dou\u010dov\u00e1n\u00ed pro d\u011bti, dosp\u011bl\u00e9 a tak\u00e9 intenzivn\u00ed kurzy pro d\u011bti (kurzy pro dosp\u011bl\u00e9 v p\u0159\u00edpad\u011b z\u00e1jmu).<\/p>\n<p><strong>Kontakt:<\/strong><\/p>\n<p>Opletalova 6, vchod pas\u00e1\u017e\u00ed Opletalka, Praha 1, 110 00<\/p>\n<p>tel: +420 734 154 229<\/p>\n<p>e-mail: praha@p-p-i.cz<\/p>\n<p>web: www.czechinskola.cz, <a href=\"\/\/www.p-p-i.cz\/\">www.p-p-i.cz<\/a><\/p>\n<p>\/\/www.facebook.com\/Poradnaprointegraci\/<\/p>\n<h4>InB\u00e1ze, z. s.<\/h4>\n<p>InB\u00e1ze nab\u00edz\u00ed kurzy pro dosp\u011bl\u00e9 na \u00farovni za\u010d\u00e1te\u010dn\u00edci, m\u00edrn\u011b pokro\u010dil\u00ed a v\u00edce pokro\u010dil\u00ed. Do kurzu je mo\u017en\u00e9 se p\u0159ihla\u0161ovat i v pr\u016fb\u011bhu semestru, cena je v tomto p\u0159\u00edpad\u011b kalkulov\u00e1na individu\u00e1ln\u011b.<\/p>\n<p>D\u00e1le InB\u00e1ze nab\u00edz\u00ed kurzy pro d\u011bti na \u00farovni mlad\u0161\u00ed \u017e\u00e1ci \u2013 pokro\u010dil\u00ed, mlad\u0161\u00ed \u0161kol\u00e1ci \u2013 za\u010d\u00e1te\u010dn\u00edci\/m\u00edrn\u011b pokro\u010dil\u00ed, star\u0161\u00ed \u0161kol\u00e1ci \u2013 pokro\u010dil\u00ed, star\u0161\u00ed \u0161kol\u00e1ci \u2013 za\u010d\u00e1te\u010dn\u00edci\/m\u00edrn\u011b pokro\u010dil\u00ed. Do kurzu je mo\u017en\u00e9 d\u011bti p\u0159ihla\u0161ovat i v pr\u016fb\u011bhu semestru, cena je v tomto p\u0159\u00edpad\u011b kalkulov\u00e1na individu\u00e1ln\u011b.<\/p>\n<p>D\u00e1le se zde setk\u00e1te s p\u0159\u00edpravn\u00fdmi kurzy na zkou\u0161ky, p\u0159\u00edpravou na zkou\u0161ku k trval\u00e9mu pobytu, p\u0159\u00edpravou na zkou\u0161ku k ob\u010danstv\u00ed. Nab\u00edz\u00ed tak\u00e9 individu\u00e1ln\u00ed lekce \/ dou\u010dov\u00e1n\u00ed pro d\u011bti, dosp\u011bl\u00e9 a tak\u00e9 intenzivn\u00ed kurzy pro d\u011bti (kurzy pro dosp\u011bl\u00e9 v p\u0159\u00edpad\u011b z\u00e1jmu).<\/p>\n<p><strong>Kontakt:<\/strong><\/p>\n<p>InB\u00e1ze<\/p>\n<p>Legerova 50, 120 00 Praha 2<\/p>\n<p>tel: 739 037 353<\/p>\n<p>e-mail: info@inbaze.cz<\/p>\n<p>web: <a href=\"\/\/www.inbaze.cz\/\">www.inbaze.cz<\/a><\/p>\n<p>\/\/www.facebook.com\/InBaze<\/p>\n<h4>META, o. p. s.<\/h4>\n<p>META nab\u00edz\u00ed kurzy \u010de\u0161tiny r\u016fzn\u00fdch \u00farovn\u00ed i form\u00e1t\u016f pro d\u011bti a studenty, kte\u0159\u00ed se p\u0159est\u011bhovali z ciziny. Na zemi p\u016fvodu a typu pobytu v \u010cesk\u00e9 republice nez\u00e1le\u017e\u00ed.<\/p>\n<p><strong>Kontakt:<\/strong><\/p>\n<p>\u017derot\u00ednova 1124\/35, 130 00 Praha 3, \u017di\u017ekov<\/p>\n<p>tel: 773 304 534<\/p>\n<p>e-mail: cjkurzy@meta-ops.cz, info@meta-ops.cz<\/p>\n<p>web: www.meta-ops.cz<\/p>\n<p><a href=\"http:\/\/www.facebook.com\/metavzdelavani\">www.facebook.com\/metavzdelavani<\/a><\/p>\n<p><a href=\"http:\/\/www.meta-ops.eu\/cizinci\/kurzy-cestiny\">www.meta-ops.eu\/cizinci\/kurzy-cestiny<\/a><\/p>\n<h3>Jazykov\u00e9 \u0161koly<\/h3>\n<p>\u010ce\u0161tina pro cizince se tak\u00e9 objevuje v nab\u00eddk\u00e1ch jazykov\u00fdch \u0161kol. Hlavn\u00ed m\u011bsto Praha je z\u0159izovatelem Jazykov\u00e9 \u0161koly s pr\u00e1vem st\u00e1tn\u00ed jazykov\u00e9 zkou\u0161ky hlavn\u00edho m\u011bsta Prahy. D\u00edky finan\u010dn\u00ed podpo\u0159e hl. m. Prahy nab\u00edz\u00ed tato \u0161kola pro st\u0159edo\u0161kol\u00e1ky s odli\u0161n\u00fdm mate\u0159sk\u00fdm jazykem bezplatn\u00e9 kurzy \u010de\u0161tiny &#8211; v\u00edce informac\u00ed o t\u011bchto kurzech naleznete <a href=\"\/\/www.sjs.cz\/czech-for-foreigners\/kurzy-pro-stredoskolaky-s-omj.html\">zde<\/a>. Dal\u0161\u00ed placen\u00e9 kurzy \u010de\u0161tiny pro cizince najdete<a href=\"about:blank\"> zde<\/a>.<\/p>\n<p>Jazykov\u00fdch \u0161kol je na \u00fazem\u00ed Prahy velk\u00e9 mno\u017estv\u00ed. \u0158ada z nich kurzy \u010de\u0161tiny nab\u00edz\u00ed. Prozkoumejte i jejich nab\u00eddku.<\/p>\n<p>Um\u00edte z\u00e1klady \u010de\u0161tiny a pot\u0159ebujete se zlep\u0161it? V t\u00e9to situaci hledejte kurzy pro pokro\u010dil\u00e9. V p\u0159\u00edpad\u011b ur\u010dit\u00fdch projekt\u016f neziskov\u00fdch organizac\u00ed jsou p\u0159\u00edle\u017eitostn\u011b nab\u00edzeny i jazykov\u00e9 kurzy zam\u011b\u0159en\u00e9 na specifickou oblast (\u010de\u0161tina ve zdravotnictv\u00ed, \u010de\u0161tina pro \u00fa\u010detn\u00ed a ekonomy, \u010de\u0161tina v podnik\u00e1n\u00ed apod.). Specializovan\u00e9 kurzy \u010de\u0161tiny nab\u00edz\u00ed i n\u011bkter\u00e9 jazykov\u00e9 \u0161koly.<\/p>\n<p>Sledujte tak\u00e9 aktivity m\u011bstsk\u00e9 \u010d\u00e1sti, kde \u017eijete. Je mo\u017en\u00e9, \u017ee pr\u00e1v\u011b v bl\u00edzkosti va\u0161eho bydli\u0161t\u011b je otev\u0159en kurz \u010desk\u00e9ho jazyka!<\/p>\n<p>P\u0159ipravujete se na studium na vysok\u00e9 \u0161kole?<\/p>\n<p>Ke studiu na vysok\u00e9 \u0161kole budete pot\u0159ebovat \u010de\u0161tinu na dobr\u00e9 \u00farovni. Jako ciz\u00ed st\u00e1tn\u00ed p\u0159\u00edslu\u0161n\u00edci budete t\u00e9\u017e na n\u011bkter\u00fdch \u0161kol\u00e1ch muset skl\u00e1dat p\u0159ij\u00edmac\u00ed zkou\u0161ku z \u010de\u0161tiny. \u00dastav jazykov\u00e9 a odborn\u00e9 p\u0159\u00edpravy Univerzity Karlovy nab\u00edz\u00ed velk\u00fd v\u00fdb\u011br kurz\u016f \u010de\u0161tiny pro cizince. Vyb\u00edrat m\u016f\u017eete z intenzivn\u00edch ro\u010dn\u00edch i semestr\u00e1ln\u00edch kurz\u016f, kde se nau\u010d\u00edte \u010de\u0161tinu na \u00farovni pot\u0159ebn\u00e9 pro vysoko\u0161kolsk\u00e9 studium. Kurzy v\u00e1s p\u0159iprav\u00ed na p\u0159ij\u00edmac\u00ed zkou\u0161ky i po str\u00e1nce odborn\u00e9 terminologie. M\u016f\u017eete si vybrat kurzy podle sv\u00e9ho odborn\u00e9ho zam\u011b\u0159en\u00ed (ekonomick\u00e9 obory, humanitn\u00ed obory, medic\u00edna a p\u0159\u00edrodn\u00ed v\u011bdy, technick\u00e9 obory, um\u011bleck\u00e9 obory, architektura aj.)<\/p>\n<h2 id=\"tpcz\"><b>Zkou\u0161ky z \u010de\u0161tiny pro trval\u00fd pobyt a st\u00e1tn\u00ed ob\u010danstv\u00ed \u010cR<\/b><\/h2>\n<p>U\u010dit se \u010desk\u00e9mu jazyku budete pot\u0159ebovat i kv\u016fli zkou\u0161k\u00e1m z \u010de\u0161tiny pro cizince. Zkou\u0161ky se d\u011blaj\u00ed za \u00fa\u010delem z\u00edsk\u00e1n\u00ed povolen\u00ed k trval\u00e9mu pobytu v \u010cesk\u00e9 republice a tak\u00e9 pro z\u00edsk\u00e1n\u00ed \u010desk\u00e9ho st\u00e1tn\u00edho ob\u010danstv\u00ed. Zkou\u0161ky z \u010desk\u00e9ho jazyka jsou celost\u00e1tn\u011b jednotn\u00e9. Slo\u017eit je m\u016f\u017eete po cel\u00e9 \u010cesk\u00e9 republice.<\/p>\n<p>Ve\u0161ker\u00e9 informace ke zkou\u0161k\u00e1m z \u010desk\u00e9ho jazyka z\u00edsk\u00e1te na specializovan\u00e9 ofici\u00e1ln\u00ed webov\u00e9 str\u00e1nce <a href=\"\/\/cestina-pro-cizince.cz\/\">cestina-pro-cizince.cz<\/a>. Tato str\u00e1nka je v\u00edcejazy\u010dn\u00e1 a dozv\u00edte se na n\u00ed v\u0161echny informace o zkou\u0161ce, p\u0159\u00edprav\u011b na n\u00ed, cen\u00e1ch, term\u00ednech, i o n\u00e1sledn\u00e9 \u017e\u00e1dosti o povolen\u00ed k trval\u00e9mu pobytu nebo k z\u00edsk\u00e1n\u00ed st\u00e1tn\u00edho ob\u010danstv\u00ed \u010cR.<\/p>\n<p>Na \u00farovni A2 budete rozum\u011bt v\u011bt\u00e1m a \u010dasto pou\u017e\u00edvan\u00fdm v\u00fdraz\u016fm vztahuj\u00edc\u00edm se k oblastem, kter\u00e9 se v\u00e1s bezprost\u0159edn\u011b t\u00fdkaj\u00ed (nap\u0159. z\u00e1kladn\u00ed informace o v\u00e1s a va\u0161\u00ed rodin\u011b, o nakupov\u00e1n\u00ed, m\u00edstopisu a zam\u011bstn\u00e1n\u00ed). Dok\u00e1\u017eete komunikovat prost\u0159ednictv\u00edm jednoduch\u00fdch a b\u011b\u017en\u00fdch \u00faloh, je\u017e vy\u017eaduj\u00ed jednoduchou a p\u0159\u00edmou v\u00fdm\u011bnu informac\u00ed o zn\u00e1m\u00fdch a b\u011b\u017en\u00fdch skute\u010dnostech. Um\u00edte jednoduch\u00fdm zp\u016fsobem popsat svou vlastn\u00ed rodinu, bezprost\u0159edn\u00ed okol\u00ed a z\u00e1le\u017eitosti t\u00fdkaj\u00edc\u00ed se va\u0161ich nejnal\u00e9hav\u011bj\u0161\u00edch pot\u0159eb.<\/p>\n<p><strong>Odkazy:\u00a0<\/strong><\/p>\n<ul>\n<li>\n<ul class=\"bullet-links\">\n<li>Popis jazykov\u00e9 \u00farovn\u011b A2 naleznete <a href=\"https:\/\/www.jazykove-urovne.cz\/uroven-a2\/\">zde. <\/a><\/li>\n<li>Informace o jazykov\u00e9 zkou\u0161ce pro trval\u00fd pobyt naleznete <a href=\"\/\/trvaly-pobyt.cestina-pro-cizince.cz\/?hl=cs_CZ\">zde<\/a>.<\/li>\n<\/ul>\n<\/li>\n<\/ul>\n<h4><b>\u010ce\u0161tina pro st\u00e1tn\u00ed ob\u010danstv\u00ed \u010cR<\/b><\/h4>\n<p>Pro z\u00edsk\u00e1n\u00ed ob\u010danstv\u00ed \u010cR a slo\u017een\u00ed zkou\u0161ky budete pot\u0159ebovat um\u011bt \u010desk\u00fd jazyk na \u00farovni B1.<\/p>\n<p>Na \u00farovni B1 budete rozum\u011bt hlavn\u00edmu sd\u011blen\u00ed srozumiteln\u00e9 spisovn\u00e9 \u010de\u0161tiny, kter\u00e1 se budou t\u00fdkat ka\u017edodenn\u00edch t\u00e9mat \u017eivota, tedy pr\u00e1ce, \u0161koly, voln\u00e9ho \u010dasu apod. Dorozum\u00edte se ohledn\u011b v\u011bt\u0161iny situac\u00ed, se kter\u00fdmi se setk\u00e1te p\u0159i cestov\u00e1n\u00ed. Budete schopni napsat jednoduch\u00fd souvisl\u00fd text na dob\u0159e zn\u00e1m\u00e1 t\u00e9mata. Na t\u00e9to \u00farovni znalosti \u010desk\u00e9ho jazyka tak\u00e9 pop\u00ed\u0161ete sv\u00e9 z\u00e1\u017eitky, ud\u00e1losti, sny i c\u00edle.<\/p>\n<p>Krom\u011b zkou\u0161ky z \u010desk\u00e9ho jazyka budete pot\u0159ebovat slo\u017eit i test z \u010desk\u00fdch re\u00e1li\u00ed. Tyto \u010desk\u00e9 re\u00e1lie tvo\u0159\u00ed ob\u010dansk\u00fd z\u00e1klad, z\u00e1kladn\u00ed geografick\u00e9 informace o \u010cesk\u00e9 republice, z\u00e1kladn\u00ed historick\u00e9 a kulturn\u00ed informace o \u010cR.<\/p>\n<p><strong>Odkazy:\u00a0<\/strong><\/p>\n<ul class=\"bullet-links\">\n<li>Popis jazykov\u00e9 \u00farovn\u011b \u04121 naleznete <a href=\"\/\/www.jazykove-urovne.cz\/uroven-b1\/\">zde.<\/a><\/li>\n<li>Informace o jazykov\u00e9 zkou\u0161ce pro st\u00e1tn\u00ed ob\u010danstv\u00ed naleznete <a href=\"\/\/obcanstvi.cestina-pro-cizince.cz\/?hl=cs_CZ\">zde<\/a><\/li>\n<\/ul>\n<h4><b>Kde lze vykonat zkou\u0161ky v Praze<\/b><\/h4>\n<p>V Praze m\u016f\u017eete vykonat zkou\u0161ku z \u010desk\u00e9ho jazyka na \u010dty\u0159ech m\u00edstech, kter\u00e1 jsou k tomu opr\u00e1vn\u011bna.<\/p>\n<p><strong>Univerzita Karlova, \u00dastav jazykov\u00e9 a odborn\u00e9 p\u0159\u00edpravy<\/strong><\/p>\n<p><strong>Studijn\u00ed st\u0159edisko Praha \u2013 Albertov\u00a0<\/strong><\/p>\n<p>Albertov 7\/3a<\/p>\n<p>128 00 Praha 2<\/p>\n<p>Tel: +420 224 918 775<\/p>\n<p><strong>Jazykov\u00e1 \u0161kola s pr\u00e1vem st\u00e1tn\u00ed jazykov\u00e9 zkou\u0161ky hlavn\u00edho m\u011bsta Prahy<\/strong><\/p>\n<p>\u0160kolsk\u00e1 15<\/p>\n<p>116 72 Praha 1<\/p>\n<p>Tel: +420 222 232 235, +420 773 949 159<\/p>\n<p><strong>Univerzita Karlova, \u00dastav jazykov\u00e9 a odborn\u00e9 p\u0159\u00edpravy<\/strong><\/p>\n<p><strong>Studijn\u00ed st\u0159edisko Praha \u2013 Hostiva\u0159<\/strong><\/p>\n<p>Weilova 1453\/2i<\/p>\n<p>102 00 Praha 10 Hostiva\u0159<\/p>\n<p>(Budova \u010d.8)<\/p>\n<p>Tel. +420 267 215 412<\/p>\n<p><strong>Univerzita Karlova, \u00dastav jazykov\u00e9 a odborn\u00e9 p\u0159\u00edpravy<\/strong><\/p>\n<p><strong>Studijn\u00ed st\u0159edisko Praha \u2013 Krystal\u00a0<\/strong><\/p>\n<p>Jos\u00e9 Mart\u00edho 407\/2<\/p>\n<p>162 00 Praha 6<\/p>\n<p>Tel: +420 235 358 557<\/p>\n<p style=\"text-align: right;\"><em>Posledn\u00ed aktualizace: 4. b\u0159ezen 2025<\/em><\/p>\n<p><\/p>","protected":false},"excerpt":{"rendered":"<p>Kurzy \u010desk\u00e9ho jazyka pro cizince v Praze Zkou\u0161ky z \u010de\u0161tiny pro trval\u00fd pobyt a \u010desk\u00e9 st\u00e1tn\u00ed ob\u010danstv\u00ed Kurzy \u010desk\u00e9ho jazyka pro cizince v Praze V t\u00e9to \u010d\u00e1sti webu Praha &#8211; Metropole v\u0161ech se dozv\u00edte, kter\u00e9 organizace a \u0161koly po\u0159\u00e1daj\u00ed kurzy&#8230;<\/p>\n<a class=\"more-block\" href=\"https:\/\/metropolevsech.eu\/cs\/potrebuji-resit\/vzdelavani-a-nostrifikace-diplomu\/kurzy-ceskeho-jazyka\/\">\u010c\u00edst v\u00edce<\/a>","protected":false},"author":7,"featured_media":7344,"parent":633,"menu_order":0,"comment_status":"closed","ping_status":"closed","template":"","meta":[],"acf":[],"_links":{"self":[{"href":"https:\/\/metropolevsech.eu\/cs\/wp-json\/wp\/v2\/pages\/891"}],"collection":[{"href":"https:\/\/metropolevsech.eu\/cs\/wp-json\/wp\/v2\/pages"}],"about":[{"href":"https:\/\/metropolevsech.eu\/cs\/wp-json\/wp\/v2\/types\/page"}],"author":[{"embeddable":true,"href":"https:\/\/metropolevsech.eu\/cs\/wp-json\/wp\/v2\/users\/7"}],"replies":[{"embeddable":true,"href":"https:\/\/metropolevsech.eu\/cs\/wp-json\/wp\/v2\/comments?post=891"}],"version-history":[{"count":33,"href":"https:\/\/metropolevsech.eu\/cs\/wp-json\/wp\/v2\/pages\/891\/revisions"}],"predecessor-version":[{"id":24564,"href":"https:\/\/metropolevsech.eu\/cs\/wp-json\/wp\/v2\/pages\/891\/revisions\/24564"}],"up":[{"embeddable":true,"href":"https:\/\/metropolevsech.eu\/cs\/wp-json\/wp\/v2\/pages\/633"}],"wp:featuredmedia":[{"embeddable":true,"href":"https:\/\/metropolevsech.eu\/cs\/wp-json\/wp\/v2\/media\/7344"}],"wp:attachment":[{"href":"https:\/\/metropolevsech.eu\/cs\/wp-json\/wp\/v2\/media?parent=891"}],"curies":[{"name":"wp","href":"https:\/\/api.w.org\/{rel}","templated":true}]}}