{"id":893,"date":"2017-01-16T10:33:38","date_gmt":"2017-01-16T09:33:38","guid":{"rendered":"https:\/\/metropolevsech.eu\/?page_id=893"},"modified":"2026-01-14T23:01:56","modified_gmt":"2026-01-14T22:01:56","slug":"adaptacne-integracni-kurzy-vitejte-v-ceske-republice","status":"publish","type":"page","link":"https:\/\/metropolevsech.eu\/cs\/potrebuji-resit\/adaptacne-integracni-kurzy-vitejte-v-ceske-republice\/","title":{"rendered":"Adapta\u010dn\u011b integra\u010dn\u00ed kurzy V\u00edtejte v \u010cesk\u00e9 republice"},"content":{"rendered":"<p><i><span style=\"font-weight: 400;\">Zde se dozv\u00edte, co jsou to adapta\u010dn\u011b-integra\u010dn\u00ed kurzy, kte\u0159\u00ed cizinci je mus\u00ed absolvovat, kde se kurzy konaj\u00ed a kdo je po\u0159\u00e1d\u00e1 a co je jejich obsahem. Zahrnuty jsou i kontakty, kde se na n\u011b p\u0159ihl\u00e1sit a kde zjistit v\u00edce informac\u00ed.<\/span><\/i><\/p>\n<p><div class=\"box-fixa\"><b>Od 1. 1. 2021 maj\u00ed n\u011bkte\u0159\u00ed cizinci z t\u0159et\u00edch zem\u00ed, kte\u0159\u00ed dlouhodob\u011b pob\u00fdvaj\u00ed na \u00fazem\u00ed \u010cR povinnost absolvovat \u010dty\u0159hodinov\u00fd ADAPTA\u010cN\u011a-INTEGRA\u010cN\u00cd KURZ, kter\u00fd jim poskytne z\u00e1kladn\u00ed p\u0159ehled o jejich pr\u00e1vech a povinnostech v \u010cesk\u00e9 republice a kde z\u00edskaj\u00ed u\u017eite\u010dn\u00e9 kontakty na celou \u0159adu bezplatn\u00fdch slu\u017eeb. <\/b><\/p>\n<p><b>Pro rychl\u00fd p\u0159ehled si pus\u0165te kr\u00e1tk\u00e9 <\/b><a href=\"https:\/\/youtu.be\/JGfEAwWvckc\"><b>ofici\u00e1ln\u00ed video p\u0159edstavuj\u00edc\u00ed kurz<\/b><\/a><b>.<\/b><\/div><br \/>\n<img loading=\"lazy\" class=\"aligncenter size-full wp-image-19264\" src=\"https:\/\/metropolevsech.eu\/wp-content\/uploads\/2023\/07\/adaptacneintegracnikurzy.png\" alt=\"\" width=\"1200\" height=\"630\" srcset=\"https:\/\/metropolevsech.eu\/wp-content\/uploads\/2023\/07\/adaptacneintegracnikurzy.png 1200w, https:\/\/metropolevsech.eu\/wp-content\/uploads\/2023\/07\/adaptacneintegracnikurzy-300x158.png 300w, https:\/\/metropolevsech.eu\/wp-content\/uploads\/2023\/07\/adaptacneintegracnikurzy-1040x546.png 1040w, https:\/\/metropolevsech.eu\/wp-content\/uploads\/2023\/07\/adaptacneintegracnikurzy-768x403.png 768w, https:\/\/metropolevsech.eu\/wp-content\/uploads\/2023\/07\/adaptacneintegracnikurzy-670x352.png 670w\" sizes=\"(max-width: 1200px) 100vw, 1200px\" \/><\/p>\n<p><b>KDO MUS\u00cd KURZ ABSOLVOVAT?<\/b><\/p>\n<p><span style=\"font-weight: 400;\">Kurzy jsou ur\u010den\u00e9 <\/span><b>v\u011bt\u0161in\u011b cizinc\u016f ze t\u0159et\u00edch zem\u00ed,<\/b><span style=\"font-weight: 400;\"> jejich\u017e povolen\u00ed k dlouhodob\u00e9mu nebo trval\u00e9mu pobytu nabylo pr\u00e1vn\u00ed moci po 1. 1. 2021.\u00a0<\/span><\/p>\n<p><span style=\"font-weight: 400;\">Kurzy nemus\u00ed absolvovat:<\/span><br \/>\n&lt;ulclass=bullet&gt;<\/p>\n<ul>\n<li style=\"font-weight: 400;\" aria-level=\"1\"><span style=\"font-weight: 400;\">\u00a0ob\u010dan\u00e9 Evropsk\u00e9 unie a jejich rodinn\u00ed p\u0159\u00edslu\u0161n\u00edci maj\u00edc\u00ed povolen\u00ed k p\u0159echodn\u00e9mu pobytu nebo\u00a0\u00a0<\/span><\/li>\n<li style=\"font-weight: 400;\" aria-level=\"1\"><span style=\"font-weight: 400;\">cizinci pob\u00fdvaj\u00edc\u00ed v \u010cR na z\u00e1klad\u011b v\u00edza;<\/span><\/li>\n<li style=\"font-weight: 400;\" aria-level=\"1\"><span style=\"font-weight: 400;\">dr\u017eitel\u00e9 do\u010dasn\u00e9 ochrany;<\/span><\/li>\n<li style=\"font-weight: 400;\" aria-level=\"1\"><span style=\"font-weight: 400;\">dr\u017eitel\u00e9 mezin\u00e1rodn\u00ed ochrany;<\/span><\/li>\n<li style=\"font-weight: 400;\" aria-level=\"1\"><span style=\"font-weight: 400;\">cizinci, kte\u0159\u00ed na \u00fazem\u00ed \u010cR pob\u00fdvaj\u00ed na z\u00e1klad\u011b dlouhodob\u00e9ho pobytu za \u00fa\u010delem studia \u010di investov\u00e1n\u00ed nebo vnitropodnikov\u011b p\u0159eveden\u00ed zam\u011bstnanci;<\/span><\/li>\n<li style=\"font-weight: 400;\" aria-level=\"1\"><span style=\"font-weight: 400;\">dr\u017eitel\u00e9 zam\u011bstnaneck\u00fdch a modr\u00fdch karet vydan\u00fdch v r\u00e1mci vl\u00e1dn\u00edch program\u016f Vysoce kvalifikovan\u00fd zam\u011bstnanec a Kl\u00ed\u010dov\u00fd a v\u011bdeck\u00fd person\u00e1l;<\/span><\/li>\n<li style=\"font-weight: 400;\" aria-level=\"1\"><span style=\"font-weight: 400;\">cizincimlad\u0161\u00ed\u00a0 15 let nebo star\u0161\u00ed 61 let.\u00a0<\/span><\/li>\n<\/ul>\n<p><span style=\"font-weight: 400;\">Dal\u0161\u00ed v\u00fdjimky z povinnosti jsou uvedeny na <a href=\"https:\/\/kurzy.frs.gov.cz\/cs\/uvodni-informace\">Informa\u010dn\u00edm port\u00e1le pro cizince Ministerstva vnitra \u010cR<\/a><\/span><span style=\"font-weight: 400;\">.<\/span><\/p>\n<p><span style=\"font-weight: 400;\"><div class=\"box-ok\">Nejste si jisti, zda m\u00e1te povinnost adapta\u010dn\u011b-integra\u010dn\u00ed kurz absolvovat? Ud\u011blejte si rychl\u00fd kv\u00edz na webu Integra\u010dn\u00edho centra Praha <\/span><a href=\"https:\/\/aik.icpraha.com\/form\/\"><span style=\"font-weight: 400;\">aik.icpraha.com<\/span><\/a><span style=\"font-weight: 400;\">. <\/div><\/span><\/p>\n<p>&nbsp;<\/p>\n<p><b>CO JE ADAPTA\u010cN\u011a-INTEGRA\u010cN\u00cd KURZ?\u00a0<\/b><\/p>\n<p><span style=\"font-weight: 400;\">V\u00edme, \u017ee za\u010d\u00edt \u017e\u00edt v nov\u00e9 zemi nen\u00ed v\u017edy snadn\u00e9. Adapta\u010dn\u011b-integra\u010dn\u00ed kurzy by pro v\u00e1s m\u011bly b\u00fdt u\u017eite\u010dn\u00fdm prvn\u00edm krokem pro \u017eivot v nov\u00e9 zemi. Pokud jste do \u010cesk\u00e9 republiky p\u0159icestovali s c\u00edlem tu dlouhodob\u011b \u017e\u00edt, dostanete na kurzu nespo\u010det praktick\u00fdch informac\u00ed o fungov\u00e1n\u00ed \u010desk\u00e9 spole\u010dnosti. D\u00e1le v\u00e1m budou p\u0159edstaveny nejen na\u0161e z\u00e1kladn\u00ed hodnoty, m\u00edstn\u00ed pom\u011bry a kulturn\u00ed zvyklosti, ale dozv\u00edte se p\u0159edev\u0161\u00edm, jak\u00e1 jsou va\u0161e pr\u00e1va i povinnosti p\u0159i pobytu na \u00fazem\u00ed \u010cesk\u00e9 republiky. Na kurzu v\u00e1m tak\u00e9 poskytnou velmi cenn\u00e9 informace o organizac\u00edch a instituc\u00edch poskytuj\u00edc\u00edch cizinc\u016fm celou \u0159adu bezplan\u00fdch slu\u017eeb, p\u0159edev\u0161\u00edm pak bezplatnou pomoc a poradenstv\u00ed. S absolvov\u00e1n\u00edm kurzu tedy ne\u010dekejte, nejcenn\u011bj\u0161\u00ed je pro v\u00e1s pr\u00e1v\u011b hned po p\u0159\u00edjezdu do \u010cesk\u00e9 republiky.<\/span><\/p>\n<p>&nbsp;<\/p>\n<p><strong>DO KDY JE T\u0158EBA KURZ ABSOLVOVAT?<\/strong><\/p>\n<p><span style=\"font-weight: 400;\">Kurz mus\u00edte absolvovat\u00a0 <\/span><b>do jednoho roku ode dne nabyt\u00ed pr\u00e1vn\u00ed moci rozhodnut\u00ed o vyd\u00e1n\u00ed pobytov\u00e9ho opr\u00e1vn\u011bn\u00ed. <\/b><span style=\"font-weight: 400;\">(Va\u0161e pobytov\u00e9 opr\u00e1vn\u011bn\u00ed v\u011bt\u0161inou nab\u00fdv\u00e1 pr\u00e1vn\u00ed moci okam\u017eikem, kdy si p\u0159evezmete pr\u016fkaz o povolen\u00ed k pobytu). Doporu\u010dujeme jej ale absolvovat co nejd\u0159\u00edve po p\u0159\u00edjezdu do \u010cR, abyste byli od za\u010d\u00e1tku dob\u0159e informov\u00e1ni.<\/span><\/p>\n<div class=\"box-fixa\"><strong>Pokud kurz v t\u00e9to lh\u016ft\u011b neabsolvujete, hroz\u00ed v\u00e1m pokuta a\u017e do v\u00fd\u0161e 10000 K\u010d.\u00a0 Ta v\u00e1m m\u016f\u017ee b\u00fdt ud\u011blov\u00e1na i opakovan\u011b a\u017e do t\u00e9 doby, dokud svou povinnost z\u00fa\u010dastnit se kurzu nespln\u00edte. <\/strong><\/div>\n<div class=\"box-ok\"> <span style=\"font-weight: 400;\">Za \u00fa\u010dast na kurzu v\u00e1m vyd\u00e1no osv\u011bd\u010den\u00ed\u00a0 o jeho absolvov\u00e1n\u00ed, kter\u00e9 ji\u017e nemus\u00edte nikam dokl\u00e1dat. Uschovejte si jej pro va\u0161i kontrolu.<\/span><\/div>\n<p>&nbsp;<\/p>\n<p><b>KDO KURZ PO\u0158\u00c1D\u00c1 A KDE SE KON\u00c1?\u00a0<\/b><\/p>\n<p><span style=\"font-weight: 400;\">Adapta\u010dn\u011b-integra\u010dn\u00ed kurzy jsou administrov\u00e1ny v\u017edy <a href=\"http:\/\/www.integracnicentra.cz\">Centry na podporu integrace cizinc\u016f<\/a><\/span><span style=\"font-weight: 400;\">. T\u011bch je na \u00fazem\u00ed \u010cesk\u00e9 republiky celkem osmn\u00e1ct a je zcela na va\u0161em uv\u00e1\u017een\u00ed , ve kter\u00e9m z nich\u00a0 kurz absolvujete. V Praze tyto kurzy organizuje <\/span><a href=\"https:\/\/aik.icpraha.com\/\"><span style=\"font-weight: 400;\">Integra\u010dn\u00ed centrum Praha<\/span><\/a><span style=\"font-weight: 400;\">. Kurz tak\u00e9 po\u0159\u00e1d\u00e1n ve spolupr\u00e1ci Centra s va\u0161\u00edm zam\u011bstnavatelem (jedn\u00e1 se o tzv. neve\u0159ejn\u00fd kurz).<\/span><\/p>\n<p><span style=\"font-weight: 400;\"><div class=\"box-ok\">Kurz je nejlep\u0161\u00ed absolvovat v kraji, kde \u017eijete nebo pracujete \u2013 z\u00edsk\u00e1te tak nejp\u0159esn\u011bj\u0161\u00ed informace o m\u00edstn\u00edch slu\u017eb\u00e1ch a organizac\u00edch, kter\u00e9 m\u00e1te k dispozici. Jste-li Pra\u017ean\u00e9, <\/span><span style=\"font-weight: 400;\">nav\u0161tivte<\/span> <a href=\"https:\/\/aik.icpraha.com\/\"><span style=\"font-weight: 400;\">Integra\u010dn\u00ed centrum Praha<\/span><\/a><span style=\"font-weight: 400;\">.<\/div> <\/span><\/p>\n<div class=\"box-fixa\"><b>Kurz, kter\u00fd nebude p\u0159\u00edmo po\u0159\u00e1d\u00e1n nebo administrov\u00e1n <\/b><a href=\"http:\/\/integracnicentra.cz\"><b>Centrem na podporu integrace cizinc\u016f<\/b><\/a><b> nebude uzn\u00e1n jako spln\u011bn\u00ed povinnosti!<\/b> <\/div>\n<p>&nbsp;<\/p>\n<p><b>JAK SE NA KURZ P\u0158IHL\u00c1SIT?\u00a0<\/b><\/p>\n<p><span style=\"font-weight: 400;\">Na kurz ur\u010den\u00fd pro ve\u0159ejnost se m\u016f\u017eete p\u0159ihl\u00e1sit tak, \u017ee:<\/span><\/p>\n<ol>\n<li style=\"font-weight: 400;\" aria-level=\"1\"><span style=\"font-weight: 400;\">provedete registraci na port\u00e1lu <a href=\"https:\/\/kurzy.frs.gov.cz\/cs\/user\/register\">Ministerstva vnitra \u010cesk\u00e9 republiky<\/a><\/span><\/li>\n<li style=\"font-weight: 400;\" aria-level=\"1\"><span style=\"font-weight: 400;\">uhrad\u00edte \u010d\u00e1stku 1 500 K\u010d a obdr\u017e\u00edte potvrzen\u00ed o \u00fahrad\u011b<\/span><\/li>\n<li style=\"font-weight: 400;\" aria-level=\"1\"><span style=\"font-weight: 400;\">p\u0159ihl\u00e1s\u00edte se na konkr\u00e9tn\u00ed kurz a obdr\u017e\u00edte o tom potvrzen\u00ed mailem.<\/span><\/li>\n<\/ol>\n<p><span style=\"font-weight: 400;\">Pokud pot\u0159ebujete pomoci s registrac\u00ed na kurz, obra\u0165te se na <a href=\"https:\/\/icpraha.com\/kontakty\/\">Integra\u010dn\u00ed centrum Praha<\/a>, kde v\u00e1m bezplatn\u011b s cel\u00fdm procesem registrace pom\u016f\u017eou.<\/span><\/p>\n<p>&nbsp;<\/p>\n<p><b>K\u00ddM A\u00a0V JAK\u00c9M JAZYCE JE KURZ VEDEN?<\/b><\/p>\n<p>Kurzy jsou vedeny certifikovan\u00fdmi lektory (odborn\u00edky z praxe, pr\u00e1vn\u00edky a soci\u00e1ln\u00edmi pracovn\u00edky s mnohaletou zku\u0161enost\u00ed), a to v \u010desk\u00e9m jazyce. Pokud neum\u00edte \u010desky, nemus\u00edte se ni\u010deho ob\u00e1vat. Obsah je v\u017edy tlumo\u010den kvalifikovan\u00fdm tlumo\u010dn\u00edkem, a to do jazyka anglick\u00e9ho, arabsk\u00e9ho, francouzsk\u00e9ho, mongolsk\u00e9ho, rusk\u00e9ho, srbsk\u00e9ho, \u0161pan\u011blsk\u00e9ho, ukrajinsk\u00e9ho nebo vietnamsk\u00e9ho. V p\u0159\u00edpad\u011b pot\u0159eby m\u016f\u017ee Ministerstvo vnitra \u010cR schv\u00e1lit i p\u0159eklad do jin\u00e9ho jazyka.<\/p>\n<p>&nbsp;<\/p>\n<p><b>JAK DLOUHO KURZ TRV\u00c1?<\/b><\/p>\n<p>Adapta\u010dn\u011b-integra\u010dn\u00ed kurz trv\u00e1 \u010dty\u0159i hodiny.<\/p>\n<p>&nbsp;<\/p>\n<p><b>KOLIK KURZ STOJ\u00cd?<\/b><\/p>\n<p>Kurzovn\u00e9, kter\u00e9 hrad\u00ed jednotliv\u00ed \u00fa\u010dastn\u00edci, \u010din\u00ed 1500 K\u010d.<\/p>\n<p>&nbsp;<\/p>\n<p><b>JAK\u00c9 KONKR\u00c9TN\u00cd INFORMACE SE NA KURZU DOZV\u00cdM?<\/b><\/p>\n<p>Kurzy nab\u00edzej\u00ed praktick\u00e9 a nezbytn\u00e9 informace z n\u00e1sleduj\u00edc\u00edch oblast\u00ed:<\/p>\n<p>&lt;ulclass=bullet&gt;<\/p>\n<ul>\n<li><b>Z\u00e1kladn\u00ed informace t\u00fdkaj\u00edc\u00ed se povinnost\u00ed spojen\u00fdch s\u00a0pobytem v\u00a0\u010cR, v\u010detn\u011b pobytov\u00e9 legislativy, zejm\u00e9na:<\/b> v\u00edza, povolen\u00ed k dlouhodob\u00e9mu pobytu, trval\u00fd pobyt, ob\u010danstv\u00ed. Zm\u011bny a prodlou\u017een\u00ed pobytu (kde a jak je vy\u0159\u00eddit). Lh\u016fty a podm\u00ednky. Biometrika. N\u00e1le\u017eitosti \u017e\u00e1dost\u00ed, formul\u00e1\u0159e a poplatky. Cestov\u00e1n\u00ed po EU\/Schengenu. Pozv\u00e1n\u00ed rodin\u011b nebo p\u0159\u00e1tel\u016fm. Slou\u010den\u00ed rodiny. Podm\u00ednky pro studium s ohledem na pobytovou legislativu. Zm\u011bna \u0161koly nebo ukon\u010den\u00ed studia. U\u017eite\u010dn\u00e9 kontakty.<\/li>\n<li><b>Bydlen\u00ed:<\/b> Hled\u00e1n\u00ed bydlen\u00ed. Pron\u00e1jem bytu. Poplatky spojen\u00e9 s pron\u00e1jmem. Rizika a ochrana. Hl\u00e1\u0161en\u00ed m\u00edsta pobytu na \u00fazem\u00ed \u010cR a jeho zm\u011bn podle \u010desk\u00e9ho z\u00e1kona o pobytu cizinc\u016f.<\/li>\n<li><b>Zdravotnictv\u00ed, zdravotn\u00ed a soci\u00e1ln\u00ed poji\u0161t\u011bn\u00ed:<\/b> Zdravotnick\u00fd syst\u00e9m v \u010cesk\u00e9 republice. Ve\u0159ejn\u00e9 a soukrom\u00e9 zdravotn\u00ed poji\u0161t\u011bn\u00ed. Syst\u00e9m soci\u00e1ln\u00edho zabezpe\u010den\u00ed v \u010cesk\u00e9 republice.<\/li>\n<li><b>Vzd\u011bl\u00e1v\u00e1n\u00ed:<\/b> \u010cesk\u00fd vzd\u011bl\u00e1vac\u00ed syst\u00e9m. Um\u00edst\u011bn\u00ed d\u011bt\u00ed do \u010desk\u00e9ho \u0161kolsk\u00e9ho syst\u00e9mu. Kurzy \u010desk\u00e9ho jazyka pro dosp\u011bl\u00e9 a d\u011bti. Uzn\u00e1n\u00ed p\u0159edchoz\u00edho vzd\u011bl\u00e1n\u00ed.<\/li>\n<li><b>Podnik\u00e1n\u00ed:<\/b> Zalo\u017een\u00ed \u017eivnostensk\u00e9ho podnik\u00e1n\u00ed v \u010cR. Povinnosti \u2013 zdravotn\u00ed, soci\u00e1ln\u00ed poji\u0161t\u011bn\u00ed, dan\u011b. Pobyt cizinc\u016f za \u00fa\u010delem podnik\u00e1n\u00ed.<\/li>\n<li><b>Zam\u011bstn\u00e1n\u00ed:<\/b> Zam\u011bstnaneck\u00e1 karta. Typy pracovn\u00edch smluv. Jak hledat pr\u00e1ci. Dan\u011b. Zdravotn\u00ed a soci\u00e1ln\u00ed poji\u0161t\u011bn\u00ed. Studenti a zam\u011bstn\u00e1n\u00ed. Rizika a ochrana zam\u011bstnanc\u016f.<\/li>\n<li><b>Kontakty na \u010desk\u00e9 instituce<\/b>: Ministerstvo vnitra, Cizineck\u00e1 policie v regionech. Kontakty na organizace poskytuj\u00edc\u00ed pomoc zdarma migrant\u016fm \u2013 integra\u010dn\u00ed centra po cel\u00e9 \u010cesk\u00e9 republice a neziskov\u00e9 nevl\u00e1dn\u00ed organizace.<\/li>\n<li><b>St\u00e1tn\u00ed sv\u00e1tky. Zvyky a tradice. Z\u00e1kladn\u00ed kulturn\u00ed p\u0159ehled. Zaj\u00edmav\u00e1 m\u00edsta \u010cech a volno\u010dasov\u00e9 aktivity.<\/b><\/li>\n<li><b>Ka\u017edodenn\u00ed praktick\u00fd \u017eivot:<\/b> Krizov\u00e9 situace. Doprava. \u0158\u00edzen\u00ed auta. Registrace auta. Po\u0161ta. Ofici\u00e1ln\u00ed korespondence.<\/li>\n<\/ul>\n<p>&nbsp;<\/p>\n<p><strong>DAL\u0160\u00cd INFORMACE<\/strong><\/p>\n<p><span style=\"font-weight: 400;\">Dal\u0161\u00ed informace o kurzu v\u010detn\u011b postupu, jak se na kurz p\u0159ihl\u00e1sit naleznete na webov\u00fdch str\u00e1nk\u00e1ch <\/span><a href=\"http:\/\/aik.icpraha.com\/\"><span style=\"font-weight: 400;\">aik.icpraha.com<\/span><\/a><span style=\"font-weight: 400;\"> a <\/span><a href=\"https:\/\/www.vitejtevcr.cz\/cs\/\"><span style=\"font-weight: 400;\">www.vitejtevcr.cz<\/span><\/a><span style=\"font-weight: 400;\">.<\/span><\/p>\n<p><span style=\"font-weight: 400;\">V\u00edce informac\u00ed naleznete tak\u00e9 na <\/span><a href=\"https:\/\/kurzy.frs.gov.cz\/cs\"><span style=\"font-weight: 400;\">Informa\u010dn\u00edm port\u00e1lu pro cizince Ministerstva vnitra \u010cR<\/span><\/a><span style=\"font-weight: 400;\">.<\/span><\/p>\n<p style=\"text-align: right;\"><em>Posledn\u00ed aktualizace: 4. b\u0159ezen 2025<\/em><\/p>\n<p><\/p>","protected":false},"excerpt":{"rendered":"<p>Zde se dozv\u00edte, co jsou to adapta\u010dn\u011b-integra\u010dn\u00ed kurzy, kte\u0159\u00ed cizinci je mus\u00ed absolvovat, kde se kurzy konaj\u00ed a kdo je po\u0159\u00e1d\u00e1 a co je jejich obsahem. Zahrnuty jsou i kontakty, kde se na n\u011b p\u0159ihl\u00e1sit a kde zjistit v\u00edce informac\u00ed&#8230;.<\/p>\n<a class=\"more-block\" href=\"https:\/\/metropolevsech.eu\/cs\/potrebuji-resit\/adaptacne-integracni-kurzy-vitejte-v-ceske-republice\/\">\u010c\u00edst v\u00edce<\/a>","protected":false},"author":7,"featured_media":7344,"parent":736,"menu_order":3,"comment_status":"closed","ping_status":"closed","template":"","meta":[],"acf":[],"_links":{"self":[{"href":"https:\/\/metropolevsech.eu\/cs\/wp-json\/wp\/v2\/pages\/893"}],"collection":[{"href":"https:\/\/metropolevsech.eu\/cs\/wp-json\/wp\/v2\/pages"}],"about":[{"href":"https:\/\/metropolevsech.eu\/cs\/wp-json\/wp\/v2\/types\/page"}],"author":[{"embeddable":true,"href":"https:\/\/metropolevsech.eu\/cs\/wp-json\/wp\/v2\/users\/7"}],"replies":[{"embeddable":true,"href":"https:\/\/metropolevsech.eu\/cs\/wp-json\/wp\/v2\/comments?post=893"}],"version-history":[{"count":55,"href":"https:\/\/metropolevsech.eu\/cs\/wp-json\/wp\/v2\/pages\/893\/revisions"}],"predecessor-version":[{"id":24434,"href":"https:\/\/metropolevsech.eu\/cs\/wp-json\/wp\/v2\/pages\/893\/revisions\/24434"}],"up":[{"embeddable":true,"href":"https:\/\/metropolevsech.eu\/cs\/wp-json\/wp\/v2\/pages\/736"}],"wp:featuredmedia":[{"embeddable":true,"href":"https:\/\/metropolevsech.eu\/cs\/wp-json\/wp\/v2\/media\/7344"}],"wp:attachment":[{"href":"https:\/\/metropolevsech.eu\/cs\/wp-json\/wp\/v2\/media?parent=893"}],"curies":[{"name":"wp","href":"https:\/\/api.w.org\/{rel}","templated":true}]}}