{"id":895,"date":"2017-01-16T10:34:34","date_gmt":"2017-01-16T09:34:34","guid":{"rendered":"https:\/\/metropolevsech.eu\/?page_id=895"},"modified":"2026-02-01T17:52:48","modified_gmt":"2026-02-01T16:52:48","slug":"kontakty","status":"publish","type":"page","link":"https:\/\/metropolevsech.eu\/cs\/kontakty\/","title":{"rendered":"U\u017eite\u010dn\u00e9 kontakty"},"content":{"rendered":"<p><em>V t\u00e9to kapitole webu Praha &#8211; Metropole v\u0161ech naleznete p\u0159ehled pot\u0159ebn\u00fdch kontakt\u016f, v\u010detn\u011b adresy, e-mailu, webov\u00fdch str\u00e1nek a popisu \u010dinnosti dan\u00e9 organizace \u010di st\u00e1tn\u00ed instituce.<\/em><\/p>\n<ul class=\"bullet\">\n<li><a href=\"#icp\">Integra\u010dn\u00ed centrum Praha o.p.s.<\/a><\/li>\n<li><a href=\"#nno\">Nevl\u00e1dn\u00ed neziskov\u00e9 organizace<\/a><\/li>\n<li><a href=\"#seznamikp\">Seznam interkulturn\u00edch pracovn\u00edk\u016f<\/a><\/li>\n<li><a href=\"#migrantskeorg\">Migrantsk\u00e9 organizace<\/a><\/li>\n<li><a href=\"#ddmpraha\">D\u016fm n\u00e1rodnostn\u00edch men\u0161in &#8211; Praha<\/a><\/li>\n<li><a href=\"#magistrat\">Magistr\u00e1t hl. m. Prahy<\/a><\/li>\n<li><a href=\"#uradymc\">\u00da\u0159ady m\u011bstsk\u00fdch \u010d\u00e1st\u00ed<\/a><\/li>\n<li><a href=\"#policiecr\">Policie \u010cesk\u00e9 republiky \u2013 Slu\u017eba cizineck\u00e9 policie<\/a><\/li>\n<li><a href=\"#mvcroamp\">Ministerstvo vnitra \u010cesk\u00e9 republiky (MV \u010cR), Odbor azylov\u00e9 a migra\u010dn\u00ed politiky (OAMP)<\/a><\/li>\n<li><a href=\"#mzvcr\">Ministerstvo zahrani\u010dn\u00edch v\u011bc\u00ed (MZV)<\/a><\/li>\n<\/ul>\n<h3 id=\"icp\">Integra\u010dn\u00ed centrum Praha o.p.s.<\/h3>\n<p>Pokud jste migrant \u010di migrantka \u017eij\u00edc\u00ed na \u00fazem\u00ed hlavn\u00edho m\u011bsta Prahy a pot\u0159ebujete poradit, hled\u00e1te kurz \u010de\u0161tiny nebo jin\u00fd typ kurzu, chcete se zapojit nebo p\u0159ij\u00edt na n\u011bkterou z kulturn\u00edch, komunitn\u00edch nebo sportovn\u00edch akc\u00ed, kontaktujte Integra\u010dn\u00ed centrum Praha (ICP). V t\u00e9to kapitole naleznete seznam pobo\u010dek ICP, p\u0159ehled slu\u017eeb, kter\u00e9 nab\u00edzej\u00ed zdarma a p\u0159edstav\u00edme v\u00e1m mobiln\u00ed aplikaci Praguer.<\/p>\n<p>Integra\u010dn\u00ed centrum Praha, o. p. s., zalo\u017eilo hl. m. Praha za \u00fa\u010delem komplexn\u00ed a systematick\u00e9 pr\u00e1ce v oblasti integrace migrant\u016f. Centrum pracuje pod sloganem \u201eMetropole v\u0161ech\u201c, kter\u00fd odkazuje na jeden ze st\u011b\u017eejn\u00edch c\u00edl\u016f \u2013 vytv\u00e1\u0159et na \u00fazem\u00ed hlavn\u00edho m\u011bsta Prahy takov\u00e9 podm\u00ednky, aby se migranti zde \u017eij\u00edc\u00ed c\u00edtili jako plnohodnotn\u00ed ob\u010dan\u00e9 na\u0161\u00ed metropole a spolupod\u00edleli se na jej\u00edm ve\u0159ejn\u00e9m \u017eivot\u011b.<\/p>\n<p><a href=\"https:\/\/metropolevsech.eu\/cs\/kontakty\/integracni-centrum-praha\/\"><section class=\"centered-container link link--arrowed\">\u010c\u00edst v\u00edce<svg class=\"arrow-icon\" xmlns=\"http:\/\/www.w3.org\/2000\/svg\" width=\"32\" height=\"32\" viewBox=\"0 0 32 32\">\n      <g fill=\"none\" stroke=\"#e4061f\" stroke-width=\"1.5\" stroke-linejoin=\"round\" stroke-miterlimit=\"10\">\n        <circle class=\"arrow-icon--circle\" cx=\"16\" cy=\"16\" r=\"15.12\"><\/circle>\n        <path class=\"arrow-icon--arrow\" d=\"M16.14 9.93L22.21 16l-6.07 6.07M8.23 16h13.98\"><\/path>\n      <\/g>\n    <\/svg><\/section><\/a><\/p>\n<h3 id=\"nno\">Nevl\u00e1dn\u00ed neziskov\u00e9 organizace<\/h3>\n<p>V Praze naleznete i dal\u0161\u00ed neziskov\u00e9 organizace, kter\u00e9 poskytuj\u00ed jak soci\u00e1ln\u00ed, pr\u00e1vn\u00ed nebo i psychosoci\u00e1ln\u00ed poradenstv\u00ed, tak kurzy \u010desk\u00e9ho jazyka a jin\u00e9 vzd\u011bl\u00e1vac\u00ed a odborn\u00e9 kurzy. M\u016f\u017eete nav\u0161t\u00edvit jejich kulturn\u00ed a komunitn\u00ed aktivity a sezn\u00e1mit se s dal\u0161\u00edmi migranty a \u010cechy \u017eij\u00edc\u00edmi v Praze. Tak\u00e9 se budete moci zapojit do dobrovolnick\u00fdch aktivit a aktivit napom\u00e1haj\u00edc\u00edch zlep\u0161en\u00ed sou\u017eit\u00ed v\u0161ech Pra\u017ean\u016f. Na jejich akce m\u016f\u017ee p\u0159ij\u00edt jak\u00fdkoliv Pra\u017ean se z\u00e1jmem poznat nov\u00e9 lidi nebo novou kulturu.<\/p>\n<p>P\u0159ipravili jsme pro v\u00e1s seznam nevl\u00e1dn\u00edch neziskov\u00fdch organizac\u00ed spolu s aktu\u00e1ln\u00edmi kontakty a stru\u010dn\u00fdm p\u0159ehledem slu\u017eeb, kter\u00e9 nab\u00edzej\u00ed. Seznam ve spolupr\u00e1ci s nimi pravideln\u011b aktualizujeme.<\/p>\n<p><a href=\"https:\/\/metropolevsech.eu\/cs\/kontakty\/nevladni-neziskove-organizace\/\"><section class=\"centered-container link link--arrowed\">\u010c\u00edst v\u00edce<svg class=\"arrow-icon\" xmlns=\"http:\/\/www.w3.org\/2000\/svg\" width=\"32\" height=\"32\" viewBox=\"0 0 32 32\">\n      <g fill=\"none\" stroke=\"#e4061f\" stroke-width=\"1.5\" stroke-linejoin=\"round\" stroke-miterlimit=\"10\">\n        <circle class=\"arrow-icon--circle\" cx=\"16\" cy=\"16\" r=\"15.12\"><\/circle>\n        <path class=\"arrow-icon--arrow\" d=\"M16.14 9.93L22.21 16l-6.07 6.07M8.23 16h13.98\"><\/path>\n      <\/g>\n    <\/svg><\/section><\/a><\/p>\n<h3 id=\"tlumoceniadoprovody\">Bezplatn\u00e9 tlumo\u010den\u00ed a doprovody<\/h3>\n<p>V t\u00e9to kapitole webu Praha \u2013 Metropole v\u0161ech naleznete u\u017eite\u010dn\u00e9 kontakty, pokud pot\u0159ebujete jako cizinci v Praze zprost\u0159edkovat tlumo\u010den\u00ed nebo jedn\u00e1n\u00ed na \u00fa\u0159adech, ve \u0161kol\u00e1ch, ve zdravotnictv\u00ed nebo jinde, kde je n\u00e1ro\u010dn\u00e9 se dorozum\u011bt nejen kv\u016fli jazyku, ale tak\u00e9 pro kulturn\u00ed rozd\u00edly.<\/p>\n<p><a href=\"https:\/\/metropolevsech.eu\/cs\/kontakty\/interkulturni-pracovnici-a-komunitni-tlumocnici\/\"><section class=\"centered-container link link--arrowed\">\u010c\u00edst v\u00edce<svg class=\"arrow-icon\" xmlns=\"http:\/\/www.w3.org\/2000\/svg\" width=\"32\" height=\"32\" viewBox=\"0 0 32 32\">\n      <g fill=\"none\" stroke=\"#e4061f\" stroke-width=\"1.5\" stroke-linejoin=\"round\" stroke-miterlimit=\"10\">\n        <circle class=\"arrow-icon--circle\" cx=\"16\" cy=\"16\" r=\"15.12\"><\/circle>\n        <path class=\"arrow-icon--arrow\" d=\"M16.14 9.93L22.21 16l-6.07 6.07M8.23 16h13.98\"><\/path>\n      <\/g>\n    <\/svg><\/section><\/a><\/p>\n<h3 id=\"seznamikp\">Seznam interkulturn\u00edch pracovn\u00edk\u016f<\/h3>\n<p>V t\u00e9to kapitole webu Praha \u2013 Metropole v\u0161ech naleznete u\u017eite\u010dn\u00e9 kontakty na konkr\u00e9tn\u00ed interkulturn\u00ed pracovn\u00edky, kte\u0159\u00ed v\u00e1m pomohou p\u0159i tlumo\u010den\u00ed z angli\u010dtiny, arab\u0161tiny, \u010d\u00edn\u0161tiny, gruz\u00edn\u0161tiny, ital\u0161tiny, mongo\u0161tiny, portugal\u0161tiny, \u0161pan\u011bl\u0161tiny, ru\u0161tiny, ukrajin\u0161tiny, vietnam\u0161tiny.<\/p>\n<p>Interkulturn\u00ed pracovn\u00edky naleznete v Integra\u010dn\u00edm centru Praha a dal\u0161\u00edch neziskov\u00fdch organizac\u00edch v Praze.<\/p>\n<p><a href=\"https:\/\/metropolevsech.eu\/cs\/kontakty\/seznam-interkulturnich-pracovniku\/\"><section class=\"centered-container link link--arrowed\">\u010c\u00edst v\u00edce<svg class=\"arrow-icon\" xmlns=\"http:\/\/www.w3.org\/2000\/svg\" width=\"32\" height=\"32\" viewBox=\"0 0 32 32\">\n      <g fill=\"none\" stroke=\"#e4061f\" stroke-width=\"1.5\" stroke-linejoin=\"round\" stroke-miterlimit=\"10\">\n        <circle class=\"arrow-icon--circle\" cx=\"16\" cy=\"16\" r=\"15.12\"><\/circle>\n        <path class=\"arrow-icon--arrow\" d=\"M16.14 9.93L22.21 16l-6.07 6.07M8.23 16h13.98\"><\/path>\n      <\/g>\n    <\/svg><\/section><\/a><\/p>\n<h3 id=\"migrantskeorg\">Migrantsk\u00e9 organizace<\/h3>\n<p>Kontakt s osobami poch\u00e1zej\u00edc\u00edmi z rodn\u00e9 zem\u011b, navazov\u00e1n\u00ed nov\u00fdch p\u0159\u00e1telstv\u00ed a v\u00fdpomoc mezi migranty jsou velmi d\u016fle\u017eit\u00e9, a to p\u0159edev\u0161\u00edm zpo\u010d\u00e1tku, kdy\u017e p\u0159ijedou do nov\u00e9 zem\u011b. V \u010cR dlouhodob\u011b \u017eij\u00edc\u00ed migranti si zakl\u00e1daj\u00ed vlastn\u00ed sdru\u017een\u00ed a spolky, d\u00edky nim\u017e se setk\u00e1vaj\u00ed, vzpom\u00ednaj\u00ed na svoji rodnou zemi, po\u0159\u00e1daj\u00ed kulturn\u00ed akce a sna\u017e\u00ed se \u010desk\u00fdm spoluob\u010dan\u016fm uk\u00e1zat kr\u00e1sy kultury sv\u00e9 zem\u011b.<\/p>\n<p><a href=\"https:\/\/metropolevsech.eu\/cs\/kontakty\/migrantske-a-komunitni-organizace\/\"><section class=\"centered-container link link--arrowed\">\u010c\u00edst v\u00edce<svg class=\"arrow-icon\" xmlns=\"http:\/\/www.w3.org\/2000\/svg\" width=\"32\" height=\"32\" viewBox=\"0 0 32 32\">\n      <g fill=\"none\" stroke=\"#e4061f\" stroke-width=\"1.5\" stroke-linejoin=\"round\" stroke-miterlimit=\"10\">\n        <circle class=\"arrow-icon--circle\" cx=\"16\" cy=\"16\" r=\"15.12\"><\/circle>\n        <path class=\"arrow-icon--arrow\" d=\"M16.14 9.93L22.21 16l-6.07 6.07M8.23 16h13.98\"><\/path>\n      <\/g>\n    <\/svg><\/section><\/a><\/p>\n<h3 id=\"ddmpraha\">D\u016fm n\u00e1rodnostn\u00edch men\u0161in \u2013 Praha<\/h3>\n<p>D\u016fm n\u00e1rodnostn\u00edch men\u0161in (DNM) byl v Praze slavnostn\u011b otev\u0159en men\u0161in\u00e1m i ve\u0159ejnosti 21. \u010dervna 2007. Je m\u00edstem, kter\u00e9 slou\u017e\u00ed zejm\u00e9na pot\u0159eb\u00e1m organizac\u00ed n\u00e1rodnostn\u00edch men\u0161in, ale t\u00e9\u017e pot\u0159eb\u00e1m organizac\u00ed ve\u0159ejn\u00e9 spr\u00e1vy a nevl\u00e1dn\u00edch organizac\u00ed.<\/p>\n<p>Jeho hlavn\u00edm c\u00edlem je napl\u0148ov\u00e1n\u00ed spole\u010densk\u00fdch, kulturn\u00edch a vzd\u011bl\u00e1vac\u00edch pot\u0159eb n\u00e1rodnostn\u00edch men\u0161in. V\u011bt\u0161ina akc\u00ed je p\u0159\u00edstupn\u00e1 pro z\u00e1jemce z \u0159ad ve\u0159ejnosti. Velk\u00fd d\u016fraz je kladen tak\u00e9 na kulturn\u00ed a vzd\u011bl\u00e1vac\u00ed aktivity pro d\u011bti a ml\u00e1de\u017e jako na efektivn\u00ed a \u00fa\u010dinnou prevenci xenofobie a rasismu. Zaj\u00edm\u00e1-li V\u00e1s, jak\u00e9 organizace n\u00e1rodnostn\u00edch men\u0161in zde p\u016fsob\u00ed ajak Praha tyto organizace podporuje, m\u016f\u017eete nav\u0161t\u00edvit webovou str\u00e1nku <a href=\"https:\/\/prahanarodnostni.eu\/\">prahanarodnostni.eu<\/a>.<\/p>\n<p><a href=\"https:\/\/metropolevsech.eu\/cs\/kontakty\/dum-narodnostnich-mensin-praha\/\"><section class=\"centered-container link link--arrowed\">\u010c\u00edst v\u00edce<svg class=\"arrow-icon\" xmlns=\"http:\/\/www.w3.org\/2000\/svg\" width=\"32\" height=\"32\" viewBox=\"0 0 32 32\">\n      <g fill=\"none\" stroke=\"#e4061f\" stroke-width=\"1.5\" stroke-linejoin=\"round\" stroke-miterlimit=\"10\">\n        <circle class=\"arrow-icon--circle\" cx=\"16\" cy=\"16\" r=\"15.12\"><\/circle>\n        <path class=\"arrow-icon--arrow\" d=\"M16.14 9.93L22.21 16l-6.07 6.07M8.23 16h13.98\"><\/path>\n      <\/g>\n    <\/svg><\/section><\/a><\/p>\n<h3 id=\"magistrat\">Magistr\u00e1t hl. m. Prahy<\/h3>\n<p>Magistr\u00e1t hlavn\u00edho m\u011bsta Prahy je \u00fa\u0159ad pov\u011b\u0159en\u00fd ve\u0159ejnou spr\u00e1vou, jeho \u010dinnost je zam\u011b\u0159ena zejm\u00e9na na poskytov\u00e1n\u00ed slu\u017eeb ob\u010dan\u016fm hl. m. Prahy.<\/p>\n<p>V r\u00e1mci Magistr\u00e1tu hl. m. Prahy se oblast\u00ed integrace zab\u00fdv\u00e1 <a href=\"https:\/\/metropolevsech.eu\/cs\/o-nas\/zodpovedne-organy\/oddeleni-narodnostnich-mensin-a-cizincu\/\">odd\u011blen\u00ed n\u00e1rodnostn\u00edch men\u0161in a cizinc\u016f<\/a>, kter\u00e9 je sou\u010d\u00e1st\u00ed odboru kultury a cestovn\u00edho ruchu. Odd\u011blen\u00ed koordinuje realizaci aktivit a opat\u0159en\u00ed vztahuj\u00edc\u00edch se k oblasti integrace cizinc\u016f, kter\u00e9 jsou stanoveny Koncepc\u00ed hl. m. Prahy pro oblast integrace cizinc\u016f.<\/p>\n<p><a href=\"https:\/\/metropolevsech.eu\/cs\/urady-v-praze\/magistrat-hl-m-prahy\/\"><section class=\"centered-container link link--arrowed\">\u010c\u00edst v\u00edce<svg class=\"arrow-icon\" xmlns=\"http:\/\/www.w3.org\/2000\/svg\" width=\"32\" height=\"32\" viewBox=\"0 0 32 32\">\n      <g fill=\"none\" stroke=\"#e4061f\" stroke-width=\"1.5\" stroke-linejoin=\"round\" stroke-miterlimit=\"10\">\n        <circle class=\"arrow-icon--circle\" cx=\"16\" cy=\"16\" r=\"15.12\"><\/circle>\n        <path class=\"arrow-icon--arrow\" d=\"M16.14 9.93L22.21 16l-6.07 6.07M8.23 16h13.98\"><\/path>\n      <\/g>\n    <\/svg><\/section><\/a><\/p>\n<h3 id=\"uradymc\">\u00da\u0159ady m\u011bstsk\u00fdch \u010d\u00e1st\u00ed<\/h3>\n<p>V t\u00e9to \u010d\u00e1sti se dozv\u00edte, jak\u00fdm zp\u016fsobem je \u010dlen\u011bna Praha. Naleznete zde informace o vnit\u0159n\u00edm fungov\u00e1n\u00ed m\u011bstsk\u00fdch \u010d\u00e1st\u00ed, jak\u00e9 jsou jejich jednotliv\u00e9 org\u00e1ny, kdo stoj\u00ed v \u010dele, co spad\u00e1 do jejich p\u016fsobnosti a na koho se v p\u0159\u00edpad\u011b pot\u0159eby obr\u00e1tit. U ka\u017ed\u00e9 m\u011bstsk\u00e9 \u010d\u00e1sti je uveden jej\u00ed popis, do n\u011bho\u017e jsou zahrnuty i integra\u010dn\u00ed aktivity, je\u017e dan\u00e1 \u010d\u00e1st po\u0159\u00e1d\u00e1, a u\u017eite\u010dn\u00e9 kontakty v\u010detn\u011b webov\u00fdch str\u00e1nek, kter\u00e9 \u010dasto obsahuj\u00ed informace i v dal\u0161\u00edch jazyc\u00edch (v angli\u010dtin\u011b, ru\u0161tin\u011b \u010di vietnam\u0161tin\u011b aj.).<\/p>\n<p><a href=\"https:\/\/metropolevsech.eu\/cs\/urady-v-praze\/jednotlive-mestske-casti\/\"><section class=\"centered-container link link--arrowed\">\u010c\u00edst v\u00edce<svg class=\"arrow-icon\" xmlns=\"http:\/\/www.w3.org\/2000\/svg\" width=\"32\" height=\"32\" viewBox=\"0 0 32 32\">\n      <g fill=\"none\" stroke=\"#e4061f\" stroke-width=\"1.5\" stroke-linejoin=\"round\" stroke-miterlimit=\"10\">\n        <circle class=\"arrow-icon--circle\" cx=\"16\" cy=\"16\" r=\"15.12\"><\/circle>\n        <path class=\"arrow-icon--arrow\" d=\"M16.14 9.93L22.21 16l-6.07 6.07M8.23 16h13.98\"><\/path>\n      <\/g>\n    <\/svg><\/section><\/a><\/p>\n<p>&nbsp;<\/p>\n<p>&nbsp;<\/p>\n<p>Pobytov\u00e9 z\u00e1le\u017eitosti cizinc\u016f maj\u00ed v \u010cR na starosti dv\u011b slo\u017eky Ministerstva vnitra \u010cR (MV \u010cR). Nejprve se po vstupu do \u010cR potk\u00e1te se <strong>Slu\u017ebou cizineck\u00e9 policie<\/strong>. A nad\u00e1le pak budete po cel\u00fd pobyt v \u010cR komunikovat s <strong>Odborem azylov\u00e9 a migra\u010dn\u00ed politiky<\/strong> (OAMP).<\/p>\n<p>V\u00edce informac\u00ed k tomu, co vy\u0159\u00edd\u00edte na Slu\u017eb\u011b cizineck\u00e9 policie a co na Odboru azylov\u00e9 a migra\u010dn\u00ed politiky (OAMP) naleznete <a href=\"https:\/\/metropolevsech.eu\/cs\/potrebuji-resit\/pobyt-na-uzemi-ceske-republiky\/\">zde<\/a>.<\/p>\n<div class=\"box-fixa\">D\u016fsledn\u011b rozli\u0161ujte mezi Slu\u017ebou cizineck\u00e9 policie a Odborem azylov\u00e9 a migra\u010dn\u00ed politiky Ministerstva vnitra \u010cR! Pokud uvedete nespr\u00e1vnou adresu nap\u0159\u00edklad p\u0159i zas\u00edl\u00e1n\u00ed \u017e\u00e1dosti o prodlou\u017een\u00ed povolen\u00ed k dlouhodob\u00e9mu pobytu, va\u0161e \u017e\u00e1dost nebude p\u0159ijata!<\/div>\n<h3 id=\"policiecr\">Policie \u010cesk\u00e9 republiky \u2013 Slu\u017eba cizineck\u00e9 policie<\/h3>\n<p>Na cizineckou policii se mus\u00edte dostavit <strong>do t\u0159\u00ed dn\u016f od prvn\u00edho p\u0159\u00edjezdu do \u010cesk\u00e9 republiky<\/strong> a <strong>ohl\u00e1sit zde sv\u016fj pobyt<\/strong> (pokud to za v\u00e1s neu\u010din\u00ed ubytovatel). D\u00e1le je zde mo\u017en\u00e9 vy\u0159\u00eddit <strong>pozv\u00e1n\u00ed<\/strong> pro sv\u00e9ho p\u0159\u00edbuzn\u00e9ho\/kamar\u00e1da. Cizineck\u00e1 policie prov\u00e1d\u00ed pobytov\u00e9 kontroly a nastupuje tak\u00e9 v p\u0159\u00edpad\u011b nedodr\u017een\u00ed podm\u00ednek pobytu v \u010cR.<\/p>\n<p><a href=\"https:\/\/metropolevsech.eu\/cs\/kontakty\/policie-ceske-republiky-sluzba-cizinecke-policie\/\"><section class=\"centered-container link link--arrowed\">\u010c\u00edst v\u00edce<svg class=\"arrow-icon\" xmlns=\"http:\/\/www.w3.org\/2000\/svg\" width=\"32\" height=\"32\" viewBox=\"0 0 32 32\">\n      <g fill=\"none\" stroke=\"#e4061f\" stroke-width=\"1.5\" stroke-linejoin=\"round\" stroke-miterlimit=\"10\">\n        <circle class=\"arrow-icon--circle\" cx=\"16\" cy=\"16\" r=\"15.12\"><\/circle>\n        <path class=\"arrow-icon--arrow\" d=\"M16.14 9.93L22.21 16l-6.07 6.07M8.23 16h13.98\"><\/path>\n      <\/g>\n    <\/svg><\/section><\/a><\/p>\n<h3 id=\"mvcroamp\">Ministerstvo vnitra \u010cesk\u00e9 republiky (MV \u010cR), Odbor azylov\u00e9 a migra\u010dn\u00ed politiky (OAMP)<\/h3>\n<p>Odbor azylov\u00e9 a migra\u010dn\u00ed politiky (OAMP) \u2013 odd\u011blen\u00ed pobytu cizinc\u016f (OPC) m\u00e1 na starosti agendu dlouhodob\u00fdch v\u00edz, dlouhodob\u00fdch a trval\u00fdch pobyt\u016f cizinc\u016f v \u010cR, p\u0159echodn\u00fdch pobyt\u016f pro ob\u010dany EU a jejich rodinn\u00e9 p\u0159\u00edslu\u0161n\u00edky, biometrick\u00e9 pr\u016fkazy apod.<\/p>\n<p><a href=\"https:\/\/metropolevsech.eu\/cs\/kontakty\/oamp-ministerstva-vnitra-cr\/\"><section class=\"centered-container link link--arrowed\">\u010c\u00edst v\u00edce<svg class=\"arrow-icon\" xmlns=\"http:\/\/www.w3.org\/2000\/svg\" width=\"32\" height=\"32\" viewBox=\"0 0 32 32\">\n      <g fill=\"none\" stroke=\"#e4061f\" stroke-width=\"1.5\" stroke-linejoin=\"round\" stroke-miterlimit=\"10\">\n        <circle class=\"arrow-icon--circle\" cx=\"16\" cy=\"16\" r=\"15.12\"><\/circle>\n        <path class=\"arrow-icon--arrow\" d=\"M16.14 9.93L22.21 16l-6.07 6.07M8.23 16h13.98\"><\/path>\n      <\/g>\n    <\/svg><\/section><\/a><\/p>\n<h3 id=\"mzvcr\">Ministerstvo zahrani\u010dn\u00edch v\u011bc\u00ed (MZV)<\/h3>\n<p>Ministerstvo zahrani\u010dn\u00edch v\u011bc\u00ed \u010cesk\u00e9 republiky m\u00e1 na starosti vyd\u00e1v\u00e1n\u00ed kr\u00e1tkodob\u00fdch v\u00edz do \u010cR cizinc\u016fm.<\/p>\n<p><a href=\"https:\/\/metropolevsech.eu\/cs\/kontakty\/ministerstvo-zahranicnich-veci-mzv\/\"><section class=\"centered-container link link--arrowed\">\u010c\u00edst v\u00edce<svg class=\"arrow-icon\" xmlns=\"http:\/\/www.w3.org\/2000\/svg\" width=\"32\" height=\"32\" viewBox=\"0 0 32 32\">\n      <g fill=\"none\" stroke=\"#e4061f\" stroke-width=\"1.5\" stroke-linejoin=\"round\" stroke-miterlimit=\"10\">\n        <circle class=\"arrow-icon--circle\" cx=\"16\" cy=\"16\" r=\"15.12\"><\/circle>\n        <path class=\"arrow-icon--arrow\" d=\"M16.14 9.93L22.21 16l-6.07 6.07M8.23 16h13.98\"><\/path>\n      <\/g>\n    <\/svg><\/section><\/a><\/p>","protected":false},"excerpt":{"rendered":"<p>V t\u00e9to kapitole webu Praha &#8211; Metropole v\u0161ech naleznete p\u0159ehled pot\u0159ebn\u00fdch kontakt\u016f, v\u010detn\u011b adresy, e-mailu, webov\u00fdch str\u00e1nek a popisu \u010dinnosti dan\u00e9 organizace \u010di st\u00e1tn\u00ed instituce. Integra\u010dn\u00ed centrum Praha o.p.s. Nevl\u00e1dn\u00ed neziskov\u00e9 organizace Seznam interkulturn\u00edch pracovn\u00edk\u016f Migrantsk\u00e9 organizace D\u016fm n\u00e1rodnostn\u00edch men\u0161in&#8230;<\/p>\n<a class=\"more-block\" href=\"https:\/\/metropolevsech.eu\/cs\/kontakty\/\">\u010c\u00edst v\u00edce<\/a>","protected":false},"author":7,"featured_media":3600,"parent":0,"menu_order":7,"comment_status":"closed","ping_status":"closed","template":"","meta":[],"acf":[],"_links":{"self":[{"href":"https:\/\/metropolevsech.eu\/cs\/wp-json\/wp\/v2\/pages\/895"}],"collection":[{"href":"https:\/\/metropolevsech.eu\/cs\/wp-json\/wp\/v2\/pages"}],"about":[{"href":"https:\/\/metropolevsech.eu\/cs\/wp-json\/wp\/v2\/types\/page"}],"author":[{"embeddable":true,"href":"https:\/\/metropolevsech.eu\/cs\/wp-json\/wp\/v2\/users\/7"}],"replies":[{"embeddable":true,"href":"https:\/\/metropolevsech.eu\/cs\/wp-json\/wp\/v2\/comments?post=895"}],"version-history":[{"count":6,"href":"https:\/\/metropolevsech.eu\/cs\/wp-json\/wp\/v2\/pages\/895\/revisions"}],"predecessor-version":[{"id":24836,"href":"https:\/\/metropolevsech.eu\/cs\/wp-json\/wp\/v2\/pages\/895\/revisions\/24836"}],"wp:featuredmedia":[{"embeddable":true,"href":"https:\/\/metropolevsech.eu\/cs\/wp-json\/wp\/v2\/media\/3600"}],"wp:attachment":[{"href":"https:\/\/metropolevsech.eu\/cs\/wp-json\/wp\/v2\/media?parent=895"}],"curies":[{"name":"wp","href":"https:\/\/api.w.org\/{rel}","templated":true}]}}