{"id":12121,"date":"2020-09-07T11:19:03","date_gmt":"2020-09-07T09:19:03","guid":{"rendered":"https:\/\/metropolevsech.eu\/?page_id=12121"},"modified":"2020-11-27T13:21:01","modified_gmt":"2020-11-27T12:21:01","slug":"registrovane-partnerstvi-s-cizincem","status":"publish","type":"page","link":"https:\/\/metropolevsech.eu\/en\/registrovane-partnerstvi-s-cizincem\/","title":{"rendered":"(\u010ce\u0161tina) Registrovan\u00e9 partnerstv\u00ed s cizincem"},"content":{"rendered":"<p class=\"qtranxs-available-languages-message qtranxs-available-languages-message-en\">Sorry, this entry is only available in <a href=\"https:\/\/metropolevsech.eu\/cs\/wp-json\/wp\/v2\/pages\/12121\" class=\"qtranxs-available-language-link qtranxs-available-language-link-cs\" title=\"\u010ce\u0161tina\">Czech<\/a>.<\/p>","protected":false},"excerpt":{"rendered":"<p>Sorry, this entry is only available in Czech.<\/p>\n<a class=\"more-block\" href=\"https:\/\/metropolevsech.eu\/en\/registrovane-partnerstvi-s-cizincem\/\">Read more<\/a>","protected":false},"author":7,"featured_media":0,"parent":0,"menu_order":0,"comment_status":"closed","ping_status":"closed","template":"","meta":[],"acf":[],"_links":{"self":[{"href":"https:\/\/metropolevsech.eu\/en\/wp-json\/wp\/v2\/pages\/12121"}],"collection":[{"href":"https:\/\/metropolevsech.eu\/en\/wp-json\/wp\/v2\/pages"}],"about":[{"href":"https:\/\/metropolevsech.eu\/en\/wp-json\/wp\/v2\/types\/page"}],"author":[{"embeddable":true,"href":"https:\/\/metropolevsech.eu\/en\/wp-json\/wp\/v2\/users\/7"}],"replies":[{"embeddable":true,"href":"https:\/\/metropolevsech.eu\/en\/wp-json\/wp\/v2\/comments?post=12121"}],"version-history":[{"count":0,"href":"https:\/\/metropolevsech.eu\/en\/wp-json\/wp\/v2\/pages\/12121\/revisions"}],"wp:attachment":[{"href":"https:\/\/metropolevsech.eu\/en\/wp-json\/wp\/v2\/media?parent=12121"}],"curies":[{"name":"wp","href":"https:\/\/api.w.org\/{rel}","templated":true}]}}