{"id":12601,"date":"2020-11-03T10:55:40","date_gmt":"2020-11-03T09:55:40","guid":{"rendered":"https:\/\/metropolevsech.eu\/?page_id=12601"},"modified":"2022-10-10T18:08:35","modified_gmt":"2022-10-10T16:08:35","slug":"cestina-pro-cizince","status":"publish","type":"page","link":"https:\/\/metropolevsech.eu\/en\/cestina-pro-cizince\/","title":{"rendered":"(\u010ce\u0161tina) \u010ce\u0161tina pro cizince"},"content":{"rendered":"<p class=\"qtranxs-available-languages-message qtranxs-available-languages-message-en\">Sorry, this entry is only available in <a href=\"https:\/\/metropolevsech.eu\/cs\/wp-json\/wp\/v2\/pages\/12601\" class=\"qtranxs-available-language-link qtranxs-available-language-link-cs\" title=\"\u010ce\u0161tina\">Czech<\/a>.<\/p>","protected":false},"excerpt":{"rendered":"<p>Sorry, this entry is only available in Czech.<\/p>\n<a class=\"more-block\" href=\"https:\/\/metropolevsech.eu\/en\/cestina-pro-cizince\/\">Read more<\/a>","protected":false},"author":18,"featured_media":0,"parent":0,"menu_order":0,"comment_status":"closed","ping_status":"closed","template":"","meta":[],"acf":[],"_links":{"self":[{"href":"https:\/\/metropolevsech.eu\/en\/wp-json\/wp\/v2\/pages\/12601"}],"collection":[{"href":"https:\/\/metropolevsech.eu\/en\/wp-json\/wp\/v2\/pages"}],"about":[{"href":"https:\/\/metropolevsech.eu\/en\/wp-json\/wp\/v2\/types\/page"}],"author":[{"embeddable":true,"href":"https:\/\/metropolevsech.eu\/en\/wp-json\/wp\/v2\/users\/18"}],"replies":[{"embeddable":true,"href":"https:\/\/metropolevsech.eu\/en\/wp-json\/wp\/v2\/comments?post=12601"}],"version-history":[{"count":4,"href":"https:\/\/metropolevsech.eu\/en\/wp-json\/wp\/v2\/pages\/12601\/revisions"}],"predecessor-version":[{"id":17853,"href":"https:\/\/metropolevsech.eu\/en\/wp-json\/wp\/v2\/pages\/12601\/revisions\/17853"}],"wp:attachment":[{"href":"https:\/\/metropolevsech.eu\/en\/wp-json\/wp\/v2\/media?parent=12601"}],"curies":[{"name":"wp","href":"https:\/\/api.w.org\/{rel}","templated":true}]}}