{"id":14831,"date":"2021-10-13T12:07:37","date_gmt":"2021-10-13T10:07:37","guid":{"rendered":"https:\/\/metropolevsech.eu\/?page_id=14831"},"modified":"2025-05-23T15:59:23","modified_gmt":"2025-05-23T13:59:23","slug":"uzitecne-odkazy","status":"publish","type":"page","link":"https:\/\/metropolevsech.eu\/en\/o-nas\/strategicke-dokumenty-a-analyzy\/uzitecne-odkazy\/","title":{"rendered":"(\u010ce\u0161tina) Dokumenty a u\u017eite\u010dn\u00e9 odkazy"},"content":{"rendered":"<p class=\"qtranxs-available-languages-message qtranxs-available-languages-message-en\">Sorry, this entry is only available in <a href=\"https:\/\/metropolevsech.eu\/cs\/wp-json\/wp\/v2\/pages\/14831\" class=\"qtranxs-available-language-link qtranxs-available-language-link-cs\" title=\"\u010ce\u0161tina\">Czech<\/a>.<\/p>","protected":false},"excerpt":{"rendered":"<p>Sorry, this entry is only available in Czech.<\/p>\n<a class=\"more-block\" href=\"https:\/\/metropolevsech.eu\/en\/o-nas\/strategicke-dokumenty-a-analyzy\/uzitecne-odkazy\/\">Read more<\/a>","protected":false},"author":7,"featured_media":0,"parent":16982,"menu_order":4,"comment_status":"closed","ping_status":"closed","template":"","meta":[],"acf":[],"_links":{"self":[{"href":"https:\/\/metropolevsech.eu\/en\/wp-json\/wp\/v2\/pages\/14831"}],"collection":[{"href":"https:\/\/metropolevsech.eu\/en\/wp-json\/wp\/v2\/pages"}],"about":[{"href":"https:\/\/metropolevsech.eu\/en\/wp-json\/wp\/v2\/types\/page"}],"author":[{"embeddable":true,"href":"https:\/\/metropolevsech.eu\/en\/wp-json\/wp\/v2\/users\/7"}],"replies":[{"embeddable":true,"href":"https:\/\/metropolevsech.eu\/en\/wp-json\/wp\/v2\/comments?post=14831"}],"version-history":[{"count":44,"href":"https:\/\/metropolevsech.eu\/en\/wp-json\/wp\/v2\/pages\/14831\/revisions"}],"predecessor-version":[{"id":22902,"href":"https:\/\/metropolevsech.eu\/en\/wp-json\/wp\/v2\/pages\/14831\/revisions\/22902"}],"up":[{"embeddable":true,"href":"https:\/\/metropolevsech.eu\/en\/wp-json\/wp\/v2\/pages\/16982"}],"wp:attachment":[{"href":"https:\/\/metropolevsech.eu\/en\/wp-json\/wp\/v2\/media?parent=14831"}],"curies":[{"name":"wp","href":"https:\/\/api.w.org\/{rel}","templated":true}]}}