{"id":15767,"date":"2021-11-19T16:38:45","date_gmt":"2021-11-19T15:38:45","guid":{"rendered":"https:\/\/metropolevsech.eu\/?page_id=15767"},"modified":"2021-11-20T01:28:50","modified_gmt":"2021-11-20T00:28:50","slug":"policie-ceske-republiky-sluzba-cizinecke-policie","status":"publish","type":"page","link":"https:\/\/metropolevsech.eu\/en\/kontakty\/policie-ceske-republiky-sluzba-cizinecke-policie\/","title":{"rendered":"(\u010ce\u0161tina) Policie \u010cesk\u00e9 republiky \u2013 Slu\u017eba cizineck\u00e9 policie"},"content":{"rendered":"<p class=\"qtranxs-available-languages-message qtranxs-available-languages-message-en\">Sorry, this entry is only available in <a href=\"https:\/\/metropolevsech.eu\/cs\/wp-json\/wp\/v2\/pages\/15767\" class=\"qtranxs-available-language-link qtranxs-available-language-link-cs\" title=\"\u010ce\u0161tina\">Czech<\/a>.<\/p>","protected":false},"excerpt":{"rendered":"<p>Sorry, this entry is only available in Czech.<\/p>\n<a class=\"more-block\" href=\"https:\/\/metropolevsech.eu\/en\/kontakty\/policie-ceske-republiky-sluzba-cizinecke-policie\/\">Read more<\/a>","protected":false},"author":12,"featured_media":0,"parent":895,"menu_order":5,"comment_status":"closed","ping_status":"closed","template":"","meta":[],"acf":[],"_links":{"self":[{"href":"https:\/\/metropolevsech.eu\/en\/wp-json\/wp\/v2\/pages\/15767"}],"collection":[{"href":"https:\/\/metropolevsech.eu\/en\/wp-json\/wp\/v2\/pages"}],"about":[{"href":"https:\/\/metropolevsech.eu\/en\/wp-json\/wp\/v2\/types\/page"}],"author":[{"embeddable":true,"href":"https:\/\/metropolevsech.eu\/en\/wp-json\/wp\/v2\/users\/12"}],"replies":[{"embeddable":true,"href":"https:\/\/metropolevsech.eu\/en\/wp-json\/wp\/v2\/comments?post=15767"}],"version-history":[{"count":3,"href":"https:\/\/metropolevsech.eu\/en\/wp-json\/wp\/v2\/pages\/15767\/revisions"}],"predecessor-version":[{"id":15827,"href":"https:\/\/metropolevsech.eu\/en\/wp-json\/wp\/v2\/pages\/15767\/revisions\/15827"}],"up":[{"embeddable":true,"href":"https:\/\/metropolevsech.eu\/en\/wp-json\/wp\/v2\/pages\/895"}],"wp:attachment":[{"href":"https:\/\/metropolevsech.eu\/en\/wp-json\/wp\/v2\/media?parent=15767"}],"curies":[{"name":"wp","href":"https:\/\/api.w.org\/{rel}","templated":true}]}}